{"id":6486,"date":"2025-05-26T06:18:05","date_gmt":"2025-05-26T06:18:05","guid":{"rendered":"https:\/\/www.gummyworlds.com\/?page_id=6486"},"modified":"2025-05-26T06:18:05","modified_gmt":"2025-05-26T06:18:05","slug":"acik-riza-beyani","status":"publish","type":"page","link":"https:\/\/www.gummyworlds.com\/tr\/acik-riza-beyani\/","title":{"rendered":"A\u00e7\u0131k R\u0131za Beyan\u0131"},"content":{"rendered":"<p>6698 say\u0131l\u0131 Ki\u015fisel Verilerin Korunmas\u0131 Kanunun kapsam\u0131nda Gummy Worlds Sa\u011fl\u0131k \u00dcr\u00fcnleri ve G\u0131da Sanayi Ticaret Anonim \u015eirketi olarak; pazarlama ve reklam\/kampanya s\u00fcre\u00e7lerinin y\u00fcr\u00fct\u00fclmesi ve internet sitemiz ile sosyal medya hesaplar\u0131 \u00fczerinden herkese a\u00e7\u0131k olarak payla\u015fabilmek maksad\u0131yla ki\u015fisel verilerinizi i\u015fleyebilmek i\u00e7in bu konuda a\u00e7\u0131k r\u0131zan\u0131za ihtiya\u00e7 duyuyoruz. Ayr\u0131ca belirtmek isteriz bizi ziyaret ederek veya \u00e7a\u011fr\u0131 merkezimiz ve mail adreslerimiz gibi \u00e7e\u015fitli ileti\u015fim kanallar\u0131 \u00fczerinden bize ula\u015fman\u0131z m\u00fcmk\u00fcnd\u00fcr.<\/p>\n<h3>Hangi ki\u015fisel verilerinizi i\u015fleyebilmek i\u00e7in a\u00e7\u0131k r\u0131za talep ediyoruz:<\/h3>\n<p>Web sitesi, ba\u015fvuru formlar\u0131, ileti\u015fim ve canl\u0131 destek uygulamalar\u0131, telefon g\u00f6r\u00fc\u015fmesi vas\u0131tas\u0131yla sizlerden toplad\u0131\u011f\u0131m\u0131z kimlik, ileti\u015fim, m\u00fc\u015fteri i\u015flem, i\u015flem g\u00fcvenli\u011fi, pazarlama, g\u00f6rsel ve i\u015fitsel kay\u0131tlar kategorilerindeki ki\u015fisel verileriniz i\u00e7in a\u00e7\u0131k r\u0131za talep ediyoruz. Ki\u015fisel verilerimin Gummy Worlds \u0130nternet Ayd\u0131nlatma Metni\u2019nde belirtilen y\u00f6ntem, ama\u00e7 ve hukuki sebeplerle s\u0131n\u0131rl\u0131 kalmak kayd\u0131yla,<\/p>\n<ul>\n<li>6698 say\u0131l\u0131 Ki\u015fisel Verilerin Korunmas\u0131 Kanunu ve di\u011fer ilgili mevzuata uygun olarak veri sorumlusu kimlik, ileti\u015fim, m\u00fc\u015fteri i\u015flem, i\u015flem g\u00fcvenli\u011fi, pazarlama, g\u00f6rsel ve i\u015fitsel kay\u0131tlar kategorilerindeki ki\u015fisel verilerimin reklam\/kampanya\/promosyon\/pazarlama faaliyetleri kapsam\u0131nda kullan\u0131lmas\u0131na ve aktar\u0131lmas\u0131na,<\/li>\n<\/ul>\n<p>A\u00e7\u0131k bir \u015fekilde r\u0131za verdi\u011fimi, kabul, beyan ve taahh\u00fct ediyorum*.<\/p>\n<p><em>* A\u00e7\u0131k r\u0131zam\u0131 diledi\u011fim Gummy Worlds \u0130nternet Ayd\u0131nlatma Metni\u2019nde belirtilen mail adresi \u00fczerinden \u015firketinize ula\u015farak, geri alabilece\u011fim konusunda bilgilendirildim.<\/em><\/p>\n","protected":false},"excerpt":{"rendered":"<p>6698 say\u0131l\u0131 Ki\u015fisel Verilerin Korunmas\u0131 Kanunun kapsam\u0131nda Gummy Worlds Sa\u011fl\u0131k \u00dcr\u00fcnleri ve G\u0131da Sanayi Ticaret Anonim \u015eirketi olarak; pazarlama ve reklam\/kampanya s\u00fcre\u00e7lerinin y\u00fcr\u00fct\u00fclmesi ve internet sitemiz ile sosyal medya hesaplar\u0131 \u00fczerinden herkese a\u00e7\u0131k olarak payla\u015fabilmek maksad\u0131yla ki\u015fisel verilerinizi i\u015fleyebilmek i\u00e7in bu konuda a\u00e7\u0131k r\u0131zan\u0131za ihtiya\u00e7 duyuyoruz. Ayr\u0131ca belirtmek isteriz bizi ziyaret ederek veya \u00e7a\u011fr\u0131 merkezimiz [&hellip;]<\/p>\n","protected":false},"author":2,"featured_media":0,"parent":0,"menu_order":0,"comment_status":"closed","ping_status":"closed","template":"","meta":{"_acf_changed":false,"inline_featured_image":false,"footnotes":""},"class_list":["post-6486","page","type-page","status-publish","hentry"],"acf":[],"yoast_head":"<!-- This site is optimized with the Yoast SEO plugin v27.3 - https:\/\/yoast.com\/product\/yoast-seo-wordpress\/ -->\n<title>A\u00e7\u0131k R\u0131za Beyan\u0131 - Gummy Worlds<\/title>\n<meta name=\"robots\" content=\"index, follow, max-snippet:-1, max-image-preview:large, max-video-preview:-1\" \/>\n<link rel=\"canonical\" href=\"https:\/\/www.gummyworlds.com\/tr\/acik-riza-beyani\/\" \/>\n<meta property=\"og:locale\" content=\"tr_TR\" \/>\n<meta property=\"og:type\" content=\"article\" \/>\n<meta property=\"og:title\" content=\"A\u00e7\u0131k R\u0131za Beyan\u0131 - Gummy Worlds\" \/>\n<meta property=\"og:description\" content=\"6698 say\u0131l\u0131 Ki\u015fisel Verilerin Korunmas\u0131 Kanunun kapsam\u0131nda Gummy Worlds Sa\u011fl\u0131k \u00dcr\u00fcnleri ve G\u0131da Sanayi Ticaret Anonim \u015eirketi olarak; pazarlama ve reklam\/kampanya s\u00fcre\u00e7lerinin y\u00fcr\u00fct\u00fclmesi ve internet sitemiz ile sosyal medya hesaplar\u0131 \u00fczerinden herkese a\u00e7\u0131k olarak payla\u015fabilmek maksad\u0131yla ki\u015fisel verilerinizi i\u015fleyebilmek i\u00e7in bu konuda a\u00e7\u0131k r\u0131zan\u0131za ihtiya\u00e7 duyuyoruz. Ayr\u0131ca belirtmek isteriz bizi ziyaret ederek veya \u00e7a\u011fr\u0131 merkezimiz [&hellip;]\" \/>\n<meta property=\"og:url\" content=\"https:\/\/www.gummyworlds.com\/tr\/acik-riza-beyani\/\" \/>\n<meta property=\"og:site_name\" content=\"Gummy Worlds\" \/>\n<meta name=\"twitter:card\" content=\"summary_large_image\" \/>\n<meta name=\"twitter:label1\" content=\"Tahmini okuma s\u00fcresi\" \/>\n\t<meta name=\"twitter:data1\" content=\"2 dakika\" \/>\n<script type=\"application\/ld+json\" class=\"yoast-schema-graph\">{\"@context\":\"https:\\\/\\\/schema.org\",\"@graph\":[{\"@type\":\"WebPage\",\"@id\":\"https:\\\/\\\/www.gummyworlds.com\\\/tr\\\/acik-riza-beyani\\\/\",\"url\":\"https:\\\/\\\/www.gummyworlds.com\\\/tr\\\/acik-riza-beyani\\\/\",\"name\":\"A\u00e7\u0131k R\u0131za Beyan\u0131 - Gummy Worlds\",\"isPartOf\":{\"@id\":\"https:\\\/\\\/www.gummyworlds.com\\\/tr\\\/#website\"},\"datePublished\":\"2025-05-26T06:18:05+00:00\",\"breadcrumb\":{\"@id\":\"https:\\\/\\\/www.gummyworlds.com\\\/tr\\\/acik-riza-beyani\\\/#breadcrumb\"},\"inLanguage\":\"tr\",\"potentialAction\":[{\"@type\":\"ReadAction\",\"target\":[\"https:\\\/\\\/www.gummyworlds.com\\\/tr\\\/acik-riza-beyani\\\/\"]}]},{\"@type\":\"BreadcrumbList\",\"@id\":\"https:\\\/\\\/www.gummyworlds.com\\\/tr\\\/acik-riza-beyani\\\/#breadcrumb\",\"itemListElement\":[{\"@type\":\"ListItem\",\"position\":1,\"name\":\"Home\",\"item\":\"https:\\\/\\\/www.gummyworlds.com\\\/tr\\\/\"},{\"@type\":\"ListItem\",\"position\":2,\"name\":\"A\u00e7\u0131k R\u0131za Beyan\u0131\"}]},{\"@type\":\"WebSite\",\"@id\":\"https:\\\/\\\/www.gummyworlds.com\\\/tr\\\/#website\",\"url\":\"https:\\\/\\\/www.gummyworlds.com\\\/tr\\\/\",\"name\":\"Gummy Worlds\",\"description\":\"\",\"publisher\":{\"@id\":\"https:\\\/\\\/www.gummyworlds.com\\\/tr\\\/#organization\"},\"potentialAction\":[{\"@type\":\"SearchAction\",\"target\":{\"@type\":\"EntryPoint\",\"urlTemplate\":\"https:\\\/\\\/www.gummyworlds.com\\\/tr\\\/?s={search_term_string}\"},\"query-input\":{\"@type\":\"PropertyValueSpecification\",\"valueRequired\":true,\"valueName\":\"search_term_string\"}}],\"inLanguage\":\"tr\"},{\"@type\":\"Organization\",\"@id\":\"https:\\\/\\\/www.gummyworlds.com\\\/tr\\\/#organization\",\"name\":\"Gummy Worlds\",\"url\":\"https:\\\/\\\/www.gummyworlds.com\\\/tr\\\/\",\"logo\":{\"@type\":\"ImageObject\",\"inLanguage\":\"tr\",\"@id\":\"https:\\\/\\\/www.gummyworlds.com\\\/tr\\\/#\\\/schema\\\/logo\\\/image\\\/\",\"url\":\"https:\\\/\\\/www.gummyworlds.com\\\/wp-content\\\/uploads\\\/2024\\\/03\\\/gummy-worlds-sq.png\",\"contentUrl\":\"https:\\\/\\\/www.gummyworlds.com\\\/wp-content\\\/uploads\\\/2024\\\/03\\\/gummy-worlds-sq.png\",\"width\":500,\"height\":500,\"caption\":\"Gummy Worlds\"},\"image\":{\"@id\":\"https:\\\/\\\/www.gummyworlds.com\\\/tr\\\/#\\\/schema\\\/logo\\\/image\\\/\"}}]}<\/script>\n<!-- \/ Yoast SEO plugin. -->","yoast_head_json":{"title":"A\u00e7\u0131k R\u0131za Beyan\u0131 - Gummy Worlds","robots":{"index":"index","follow":"follow","max-snippet":"max-snippet:-1","max-image-preview":"max-image-preview:large","max-video-preview":"max-video-preview:-1"},"canonical":"https:\/\/www.gummyworlds.com\/tr\/acik-riza-beyani\/","og_locale":"tr_TR","og_type":"article","og_title":"A\u00e7\u0131k R\u0131za Beyan\u0131 - Gummy Worlds","og_description":"6698 say\u0131l\u0131 Ki\u015fisel Verilerin Korunmas\u0131 Kanunun kapsam\u0131nda Gummy Worlds Sa\u011fl\u0131k \u00dcr\u00fcnleri ve G\u0131da Sanayi Ticaret Anonim \u015eirketi olarak; pazarlama ve reklam\/kampanya s\u00fcre\u00e7lerinin y\u00fcr\u00fct\u00fclmesi ve internet sitemiz ile sosyal medya hesaplar\u0131 \u00fczerinden herkese a\u00e7\u0131k olarak payla\u015fabilmek maksad\u0131yla ki\u015fisel verilerinizi i\u015fleyebilmek i\u00e7in bu konuda a\u00e7\u0131k r\u0131zan\u0131za ihtiya\u00e7 duyuyoruz. Ayr\u0131ca belirtmek isteriz bizi ziyaret ederek veya \u00e7a\u011fr\u0131 merkezimiz [&hellip;]","og_url":"https:\/\/www.gummyworlds.com\/tr\/acik-riza-beyani\/","og_site_name":"Gummy Worlds","twitter_card":"summary_large_image","twitter_misc":{"Tahmini okuma s\u00fcresi":"2 dakika"},"schema":{"@context":"https:\/\/schema.org","@graph":[{"@type":"WebPage","@id":"https:\/\/www.gummyworlds.com\/tr\/acik-riza-beyani\/","url":"https:\/\/www.gummyworlds.com\/tr\/acik-riza-beyani\/","name":"A\u00e7\u0131k R\u0131za Beyan\u0131 - Gummy Worlds","isPartOf":{"@id":"https:\/\/www.gummyworlds.com\/tr\/#website"},"datePublished":"2025-05-26T06:18:05+00:00","breadcrumb":{"@id":"https:\/\/www.gummyworlds.com\/tr\/acik-riza-beyani\/#breadcrumb"},"inLanguage":"tr","potentialAction":[{"@type":"ReadAction","target":["https:\/\/www.gummyworlds.com\/tr\/acik-riza-beyani\/"]}]},{"@type":"BreadcrumbList","@id":"https:\/\/www.gummyworlds.com\/tr\/acik-riza-beyani\/#breadcrumb","itemListElement":[{"@type":"ListItem","position":1,"name":"Home","item":"https:\/\/www.gummyworlds.com\/tr\/"},{"@type":"ListItem","position":2,"name":"A\u00e7\u0131k R\u0131za Beyan\u0131"}]},{"@type":"WebSite","@id":"https:\/\/www.gummyworlds.com\/tr\/#website","url":"https:\/\/www.gummyworlds.com\/tr\/","name":"Gummy Worlds","description":"","publisher":{"@id":"https:\/\/www.gummyworlds.com\/tr\/#organization"},"potentialAction":[{"@type":"SearchAction","target":{"@type":"EntryPoint","urlTemplate":"https:\/\/www.gummyworlds.com\/tr\/?s={search_term_string}"},"query-input":{"@type":"PropertyValueSpecification","valueRequired":true,"valueName":"search_term_string"}}],"inLanguage":"tr"},{"@type":"Organization","@id":"https:\/\/www.gummyworlds.com\/tr\/#organization","name":"Gummy Worlds","url":"https:\/\/www.gummyworlds.com\/tr\/","logo":{"@type":"ImageObject","inLanguage":"tr","@id":"https:\/\/www.gummyworlds.com\/tr\/#\/schema\/logo\/image\/","url":"https:\/\/www.gummyworlds.com\/wp-content\/uploads\/2024\/03\/gummy-worlds-sq.png","contentUrl":"https:\/\/www.gummyworlds.com\/wp-content\/uploads\/2024\/03\/gummy-worlds-sq.png","width":500,"height":500,"caption":"Gummy Worlds"},"image":{"@id":"https:\/\/www.gummyworlds.com\/tr\/#\/schema\/logo\/image\/"}}]}},"_links":{"self":[{"href":"https:\/\/www.gummyworlds.com\/tr\/wp-json\/wp\/v2\/pages\/6486","targetHints":{"allow":["GET"]}}],"collection":[{"href":"https:\/\/www.gummyworlds.com\/tr\/wp-json\/wp\/v2\/pages"}],"about":[{"href":"https:\/\/www.gummyworlds.com\/tr\/wp-json\/wp\/v2\/types\/page"}],"author":[{"embeddable":true,"href":"https:\/\/www.gummyworlds.com\/tr\/wp-json\/wp\/v2\/users\/2"}],"replies":[{"embeddable":true,"href":"https:\/\/www.gummyworlds.com\/tr\/wp-json\/wp\/v2\/comments?post=6486"}],"version-history":[{"count":1,"href":"https:\/\/www.gummyworlds.com\/tr\/wp-json\/wp\/v2\/pages\/6486\/revisions"}],"predecessor-version":[{"id":6487,"href":"https:\/\/www.gummyworlds.com\/tr\/wp-json\/wp\/v2\/pages\/6486\/revisions\/6487"}],"wp:attachment":[{"href":"https:\/\/www.gummyworlds.com\/tr\/wp-json\/wp\/v2\/media?parent=6486"}],"curies":[{"name":"wp","href":"https:\/\/api.w.org\/{rel}","templated":true}]}}