{"id":6460,"date":"2025-05-22T13:35:24","date_gmt":"2025-05-22T13:35:24","guid":{"rendered":"https:\/\/www.gummyworlds.com\/?page_id=6460"},"modified":"2025-05-22T13:35:24","modified_gmt":"2025-05-22T13:35:24","slug":"aydinlatma-metni","status":"publish","type":"page","link":"https:\/\/www.gummyworlds.com\/tr\/aydinlatma-metni\/","title":{"rendered":"Ayd\u0131nlatma Metni"},"content":{"rendered":"<h2>GUMMY WORLDS GENEL AYDINLATMA METN\u0130<\/h2>\n<p>Gummy Worlds Sa\u011fl\u0131k \u00dcr\u00fcnleri ve G\u0131da Sanayi Ticaret Anonim \u015eirketi olarak, ki\u015fisel verilerinizin g\u00fcvenli\u011fi ve gizlili\u011fini sa\u011flamak en \u00f6nemli \u00f6nceliklerimizdendir. Bu kapsamda, ki\u015fisel verilerinizin korunmas\u0131na y\u00f6nelik t\u00fcm gerekli tedbirleri alarak en y\u00fcksek seviyede hassasiyet g\u00f6stermekteyiz. Okudu\u011funuz ayd\u0131nlatma metnimiz ile sizleri, ki\u015fisel verilerinizin i\u015flenme s\u00fcre\u00e7leri hakk\u0131nda bilgilendirmeyi ama\u00e7lamaktay\u0131z.<\/p>\n<h2>1. VER\u0130 SORUMLUSU<\/h2>\n<p>\u015eirletimiz, 6698 say\u0131l\u0131 Ki\u015fisel Verilerin Korunmas\u0131 Kanunu\u2019nun 3. maddesinde tan\u0131ml\u0131 \u201cVeri Sorumlusu\u201d s\u0131fat\u0131yla ki\u015fisel verilerinizi i\u015flemektedir.<\/p>\n<p>Gummy Worlds Sa\u011fl\u0131k \u00dcr\u00fcnleri ve G\u0131da Sanayi Ticaret Anonim \u015eirketi<br \/>\n<strong>Adres:<\/strong> Ak\u00e7aburgaz Mah. 153. Sk. No: 21 \u0130\u00e7 Kap\u0131 No:1 Esenyurt\/\u0130stanbul<br \/>\n<strong>Telefon:<\/strong> 0212 912 66 96<br \/>\n<strong>Mail adresi:<\/strong> info@gummyworlds.com<br \/>\n<strong>KEP adresi:<\/strong> gummy@hs01.kep.tr<\/p>\n<h2>2. K\u0130\u015e\u0130SEL VER\u0130LER\u0130N \u0130\u015eLENME AMA\u00c7LARI VE HUKUK\u0130 SEBEPLER\u0130<\/h2>\n<p>\u0130nternet ortam\u0131nda doldurdu\u011funuz dijital formlar, \u00e7a\u011fr\u0131 merkezi g\u00f6r\u00fc\u015fmeleri ve temsilcilerimiz \u00fczerinden doldurdu\u011funuz fiziki formlar arac\u0131l\u0131\u011f\u0131yla sizden toplad\u0131\u011f\u0131m\u0131z; kimlik, ileti\u015fim, m\u00fc\u015fteri i\u015flem, i\u015flem g\u00fcvenli\u011fi, finans, pazarlama, g\u00f6rsel ve i\u015fitsel kay\u0131tlar kategorilerindeki ki\u015fisel verilerinizi a\u015fa\u011f\u0131da ayr\u0131nt\u0131l\u0131 olarak belirtilen ama\u00e7 ve hukuki sebeplerle i\u015flemekteyiz.<\/p>\n<ul>\n<li>Kanunlarda a\u00e7\u0131k\u00e7a \u00f6ng\u00f6r\u00fclmesi (6698 say\u0131l\u0131 Kanun m. 5\/2-a) sebebine dayan\u0131larak; kimlik, ileti\u015fim, i\u015flem g\u00fcvenli\u011fi ve m\u00fc\u015fteri i\u015flem kategorilerindeki verilerinizi,\n<ul>\n<li>Faaliyetlerin Mevzuata Uygun Y\u00fcr\u00fct\u00fclmesi<\/li>\n<li>Hukuk \u0130\u015flerinin Takibi ve Y\u00fcr\u00fct\u00fclmesi<\/li>\n<li>\u0130\u015f Faaliyetlerinin Y\u00fcr\u00fct\u00fclmesi \/ Denetimi<\/li>\n<li>Mal \/ Hizmet Sat\u0131\u015f S\u00fcre\u00e7lerinin Y\u00fcr\u00fct\u00fclmesi<\/li>\n<li>Risk Y\u00f6netimi S\u00fcre\u00e7lerinin Y\u00fcr\u00fct\u00fclmesi<\/li>\n<li>Saklama ve Ar\u015fiv Faaliyetlerinin Y\u00fcr\u00fct\u00fclmesi<\/li>\n<li>Yetkili Ki\u015fi, Kurum ve Kurulu\u015flara Bilgi Verilmesi<\/li>\n<li>Y\u00f6netim Faaliyetlerinin Y\u00fcr\u00fct\u00fclmesi<br \/>\nama\u00e7lar\u0131yla,<\/li>\n<\/ul>\n<\/li>\n<li>Bir s\u00f6zle\u015fmenin kurulmas\u0131 veya ifas\u0131yla do\u011frudan do\u011fruya ilgili olmas\u0131 kayd\u0131yla, s\u00f6zle\u015fmenin taraflar\u0131na ait ki\u015fisel verilerin i\u015flenmesinin gerekli olmas\u0131 (6698 say\u0131l\u0131 Kanun m. 5\/2-c) sebebine dayan\u0131larak; kimlik, ileti\u015fim, m\u00fc\u015fteri i\u015flem, i\u015flem g\u00fcvenli\u011fi, finans kategorilerindeki verilerinizi,\n<ul>\n<li>Bilgi G\u00fcvenli\u011fi S\u00fcre\u00e7lerinin Y\u00fcr\u00fct\u00fclmesi<\/li>\n<li>Faaliyetlerin Mevzuata Uygun Y\u00fcr\u00fct\u00fclmesi<\/li>\n<li>Finans ve Muhasebe \u0130\u015flerinin Y\u00fcr\u00fct\u00fclmesi<\/li>\n<li>Hukuk \u0130\u015flerinin Takibi ve Y\u00fcr\u00fct\u00fclmesi<\/li>\n<li>\u0130leti\u015fim Faaliyetlerinin Y\u00fcr\u00fct\u00fclmesi<\/li>\n<li>\u0130\u015f Faaliyetlerinin Y\u00fcr\u00fct\u00fclmesi \/ Denetimi<\/li>\n<li>Lojistik Faaliyetlerinin Y\u00fcr\u00fct\u00fclmesi<\/li>\n<li>Mal \/ Hizmet Sat\u0131\u015f Sonras\u0131 Destek Hizmetlerinin Y\u00fcr\u00fct\u00fclmesi<\/li>\n<li>Mal \/ Hizmet Sat\u0131\u015f S\u00fcre\u00e7lerinin Y\u00fcr\u00fct\u00fclmesi<\/li>\n<li>Mal \/ Hizmet \u00dcretim ve Operasyon S\u00fcre\u00e7lerinin Y\u00fcr\u00fct\u00fclmesi<\/li>\n<li>M\u00fc\u015fteri \u0130li\u015fkileri Y\u00f6netimi S\u00fcre\u00e7lerinin Y\u00fcr\u00fct\u00fclmesi<\/li>\n<li>M\u00fc\u015fteri Memnuniyetine Y\u00f6nelik Aktivitelerin Y\u00fcr\u00fct\u00fclmesi<\/li>\n<li>Saklama ve Ar\u015fiv Faaliyetlerinin Y\u00fcr\u00fct\u00fclmesi<\/li>\n<li>S\u00f6zle\u015fme S\u00fcre\u00e7lerinin Y\u00fcr\u00fct\u00fclmesi<\/li>\n<li>\u00dccret Politikas\u0131n\u0131n Y\u00fcr\u00fct\u00fclmesi<\/li>\n<li>Veri Sorumlusu Operasyonlar\u0131n\u0131n G\u00fcvenli\u011finin Temini<\/li>\n<li>Yetkili Ki\u015fi, Kurum ve Kurulu\u015flara Bilgi Verilmesi<\/li>\n<li>Y\u00f6netim Faaliyetlerinin Y\u00fcr\u00fct\u00fclmesi<br \/>\nama\u00e7lar\u0131yla,<\/li>\n<\/ul>\n<\/li>\n<li>Veri sorumlusunun hukuki y\u00fck\u00fcml\u00fcl\u00fc\u011f\u00fcn\u00fc yerine getirebilmesi i\u00e7in zorunlu olmas\u0131 (6698 say\u0131l\u0131 Kanun m. 5\/2-\u00e7) sebebine dayan\u0131larak; kimlik, ileti\u015fim, m\u00fc\u015fteri i\u015flem ve finans kategorilerindeki verilerinizi,\n<ul>\n<li>Bilgi G\u00fcvenli\u011fi S\u00fcre\u00e7lerinin Y\u00fcr\u00fct\u00fclmesi<\/li>\n<li>Faaliyetlerin Mevzuata Uygun Y\u00fcr\u00fct\u00fclmesi<\/li>\n<li>Finans ve Muhasebe \u0130\u015flerinin Y\u00fcr\u00fct\u00fclmesi<\/li>\n<li>Hukuk \u0130\u015flerinin Takibi ve Y\u00fcr\u00fct\u00fclmesi<\/li>\n<li>Mal \/ Hizmet Sat\u0131\u015f S\u00fcre\u00e7lerinin Y\u00fcr\u00fct\u00fclmesi<\/li>\n<li>Risk Y\u00f6netimi S\u00fcre\u00e7lerinin Y\u00fcr\u00fct\u00fclmesi<\/li>\n<li>Saklama ve Ar\u015fiv Faaliyetlerinin Y\u00fcr\u00fct\u00fclmesi<\/li>\n<li>S\u00f6zle\u015fme S\u00fcre\u00e7lerinin Y\u00fcr\u00fct\u00fclmesi<\/li>\n<li>\u00dccret Politikas\u0131n\u0131n Y\u00fcr\u00fct\u00fclmesi<\/li>\n<li>Veri Sorumlusu Operasyonlar\u0131n\u0131n G\u00fcvenli\u011finin Temini<\/li>\n<li>Yetkili Ki\u015fi, Kurum ve Kurulu\u015flara Bilgi Verilmesi<\/li>\n<li>Y\u00f6netim Faaliyetlerinin Y\u00fcr\u00fct\u00fclmesi<br \/>\nama\u00e7lar\u0131yla,<\/li>\n<\/ul>\n<\/li>\n<li>\u0130lgili ki\u015finin temel hak ve \u00f6zg\u00fcrl\u00fcklerine zarar vermemek kayd\u0131yla, veri sorumlusunun me\u015fru menfaatleri i\u00e7in veri i\u015flenmesinin zorunlu olmas\u0131 (6698 say\u0131l\u0131 Kanun m. 5\/2-f) sebebine dayan\u0131larak; kimlik, ileti\u015fim, m\u00fc\u015fteri i\u015flem, i\u015flem g\u00fcvenli\u011fi, g\u00f6rsel ve i\u015fitsel kay\u0131tlar kategorilerindeki verilerinizi,\n<ul>\n<li>Faaliyetlerin Mevzuata Uygun Y\u00fcr\u00fct\u00fclmesi<\/li>\n<li>Firma \/ \u00dcr\u00fcn \/ Hizmetlere Ba\u011fl\u0131l\u0131k S\u00fcre\u00e7lerinin Y\u00fcr\u00fct\u00fclmesi<\/li>\n<li>\u0130\u00e7 Denetim\/ Soru\u015fturma \/ \u0130stihbarat Faaliyetlerinin Y\u00fcr\u00fct\u00fclmesi<\/li>\n<li>\u0130\u015f Faaliyetlerinin Y\u00fcr\u00fct\u00fclmesi \/ Denetimi<\/li>\n<li>\u0130\u015f S\u00fcre\u00e7lerinin \u0130yile\u015ftirilmesine Y\u00f6nelik \u00d6nerilerin Al\u0131nmas\u0131 ve\u00a0De\u011ferlendirilmesi<\/li>\n<li>\u0130\u015f S\u00fcreklili\u011finin Sa\u011flanmas\u0131 Faaliyetlerinin Y\u00fcr\u00fct\u00fclmesi<\/li>\n<li>Lojistik Faaliyetlerinin Y\u00fcr\u00fct\u00fclmesi<\/li>\n<li>Mal \/ Hizmet Sat\u0131\u015f Sonras\u0131 Destek Hizmetlerinin Y\u00fcr\u00fct\u00fclmesi<\/li>\n<li>Mal \/ Hizmet Sat\u0131\u015f S\u00fcre\u00e7lerinin Y\u00fcr\u00fct\u00fclmesi<\/li>\n<li>Mal \/ Hizmet \u00dcretim ve Operasyon S\u00fcre\u00e7lerinin Y\u00fcr\u00fct\u00fclmesi<\/li>\n<li>M\u00fc\u015fteri \u0130li\u015fkileri Y\u00f6netimi S\u00fcre\u00e7lerinin Y\u00fcr\u00fct\u00fclmesi<\/li>\n<li>M\u00fc\u015fteri Memnuniyetine Y\u00f6nelik Aktivitelerin Y\u00fcr\u00fct\u00fclmesi<\/li>\n<li>Risk Y\u00f6netimi S\u00fcre\u00e7lerinin Y\u00fcr\u00fct\u00fclmesi<\/li>\n<li>Saklama ve Ar\u015fiv Faaliyetlerinin Y\u00fcr\u00fct\u00fclmesi<\/li>\n<li>Stratejik Planlama Faaliyetlerinin Y\u00fcr\u00fct\u00fclmesi<\/li>\n<li>Talep \/ \u015eikayetlerin Takibi<\/li>\n<li>Yetkili Ki\u015fi, Kurum ve Kurulu\u015flara Bilgi Verilmesi<\/li>\n<li>Y\u00f6netim Faaliyetlerinin Y\u00fcr\u00fct\u00fclmesi<br \/>\nama\u00e7lar\u0131yla,<\/li>\n<\/ul>\n<\/li>\n<li>Reklam ve pazarlama faaliyetleri ile kampanya bildirimleri i\u00e7in onay verilmi\u015f olmas\u0131\u00a0 halinde a\u00e7\u0131k r\u0131za (6698 say\u0131l\u0131 Kanun m. 5) sebebine dayan\u0131larak; kimlik, ileti\u015fim, m\u00fc\u015fteri i\u015flem, i\u015flem g\u00fcvenli\u011fi, pazarlama, g\u00f6rsel ve i\u015fitsel kay\u0131tlar kategorilerindeki verilerinizi,\n<ul>\n<li>Firma \/ \u00dcr\u00fcn \/ Hizmetlere Ba\u011fl\u0131l\u0131k S\u00fcre\u00e7lerinin Y\u00fcr\u00fct\u00fclmesi<\/li>\n<li>\u0130leti\u015fim Faaliyetlerinin Y\u00fcr\u00fct\u00fclmesi<\/li>\n<li>\u0130\u015f S\u00fcreklili\u011finin Sa\u011flanmas\u0131 Faaliyetlerinin Y\u00fcr\u00fct\u00fclmesi<\/li>\n<li>M\u00fc\u015fteri \u0130li\u015fkileri Y\u00f6netimi S\u00fcre\u00e7lerinin Y\u00fcr\u00fct\u00fclmesi<\/li>\n<li>M\u00fc\u015fteri Memnuniyetine Y\u00f6nelik Aktivitelerin Y\u00fcr\u00fct\u00fclmesi<\/li>\n<li>Pazarlama Analiz \u00c7al\u0131\u015fmalar\u0131n\u0131n Y\u00fcr\u00fct\u00fclmesi<\/li>\n<li>Reklam \/ Kampanya \/ Promosyon S\u00fcre\u00e7lerinin Y\u00fcr\u00fct\u00fclmesi<\/li>\n<li>Risk Y\u00f6netimi S\u00fcre\u00e7lerinin Y\u00fcr\u00fct\u00fclmesi<\/li>\n<li>Stratejik Planlama Faaliyetlerinin Y\u00fcr\u00fct\u00fclmesi<\/li>\n<li>Talep \/ \u015eikayetlerin Takibi<\/li>\n<li>\u00dccret Politikas\u0131n\u0131n Y\u00fcr\u00fct\u00fclmesi<\/li>\n<li>\u00dcr\u00fcn \/ Hizmetlerin Pazarlama S\u00fcre\u00e7lerinin Y\u00fcr\u00fct\u00fclmesi<\/li>\n<li>Yetkili Ki\u015fi, Kurum ve Kurulu\u015flara Bilgi Verilmesi<\/li>\n<li>Y\u00f6netim Faaliyetlerinin Y\u00fcr\u00fct\u00fclmesi<br \/>\nama\u00e7lar\u0131yla,<\/li>\n<\/ul>\n<\/li>\n<\/ul>\n<p>taraf\u0131m\u0131zdan i\u015flenir.<\/p>\n<h2>3. \u0130\u015eLENEN K\u0130\u015e\u0130SEL VER\u0130LER\u0130N K\u0130MLERE VE HANG\u0130 AMA\u00c7LA AKTARILAB\u0130LECE\u011e\u0130<\/h2>\n<p>Ticari faaliyetlerimiz ile mal ve hizmet sunumu kapsam\u0131nda i\u015fledi\u011fimiz ki\u015fisel verilerinizi a\u015fa\u011f\u0131da belirtilen ama\u00e7larla Ger\u00e7ek Ki\u015filer ve \u00d6zel Hukuk T\u00fczel Ki\u015filerine, Topluluk \u015eirketlerimize ve Yetkili Kamu Kurum ve Kurulu\u015flar\u0131na aktar\u0131yoruz.<\/p>\n<ul>\n<li>Kimlik, ileti\u015fim, m\u00fc\u015fteri i\u015flem, i\u015flem g\u00fcvenli\u011fi, finans, pazarlama, g\u00f6rsel ve i\u015fitsel kay\u0131tlar kategorilerindeki ki\u015fisel verilerinizi; Ger\u00e7ek Ki\u015filer ve \u00d6zel Hukuk T\u00fczel Ki\u015filerine, Topluluk \u015eirketlerimize,\n<ul>\n<li>Bilgi G\u00fcvenli\u011fi S\u00fcre\u00e7lerinin Y\u00fcr\u00fct\u00fclmesi<\/li>\n<li>Faaliyetlerin Mevzuata Uygun Y\u00fcr\u00fct\u00fclmesi<\/li>\n<li>Finans ve Muhasebe \u0130\u015flerinin Y\u00fcr\u00fct\u00fclmesi<\/li>\n<li>Hukuk \u0130\u015flerinin Takibi ve Y\u00fcr\u00fct\u00fclmesi<\/li>\n<li>\u0130leti\u015fim Faaliyetlerinin Y\u00fcr\u00fct\u00fclmesi<\/li>\n<li>\u0130\u015f Faaliyetlerinin Y\u00fcr\u00fct\u00fclmesi \/ Denetimi<\/li>\n<li>Lojistik Faaliyetlerinin Y\u00fcr\u00fct\u00fclmesi<\/li>\n<li>Mal \/ Hizmet Sat\u0131n Al\u0131m S\u00fcre\u00e7lerinin Y\u00fcr\u00fct\u00fclmesi<\/li>\n<li>Mal \/ Hizmet Sat\u0131\u015f Sonras\u0131 Destek Hizmetlerinin Y\u00fcr\u00fct\u00fclmesi<\/li>\n<li>Mal \/ Hizmet Sat\u0131\u015f S\u00fcre\u00e7lerinin Y\u00fcr\u00fct\u00fclmesi<\/li>\n<li>Mal \/ Hizmet \u00dcretim ve Operasyon S\u00fcre\u00e7lerinin Y\u00fcr\u00fct\u00fclmesi<\/li>\n<li>M\u00fc\u015fteri \u0130li\u015fkileri Y\u00f6netimi S\u00fcre\u00e7lerinin Y\u00fcr\u00fct\u00fclmesi<\/li>\n<li>M\u00fc\u015fteri Memnuniyetine Y\u00f6nelik Aktivitelerin Y\u00fcr\u00fct\u00fclmesi<\/li>\n<li>Saklama ve Ar\u015fiv Faaliyetlerinin Y\u00fcr\u00fct\u00fclmesi<\/li>\n<li>S\u00f6zle\u015fme S\u00fcre\u00e7lerinin Y\u00fcr\u00fct\u00fclmesi<\/li>\n<li>Talep \/ \u015eikayetlerin Takibi<\/li>\n<li>Tedarik Zinciri Y\u00f6netimi S\u00fcre\u00e7lerinin Y\u00fcr\u00fct\u00fclmesi<\/li>\n<li>\u00dccret Politikas\u0131n\u0131n Y\u00fcr\u00fct\u00fclmesi<\/li>\n<li>Veri Sorumlusu Operasyonlar\u0131n\u0131n G\u00fcvenli\u011finin Temini<\/li>\n<li>Yetkili Ki\u015fi, Kurum ve Kurulu\u015flara Bilgi Verilmesi<br \/>\nama\u00e7lar\u0131yla,<\/li>\n<\/ul>\n<\/li>\n<li>Kimlik, ileti\u015fim, i\u015flem g\u00fcvenli\u011fi ve finans kategorilerindeki ki\u015fisel verilerinizi; Yetkili Kamu Kurum ve Kurulu\u015flar\u0131na,\n<ul>\n<li>Faaliyetlerin Mevzuata Uygun Y\u00fcr\u00fct\u00fclmesi<\/li>\n<li>Finans ve Muhasebe \u0130\u015flerinin Y\u00fcr\u00fct\u00fclmesi<\/li>\n<li>Hukuk \u0130\u015flerinin Takibi ve Y\u00fcr\u00fct\u00fclmesi<\/li>\n<li>\u0130leti\u015fim Faaliyetlerinin Y\u00fcr\u00fct\u00fclmesi<\/li>\n<li>\u0130\u015f Faaliyetlerinin Y\u00fcr\u00fct\u00fclmesi \/ Denetimi<\/li>\n<li>Saklama ve Ar\u015fiv Faaliyetlerinin Y\u00fcr\u00fct\u00fclmesi<\/li>\n<li>S\u00f6zle\u015fme S\u00fcre\u00e7lerinin Y\u00fcr\u00fct\u00fclmesi<\/li>\n<li>Yetkili Ki\u015fi, Kurum ve Kurulu\u015flara Bilgi Verilmesi<br \/>\nama\u00e7lar\u0131yla,<\/li>\n<\/ul>\n<\/li>\n<li>Kimlik, ileti\u015fim, g\u00f6rsel ve i\u015fitsel kay\u0131tlar kategorilerindeki ki\u015fisel verilerinizi; internet sitemizde ve sosyal medya ortam\u0131nda Herkese A\u00e7\u0131k olarak,\n<ul>\n<li>Firma \/ \u00dcr\u00fcn \/ Hizmetlere Ba\u011fl\u0131l\u0131k S\u00fcre\u00e7lerinin Y\u00fcr\u00fct\u00fclmesi<\/li>\n<li>\u0130leti\u015fim Faaliyetlerinin Y\u00fcr\u00fct\u00fclmesi<\/li>\n<li>\u0130\u015f Faaliyetlerinin Y\u00fcr\u00fct\u00fclmesi \/ Denetimi<\/li>\n<li>M\u00fc\u015fteri \u0130li\u015fkileri Y\u00f6netimi S\u00fcre\u00e7lerinin Y\u00fcr\u00fct\u00fclmesi<\/li>\n<li>M\u00fc\u015fteri Memnuniyetine Y\u00f6nelik Aktivitelerin Y\u00fcr\u00fct\u00fclmesi<\/li>\n<li>Reklam \/ Kampanya \/ Promosyon S\u00fcre\u00e7lerinin Y\u00fcr\u00fct\u00fclmesi<\/li>\n<li>Saklama ve Ar\u015fiv Faaliyetlerinin Y\u00fcr\u00fct\u00fclmesi<\/li>\n<li>\u00dcr\u00fcn \/ Hizmetlerin Pazarlama S\u00fcre\u00e7lerinin Y\u00fcr\u00fct\u00fclmesi<\/li>\n<li>Yetkili Ki\u015fi, Kurum ve Kurulu\u015flara Bilgi Verilmesi<br \/>\nama\u00e7lar\u0131yla,<\/li>\n<\/ul>\n<\/li>\n<\/ul>\n<p>ve yukar\u0131da belirtilen ki\u015fisel veri i\u015fleme \u015fartlar\u0131 \u00e7er\u00e7evesinde aktarmaktay\u0131z.<\/p>\n<h2>4. K\u0130\u015e\u0130SEL VER\u0130LER\u0130 TOPLAMA Y\u00d6NTEMLER\u0130M\u0130Z<\/h2>\n<ul>\n<li>Otomatik, k\u0131smen otomatik ya da herhangi bir veri kay\u0131t sisteminin par\u00e7as\u0131 olmak kayd\u0131yla otomatik olmayan y\u00f6ntemlerle;<\/li>\n<li>Kimlik, ileti\u015fim, m\u00fc\u015fteri i\u015flem, i\u015flem g\u00fcvenli\u011fi, finans, pazarlama, g\u00f6rsel ve i\u015fitsel kay\u0131tlar kategorilerindeki ki\u015fisel verilerinizi fiziki form doldurulmas\u0131yla, internet ortam\u0131nda formlar\u0131n doldurulmas\u0131yla, yaz\u0131l\u0131 ve fiziki olarak verdi\u011finiz bilgi ve belgelerden, \u00e7ekilen foto\u011fraflardan, \u00e7a\u011fr\u0131 merkezi g\u00f6r\u00fc\u015fmeleriyle s\u00f6zl\u00fc olarak verdi\u011finiz bilgilerden; sizlerden,<\/li>\n<li>Kimlik, ileti\u015fim, m\u00fc\u015fteri i\u015flem ve i\u015flem g\u00fcvenli\u011fi kategorilerindeki ki\u015fisel verilerinizi Whatsapp ve canl\u0131 destek uygulamas\u0131 ile telefon g\u00f6r\u00fc\u015fmesi vas\u0131talar\u0131yla sizlerden toplad\u0131\u011f\u0131m\u0131z ki\u015fisel verileriniz yasal yollardan elde edilmektedir.<\/li>\n<\/ul>\n<h2>5. \u0130LG\u0130L\u0130 K\u0130\u015e\u0130 OLARAK HAKLARINIZ<\/h2>\n<p>6698 say\u0131l\u0131 Kanunun \u201cilgili ki\u015finin haklar\u0131\u201dn\u0131 d\u00fczenleyen 11. maddesi kapsam\u0131ndaki haklar\u0131n\u0131za ve kanunun uygulamas\u0131na ili\u015fkin taleplerinizi yaz\u0131l\u0131 olarak veya kay\u0131tl\u0131 elektronik posta (KEP) adresi ya da sistemimizde kay\u0131tl\u0131 bulunan e-posta adresini kullanmak suretiyle ya da Veri Sorumlusuna Ba\u015fvuru Usul ve Esaslar\u0131 Hakk\u0131nda Tebli\u011f\u2019de \u00f6ng\u00f6r\u00fclen di\u011fer ba\u015fvuru usullerine uygun olarak\u00a0 <a href=\"mailto:info@gummyworlds.com\">info@gummyworlds.com<\/a> veya <a href=\"mailto:kvkk@gummyworlds.com\">kvkk@gummyworlds.com<\/a> adresine iletebilirsiniz. Ayr\u0131ca gerekli a\u00e7\u0131klamalar ile ba\u015fvuru ve bilgi talep formuna ileti\u015fim halinde oldu\u011funuz ilgili birimimizden\u00a0 ula\u015fabilirsiniz. Talebinizi niteli\u011fine g\u00f6re en k\u0131sa s\u00fcrede ve en ge\u00e7 30 (otuz) g\u00fcn i\u00e7inde -on sayfaya kadar- \u00fccretsiz olarak sonu\u00e7land\u0131raca\u011f\u0131z.<\/p>\n","protected":false},"excerpt":{"rendered":"<p>GUMMY WORLDS GENEL AYDINLATMA METN\u0130 Gummy Worlds Sa\u011fl\u0131k \u00dcr\u00fcnleri ve G\u0131da Sanayi Ticaret Anonim \u015eirketi olarak, ki\u015fisel verilerinizin g\u00fcvenli\u011fi ve gizlili\u011fini sa\u011flamak en \u00f6nemli \u00f6nceliklerimizdendir. Bu kapsamda, ki\u015fisel verilerinizin korunmas\u0131na y\u00f6nelik t\u00fcm gerekli tedbirleri alarak en y\u00fcksek seviyede hassasiyet g\u00f6stermekteyiz. Okudu\u011funuz ayd\u0131nlatma metnimiz ile sizleri, ki\u015fisel verilerinizin i\u015flenme s\u00fcre\u00e7leri hakk\u0131nda bilgilendirmeyi ama\u00e7lamaktay\u0131z. 1. VER\u0130 SORUMLUSU [&hellip;]<\/p>\n","protected":false},"author":2,"featured_media":0,"parent":0,"menu_order":0,"comment_status":"closed","ping_status":"closed","template":"","meta":{"_acf_changed":false,"inline_featured_image":false,"footnotes":""},"class_list":["post-6460","page","type-page","status-publish","hentry"],"acf":[],"yoast_head":"<!-- This site is optimized with the Yoast SEO plugin v27.3 - https:\/\/yoast.com\/product\/yoast-seo-wordpress\/ -->\n<title>Ayd\u0131nlatma Metni - Gummy Worlds<\/title>\n<meta name=\"robots\" content=\"index, follow, max-snippet:-1, max-image-preview:large, max-video-preview:-1\" \/>\n<link rel=\"canonical\" href=\"https:\/\/www.gummyworlds.com\/tr\/aydinlatma-metni\/\" \/>\n<meta property=\"og:locale\" content=\"tr_TR\" \/>\n<meta property=\"og:type\" content=\"article\" \/>\n<meta property=\"og:title\" content=\"Ayd\u0131nlatma Metni - Gummy Worlds\" \/>\n<meta property=\"og:description\" content=\"GUMMY WORLDS GENEL AYDINLATMA METN\u0130 Gummy Worlds Sa\u011fl\u0131k \u00dcr\u00fcnleri ve G\u0131da Sanayi Ticaret Anonim \u015eirketi olarak, ki\u015fisel verilerinizin g\u00fcvenli\u011fi ve gizlili\u011fini sa\u011flamak en \u00f6nemli \u00f6nceliklerimizdendir. Bu kapsamda, ki\u015fisel verilerinizin korunmas\u0131na y\u00f6nelik t\u00fcm gerekli tedbirleri alarak en y\u00fcksek seviyede hassasiyet g\u00f6stermekteyiz. Okudu\u011funuz ayd\u0131nlatma metnimiz ile sizleri, ki\u015fisel verilerinizin i\u015flenme s\u00fcre\u00e7leri hakk\u0131nda bilgilendirmeyi ama\u00e7lamaktay\u0131z. 1. VER\u0130 SORUMLUSU [&hellip;]\" \/>\n<meta property=\"og:url\" content=\"https:\/\/www.gummyworlds.com\/tr\/aydinlatma-metni\/\" \/>\n<meta property=\"og:site_name\" content=\"Gummy Worlds\" \/>\n<meta name=\"twitter:card\" content=\"summary_large_image\" \/>\n<meta name=\"twitter:label1\" content=\"Tahmini okuma s\u00fcresi\" \/>\n\t<meta name=\"twitter:data1\" content=\"7 dakika\" \/>\n<script type=\"application\/ld+json\" class=\"yoast-schema-graph\">{\"@context\":\"https:\\\/\\\/schema.org\",\"@graph\":[{\"@type\":\"WebPage\",\"@id\":\"https:\\\/\\\/www.gummyworlds.com\\\/tr\\\/aydinlatma-metni\\\/\",\"url\":\"https:\\\/\\\/www.gummyworlds.com\\\/tr\\\/aydinlatma-metni\\\/\",\"name\":\"Ayd\u0131nlatma Metni - Gummy Worlds\",\"isPartOf\":{\"@id\":\"https:\\\/\\\/www.gummyworlds.com\\\/tr\\\/#website\"},\"datePublished\":\"2025-05-22T13:35:24+00:00\",\"breadcrumb\":{\"@id\":\"https:\\\/\\\/www.gummyworlds.com\\\/tr\\\/aydinlatma-metni\\\/#breadcrumb\"},\"inLanguage\":\"tr\",\"potentialAction\":[{\"@type\":\"ReadAction\",\"target\":[\"https:\\\/\\\/www.gummyworlds.com\\\/tr\\\/aydinlatma-metni\\\/\"]}]},{\"@type\":\"BreadcrumbList\",\"@id\":\"https:\\\/\\\/www.gummyworlds.com\\\/tr\\\/aydinlatma-metni\\\/#breadcrumb\",\"itemListElement\":[{\"@type\":\"ListItem\",\"position\":1,\"name\":\"Home\",\"item\":\"https:\\\/\\\/www.gummyworlds.com\\\/tr\\\/\"},{\"@type\":\"ListItem\",\"position\":2,\"name\":\"Ayd\u0131nlatma Metni\"}]},{\"@type\":\"WebSite\",\"@id\":\"https:\\\/\\\/www.gummyworlds.com\\\/tr\\\/#website\",\"url\":\"https:\\\/\\\/www.gummyworlds.com\\\/tr\\\/\",\"name\":\"Gummy Worlds\",\"description\":\"\",\"publisher\":{\"@id\":\"https:\\\/\\\/www.gummyworlds.com\\\/tr\\\/#organization\"},\"potentialAction\":[{\"@type\":\"SearchAction\",\"target\":{\"@type\":\"EntryPoint\",\"urlTemplate\":\"https:\\\/\\\/www.gummyworlds.com\\\/tr\\\/?s={search_term_string}\"},\"query-input\":{\"@type\":\"PropertyValueSpecification\",\"valueRequired\":true,\"valueName\":\"search_term_string\"}}],\"inLanguage\":\"tr\"},{\"@type\":\"Organization\",\"@id\":\"https:\\\/\\\/www.gummyworlds.com\\\/tr\\\/#organization\",\"name\":\"Gummy Worlds\",\"url\":\"https:\\\/\\\/www.gummyworlds.com\\\/tr\\\/\",\"logo\":{\"@type\":\"ImageObject\",\"inLanguage\":\"tr\",\"@id\":\"https:\\\/\\\/www.gummyworlds.com\\\/tr\\\/#\\\/schema\\\/logo\\\/image\\\/\",\"url\":\"https:\\\/\\\/www.gummyworlds.com\\\/wp-content\\\/uploads\\\/2024\\\/03\\\/gummy-worlds-sq.png\",\"contentUrl\":\"https:\\\/\\\/www.gummyworlds.com\\\/wp-content\\\/uploads\\\/2024\\\/03\\\/gummy-worlds-sq.png\",\"width\":500,\"height\":500,\"caption\":\"Gummy Worlds\"},\"image\":{\"@id\":\"https:\\\/\\\/www.gummyworlds.com\\\/tr\\\/#\\\/schema\\\/logo\\\/image\\\/\"}}]}<\/script>\n<!-- \/ Yoast SEO plugin. -->","yoast_head_json":{"title":"Ayd\u0131nlatma Metni - Gummy Worlds","robots":{"index":"index","follow":"follow","max-snippet":"max-snippet:-1","max-image-preview":"max-image-preview:large","max-video-preview":"max-video-preview:-1"},"canonical":"https:\/\/www.gummyworlds.com\/tr\/aydinlatma-metni\/","og_locale":"tr_TR","og_type":"article","og_title":"Ayd\u0131nlatma Metni - Gummy Worlds","og_description":"GUMMY WORLDS GENEL AYDINLATMA METN\u0130 Gummy Worlds Sa\u011fl\u0131k \u00dcr\u00fcnleri ve G\u0131da Sanayi Ticaret Anonim \u015eirketi olarak, ki\u015fisel verilerinizin g\u00fcvenli\u011fi ve gizlili\u011fini sa\u011flamak en \u00f6nemli \u00f6nceliklerimizdendir. Bu kapsamda, ki\u015fisel verilerinizin korunmas\u0131na y\u00f6nelik t\u00fcm gerekli tedbirleri alarak en y\u00fcksek seviyede hassasiyet g\u00f6stermekteyiz. Okudu\u011funuz ayd\u0131nlatma metnimiz ile sizleri, ki\u015fisel verilerinizin i\u015flenme s\u00fcre\u00e7leri hakk\u0131nda bilgilendirmeyi ama\u00e7lamaktay\u0131z. 1. VER\u0130 SORUMLUSU [&hellip;]","og_url":"https:\/\/www.gummyworlds.com\/tr\/aydinlatma-metni\/","og_site_name":"Gummy Worlds","twitter_card":"summary_large_image","twitter_misc":{"Tahmini okuma s\u00fcresi":"7 dakika"},"schema":{"@context":"https:\/\/schema.org","@graph":[{"@type":"WebPage","@id":"https:\/\/www.gummyworlds.com\/tr\/aydinlatma-metni\/","url":"https:\/\/www.gummyworlds.com\/tr\/aydinlatma-metni\/","name":"Ayd\u0131nlatma Metni - Gummy Worlds","isPartOf":{"@id":"https:\/\/www.gummyworlds.com\/tr\/#website"},"datePublished":"2025-05-22T13:35:24+00:00","breadcrumb":{"@id":"https:\/\/www.gummyworlds.com\/tr\/aydinlatma-metni\/#breadcrumb"},"inLanguage":"tr","potentialAction":[{"@type":"ReadAction","target":["https:\/\/www.gummyworlds.com\/tr\/aydinlatma-metni\/"]}]},{"@type":"BreadcrumbList","@id":"https:\/\/www.gummyworlds.com\/tr\/aydinlatma-metni\/#breadcrumb","itemListElement":[{"@type":"ListItem","position":1,"name":"Home","item":"https:\/\/www.gummyworlds.com\/tr\/"},{"@type":"ListItem","position":2,"name":"Ayd\u0131nlatma Metni"}]},{"@type":"WebSite","@id":"https:\/\/www.gummyworlds.com\/tr\/#website","url":"https:\/\/www.gummyworlds.com\/tr\/","name":"Gummy Worlds","description":"","publisher":{"@id":"https:\/\/www.gummyworlds.com\/tr\/#organization"},"potentialAction":[{"@type":"SearchAction","target":{"@type":"EntryPoint","urlTemplate":"https:\/\/www.gummyworlds.com\/tr\/?s={search_term_string}"},"query-input":{"@type":"PropertyValueSpecification","valueRequired":true,"valueName":"search_term_string"}}],"inLanguage":"tr"},{"@type":"Organization","@id":"https:\/\/www.gummyworlds.com\/tr\/#organization","name":"Gummy Worlds","url":"https:\/\/www.gummyworlds.com\/tr\/","logo":{"@type":"ImageObject","inLanguage":"tr","@id":"https:\/\/www.gummyworlds.com\/tr\/#\/schema\/logo\/image\/","url":"https:\/\/www.gummyworlds.com\/wp-content\/uploads\/2024\/03\/gummy-worlds-sq.png","contentUrl":"https:\/\/www.gummyworlds.com\/wp-content\/uploads\/2024\/03\/gummy-worlds-sq.png","width":500,"height":500,"caption":"Gummy Worlds"},"image":{"@id":"https:\/\/www.gummyworlds.com\/tr\/#\/schema\/logo\/image\/"}}]}},"_links":{"self":[{"href":"https:\/\/www.gummyworlds.com\/tr\/wp-json\/wp\/v2\/pages\/6460","targetHints":{"allow":["GET"]}}],"collection":[{"href":"https:\/\/www.gummyworlds.com\/tr\/wp-json\/wp\/v2\/pages"}],"about":[{"href":"https:\/\/www.gummyworlds.com\/tr\/wp-json\/wp\/v2\/types\/page"}],"author":[{"embeddable":true,"href":"https:\/\/www.gummyworlds.com\/tr\/wp-json\/wp\/v2\/users\/2"}],"replies":[{"embeddable":true,"href":"https:\/\/www.gummyworlds.com\/tr\/wp-json\/wp\/v2\/comments?post=6460"}],"version-history":[{"count":1,"href":"https:\/\/www.gummyworlds.com\/tr\/wp-json\/wp\/v2\/pages\/6460\/revisions"}],"predecessor-version":[{"id":6461,"href":"https:\/\/www.gummyworlds.com\/tr\/wp-json\/wp\/v2\/pages\/6460\/revisions\/6461"}],"wp:attachment":[{"href":"https:\/\/www.gummyworlds.com\/tr\/wp-json\/wp\/v2\/media?parent=6460"}],"curies":[{"name":"wp","href":"https:\/\/api.w.org\/{rel}","templated":true}]}}