{"id":6457,"date":"2025-05-22T13:15:37","date_gmt":"2025-05-22T13:15:37","guid":{"rendered":"https:\/\/www.gummyworlds.com\/?page_id=6457"},"modified":"2025-05-25T23:11:22","modified_gmt":"2025-05-25T23:11:22","slug":"ticari-islemlerde-kisisel-verilerin-islenmesine-dair-aydinlatma-metni","status":"publish","type":"page","link":"https:\/\/www.gummyworlds.com\/tr\/ticari-islemlerde-kisisel-verilerin-islenmesine-dair-aydinlatma-metni\/","title":{"rendered":"Ticari \u0130\u015flemlerde Ki\u015fisel Verilerin \u0130\u015flenmesine Dair Ad\u0131nlatma Metni"},"content":{"rendered":"<p>Gummy Worlds Sa\u011fl\u0131k \u00dcr\u00fcnleri ve G\u0131da Sanayi Ticaret Anonim \u015eirketi olarak, ki\u015fisel verilerinizin g\u00fcvenli\u011fi ve gizlili\u011fine \u00f6nem veriyoruz. Bu do\u011frultuda, ki\u015fisel verilerin korunmas\u0131 i\u00e7in gerekli t\u00fcm \u00f6nlemleri almakta ve en \u00fcst d\u00fczeyde hassasiyet g\u00f6stermekteyiz. Mal ve hizmet sundu\u011fumuz ve ald\u0131\u011f\u0131m\u0131z de\u011ferli ki\u015fileri, ki\u015fisel verilerinin i\u015flenmesi hususunda bilgilendirmek isteriz. Ayr\u0131ca, ki\u015fisel verilerinizin internet ortam\u0131nda i\u015flenmesine ili\u015fkin \u0130nternet Ayd\u0131nlatma Metnimizi incelemenizi tavsiye ederiz.<\/p>\n<h2>1. VER\u0130 SORUMLUSU<\/h2>\n<p>\u015eirketimiz, 6698 say\u0131l\u0131 Ki\u015fisel Verilerin Korunmas\u0131 Kanunu\u2019nun 3. maddesinde tan\u0131ml\u0131 \u201cVeri Sorumlusu\u201d s\u0131fat\u0131yla ki\u015fisel verilerinizi i\u015flemektedir.<\/p>\n<p>Gummy Worlds Sa\u011fl\u0131k \u00dcr\u00fcnleri ve G\u0131da Sanayi Ticaret Anonim \u015eirketi<br \/>\n<strong>Adres:<\/strong> Ak\u00e7aburgaz Mah. 153. Sk. No: 21 \u0130\u00e7 Kap\u0131 No:1 Esenyurt\/\u0130stanbul<br \/>\n<strong>Telefon:<\/strong> 0212 912 66 96<br \/>\n<strong>Email adresi:<\/strong> info@gummyworlds.com<br \/>\n<strong>KEP adresi:<\/strong> gummy@hs01.kep.tr<\/p>\n<h2>2. K\u0130\u015e\u0130SEL VER\u0130LER\u0130N \u0130\u015eLENME AMA\u00c7LARI VE HUKUK\u0130 SEBEPLER\u0130<\/h2>\n<p>Teklif, s\u00f6zle\u015fme, cari hesap i\u015flemleri, \u00f6deme, tahsilat, bildirim, i\u015f ve strateji geli\u015ftirme faaliyetleri kapsam\u0131nda sizlerden toplad\u0131\u011f\u0131m\u0131z kimlik, ileti\u015fim, i\u015flem g\u00fcvenli\u011fi, fiziksel mekan g\u00fcvenli\u011fi, hukuki i\u015flem, m\u00fc\u015fteri i\u015flem ve finans kategorilerindeki ki\u015fisel verileriniz;<\/p>\n<ul>\n<li>Kanunlarda a\u00e7\u0131k\u00e7a \u00f6ng\u00f6r\u00fclmesi (6698 say\u0131l\u0131 Kanun m. 5\/2-a) sebebine dayan\u0131larak;<br \/>\nkimlik, ileti\u015fim, i\u015flem g\u00fcvenli\u011fi ve m\u00fc\u015fteri i\u015flem kategorilerindeki verilerinizi,<\/p>\n<ul>\n<li>Faaliyetlerin Mevzuata Uygun Y\u00fcr\u00fct\u00fclmesi<\/li>\n<li>Finans ve Muhasebe \u0130\u015flerinin Y\u00fcr\u00fct\u00fclmesi<\/li>\n<li>Hukuk \u0130\u015flerinin Takibi ve Y\u00fcr\u00fct\u00fclmesi<\/li>\n<li>\u0130\u015f Faaliyetlerinin Y\u00fcr\u00fct\u00fclmesi \/ Denetimi<\/li>\n<li>Mal \/ Hizmet Sat\u0131n Al\u0131m S\u00fcre\u00e7lerinin Y\u00fcr\u00fct\u00fclmesi<\/li>\n<li>Saklama ve Ar\u015fiv Faaliyetlerinin Y\u00fcr\u00fct\u00fclmesi<\/li>\n<li>Yetkili Ki\u015fi, Kurum ve Kurulu\u015flara Bilgi Verilmesi<\/li>\n<li>Y\u00f6netim Faaliyetlerinin Y\u00fcr\u00fct\u00fclmesi<br \/>\nama\u00e7lar\u0131yla,<\/li>\n<\/ul>\n<\/li>\n<li>Bir s\u00f6zle\u015fmenin kurulmas\u0131 veya ifas\u0131yla do\u011frudan do\u011fruya ilgili olmas\u0131 kayd\u0131yla, s\u00f6zle\u015fmenin taraflar\u0131na ait ki\u015fisel verilerin i\u015flenmesinin gerekli olmas\u0131 (6698 say\u0131l\u0131 Kanun m. 5\/2-c) sebebine dayan\u0131larak; kimlik, ileti\u015fim, m\u00fc\u015fteri i\u015flem, i\u015flem g\u00fcvenli\u011fi ve finans kategorilerindeki verilerinizi,\n<ul>\n<li>Faaliyetlerin mevzuata uygun y\u00fcr\u00fct\u00fclmesi<\/li>\n<li>Finans ve muhasebe i\u015flerinin y\u00fcr\u00fct\u00fclmesi<\/li>\n<li>Hukuk \u0130\u015flerinin Takibi ve Y\u00fcr\u00fct\u00fclmesi<\/li>\n<li>\u0130leti\u015fim faaliyetlerinin y\u00fcr\u00fct\u00fclmesi<\/li>\n<li>\u0130\u015f faaliyetlerinin y\u00fcr\u00fct\u00fclmesi\/denetimi<\/li>\n<li>Lojistik Faaliyetlerinin Y\u00fcr\u00fct\u00fclmesi<\/li>\n<li>Mal \/ Hizmet Sat\u0131n Al\u0131m S\u00fcre\u00e7lerinin Y\u00fcr\u00fct\u00fclmesi<\/li>\n<li>Tedarik Zinciri Y\u00f6netimi S\u00fcre\u00e7lerinin Y\u00fcr\u00fct\u00fclmesi<\/li>\n<li>S\u00f6zle\u015fme S\u00fcre\u00e7lerinin Y\u00fcr\u00fct\u00fclmesi<\/li>\n<li>Saklama ve ar\u015fiv faaliyetlerinin y\u00fcr\u00fct\u00fclmesi<\/li>\n<li>Yetkili ki\u015fi, kurum ve kurulu\u015flara bilgi verilmesi<br \/>\nama\u00e7lar\u0131yla,<\/li>\n<\/ul>\n<\/li>\n<li>Veri sorumlusunun hukuki y\u00fck\u00fcml\u00fcl\u00fc\u011f\u00fcn\u00fc yerine getirebilmesi i\u00e7in zorunlu olmas\u0131 (6698 say\u0131l\u0131 Kanun m. 5\/2-\u00e7) sebebine dayan\u0131larak; kimlik, ileti\u015fim, m\u00fc\u015fteri i\u015flem, fiziksel mekan g\u00fcvenli\u011fi ve finans kategorilerindeki verilerinizi,\n<ul>\n<li>Faaliyetlerin Mevzuata Uygun Y\u00fcr\u00fct\u00fclmesi<\/li>\n<li>Finans ve Muhasebe \u0130\u015flerinin Y\u00fcr\u00fct\u00fclmesi<\/li>\n<li>Fiziksel Mekan G\u00fcvenli\u011finin Temini<\/li>\n<li>Hukuk \u0130\u015flerinin Takibi ve Y\u00fcr\u00fct\u00fclmesi<\/li>\n<li>\u0130\u015f Faaliyetlerinin Y\u00fcr\u00fct\u00fclmesi \/ Denetimi<\/li>\n<li>Mal \/ Hizmet Sat\u0131n Al\u0131m S\u00fcre\u00e7lerinin Y\u00fcr\u00fct\u00fclmesi<\/li>\n<li>Risk Y\u00f6netimi S\u00fcre\u00e7lerinin Y\u00fcr\u00fct\u00fclmesi<\/li>\n<li>Saklama ve Ar\u015fiv Faaliyetlerinin Y\u00fcr\u00fct\u00fclmesi<\/li>\n<li>Yetkili Ki\u015fi, Kurum ve Kurulu\u015flara Bilgi Verilmesi<\/li>\n<li>Y\u00f6netim Faaliyetlerinin Y\u00fcr\u00fct\u00fclmesi<br \/>\nama\u00e7lar\u0131yla,<\/li>\n<\/ul>\n<\/li>\n<li>Bir hakk\u0131n tesisi, kullan\u0131lmas\u0131 veya korunmas\u0131 (6698 say\u0131l\u0131 Kanun 5\/2-e) sebebine dayan\u0131larak; kimlik, ileti\u015fim, m\u00fc\u015fteri i\u015flem ve finans kategorilerindeki verilerinizi,\n<ul>\n<li>Finans ve muhasebe i\u015flerinin y\u00fcr\u00fct\u00fclmesi<\/li>\n<li>\u0130\u015f faaliyetlerinin y\u00fcr\u00fct\u00fclmesi\/denetimi<\/li>\n<li>Hukuk \u0130\u015flerinin Takibi ve Y\u00fcr\u00fct\u00fclmesi<\/li>\n<li>S\u00f6zle\u015fme S\u00fcre\u00e7lerinin Y\u00fcr\u00fct\u00fclmesi<\/li>\n<li>Saklama ve Ar\u015fiv faaliyetlerinin y\u00fcr\u00fct\u00fclmesi<\/li>\n<li>Yetkili ki\u015fi, kurum ve kurulu\u015flara bilgi verilmesi<br \/>\nama\u00e7lar\u0131yla,<\/li>\n<\/ul>\n<\/li>\n<li>\u0130lgili ki\u015finin temel hak ve \u00f6zg\u00fcrl\u00fcklerine zarar vermemek kayd\u0131yla, veri sorumlusunun me\u015fru menfaatleri i\u00e7in veri i\u015flenmesinin zorunlu olmas\u0131 (6698 say\u0131l\u0131 Kanun m. 5\/2-f) sebebine dayan\u0131larak; kimlik, ileti\u015fim, m\u00fc\u015fteri i\u015flem, fiziksel mekan g\u00fcvenli\u011fi ve i\u015flem g\u00fcvenli\u011fi kategorilerindeki verilerinizi,\n<ul>\n<li>Finans ve muhasebe i\u015flerinin y\u00fcr\u00fct\u00fclmesi<\/li>\n<li>Fiziksel Mekan G\u00fcvenli\u011finin Temini<\/li>\n<li>\u0130leti\u015fim faaliyetlerinin y\u00fcr\u00fct\u00fclmesi<\/li>\n<li>Mal \/ Hizmet Sat\u0131n Al\u0131m S\u00fcre\u00e7lerinin Y\u00fcr\u00fct\u00fclmesi<\/li>\n<li>Risk Y\u00f6netimi S\u00fcre\u00e7lerinin Y\u00fcr\u00fct\u00fclmesi<\/li>\n<li>Saklama ve ar\u015fiv faaliyetlerinin y\u00fcr\u00fct\u00fclmesi<br \/>\nama\u00e7lar\u0131yla,<\/li>\n<\/ul>\n<\/li>\n<\/ul>\n<p>taraf\u0131m\u0131zdan i\u015flenir.<\/p>\n<h2>3. K\u0130\u015e\u0130SEL VER\u0130LER\u0130 TOPLAMANIN Y\u00d6NTEM\u0130<\/h2>\n<p>Ki\u015fisel verileriniz; otomatik, k\u0131smen otomatik ya da herhangi bir veri kay\u0131t sisteminin par\u00e7as\u0131 olmak kayd\u0131yla otomatik olmayan y\u00f6ntemlerle elektronik ortamda web sitemiz, fiziki ortamda formlar ve \u00e7e\u015fitli g\u00f6r\u00fc\u015fme ara\u00e7lar\u0131\/uygulamalar\u0131, kapal\u0131 devre g\u00f6r\u00fcnt\u00fcleme sistemleri vas\u0131tas\u0131yla yasal yollardan elde edilmektedir. Bizzat sizlerden ve yetkili kurumlardan toplad\u0131\u011f\u0131m\u0131z ki\u015fisel verileriniz, 6698 say\u0131l\u0131 Ki\u015fisel Verilerin Korunmas\u0131 Kanunu\u2019nda yer alan ve yukar\u0131da s\u0131ral\u0131 hukuki sebeplere dayal\u0131 olarak i\u015flenir.<\/p>\n<h2>4. \u0130\u015eLENEN K\u0130\u015e\u0130SEL VER\u0130LER\u0130N K\u0130MLERE VE HANG\u0130 AMA\u00c7LA AKTARILIYOR<\/h2>\n<p>Ticari faaliyetlerimiz ile mal ve hizmet sat\u0131n al\u0131m\u0131 kapsam\u0131nda i\u015fledi\u011fimiz ki\u015fisel verilerinizi a\u015fa\u011f\u0131da belirtilen ama\u00e7larla Ger\u00e7ek Ki\u015filer ve \u00d6zel Hukuk T\u00fczel Ki\u015filerine, Topluluk \u015eirketlerimize ve Yetkili Kamu Kurum ve Kurulu\u015flar\u0131na aktar\u0131yoruz.<\/p>\n<ul>\n<li>Kimlik, ileti\u015fim, hukuki i\u015flem, m\u00fc\u015fteri i\u015flem, i\u015flem g\u00fcvenli\u011fi ve finans kategorilerindeki ki\u015fisel verilerinizi, Ger\u00e7ek Ki\u015filer ve \u00d6zel Hukuk T\u00fczel Ki\u015filerine, Topluluk \u015eirketlerine;\n<ul>\n<li>Faaliyetlerin Mevzuata Uygun Y\u00fcr\u00fct\u00fclmesi<\/li>\n<li>Finans ve Muhasebe \u0130\u015flerinin Y\u00fcr\u00fct\u00fclmesi<\/li>\n<li>Hukuk \u0130\u015flerinin Takibi ve Y\u00fcr\u00fct\u00fclmesi<\/li>\n<li>\u0130leti\u015fim Faaliyetlerinin Y\u00fcr\u00fct\u00fclmesi<\/li>\n<li>\u0130\u015f Faaliyetlerinin Y\u00fcr\u00fct\u00fclmesi \/ Denetimi<\/li>\n<li>Lojistik Faaliyetlerinin Y\u00fcr\u00fct\u00fclmesi<\/li>\n<li>Mal \/ Hizmet Sat\u0131n Al\u0131m S\u00fcre\u00e7lerinin Y\u00fcr\u00fct\u00fclmesi<\/li>\n<li>S\u00f6zle\u015fme S\u00fcre\u00e7lerinin Y\u00fcr\u00fct\u00fclmesi<\/li>\n<li>Tedarik Zinciri Y\u00f6netimi S\u00fcre\u00e7lerinin Y\u00fcr\u00fct\u00fclmesi<\/li>\n<li>Yetkili Ki\u015fi, Kurum ve Kurulu\u015flara Bilgi Verilmesi<br \/>\nama\u00e7lar\u0131yla,<\/li>\n<\/ul>\n<\/li>\n<li>Kimlik, ileti\u015fim, i\u015flem g\u00fcvenli\u011fi, m\u00fc\u015fteri i\u015flem ve finans kategorilerindeki ki\u015fisel verilerinizi, Yetkili Kamu Kurum ve Kurulu\u015flar\u0131na;\n<ul>\n<li>Faaliyetlerin Mevzuata Uygun Y\u00fcr\u00fct\u00fclmesi<\/li>\n<li>Finans ve Muhasebe \u0130\u015flerinin Y\u00fcr\u00fct\u00fclmesi<\/li>\n<li>Hukuk \u0130\u015flerinin Takibi ve Y\u00fcr\u00fct\u00fclmesi<\/li>\n<li>\u0130leti\u015fim Faaliyetlerinin Y\u00fcr\u00fct\u00fclmesi<\/li>\n<li>\u0130\u015f Faaliyetlerinin Y\u00fcr\u00fct\u00fclmesi \/ Denetimi<\/li>\n<li>Saklama ve Ar\u015fiv Faaliyetlerinin Y\u00fcr\u00fct\u00fclmesi<\/li>\n<li>Yetkili Ki\u015fi, Kurum ve Kurulu\u015flara Bilgi Verilmesi<br \/>\nama\u00e7lar\u0131yla,<\/li>\n<\/ul>\n<\/li>\n<\/ul>\n<p>ve yukar\u0131da belirtilen ki\u015fisel veri i\u015fleme \u015fartlar\u0131 \u00e7er\u00e7evesinde aktarmaktay\u0131z.<\/p>\n<h2>5. \u0130LG\u0130L\u0130 K\u0130\u015e\u0130N\u0130N HAKLARI<\/h2>\n<p>6698 say\u0131l\u0131 Kanunun \u201cilgili ki\u015finin haklar\u0131\u201dn\u0131 d\u00fczenleyen 11. maddesi kapsam\u0131ndaki haklar\u0131n\u0131za ve kanunun uygulamas\u0131na ili\u015fkin taleplerinizi yaz\u0131l\u0131 olarak veya kay\u0131tl\u0131 elektronik posta (KEP) adresi ya da websitemize daha \u00f6nce bildirdi\u011finiz ve sistemimizde kay\u0131tl\u0131 bulunan elektronik posta adresini kullanmak suretiyle ya da Veri Sorumlusuna Ba\u015fvuru Usul ve Esaslar\u0131 Hakk\u0131nda Tebli\u011f\u2019de \u00f6ng\u00f6r\u00fclen di\u011fer ba\u015fvuru usullerine uygun olarak <a href=\"mailto:kvkk@gummyworlds.com\">kvkk@gummyworlds.com<\/a> ya da <a href=\"mailto:info@gummyworlds.com\">info@gummyworlds.com<\/a> adresimize iletebilirsiniz. Talebinizi niteli\u011fine g\u00f6re en k\u0131sa s\u00fcrede ve en ge\u00e7 30 (otuz) g\u00fcn i\u00e7inde -on sayfaya kadar- \u00fccretsiz olarak sonu\u00e7land\u0131raca\u011f\u0131z.<\/p>\n","protected":false},"excerpt":{"rendered":"<p>Gummy Worlds Sa\u011fl\u0131k \u00dcr\u00fcnleri ve G\u0131da Sanayi Ticaret Anonim \u015eirketi olarak, ki\u015fisel verilerinizin g\u00fcvenli\u011fi ve gizlili\u011fine \u00f6nem veriyoruz. Bu do\u011frultuda, ki\u015fisel verilerin korunmas\u0131 i\u00e7in gerekli t\u00fcm \u00f6nlemleri almakta ve en \u00fcst d\u00fczeyde hassasiyet g\u00f6stermekteyiz. Mal ve hizmet sundu\u011fumuz ve ald\u0131\u011f\u0131m\u0131z de\u011ferli ki\u015fileri, ki\u015fisel verilerinin i\u015flenmesi hususunda bilgilendirmek isteriz. Ayr\u0131ca, ki\u015fisel verilerinizin internet ortam\u0131nda i\u015flenmesine ili\u015fkin [&hellip;]<\/p>\n","protected":false},"author":2,"featured_media":0,"parent":0,"menu_order":0,"comment_status":"closed","ping_status":"closed","template":"","meta":{"_acf_changed":false,"inline_featured_image":false,"footnotes":""},"class_list":["post-6457","page","type-page","status-publish","hentry"],"acf":[],"yoast_head":"<!-- This site is optimized with the Yoast SEO plugin v27.4 - https:\/\/yoast.com\/product\/yoast-seo-wordpress\/ -->\n<title>Ticari \u0130\u015flemlerde Ki\u015fisel Verilerin \u0130\u015flenmesine Dair Ad\u0131nlatma Metni - Gummy Worlds<\/title>\n<meta name=\"robots\" content=\"index, follow, max-snippet:-1, max-image-preview:large, max-video-preview:-1\" \/>\n<link rel=\"canonical\" href=\"https:\/\/www.gummyworlds.com\/tr\/ticari-islemlerde-kisisel-verilerin-islenmesine-dair-aydinlatma-metni\/\" \/>\n<meta property=\"og:locale\" content=\"tr_TR\" \/>\n<meta property=\"og:type\" content=\"article\" \/>\n<meta property=\"og:title\" content=\"Ticari \u0130\u015flemlerde Ki\u015fisel Verilerin \u0130\u015flenmesine Dair Ad\u0131nlatma Metni - Gummy Worlds\" \/>\n<meta property=\"og:description\" content=\"Gummy Worlds Sa\u011fl\u0131k \u00dcr\u00fcnleri ve G\u0131da Sanayi Ticaret Anonim \u015eirketi olarak, ki\u015fisel verilerinizin g\u00fcvenli\u011fi ve gizlili\u011fine \u00f6nem veriyoruz. Bu do\u011frultuda, ki\u015fisel verilerin korunmas\u0131 i\u00e7in gerekli t\u00fcm \u00f6nlemleri almakta ve en \u00fcst d\u00fczeyde hassasiyet g\u00f6stermekteyiz. Mal ve hizmet sundu\u011fumuz ve ald\u0131\u011f\u0131m\u0131z de\u011ferli ki\u015fileri, ki\u015fisel verilerinin i\u015flenmesi hususunda bilgilendirmek isteriz. Ayr\u0131ca, ki\u015fisel verilerinizin internet ortam\u0131nda i\u015flenmesine ili\u015fkin [&hellip;]\" \/>\n<meta property=\"og:url\" content=\"https:\/\/www.gummyworlds.com\/tr\/ticari-islemlerde-kisisel-verilerin-islenmesine-dair-aydinlatma-metni\/\" \/>\n<meta property=\"og:site_name\" content=\"Gummy Worlds\" \/>\n<meta property=\"article:modified_time\" content=\"2025-05-25T23:11:22+00:00\" \/>\n<meta name=\"twitter:card\" content=\"summary_large_image\" \/>\n<meta name=\"twitter:label1\" content=\"Tahmini okuma s\u00fcresi\" \/>\n\t<meta name=\"twitter:data1\" content=\"5 dakika\" \/>\n<script type=\"application\/ld+json\" class=\"yoast-schema-graph\">{\"@context\":\"https:\\\/\\\/schema.org\",\"@graph\":[{\"@type\":\"WebPage\",\"@id\":\"https:\\\/\\\/www.gummyworlds.com\\\/tr\\\/ticari-islemlerde-kisisel-verilerin-islenmesine-dair-aydinlatma-metni\\\/\",\"url\":\"https:\\\/\\\/www.gummyworlds.com\\\/tr\\\/ticari-islemlerde-kisisel-verilerin-islenmesine-dair-aydinlatma-metni\\\/\",\"name\":\"Ticari \u0130\u015flemlerde Ki\u015fisel Verilerin \u0130\u015flenmesine Dair Ad\u0131nlatma Metni - Gummy Worlds\",\"isPartOf\":{\"@id\":\"https:\\\/\\\/www.gummyworlds.com\\\/tr\\\/#website\"},\"datePublished\":\"2025-05-22T13:15:37+00:00\",\"dateModified\":\"2025-05-25T23:11:22+00:00\",\"breadcrumb\":{\"@id\":\"https:\\\/\\\/www.gummyworlds.com\\\/tr\\\/ticari-islemlerde-kisisel-verilerin-islenmesine-dair-aydinlatma-metni\\\/#breadcrumb\"},\"inLanguage\":\"tr\",\"potentialAction\":[{\"@type\":\"ReadAction\",\"target\":[\"https:\\\/\\\/www.gummyworlds.com\\\/tr\\\/ticari-islemlerde-kisisel-verilerin-islenmesine-dair-aydinlatma-metni\\\/\"]}]},{\"@type\":\"BreadcrumbList\",\"@id\":\"https:\\\/\\\/www.gummyworlds.com\\\/tr\\\/ticari-islemlerde-kisisel-verilerin-islenmesine-dair-aydinlatma-metni\\\/#breadcrumb\",\"itemListElement\":[{\"@type\":\"ListItem\",\"position\":1,\"name\":\"Home\",\"item\":\"https:\\\/\\\/www.gummyworlds.com\\\/tr\\\/\"},{\"@type\":\"ListItem\",\"position\":2,\"name\":\"Ticari \u0130\u015flemlerde Ki\u015fisel Verilerin \u0130\u015flenmesine Dair Ad\u0131nlatma Metni\"}]},{\"@type\":\"WebSite\",\"@id\":\"https:\\\/\\\/www.gummyworlds.com\\\/tr\\\/#website\",\"url\":\"https:\\\/\\\/www.gummyworlds.com\\\/tr\\\/\",\"name\":\"Gummy Worlds\",\"description\":\"\",\"publisher\":{\"@id\":\"https:\\\/\\\/www.gummyworlds.com\\\/tr\\\/#organization\"},\"potentialAction\":[{\"@type\":\"SearchAction\",\"target\":{\"@type\":\"EntryPoint\",\"urlTemplate\":\"https:\\\/\\\/www.gummyworlds.com\\\/tr\\\/?s={search_term_string}\"},\"query-input\":{\"@type\":\"PropertyValueSpecification\",\"valueRequired\":true,\"valueName\":\"search_term_string\"}}],\"inLanguage\":\"tr\"},{\"@type\":\"Organization\",\"@id\":\"https:\\\/\\\/www.gummyworlds.com\\\/tr\\\/#organization\",\"name\":\"Gummy Worlds\",\"url\":\"https:\\\/\\\/www.gummyworlds.com\\\/tr\\\/\",\"logo\":{\"@type\":\"ImageObject\",\"inLanguage\":\"tr\",\"@id\":\"https:\\\/\\\/www.gummyworlds.com\\\/tr\\\/#\\\/schema\\\/logo\\\/image\\\/\",\"url\":\"https:\\\/\\\/www.gummyworlds.com\\\/wp-content\\\/uploads\\\/2024\\\/03\\\/gummy-worlds-sq.png\",\"contentUrl\":\"https:\\\/\\\/www.gummyworlds.com\\\/wp-content\\\/uploads\\\/2024\\\/03\\\/gummy-worlds-sq.png\",\"width\":500,\"height\":500,\"caption\":\"Gummy Worlds\"},\"image\":{\"@id\":\"https:\\\/\\\/www.gummyworlds.com\\\/tr\\\/#\\\/schema\\\/logo\\\/image\\\/\"}}]}<\/script>\n<!-- \/ Yoast SEO plugin. -->","yoast_head_json":{"title":"Ticari \u0130\u015flemlerde Ki\u015fisel Verilerin \u0130\u015flenmesine Dair Ad\u0131nlatma Metni - Gummy Worlds","robots":{"index":"index","follow":"follow","max-snippet":"max-snippet:-1","max-image-preview":"max-image-preview:large","max-video-preview":"max-video-preview:-1"},"canonical":"https:\/\/www.gummyworlds.com\/tr\/ticari-islemlerde-kisisel-verilerin-islenmesine-dair-aydinlatma-metni\/","og_locale":"tr_TR","og_type":"article","og_title":"Ticari \u0130\u015flemlerde Ki\u015fisel Verilerin \u0130\u015flenmesine Dair Ad\u0131nlatma Metni - Gummy Worlds","og_description":"Gummy Worlds Sa\u011fl\u0131k \u00dcr\u00fcnleri ve G\u0131da Sanayi Ticaret Anonim \u015eirketi olarak, ki\u015fisel verilerinizin g\u00fcvenli\u011fi ve gizlili\u011fine \u00f6nem veriyoruz. Bu do\u011frultuda, ki\u015fisel verilerin korunmas\u0131 i\u00e7in gerekli t\u00fcm \u00f6nlemleri almakta ve en \u00fcst d\u00fczeyde hassasiyet g\u00f6stermekteyiz. Mal ve hizmet sundu\u011fumuz ve ald\u0131\u011f\u0131m\u0131z de\u011ferli ki\u015fileri, ki\u015fisel verilerinin i\u015flenmesi hususunda bilgilendirmek isteriz. Ayr\u0131ca, ki\u015fisel verilerinizin internet ortam\u0131nda i\u015flenmesine ili\u015fkin [&hellip;]","og_url":"https:\/\/www.gummyworlds.com\/tr\/ticari-islemlerde-kisisel-verilerin-islenmesine-dair-aydinlatma-metni\/","og_site_name":"Gummy Worlds","article_modified_time":"2025-05-25T23:11:22+00:00","twitter_card":"summary_large_image","twitter_misc":{"Tahmini okuma s\u00fcresi":"5 dakika"},"schema":{"@context":"https:\/\/schema.org","@graph":[{"@type":"WebPage","@id":"https:\/\/www.gummyworlds.com\/tr\/ticari-islemlerde-kisisel-verilerin-islenmesine-dair-aydinlatma-metni\/","url":"https:\/\/www.gummyworlds.com\/tr\/ticari-islemlerde-kisisel-verilerin-islenmesine-dair-aydinlatma-metni\/","name":"Ticari \u0130\u015flemlerde Ki\u015fisel Verilerin \u0130\u015flenmesine Dair Ad\u0131nlatma Metni - Gummy Worlds","isPartOf":{"@id":"https:\/\/www.gummyworlds.com\/tr\/#website"},"datePublished":"2025-05-22T13:15:37+00:00","dateModified":"2025-05-25T23:11:22+00:00","breadcrumb":{"@id":"https:\/\/www.gummyworlds.com\/tr\/ticari-islemlerde-kisisel-verilerin-islenmesine-dair-aydinlatma-metni\/#breadcrumb"},"inLanguage":"tr","potentialAction":[{"@type":"ReadAction","target":["https:\/\/www.gummyworlds.com\/tr\/ticari-islemlerde-kisisel-verilerin-islenmesine-dair-aydinlatma-metni\/"]}]},{"@type":"BreadcrumbList","@id":"https:\/\/www.gummyworlds.com\/tr\/ticari-islemlerde-kisisel-verilerin-islenmesine-dair-aydinlatma-metni\/#breadcrumb","itemListElement":[{"@type":"ListItem","position":1,"name":"Home","item":"https:\/\/www.gummyworlds.com\/tr\/"},{"@type":"ListItem","position":2,"name":"Ticari \u0130\u015flemlerde Ki\u015fisel Verilerin \u0130\u015flenmesine Dair Ad\u0131nlatma Metni"}]},{"@type":"WebSite","@id":"https:\/\/www.gummyworlds.com\/tr\/#website","url":"https:\/\/www.gummyworlds.com\/tr\/","name":"Gummy Worlds","description":"","publisher":{"@id":"https:\/\/www.gummyworlds.com\/tr\/#organization"},"potentialAction":[{"@type":"SearchAction","target":{"@type":"EntryPoint","urlTemplate":"https:\/\/www.gummyworlds.com\/tr\/?s={search_term_string}"},"query-input":{"@type":"PropertyValueSpecification","valueRequired":true,"valueName":"search_term_string"}}],"inLanguage":"tr"},{"@type":"Organization","@id":"https:\/\/www.gummyworlds.com\/tr\/#organization","name":"Gummy Worlds","url":"https:\/\/www.gummyworlds.com\/tr\/","logo":{"@type":"ImageObject","inLanguage":"tr","@id":"https:\/\/www.gummyworlds.com\/tr\/#\/schema\/logo\/image\/","url":"https:\/\/www.gummyworlds.com\/wp-content\/uploads\/2024\/03\/gummy-worlds-sq.png","contentUrl":"https:\/\/www.gummyworlds.com\/wp-content\/uploads\/2024\/03\/gummy-worlds-sq.png","width":500,"height":500,"caption":"Gummy Worlds"},"image":{"@id":"https:\/\/www.gummyworlds.com\/tr\/#\/schema\/logo\/image\/"}}]}},"_links":{"self":[{"href":"https:\/\/www.gummyworlds.com\/tr\/wp-json\/wp\/v2\/pages\/6457","targetHints":{"allow":["GET"]}}],"collection":[{"href":"https:\/\/www.gummyworlds.com\/tr\/wp-json\/wp\/v2\/pages"}],"about":[{"href":"https:\/\/www.gummyworlds.com\/tr\/wp-json\/wp\/v2\/types\/page"}],"author":[{"embeddable":true,"href":"https:\/\/www.gummyworlds.com\/tr\/wp-json\/wp\/v2\/users\/2"}],"replies":[{"embeddable":true,"href":"https:\/\/www.gummyworlds.com\/tr\/wp-json\/wp\/v2\/comments?post=6457"}],"version-history":[{"count":4,"href":"https:\/\/www.gummyworlds.com\/tr\/wp-json\/wp\/v2\/pages\/6457\/revisions"}],"predecessor-version":[{"id":6474,"href":"https:\/\/www.gummyworlds.com\/tr\/wp-json\/wp\/v2\/pages\/6457\/revisions\/6474"}],"wp:attachment":[{"href":"https:\/\/www.gummyworlds.com\/tr\/wp-json\/wp\/v2\/media?parent=6457"}],"curies":[{"name":"wp","href":"https:\/\/api.w.org\/{rel}","templated":true}]}}