{"id":4515,"date":"2024-02-02T10:37:22","date_gmt":"2024-02-02T10:37:22","guid":{"rendered":"https:\/\/www.gummyworlds.com\/?page_id=4515"},"modified":"2024-09-30T08:25:25","modified_gmt":"2024-09-30T08:25:25","slug":"urun-portfoyu","status":"publish","type":"page","link":"https:\/\/www.gummyworlds.com\/tr\/urun-portfoyu\/","title":{"rendered":"\u00dcr\u00fcn Portf\u00f6y\u00fc"},"content":{"rendered":"\t\t<div data-elementor-type=\"wp-page\" data-elementor-id=\"4515\" class=\"elementor elementor-4515 elementor-1613\" data-elementor-post-type=\"page\">\n\t\t\t\t<div class=\"elementor-element elementor-element-6fc15c3 e-flex e-con-boxed e-con e-parent\" data-id=\"6fc15c3\" data-element_type=\"container\" data-e-type=\"container\">\n\t\t\t\t\t<div class=\"e-con-inner\">\n\t\t\t\t<div class=\"elementor-element elementor-element-995c177 elementor-invisible elementor-widget elementor-widget-heading\" data-id=\"995c177\" data-element_type=\"widget\" data-e-type=\"widget\" data-settings=\"{&quot;_animation&quot;:&quot;slideInUp&quot;}\" data-widget_type=\"heading.default\">\n\t\t\t\t<div class=\"elementor-widget-container\">\n\t\t\t\t\t<h2 class=\"elementor-heading-title elementor-size-default\">Gummy Worlds'teki \u00e7ok \u00e7e\u015fitli gummy takviyelerini ke\u015ffedin!\n<\/h2>\t\t\t\t<\/div>\n\t\t\t\t<\/div>\n\t\t\t\t<div class=\"elementor-element elementor-element-7ddb7e7 elementor-widget elementor-widget-text-editor\" data-id=\"7ddb7e7\" data-element_type=\"widget\" data-e-type=\"widget\" data-widget_type=\"text-editor.default\">\n\t\t\t\t<div class=\"elementor-widget-container\">\n\t\t\t\t\t\t\t\t\t<p>Gummy Worlds&#8217;te, sa\u011fl\u0131\u011f\u0131n\u0131za \u00f6ncelik vermeyi hem keyifli hem de kullan\u0131\u015fl\u0131 hale getiren \u00fcst\u00fcn kaliteli gummy takviyeleri sunmay\u0131 ama\u00e7lamaktay\u0131z. Geni\u015fleyen \u00fcr\u00fcn portf\u00f6y\u00fcm\u00fcz\u00fc ke\u015ffederek daha sa\u011fl\u0131kl\u0131 ve mutlu bir ya\u015fama do\u011fru ilk ad\u0131m\u0131 bug\u00fcn atabilirsiniz!<\/p>\t\t\t\t\t\t\t\t<\/div>\n\t\t\t\t<\/div>\n\t\t\t\t\t<\/div>\n\t\t\t\t<\/div>\n\t\t<div class=\"elementor-element elementor-element-5c09659 e-flex e-con-boxed e-con e-parent\" data-id=\"5c09659\" data-element_type=\"container\" data-e-type=\"container\">\n\t\t\t\t\t<div class=\"e-con-inner\">\n\t\t<a class=\"elementor-element elementor-element-42404d1 e-con-full e-flex e-con e-child\" data-id=\"42404d1\" data-element_type=\"container\" data-e-type=\"container\" href=\"https:\/\/www.gummyworlds.com\/tr\/urun-portfoyu\/kisisel-saglik\/\">\n\t\t\t\t<div class=\"elementor-element elementor-element-2daa87f elementor-widget elementor-widget-image\" data-id=\"2daa87f\" data-element_type=\"widget\" data-e-type=\"widget\" data-widget_type=\"image.default\">\n\t\t\t\t<div class=\"elementor-widget-container\">\n\t\t\t\t\t\t\t\t\t\t\t\t\t\t\t<img decoding=\"async\" width=\"150\" height=\"150\" src=\"https:\/\/www.gummyworlds.com\/wp-content\/uploads\/2024\/02\/health-1-150x150.png\" class=\"attachment-thumbnail size-thumbnail wp-image-1648\" alt=\"\" srcset=\"https:\/\/www.gummyworlds.com\/wp-content\/uploads\/2024\/02\/health-1-150x150.png 150w, https:\/\/www.gummyworlds.com\/wp-content\/uploads\/2024\/02\/health-1-300x300.png 300w, https:\/\/www.gummyworlds.com\/wp-content\/uploads\/2024\/02\/health-1.png 512w\" sizes=\"(max-width: 150px) 100vw, 150px\" \/>\t\t\t\t\t\t\t\t\t\t\t\t\t\t\t<\/div>\n\t\t\t\t<\/div>\n\t\t\t\t<div class=\"elementor-element elementor-element-7f0b5af elementor-widget elementor-widget-heading\" data-id=\"7f0b5af\" data-element_type=\"widget\" data-e-type=\"widget\" data-widget_type=\"heading.default\">\n\t\t\t\t<div class=\"elementor-widget-container\">\n\t\t\t\t\t<h2 class=\"elementor-heading-title elementor-size-default\">Ki\u015fisel Sa\u011fl\u0131k<\/h2>\t\t\t\t<\/div>\n\t\t\t\t<\/div>\n\t\t\t\t<div class=\"elementor-element elementor-element-f6bc6e9 elementor-widget elementor-widget-text-editor\" data-id=\"f6bc6e9\" data-element_type=\"widget\" data-e-type=\"widget\" data-widget_type=\"text-editor.default\">\n\t\t\t\t<div class=\"elementor-widget-container\">\n\t\t\t\t\t\t\t\t\t<p>Ba\u011f\u0131\u015f\u0131kl\u0131k deste\u011fi ve enerji art\u0131rmadan g\u00fczellik deste\u011fi ve sindirim sa\u011fl\u0131\u011f\u0131na kadar belirli \u00f6zel sa\u011fl\u0131k ilgi alanlar\u0131na g\u00f6re uyarlanm\u0131\u015f gummy takviyeleri yelpazemizi ke\u015ffedin.<\/p>\t\t\t\t\t\t\t\t<\/div>\n\t\t\t\t<\/div>\n\t\t\t\t<\/a>\n\t\t<a class=\"elementor-element elementor-element-c1571bb e-con-full e-flex e-con e-child\" data-id=\"c1571bb\" data-element_type=\"container\" data-e-type=\"container\" href=\"https:\/\/www.gummyworlds.com\/tr\/urun-portfoyu\/besinsel-urun\/\">\n\t\t\t\t<div class=\"elementor-element elementor-element-5cf2f9e elementor-widget elementor-widget-image\" data-id=\"5cf2f9e\" data-element_type=\"widget\" data-e-type=\"widget\" data-widget_type=\"image.default\">\n\t\t\t\t<div class=\"elementor-widget-container\">\n\t\t\t\t\t\t\t\t\t\t\t\t\t\t\t<img decoding=\"async\" width=\"150\" height=\"150\" src=\"https:\/\/www.gummyworlds.com\/wp-content\/uploads\/2024\/02\/diet-1-150x150.png\" class=\"attachment-thumbnail size-thumbnail wp-image-1651\" alt=\"\" srcset=\"https:\/\/www.gummyworlds.com\/wp-content\/uploads\/2024\/02\/diet-1-150x150.png 150w, https:\/\/www.gummyworlds.com\/wp-content\/uploads\/2024\/02\/diet-1-300x300.png 300w, https:\/\/www.gummyworlds.com\/wp-content\/uploads\/2024\/02\/diet-1.png 512w\" sizes=\"(max-width: 150px) 100vw, 150px\" \/>\t\t\t\t\t\t\t\t\t\t\t\t\t\t\t<\/div>\n\t\t\t\t<\/div>\n\t\t\t\t<div class=\"elementor-element elementor-element-33868e1 elementor-widget elementor-widget-heading\" data-id=\"33868e1\" data-element_type=\"widget\" data-e-type=\"widget\" data-widget_type=\"heading.default\">\n\t\t\t\t<div class=\"elementor-widget-container\">\n\t\t\t\t\t<h2 class=\"elementor-heading-title elementor-size-default\">Besinsel \u00dcr\u00fcn<\/h2>\t\t\t\t<\/div>\n\t\t\t\t<\/div>\n\t\t\t\t<div class=\"elementor-element elementor-element-412e3bc elementor-widget elementor-widget-text-editor\" data-id=\"412e3bc\" data-element_type=\"widget\" data-e-type=\"widget\" data-widget_type=\"text-editor.default\">\n\t\t\t\t<div class=\"elementor-widget-container\">\n\t\t\t\t\t\t\t\t\t<p>Beslenme ihtiya\u00e7lar\u0131n\u0131z\u0131 desteklemek i\u00e7in tasarlanm\u0131\u015f, v\u00fccudunuzu i\u00e7eriden beslemek i\u00e7in \u00f6zenle se\u00e7ilmi\u015f \u00e7e\u015fitli temel vitaminler, mineraller ve besin a\u00e7\u0131s\u0131ndan zengin s\u00fcper g\u0131dalar i\u00e7eren gummy takviyeleri serimizi ke\u015ffedin.<\/p>\t\t\t\t\t\t\t\t<\/div>\n\t\t\t\t<\/div>\n\t\t\t\t<\/a>\n\t\t\t\t\t<\/div>\n\t\t\t\t<\/div>\n\t\t\t\t<\/div>\n\t\t","protected":false},"excerpt":{"rendered":"<p>Gummy Worlds&#8217;teki \u00e7ok \u00e7e\u015fitli gummy takviyelerini ke\u015ffedin! Gummy Worlds&#8217;te, sa\u011fl\u0131\u011f\u0131n\u0131za \u00f6ncelik vermeyi hem keyifli hem de kullan\u0131\u015fl\u0131 hale getiren \u00fcst\u00fcn kaliteli gummy takviyeleri sunmay\u0131 ama\u00e7lamaktay\u0131z. Geni\u015fleyen \u00fcr\u00fcn portf\u00f6y\u00fcm\u00fcz\u00fc ke\u015ffederek daha sa\u011fl\u0131kl\u0131 ve mutlu bir ya\u015fama do\u011fru ilk ad\u0131m\u0131 bug\u00fcn atabilirsiniz! Ki\u015fisel Sa\u011fl\u0131k Ba\u011f\u0131\u015f\u0131kl\u0131k deste\u011fi ve enerji art\u0131rmadan g\u00fczellik deste\u011fi ve sindirim sa\u011fl\u0131\u011f\u0131na kadar belirli \u00f6zel [&hellip;]<\/p>\n","protected":false},"author":2,"featured_media":4134,"parent":0,"menu_order":0,"comment_status":"closed","ping_status":"closed","template":"","meta":{"_acf_changed":false,"inline_featured_image":false,"footnotes":""},"class_list":["post-4515","page","type-page","status-publish","has-post-thumbnail","hentry"],"acf":[],"yoast_head":"<!-- This site is optimized with the Yoast SEO plugin v27.5 - https:\/\/yoast.com\/product\/yoast-seo-wordpress\/ -->\n<title>\u00dcr\u00fcn Portf\u00f6y\u00fc - Gummy Worlds<\/title>\n<meta name=\"robots\" content=\"index, follow, max-snippet:-1, max-image-preview:large, max-video-preview:-1\" \/>\n<link rel=\"canonical\" href=\"https:\/\/www.gummyworlds.com\/tr\/urun-portfoyu\/\" \/>\n<meta property=\"og:locale\" content=\"tr_TR\" \/>\n<meta property=\"og:type\" content=\"article\" \/>\n<meta property=\"og:title\" content=\"\u00dcr\u00fcn Portf\u00f6y\u00fc - Gummy Worlds\" \/>\n<meta property=\"og:description\" content=\"Gummy Worlds&#8217;teki \u00e7ok \u00e7e\u015fitli gummy takviyelerini ke\u015ffedin! Gummy Worlds&#8217;te, sa\u011fl\u0131\u011f\u0131n\u0131za \u00f6ncelik vermeyi hem keyifli hem de kullan\u0131\u015fl\u0131 hale getiren \u00fcst\u00fcn kaliteli gummy takviyeleri sunmay\u0131 ama\u00e7lamaktay\u0131z. Geni\u015fleyen \u00fcr\u00fcn portf\u00f6y\u00fcm\u00fcz\u00fc ke\u015ffederek daha sa\u011fl\u0131kl\u0131 ve mutlu bir ya\u015fama do\u011fru ilk ad\u0131m\u0131 bug\u00fcn atabilirsiniz! Ki\u015fisel Sa\u011fl\u0131k Ba\u011f\u0131\u015f\u0131kl\u0131k deste\u011fi ve enerji art\u0131rmadan g\u00fczellik deste\u011fi ve sindirim sa\u011fl\u0131\u011f\u0131na kadar belirli \u00f6zel [&hellip;]\" \/>\n<meta property=\"og:url\" content=\"https:\/\/www.gummyworlds.com\/tr\/urun-portfoyu\/\" \/>\n<meta property=\"og:site_name\" content=\"Gummy Worlds\" \/>\n<meta property=\"article:modified_time\" content=\"2024-09-30T08:25:25+00:00\" \/>\n<meta property=\"og:image\" content=\"https:\/\/www.gummyworlds.com\/wp-content\/uploads\/2024\/03\/gummy-worlds-sq.png\" \/>\n\t<meta property=\"og:image:width\" content=\"500\" \/>\n\t<meta property=\"og:image:height\" content=\"500\" \/>\n\t<meta property=\"og:image:type\" content=\"image\/png\" \/>\n<meta name=\"twitter:card\" content=\"summary_large_image\" \/>\n<meta name=\"twitter:label1\" content=\"Tahmini okuma s\u00fcresi\" \/>\n\t<meta name=\"twitter:data1\" content=\"1 dakika\" \/>\n<script type=\"application\/ld+json\" class=\"yoast-schema-graph\">{\"@context\":\"https:\\\/\\\/schema.org\",\"@graph\":[{\"@type\":\"WebPage\",\"@id\":\"https:\\\/\\\/www.gummyworlds.com\\\/tr\\\/urun-portfoyu\\\/\",\"url\":\"https:\\\/\\\/www.gummyworlds.com\\\/tr\\\/urun-portfoyu\\\/\",\"name\":\"\u00dcr\u00fcn Portf\u00f6y\u00fc - Gummy Worlds\",\"isPartOf\":{\"@id\":\"https:\\\/\\\/www.gummyworlds.com\\\/tr\\\/#website\"},\"primaryImageOfPage\":{\"@id\":\"https:\\\/\\\/www.gummyworlds.com\\\/tr\\\/urun-portfoyu\\\/#primaryimage\"},\"image\":{\"@id\":\"https:\\\/\\\/www.gummyworlds.com\\\/tr\\\/urun-portfoyu\\\/#primaryimage\"},\"thumbnailUrl\":\"https:\\\/\\\/www.gummyworlds.com\\\/wp-content\\\/uploads\\\/2024\\\/03\\\/gummy-worlds-sq.png\",\"datePublished\":\"2024-02-02T10:37:22+00:00\",\"dateModified\":\"2024-09-30T08:25:25+00:00\",\"breadcrumb\":{\"@id\":\"https:\\\/\\\/www.gummyworlds.com\\\/tr\\\/urun-portfoyu\\\/#breadcrumb\"},\"inLanguage\":\"tr\",\"potentialAction\":[{\"@type\":\"ReadAction\",\"target\":[\"https:\\\/\\\/www.gummyworlds.com\\\/tr\\\/urun-portfoyu\\\/\"]}]},{\"@type\":\"ImageObject\",\"inLanguage\":\"tr\",\"@id\":\"https:\\\/\\\/www.gummyworlds.com\\\/tr\\\/urun-portfoyu\\\/#primaryimage\",\"url\":\"https:\\\/\\\/www.gummyworlds.com\\\/wp-content\\\/uploads\\\/2024\\\/03\\\/gummy-worlds-sq.png\",\"contentUrl\":\"https:\\\/\\\/www.gummyworlds.com\\\/wp-content\\\/uploads\\\/2024\\\/03\\\/gummy-worlds-sq.png\",\"width\":500,\"height\":500,\"caption\":\"Gummy Worlds\"},{\"@type\":\"BreadcrumbList\",\"@id\":\"https:\\\/\\\/www.gummyworlds.com\\\/tr\\\/urun-portfoyu\\\/#breadcrumb\",\"itemListElement\":[{\"@type\":\"ListItem\",\"position\":1,\"name\":\"Home\",\"item\":\"https:\\\/\\\/www.gummyworlds.com\\\/tr\\\/\"},{\"@type\":\"ListItem\",\"position\":2,\"name\":\"\u00dcr\u00fcn Portf\u00f6y\u00fc\"}]},{\"@type\":\"WebSite\",\"@id\":\"https:\\\/\\\/www.gummyworlds.com\\\/tr\\\/#website\",\"url\":\"https:\\\/\\\/www.gummyworlds.com\\\/tr\\\/\",\"name\":\"Gummy Worlds\",\"description\":\"\",\"publisher\":{\"@id\":\"https:\\\/\\\/www.gummyworlds.com\\\/tr\\\/#organization\"},\"potentialAction\":[{\"@type\":\"SearchAction\",\"target\":{\"@type\":\"EntryPoint\",\"urlTemplate\":\"https:\\\/\\\/www.gummyworlds.com\\\/tr\\\/?s={search_term_string}\"},\"query-input\":{\"@type\":\"PropertyValueSpecification\",\"valueRequired\":true,\"valueName\":\"search_term_string\"}}],\"inLanguage\":\"tr\"},{\"@type\":\"Organization\",\"@id\":\"https:\\\/\\\/www.gummyworlds.com\\\/tr\\\/#organization\",\"name\":\"Gummy Worlds\",\"url\":\"https:\\\/\\\/www.gummyworlds.com\\\/tr\\\/\",\"logo\":{\"@type\":\"ImageObject\",\"inLanguage\":\"tr\",\"@id\":\"https:\\\/\\\/www.gummyworlds.com\\\/tr\\\/#\\\/schema\\\/logo\\\/image\\\/\",\"url\":\"https:\\\/\\\/www.gummyworlds.com\\\/wp-content\\\/uploads\\\/2024\\\/03\\\/gummy-worlds-sq.png\",\"contentUrl\":\"https:\\\/\\\/www.gummyworlds.com\\\/wp-content\\\/uploads\\\/2024\\\/03\\\/gummy-worlds-sq.png\",\"width\":500,\"height\":500,\"caption\":\"Gummy Worlds\"},\"image\":{\"@id\":\"https:\\\/\\\/www.gummyworlds.com\\\/tr\\\/#\\\/schema\\\/logo\\\/image\\\/\"}}]}<\/script>\n<!-- \/ Yoast SEO plugin. -->","yoast_head_json":{"title":"\u00dcr\u00fcn Portf\u00f6y\u00fc - Gummy Worlds","robots":{"index":"index","follow":"follow","max-snippet":"max-snippet:-1","max-image-preview":"max-image-preview:large","max-video-preview":"max-video-preview:-1"},"canonical":"https:\/\/www.gummyworlds.com\/tr\/urun-portfoyu\/","og_locale":"tr_TR","og_type":"article","og_title":"\u00dcr\u00fcn Portf\u00f6y\u00fc - Gummy Worlds","og_description":"Gummy Worlds&#8217;teki \u00e7ok \u00e7e\u015fitli gummy takviyelerini ke\u015ffedin! Gummy Worlds&#8217;te, sa\u011fl\u0131\u011f\u0131n\u0131za \u00f6ncelik vermeyi hem keyifli hem de kullan\u0131\u015fl\u0131 hale getiren \u00fcst\u00fcn kaliteli gummy takviyeleri sunmay\u0131 ama\u00e7lamaktay\u0131z. Geni\u015fleyen \u00fcr\u00fcn portf\u00f6y\u00fcm\u00fcz\u00fc ke\u015ffederek daha sa\u011fl\u0131kl\u0131 ve mutlu bir ya\u015fama do\u011fru ilk ad\u0131m\u0131 bug\u00fcn atabilirsiniz! Ki\u015fisel Sa\u011fl\u0131k Ba\u011f\u0131\u015f\u0131kl\u0131k deste\u011fi ve enerji art\u0131rmadan g\u00fczellik deste\u011fi ve sindirim sa\u011fl\u0131\u011f\u0131na kadar belirli \u00f6zel [&hellip;]","og_url":"https:\/\/www.gummyworlds.com\/tr\/urun-portfoyu\/","og_site_name":"Gummy Worlds","article_modified_time":"2024-09-30T08:25:25+00:00","og_image":[{"width":500,"height":500,"url":"https:\/\/www.gummyworlds.com\/wp-content\/uploads\/2024\/03\/gummy-worlds-sq.png","type":"image\/png"}],"twitter_card":"summary_large_image","twitter_misc":{"Tahmini okuma s\u00fcresi":"1 dakika"},"schema":{"@context":"https:\/\/schema.org","@graph":[{"@type":"WebPage","@id":"https:\/\/www.gummyworlds.com\/tr\/urun-portfoyu\/","url":"https:\/\/www.gummyworlds.com\/tr\/urun-portfoyu\/","name":"\u00dcr\u00fcn Portf\u00f6y\u00fc - Gummy Worlds","isPartOf":{"@id":"https:\/\/www.gummyworlds.com\/tr\/#website"},"primaryImageOfPage":{"@id":"https:\/\/www.gummyworlds.com\/tr\/urun-portfoyu\/#primaryimage"},"image":{"@id":"https:\/\/www.gummyworlds.com\/tr\/urun-portfoyu\/#primaryimage"},"thumbnailUrl":"https:\/\/www.gummyworlds.com\/wp-content\/uploads\/2024\/03\/gummy-worlds-sq.png","datePublished":"2024-02-02T10:37:22+00:00","dateModified":"2024-09-30T08:25:25+00:00","breadcrumb":{"@id":"https:\/\/www.gummyworlds.com\/tr\/urun-portfoyu\/#breadcrumb"},"inLanguage":"tr","potentialAction":[{"@type":"ReadAction","target":["https:\/\/www.gummyworlds.com\/tr\/urun-portfoyu\/"]}]},{"@type":"ImageObject","inLanguage":"tr","@id":"https:\/\/www.gummyworlds.com\/tr\/urun-portfoyu\/#primaryimage","url":"https:\/\/www.gummyworlds.com\/wp-content\/uploads\/2024\/03\/gummy-worlds-sq.png","contentUrl":"https:\/\/www.gummyworlds.com\/wp-content\/uploads\/2024\/03\/gummy-worlds-sq.png","width":500,"height":500,"caption":"Gummy Worlds"},{"@type":"BreadcrumbList","@id":"https:\/\/www.gummyworlds.com\/tr\/urun-portfoyu\/#breadcrumb","itemListElement":[{"@type":"ListItem","position":1,"name":"Home","item":"https:\/\/www.gummyworlds.com\/tr\/"},{"@type":"ListItem","position":2,"name":"\u00dcr\u00fcn Portf\u00f6y\u00fc"}]},{"@type":"WebSite","@id":"https:\/\/www.gummyworlds.com\/tr\/#website","url":"https:\/\/www.gummyworlds.com\/tr\/","name":"Gummy Worlds","description":"","publisher":{"@id":"https:\/\/www.gummyworlds.com\/tr\/#organization"},"potentialAction":[{"@type":"SearchAction","target":{"@type":"EntryPoint","urlTemplate":"https:\/\/www.gummyworlds.com\/tr\/?s={search_term_string}"},"query-input":{"@type":"PropertyValueSpecification","valueRequired":true,"valueName":"search_term_string"}}],"inLanguage":"tr"},{"@type":"Organization","@id":"https:\/\/www.gummyworlds.com\/tr\/#organization","name":"Gummy Worlds","url":"https:\/\/www.gummyworlds.com\/tr\/","logo":{"@type":"ImageObject","inLanguage":"tr","@id":"https:\/\/www.gummyworlds.com\/tr\/#\/schema\/logo\/image\/","url":"https:\/\/www.gummyworlds.com\/wp-content\/uploads\/2024\/03\/gummy-worlds-sq.png","contentUrl":"https:\/\/www.gummyworlds.com\/wp-content\/uploads\/2024\/03\/gummy-worlds-sq.png","width":500,"height":500,"caption":"Gummy Worlds"},"image":{"@id":"https:\/\/www.gummyworlds.com\/tr\/#\/schema\/logo\/image\/"}}]}},"_links":{"self":[{"href":"https:\/\/www.gummyworlds.com\/tr\/wp-json\/wp\/v2\/pages\/4515","targetHints":{"allow":["GET"]}}],"collection":[{"href":"https:\/\/www.gummyworlds.com\/tr\/wp-json\/wp\/v2\/pages"}],"about":[{"href":"https:\/\/www.gummyworlds.com\/tr\/wp-json\/wp\/v2\/types\/page"}],"author":[{"embeddable":true,"href":"https:\/\/www.gummyworlds.com\/tr\/wp-json\/wp\/v2\/users\/2"}],"replies":[{"embeddable":true,"href":"https:\/\/www.gummyworlds.com\/tr\/wp-json\/wp\/v2\/comments?post=4515"}],"version-history":[{"count":7,"href":"https:\/\/www.gummyworlds.com\/tr\/wp-json\/wp\/v2\/pages\/4515\/revisions"}],"predecessor-version":[{"id":4904,"href":"https:\/\/www.gummyworlds.com\/tr\/wp-json\/wp\/v2\/pages\/4515\/revisions\/4904"}],"wp:featuredmedia":[{"embeddable":true,"href":"https:\/\/www.gummyworlds.com\/tr\/wp-json\/wp\/v2\/media\/4134"}],"wp:attachment":[{"href":"https:\/\/www.gummyworlds.com\/tr\/wp-json\/wp\/v2\/media?parent=4515"}],"curies":[{"name":"wp","href":"https:\/\/api.w.org\/{rel}","templated":true}]}}