{"id":4510,"date":"2024-01-31T08:55:27","date_gmt":"2024-01-31T05:55:27","guid":{"rendered":"https:\/\/www.gummyworlds.com\/?page_id=4510"},"modified":"2025-06-19T23:34:43","modified_gmt":"2025-06-19T23:34:43","slug":"bulk-uretim","status":"publish","type":"page","link":"https:\/\/www.gummyworlds.com\/tr\/fason-uretim\/bulk-uretim\/","title":{"rendered":"Bulk \u00dcretim"},"content":{"rendered":"\t\t<div data-elementor-type=\"wp-page\" data-elementor-id=\"4510\" class=\"elementor elementor-4510 elementor-1148\" data-elementor-post-type=\"page\">\n\t\t\t\t<div class=\"elementor-element elementor-element-3241849 e-flex e-con-boxed e-con e-parent\" data-id=\"3241849\" data-element_type=\"container\" data-e-type=\"container\">\n\t\t\t\t\t<div class=\"e-con-inner\">\n\t\t<div class=\"elementor-element elementor-element-a31c932 e-con-full e-flex e-con e-child\" data-id=\"a31c932\" data-element_type=\"container\" data-e-type=\"container\">\n\t\t\t\t<div class=\"elementor-element elementor-element-8904923 elementor-widget elementor-widget-heading\" data-id=\"8904923\" data-element_type=\"widget\" data-e-type=\"widget\" data-widget_type=\"heading.default\">\n\t\t\t\t<div class=\"elementor-widget-container\">\n\t\t\t\t\t<h2 class=\"elementor-heading-title elementor-size-default\">Bize iletmek istedi\u011finiz her t\u00fcrl\u00fc g\u00f6r\u00fc\u015f ve \u00f6nerileriniz i\u00e7in formu doldurabilirsiniz.\n<\/h2>\t\t\t\t<\/div>\n\t\t\t\t<\/div>\n\t\t\t\t<\/div>\n\t\t<div class=\"elementor-element elementor-element-39ee962 e-con-full e-flex e-con e-child\" data-id=\"39ee962\" data-element_type=\"container\" data-e-type=\"container\" data-settings=\"{&quot;background_background&quot;:&quot;classic&quot;}\">\n\t\t<div class=\"elementor-element elementor-element-ec969ab e-con-full e-flex e-con e-child\" data-id=\"ec969ab\" data-element_type=\"container\" data-e-type=\"container\" data-settings=\"{&quot;background_background&quot;:&quot;classic&quot;}\">\n\t\t\t\t<div class=\"elementor-element elementor-element-12c0778 elementor-button-align-stretch elementor-widget elementor-widget-form\" data-id=\"12c0778\" data-element_type=\"widget\" data-e-type=\"widget\" data-settings=\"{&quot;step_next_label&quot;:&quot;Next&quot;,&quot;step_previous_label&quot;:&quot;Previous&quot;,&quot;button_width&quot;:&quot;100&quot;,&quot;step_type&quot;:&quot;number_text&quot;,&quot;step_icon_shape&quot;:&quot;circle&quot;}\" data-widget_type=\"form.default\">\n\t\t\t\t<div class=\"elementor-widget-container\">\n\t\t\t\t\t\t\t<form class=\"elementor-form\" method=\"post\" name=\"Bulk \u00dcretim Formu\" aria-label=\"Bulk \u00dcretim Formu\">\n\t\t\t<input type=\"hidden\" name=\"post_id\" value=\"4510\"\/>\n\t\t\t<input type=\"hidden\" name=\"form_id\" value=\"12c0778\"\/>\n\t\t\t<input type=\"hidden\" name=\"referer_title\" value=\"Gummy Worlds\" \/>\n\n\t\t\t\n\t\t\t<div class=\"elementor-form-fields-wrapper elementor-labels-above\">\n\t\t\t\t\t\t\t\t<div class=\"elementor-field-type-text elementor-field-group elementor-column elementor-field-group-name elementor-col-100 elementor-field-required\">\n\t\t\t\t\t\t\t\t\t\t\t\t\t<input size=\"1\" type=\"text\" name=\"form_fields[name]\" id=\"form-field-name\" class=\"elementor-field elementor-size-sm  elementor-field-textual\" placeholder=\"\u0130sim Soyisim\" required=\"required\">\n\t\t\t\t\t\t\t\t\t\t\t<\/div>\n\t\t\t\t\t\t\t\t<div class=\"elementor-field-type-tel elementor-field-group elementor-column elementor-field-group-field_c3412db elementor-col-100 elementor-field-required\">\n\t\t\t\t\t<span class=\"ccfef-editor-intl-input\" data-id=\"form-field-field_c3412db\" data-field-id=\"c3412db\" data-default-country=\"tr\" data-include-countries=\"\" data-exclude-countries=\"\" data-dial-code-visibility=\"show\" data-strict-mode=\"no\" style=\"display: none;\"><\/span>\t\t<input size=\"1\" type=\"tel\" name=\"form_fields[field_c3412db]\" id=\"form-field-field_c3412db\" class=\"elementor-field elementor-size-sm  elementor-field-textual\" placeholder=\"Telefon\" required=\"required\" pattern=\"[0-9()#&amp;+*-=.]+\" title=\"Only numbers and phone characters (#, -, *, etc) are accepted.\">\n\n\t\t\t\t\t\t<\/div>\n\t\t\t\t\t\t\t\t<div class=\"elementor-field-type-email elementor-field-group elementor-column elementor-field-group-email elementor-col-100 elementor-field-required\">\n\t\t\t\t\t\t\t\t\t\t\t\t\t<input size=\"1\" type=\"email\" name=\"form_fields[email]\" id=\"form-field-email\" class=\"elementor-field elementor-size-sm  elementor-field-textual\" placeholder=\"E-posta\" required=\"required\">\n\t\t\t\t\t\t\t\t\t\t\t<\/div>\n\t\t\t\t\t\t\t\t<div class=\"elementor-field-type-recaptcha_v3 elementor-field-group elementor-column elementor-field-group-field_9029e99 elementor-col-100 recaptcha_v3-bottomright\">\n\t\t\t\t\t<div class=\"elementor-field\" id=\"form-field-field_9029e99\"><div class=\"elementor-g-recaptcha\" data-sitekey=\"6LfFjV8pAAAAAIAMAKLwi3SUiXlvR8PcMIDq9W_b\" data-type=\"v3\" data-action=\"Form\" data-badge=\"bottomright\" data-size=\"invisible\"><\/div><\/div>\t\t\t\t<\/div>\n\t\t\t\t\t\t\t\t<div class=\"elementor-field-type-acceptance elementor-field-group elementor-column elementor-field-group-field_9c6191f elementor-col-100 elementor-field-required\">\n\t\t\t\t\t\t\t<div class=\"elementor-field-subgroup\">\n\t\t\t<span class=\"elementor-field-option\">\n\t\t\t\t<input type=\"checkbox\" name=\"form_fields[field_9c6191f]\" id=\"form-field-field_9c6191f\" class=\"elementor-field elementor-size-sm  elementor-acceptance-field\" required=\"required\">\n\t\t\t\t<label for=\"form-field-field_9c6191f\"><a href=\"https:\/\/www.gummyworlds.com\/tr\/acik-riza-beyani\">A\u00e7\u0131k R\u0131za Beyan\u0131<\/a> ve <a href=\"https:\/\/www.gummyworlds.com\/tr\/aydinlatma-metni\/\">\u0130nternet Ayd\u0131nlatma Metni<\/a>'ni okudum, onayl\u0131yorum.<\/label>\t\t\t<\/span>\n\t\t<\/div>\n\t\t\t\t\t\t<\/div>\n\t\t\t\t\t\t\t\t<div class=\"elementor-field-group elementor-column elementor-field-type-submit elementor-col-100 e-form__buttons\">\n\t\t\t\t\t<button class=\"elementor-button elementor-size-sm\" type=\"submit\">\n\t\t\t\t\t\t<span class=\"elementor-button-content-wrapper\">\n\t\t\t\t\t\t\t\t\t\t\t\t\t\t\t\t\t\t\t\t\t\t<span class=\"elementor-button-text\">G\u00f6nder<\/span>\n\t\t\t\t\t\t\t\t\t\t\t\t\t<\/span>\n\t\t\t\t\t<\/button>\n\t\t\t\t<\/div>\n\t\t\t<\/div>\n\t\t<\/form>\n\t\t\t\t\t\t<\/div>\n\t\t\t\t<\/div>\n\t\t\t\t<\/div>\n\t\t\t\t<\/div>\n\t\t\t\t\t<\/div>\n\t\t\t\t<\/div>\n\t\t<div class=\"elementor-element elementor-element-4d497cd e-flex e-con-boxed e-con e-parent\" data-id=\"4d497cd\" data-element_type=\"container\" data-e-type=\"container\">\n\t\t\t\t\t<div class=\"e-con-inner\">\n\t\t\t\t<div class=\"elementor-element elementor-element-daed089 elementor-invisible elementor-widget elementor-widget-heading\" data-id=\"daed089\" data-element_type=\"widget\" data-e-type=\"widget\" data-settings=\"{&quot;_animation&quot;:&quot;slideInUp&quot;}\" data-widget_type=\"heading.default\">\n\t\t\t\t<div class=\"elementor-widget-container\">\n\t\t\t\t\t<h2 class=\"elementor-heading-title elementor-size-default\">Gummy Worlds'\u00fcn bulk \u00fcretimi, pazar talebini verimli bir \u015fekilde kar\u015f\u0131lamak i\u00e7in yayg\u0131n kullan\u0131labilirlik sa\u011flar.\n<\/h2>\t\t\t\t<\/div>\n\t\t\t\t<\/div>\n\t\t\t\t<div class=\"elementor-element elementor-element-180d2a6 elementor-widget elementor-widget-text-editor\" data-id=\"180d2a6\" data-element_type=\"widget\" data-e-type=\"widget\" data-widget_type=\"text-editor.default\">\n\t\t\t\t<div class=\"elementor-widget-container\">\n\t\t\t\t\t\t\t\t\t<p>Gummy Worlds&#8217;te, her partide hassasiyet ve \u00f6zen sa\u011flayarak y\u00fcksek kaliteli gummy takviyelerinin b\u00fcy\u00fck miktarlarda \u00fcretimine \u00f6ncelik veriyoruz. Bulk \u00fcretim hizmetimiz, 1 kg&#8217;dan 3 kg&#8217;l\u0131k paketlere kadar esnek paketleme se\u00e7enekleri ve a\u011f\u0131rl\u0131k varyasyonlar\u0131 sunarak bireysel m\u00fc\u015fterilere ve perakendecilere verimli bir \u015fekilde hizmet vermektedir.<br \/>\u00dcretim s\u00fcrecimizde tazeli\u011fin korunmas\u0131 \u00e7ok \u00f6nemlidir. Gummy takviyelerinizin lezzetini ve dokusunu korumas\u0131n\u0131 sa\u011flamak i\u00e7in en geli\u015fmi\u015f paketleme tekniklerini kullan\u0131yoruz. Tam otomatik makinelerimiz, paketleme s\u00fcrecini hassas bir \u015fekilde ger\u00e7ekle\u015ftirecek \u015fekilde donat\u0131lm\u0131\u015ft\u0131r ve herhangi bir kontaminasyonu \u00f6nlerken \u00fcr\u00fcnlerin kalitesini korur.<br \/>Paketleme s\u00fcrecimizin en \u00f6nemli unsurlar\u0131ndan biri nitrojen gaz\u0131 kullan\u0131m\u0131d\u0131r. Optimum seviyelerde nitrojen gaz\u0131 uygulayarak, ambalaj i\u00e7inde mikroorganizmalar\u0131n b\u00fcy\u00fcmesini engelleyen ve \u00fcr\u00fcn\u00fcn raf \u00f6mr\u00fcn\u00fc uzatan koruyucu bir ortam yarat\u0131yoruz. Bu sayede gummy takviyeleriniz uzun depolama s\u00fcreleri boyunca bile stabil ve taze kalmaktad\u0131r.<br \/>Kalite, g\u00fcvenlik ve helal b\u00fct\u00fcnl\u00fc\u011f\u00fcne olan ba\u011fl\u0131l\u0131\u011f\u0131m\u0131zla, bulk \u00fcretim hizmetimizde \u00fcretilen her gummy takviye edici g\u0131da partisinde m\u00fckemmellik sunaca\u011f\u0131m\u0131z konusunda bize g\u00fcvenebilirsiniz.<\/p>\t\t\t\t\t\t\t\t<\/div>\n\t\t\t\t<\/div>\n\t\t\t\t\t<\/div>\n\t\t\t\t<\/div>\n\t\t\t\t<\/div>\n\t\t","protected":false},"excerpt":{"rendered":"<p>Bize iletmek istedi\u011finiz her t\u00fcrl\u00fc g\u00f6r\u00fc\u015f ve \u00f6nerileriniz i\u00e7in formu doldurabilirsiniz. Gummy Worlds&#8217;\u00fcn bulk \u00fcretimi, pazar talebini verimli bir \u015fekilde kar\u015f\u0131lamak i\u00e7in yayg\u0131n kullan\u0131labilirlik sa\u011flar. Gummy Worlds&#8217;te, her partide hassasiyet ve \u00f6zen sa\u011flayarak y\u00fcksek kaliteli gummy takviyelerinin b\u00fcy\u00fck miktarlarda \u00fcretimine \u00f6ncelik veriyoruz. Bulk \u00fcretim hizmetimiz, 1 kg&#8217;dan 3 kg&#8217;l\u0131k paketlere kadar esnek paketleme se\u00e7enekleri ve [&hellip;]<\/p>\n","protected":false},"author":2,"featured_media":4134,"parent":4490,"menu_order":0,"comment_status":"closed","ping_status":"closed","template":"","meta":{"_acf_changed":false,"inline_featured_image":false,"footnotes":""},"class_list":["post-4510","page","type-page","status-publish","has-post-thumbnail","hentry"],"acf":[],"yoast_head":"<!-- This site is optimized with the Yoast SEO plugin v27.4 - https:\/\/yoast.com\/product\/yoast-seo-wordpress\/ -->\n<title>Bulk \u00dcretim - Gummy Worlds<\/title>\n<meta name=\"robots\" content=\"index, follow, max-snippet:-1, max-image-preview:large, max-video-preview:-1\" \/>\n<link rel=\"canonical\" href=\"https:\/\/www.gummyworlds.com\/tr\/fason-uretim\/bulk-uretim\/\" \/>\n<meta property=\"og:locale\" content=\"tr_TR\" \/>\n<meta property=\"og:type\" content=\"article\" \/>\n<meta property=\"og:title\" content=\"Bulk \u00dcretim - Gummy Worlds\" \/>\n<meta property=\"og:description\" content=\"Bize iletmek istedi\u011finiz her t\u00fcrl\u00fc g\u00f6r\u00fc\u015f ve \u00f6nerileriniz i\u00e7in formu doldurabilirsiniz. Gummy Worlds&#8217;\u00fcn bulk \u00fcretimi, pazar talebini verimli bir \u015fekilde kar\u015f\u0131lamak i\u00e7in yayg\u0131n kullan\u0131labilirlik sa\u011flar. Gummy Worlds&#8217;te, her partide hassasiyet ve \u00f6zen sa\u011flayarak y\u00fcksek kaliteli gummy takviyelerinin b\u00fcy\u00fck miktarlarda \u00fcretimine \u00f6ncelik veriyoruz. Bulk \u00fcretim hizmetimiz, 1 kg&#8217;dan 3 kg&#8217;l\u0131k paketlere kadar esnek paketleme se\u00e7enekleri ve [&hellip;]\" \/>\n<meta property=\"og:url\" content=\"https:\/\/www.gummyworlds.com\/tr\/fason-uretim\/bulk-uretim\/\" \/>\n<meta property=\"og:site_name\" content=\"Gummy Worlds\" \/>\n<meta property=\"article:modified_time\" content=\"2025-06-19T23:34:43+00:00\" \/>\n<meta property=\"og:image\" content=\"https:\/\/www.gummyworlds.com\/wp-content\/uploads\/2024\/03\/gummy-worlds-sq.png\" \/>\n\t<meta property=\"og:image:width\" content=\"500\" \/>\n\t<meta property=\"og:image:height\" content=\"500\" \/>\n\t<meta property=\"og:image:type\" content=\"image\/png\" \/>\n<meta name=\"twitter:card\" content=\"summary_large_image\" \/>\n<meta name=\"twitter:label1\" content=\"Tahmini okuma s\u00fcresi\" \/>\n\t<meta name=\"twitter:data1\" content=\"5 dakika\" \/>\n<script type=\"application\/ld+json\" class=\"yoast-schema-graph\">{\"@context\":\"https:\\\/\\\/schema.org\",\"@graph\":[{\"@type\":\"WebPage\",\"@id\":\"https:\\\/\\\/www.gummyworlds.com\\\/tr\\\/fason-uretim\\\/bulk-uretim\\\/\",\"url\":\"https:\\\/\\\/www.gummyworlds.com\\\/tr\\\/fason-uretim\\\/bulk-uretim\\\/\",\"name\":\"Bulk \u00dcretim - Gummy Worlds\",\"isPartOf\":{\"@id\":\"https:\\\/\\\/www.gummyworlds.com\\\/tr\\\/#website\"},\"primaryImageOfPage\":{\"@id\":\"https:\\\/\\\/www.gummyworlds.com\\\/tr\\\/fason-uretim\\\/bulk-uretim\\\/#primaryimage\"},\"image\":{\"@id\":\"https:\\\/\\\/www.gummyworlds.com\\\/tr\\\/fason-uretim\\\/bulk-uretim\\\/#primaryimage\"},\"thumbnailUrl\":\"https:\\\/\\\/www.gummyworlds.com\\\/wp-content\\\/uploads\\\/2024\\\/03\\\/gummy-worlds-sq.png\",\"datePublished\":\"2024-01-31T05:55:27+00:00\",\"dateModified\":\"2025-06-19T23:34:43+00:00\",\"breadcrumb\":{\"@id\":\"https:\\\/\\\/www.gummyworlds.com\\\/tr\\\/fason-uretim\\\/bulk-uretim\\\/#breadcrumb\"},\"inLanguage\":\"tr\",\"potentialAction\":[{\"@type\":\"ReadAction\",\"target\":[\"https:\\\/\\\/www.gummyworlds.com\\\/tr\\\/fason-uretim\\\/bulk-uretim\\\/\"]}]},{\"@type\":\"ImageObject\",\"inLanguage\":\"tr\",\"@id\":\"https:\\\/\\\/www.gummyworlds.com\\\/tr\\\/fason-uretim\\\/bulk-uretim\\\/#primaryimage\",\"url\":\"https:\\\/\\\/www.gummyworlds.com\\\/wp-content\\\/uploads\\\/2024\\\/03\\\/gummy-worlds-sq.png\",\"contentUrl\":\"https:\\\/\\\/www.gummyworlds.com\\\/wp-content\\\/uploads\\\/2024\\\/03\\\/gummy-worlds-sq.png\",\"width\":500,\"height\":500,\"caption\":\"Gummy Worlds\"},{\"@type\":\"BreadcrumbList\",\"@id\":\"https:\\\/\\\/www.gummyworlds.com\\\/tr\\\/fason-uretim\\\/bulk-uretim\\\/#breadcrumb\",\"itemListElement\":[{\"@type\":\"ListItem\",\"position\":1,\"name\":\"Home\",\"item\":\"https:\\\/\\\/www.gummyworlds.com\\\/tr\\\/\"},{\"@type\":\"ListItem\",\"position\":2,\"name\":\"Fason \u00dcretim\",\"item\":\"https:\\\/\\\/www.gummyworlds.com\\\/tr\\\/%d0%ba%d0%be%d0%bd%d1%82%d1%80%d0%b0%d0%ba%d1%82%d0%bd%d0%be%d0%b5-%d0%bf%d1%80%d0%be%d0%b8%d0%b7%d0%b2%d0%be%d0%b4%d1%81%d1%82%d0%b2%d0%be\\\/\"},{\"@type\":\"ListItem\",\"position\":3,\"name\":\"Bulk \u00dcretim\"}]},{\"@type\":\"WebSite\",\"@id\":\"https:\\\/\\\/www.gummyworlds.com\\\/tr\\\/#website\",\"url\":\"https:\\\/\\\/www.gummyworlds.com\\\/tr\\\/\",\"name\":\"Gummy Worlds\",\"description\":\"\",\"publisher\":{\"@id\":\"https:\\\/\\\/www.gummyworlds.com\\\/tr\\\/#organization\"},\"potentialAction\":[{\"@type\":\"SearchAction\",\"target\":{\"@type\":\"EntryPoint\",\"urlTemplate\":\"https:\\\/\\\/www.gummyworlds.com\\\/tr\\\/?s={search_term_string}\"},\"query-input\":{\"@type\":\"PropertyValueSpecification\",\"valueRequired\":true,\"valueName\":\"search_term_string\"}}],\"inLanguage\":\"tr\"},{\"@type\":\"Organization\",\"@id\":\"https:\\\/\\\/www.gummyworlds.com\\\/tr\\\/#organization\",\"name\":\"Gummy Worlds\",\"url\":\"https:\\\/\\\/www.gummyworlds.com\\\/tr\\\/\",\"logo\":{\"@type\":\"ImageObject\",\"inLanguage\":\"tr\",\"@id\":\"https:\\\/\\\/www.gummyworlds.com\\\/tr\\\/#\\\/schema\\\/logo\\\/image\\\/\",\"url\":\"https:\\\/\\\/www.gummyworlds.com\\\/wp-content\\\/uploads\\\/2024\\\/03\\\/gummy-worlds-sq.png\",\"contentUrl\":\"https:\\\/\\\/www.gummyworlds.com\\\/wp-content\\\/uploads\\\/2024\\\/03\\\/gummy-worlds-sq.png\",\"width\":500,\"height\":500,\"caption\":\"Gummy Worlds\"},\"image\":{\"@id\":\"https:\\\/\\\/www.gummyworlds.com\\\/tr\\\/#\\\/schema\\\/logo\\\/image\\\/\"}}]}<\/script>\n<!-- \/ Yoast SEO plugin. -->","yoast_head_json":{"title":"Bulk \u00dcretim - Gummy Worlds","robots":{"index":"index","follow":"follow","max-snippet":"max-snippet:-1","max-image-preview":"max-image-preview:large","max-video-preview":"max-video-preview:-1"},"canonical":"https:\/\/www.gummyworlds.com\/tr\/fason-uretim\/bulk-uretim\/","og_locale":"tr_TR","og_type":"article","og_title":"Bulk \u00dcretim - Gummy Worlds","og_description":"Bize iletmek istedi\u011finiz her t\u00fcrl\u00fc g\u00f6r\u00fc\u015f ve \u00f6nerileriniz i\u00e7in formu doldurabilirsiniz. Gummy Worlds&#8217;\u00fcn bulk \u00fcretimi, pazar talebini verimli bir \u015fekilde kar\u015f\u0131lamak i\u00e7in yayg\u0131n kullan\u0131labilirlik sa\u011flar. Gummy Worlds&#8217;te, her partide hassasiyet ve \u00f6zen sa\u011flayarak y\u00fcksek kaliteli gummy takviyelerinin b\u00fcy\u00fck miktarlarda \u00fcretimine \u00f6ncelik veriyoruz. Bulk \u00fcretim hizmetimiz, 1 kg&#8217;dan 3 kg&#8217;l\u0131k paketlere kadar esnek paketleme se\u00e7enekleri ve [&hellip;]","og_url":"https:\/\/www.gummyworlds.com\/tr\/fason-uretim\/bulk-uretim\/","og_site_name":"Gummy Worlds","article_modified_time":"2025-06-19T23:34:43+00:00","og_image":[{"width":500,"height":500,"url":"https:\/\/www.gummyworlds.com\/wp-content\/uploads\/2024\/03\/gummy-worlds-sq.png","type":"image\/png"}],"twitter_card":"summary_large_image","twitter_misc":{"Tahmini okuma s\u00fcresi":"5 dakika"},"schema":{"@context":"https:\/\/schema.org","@graph":[{"@type":"WebPage","@id":"https:\/\/www.gummyworlds.com\/tr\/fason-uretim\/bulk-uretim\/","url":"https:\/\/www.gummyworlds.com\/tr\/fason-uretim\/bulk-uretim\/","name":"Bulk \u00dcretim - Gummy Worlds","isPartOf":{"@id":"https:\/\/www.gummyworlds.com\/tr\/#website"},"primaryImageOfPage":{"@id":"https:\/\/www.gummyworlds.com\/tr\/fason-uretim\/bulk-uretim\/#primaryimage"},"image":{"@id":"https:\/\/www.gummyworlds.com\/tr\/fason-uretim\/bulk-uretim\/#primaryimage"},"thumbnailUrl":"https:\/\/www.gummyworlds.com\/wp-content\/uploads\/2024\/03\/gummy-worlds-sq.png","datePublished":"2024-01-31T05:55:27+00:00","dateModified":"2025-06-19T23:34:43+00:00","breadcrumb":{"@id":"https:\/\/www.gummyworlds.com\/tr\/fason-uretim\/bulk-uretim\/#breadcrumb"},"inLanguage":"tr","potentialAction":[{"@type":"ReadAction","target":["https:\/\/www.gummyworlds.com\/tr\/fason-uretim\/bulk-uretim\/"]}]},{"@type":"ImageObject","inLanguage":"tr","@id":"https:\/\/www.gummyworlds.com\/tr\/fason-uretim\/bulk-uretim\/#primaryimage","url":"https:\/\/www.gummyworlds.com\/wp-content\/uploads\/2024\/03\/gummy-worlds-sq.png","contentUrl":"https:\/\/www.gummyworlds.com\/wp-content\/uploads\/2024\/03\/gummy-worlds-sq.png","width":500,"height":500,"caption":"Gummy Worlds"},{"@type":"BreadcrumbList","@id":"https:\/\/www.gummyworlds.com\/tr\/fason-uretim\/bulk-uretim\/#breadcrumb","itemListElement":[{"@type":"ListItem","position":1,"name":"Home","item":"https:\/\/www.gummyworlds.com\/tr\/"},{"@type":"ListItem","position":2,"name":"Fason \u00dcretim","item":"https:\/\/www.gummyworlds.com\/tr\/%d0%ba%d0%be%d0%bd%d1%82%d1%80%d0%b0%d0%ba%d1%82%d0%bd%d0%be%d0%b5-%d0%bf%d1%80%d0%be%d0%b8%d0%b7%d0%b2%d0%be%d0%b4%d1%81%d1%82%d0%b2%d0%be\/"},{"@type":"ListItem","position":3,"name":"Bulk \u00dcretim"}]},{"@type":"WebSite","@id":"https:\/\/www.gummyworlds.com\/tr\/#website","url":"https:\/\/www.gummyworlds.com\/tr\/","name":"Gummy Worlds","description":"","publisher":{"@id":"https:\/\/www.gummyworlds.com\/tr\/#organization"},"potentialAction":[{"@type":"SearchAction","target":{"@type":"EntryPoint","urlTemplate":"https:\/\/www.gummyworlds.com\/tr\/?s={search_term_string}"},"query-input":{"@type":"PropertyValueSpecification","valueRequired":true,"valueName":"search_term_string"}}],"inLanguage":"tr"},{"@type":"Organization","@id":"https:\/\/www.gummyworlds.com\/tr\/#organization","name":"Gummy Worlds","url":"https:\/\/www.gummyworlds.com\/tr\/","logo":{"@type":"ImageObject","inLanguage":"tr","@id":"https:\/\/www.gummyworlds.com\/tr\/#\/schema\/logo\/image\/","url":"https:\/\/www.gummyworlds.com\/wp-content\/uploads\/2024\/03\/gummy-worlds-sq.png","contentUrl":"https:\/\/www.gummyworlds.com\/wp-content\/uploads\/2024\/03\/gummy-worlds-sq.png","width":500,"height":500,"caption":"Gummy Worlds"},"image":{"@id":"https:\/\/www.gummyworlds.com\/tr\/#\/schema\/logo\/image\/"}}]}},"_links":{"self":[{"href":"https:\/\/www.gummyworlds.com\/tr\/wp-json\/wp\/v2\/pages\/4510","targetHints":{"allow":["GET"]}}],"collection":[{"href":"https:\/\/www.gummyworlds.com\/tr\/wp-json\/wp\/v2\/pages"}],"about":[{"href":"https:\/\/www.gummyworlds.com\/tr\/wp-json\/wp\/v2\/types\/page"}],"author":[{"embeddable":true,"href":"https:\/\/www.gummyworlds.com\/tr\/wp-json\/wp\/v2\/users\/2"}],"replies":[{"embeddable":true,"href":"https:\/\/www.gummyworlds.com\/tr\/wp-json\/wp\/v2\/comments?post=4510"}],"version-history":[{"count":19,"href":"https:\/\/www.gummyworlds.com\/tr\/wp-json\/wp\/v2\/pages\/4510\/revisions"}],"predecessor-version":[{"id":6699,"href":"https:\/\/www.gummyworlds.com\/tr\/wp-json\/wp\/v2\/pages\/4510\/revisions\/6699"}],"up":[{"embeddable":true,"href":"https:\/\/www.gummyworlds.com\/tr\/wp-json\/wp\/v2\/pages\/4490"}],"wp:featuredmedia":[{"embeddable":true,"href":"https:\/\/www.gummyworlds.com\/tr\/wp-json\/wp\/v2\/media\/4134"}],"wp:attachment":[{"href":"https:\/\/www.gummyworlds.com\/tr\/wp-json\/wp\/v2\/media?parent=4510"}],"curies":[{"name":"wp","href":"https:\/\/api.w.org\/{rel}","templated":true}]}}