{"id":4490,"date":"2024-01-31T07:55:14","date_gmt":"2024-01-31T07:55:14","guid":{"rendered":"https:\/\/www.gummyworlds.com\/?page_id=4490"},"modified":"2025-06-23T09:42:08","modified_gmt":"2025-06-23T09:42:08","slug":"fason-uretim","status":"publish","type":"page","link":"https:\/\/www.gummyworlds.com\/tr\/fason-uretim\/","title":{"rendered":"Fason \u00dcretim"},"content":{"rendered":"\t\t<div data-elementor-type=\"wp-page\" data-elementor-id=\"4490\" class=\"elementor elementor-4490 elementor-1084\" data-elementor-post-type=\"page\">\n\t\t\t\t<div class=\"elementor-element elementor-element-beab54c e-flex e-con-boxed e-con e-parent\" data-id=\"beab54c\" data-element_type=\"container\" data-e-type=\"container\">\n\t\t\t\t\t<div class=\"e-con-inner\">\n\t\t<div class=\"elementor-element elementor-element-ba4a89d e-con-full e-flex e-con e-child\" data-id=\"ba4a89d\" data-element_type=\"container\" data-e-type=\"container\">\n\t\t\t\t<div class=\"elementor-element elementor-element-e3e9abc elementor-widget elementor-widget-heading\" data-id=\"e3e9abc\" data-element_type=\"widget\" data-e-type=\"widget\" data-widget_type=\"heading.default\">\n\t\t\t\t<div class=\"elementor-widget-container\">\n\t\t\t\t\t<h2 class=\"elementor-heading-title elementor-size-default\">Bize iletmek istedi\u011finiz her t\u00fcrl\u00fc g\u00f6r\u00fc\u015f ve \u00f6nerileriniz i\u00e7in formu doldurabilirsiniz.\n<\/h2>\t\t\t\t<\/div>\n\t\t\t\t<\/div>\n\t\t\t\t<\/div>\n\t\t<div class=\"elementor-element elementor-element-b3b17c5 e-con-full e-flex e-con e-child\" data-id=\"b3b17c5\" data-element_type=\"container\" data-e-type=\"container\" data-settings=\"{&quot;background_background&quot;:&quot;classic&quot;}\">\n\t\t<div class=\"elementor-element elementor-element-3820086 e-con-full e-flex e-con e-child\" data-id=\"3820086\" data-element_type=\"container\" data-e-type=\"container\" data-settings=\"{&quot;background_background&quot;:&quot;classic&quot;}\">\n\t\t\t\t<div class=\"elementor-element elementor-element-83a1221 elementor-button-align-stretch elementor-widget elementor-widget-form\" data-id=\"83a1221\" data-element_type=\"widget\" data-e-type=\"widget\" data-settings=\"{&quot;step_next_label&quot;:&quot;Next&quot;,&quot;step_previous_label&quot;:&quot;Previous&quot;,&quot;button_width&quot;:&quot;100&quot;,&quot;step_type&quot;:&quot;number_text&quot;,&quot;step_icon_shape&quot;:&quot;circle&quot;}\" data-widget_type=\"form.default\">\n\t\t\t\t<div class=\"elementor-widget-container\">\n\t\t\t\t\t\t\t<form class=\"elementor-form\" method=\"post\" name=\"Fason \u00dcretim Formu\" aria-label=\"Fason \u00dcretim Formu\">\n\t\t\t<input type=\"hidden\" name=\"post_id\" value=\"4490\"\/>\n\t\t\t<input type=\"hidden\" name=\"form_id\" value=\"83a1221\"\/>\n\t\t\t<input type=\"hidden\" name=\"referer_title\" value=\"Fason \u00dcretim - Gummy Worlds\" \/>\n\n\t\t\t\t\t\t\t<input type=\"hidden\" name=\"queried_id\" value=\"4490\"\/>\n\t\t\t\n\t\t\t<div class=\"elementor-form-fields-wrapper elementor-labels-above\">\n\t\t\t\t\t\t\t\t<div class=\"elementor-field-type-text elementor-field-group elementor-column elementor-field-group-name elementor-col-100 elementor-field-required\">\n\t\t\t\t\t\t\t\t\t\t\t\t\t<input size=\"1\" type=\"text\" name=\"form_fields[name]\" id=\"form-field-name\" class=\"elementor-field elementor-size-sm  elementor-field-textual\" placeholder=\"\u0130sim Soyisim\" required=\"required\">\n\t\t\t\t\t\t\t\t\t\t\t<\/div>\n\t\t\t\t\t\t\t\t<div class=\"elementor-field-type-tel elementor-field-group elementor-column elementor-field-group-field_c3412db elementor-col-100 elementor-field-required\">\n\t\t\t\t\t<span class=\"ccfef-editor-intl-input\" data-id=\"form-field-field_c3412db\" data-field-id=\"c3412db\" data-default-country=\"tr\" data-include-countries=\"\" data-exclude-countries=\"\" data-dial-code-visibility=\"show\" data-strict-mode=\"no\" style=\"display: none;\"><\/span>\t\t<input size=\"1\" type=\"tel\" name=\"form_fields[field_c3412db]\" id=\"form-field-field_c3412db\" class=\"elementor-field elementor-size-sm  elementor-field-textual\" placeholder=\"Telefon\" required=\"required\" pattern=\"[0-9()#&amp;+*-=.]+\" title=\"Only numbers and phone characters (#, -, *, etc) are accepted.\">\n\n\t\t\t\t\t\t<\/div>\n\t\t\t\t\t\t\t\t<div class=\"elementor-field-type-email elementor-field-group elementor-column elementor-field-group-email elementor-col-100 elementor-field-required\">\n\t\t\t\t\t\t\t\t\t\t\t\t\t<input size=\"1\" type=\"email\" name=\"form_fields[email]\" id=\"form-field-email\" class=\"elementor-field elementor-size-sm  elementor-field-textual\" placeholder=\"E-posta\" required=\"required\">\n\t\t\t\t\t\t\t\t\t\t\t<\/div>\n\t\t\t\t\t\t\t\t<div class=\"elementor-field-type-recaptcha_v3 elementor-field-group elementor-column elementor-field-group-field_9029e99 elementor-col-100 recaptcha_v3-bottomright\">\n\t\t\t\t\t<div class=\"elementor-field\" id=\"form-field-field_9029e99\"><div class=\"elementor-g-recaptcha\" data-sitekey=\"6LfFjV8pAAAAAIAMAKLwi3SUiXlvR8PcMIDq9W_b\" data-type=\"v3\" data-action=\"Form\" data-badge=\"bottomright\" data-size=\"invisible\"><\/div><\/div>\t\t\t\t<\/div>\n\t\t\t\t\t\t\t\t<div class=\"elementor-field-type-acceptance elementor-field-group elementor-column elementor-field-group-field_b989481 elementor-col-100 elementor-field-required\">\n\t\t\t\t\t\t\t<div class=\"elementor-field-subgroup\">\n\t\t\t<span class=\"elementor-field-option\">\n\t\t\t\t<input type=\"checkbox\" name=\"form_fields[field_b989481]\" id=\"form-field-field_b989481\" class=\"elementor-field elementor-size-sm  elementor-acceptance-field\" required=\"required\">\n\t\t\t\t<label for=\"form-field-field_b989481\"><a href=\"https:\/\/www.gummyworlds.com\/tr\/acik-riza-beyani\">A\u00e7\u0131k R\u0131za Beyan\u0131<\/a> ve <a href=\"https:\/\/www.gummyworlds.com\/tr\/aydinlatma-metni\/\">\u0130nternet Ayd\u0131nlatma Metni<\/a>'ni okudum, onayl\u0131yorum.<\/label>\t\t\t<\/span>\n\t\t<\/div>\n\t\t\t\t\t\t<\/div>\n\t\t\t\t\t\t\t\t<div class=\"elementor-field-group elementor-column elementor-field-type-submit elementor-col-100 e-form__buttons\">\n\t\t\t\t\t<button class=\"elementor-button elementor-size-sm\" type=\"submit\">\n\t\t\t\t\t\t<span class=\"elementor-button-content-wrapper\">\n\t\t\t\t\t\t\t\t\t\t\t\t\t\t\t\t\t\t\t\t\t\t<span class=\"elementor-button-text\">G\u00f6nder<\/span>\n\t\t\t\t\t\t\t\t\t\t\t\t\t<\/span>\n\t\t\t\t\t<\/button>\n\t\t\t\t<\/div>\n\t\t\t<\/div>\n\t\t<\/form>\n\t\t\t\t\t\t<\/div>\n\t\t\t\t<\/div>\n\t\t\t\t<\/div>\n\t\t\t\t<\/div>\n\t\t\t\t\t<\/div>\n\t\t\t\t<\/div>\n\t\t<div class=\"elementor-element elementor-element-c9c2509 e-flex e-con-boxed e-con e-parent\" data-id=\"c9c2509\" data-element_type=\"container\" data-e-type=\"container\">\n\t\t\t\t\t<div class=\"e-con-inner\">\n\t\t\t\t<div class=\"elementor-element elementor-element-64172ca elementor-invisible elementor-widget elementor-widget-heading\" data-id=\"64172ca\" data-element_type=\"widget\" data-e-type=\"widget\" data-settings=\"{&quot;_animation&quot;:&quot;slideInUp&quot;}\" data-widget_type=\"heading.default\">\n\t\t\t\t<div class=\"elementor-widget-container\">\n\t\t\t\t\t<h2 class=\"elementor-heading-title elementor-size-default\">Gummy Worlds olarak, takviye \u00fcr\u00fcn ihtiya\u00e7lar\u0131n\u0131z i\u00e7in do\u011fru s\u00f6zle\u015fmeli \u00fcreticiyi se\u00e7menin \u00f6nemini biliyoruz.\n<\/h2>\t\t\t\t<\/div>\n\t\t\t\t<\/div>\n\t\t\t\t<div class=\"elementor-element elementor-element-daa2685 elementor-widget elementor-widget-text-editor\" data-id=\"daa2685\" data-element_type=\"widget\" data-e-type=\"widget\" data-widget_type=\"text-editor.default\">\n\t\t\t\t<div class=\"elementor-widget-container\">\n\t\t\t\t\t\t\t\t\t<p>Do\u011fru \u00fcretim ekibiyle i\u015fbirli\u011fi yapmak, i\u015finiz i\u00e7in s\u0131n\u0131rs\u0131z olanaklar sunabilir. Biz \u00fcretim s\u00fcrecini y\u00f6netirken, siz kendi g\u00fc\u00e7l\u00fc y\u00f6nlerinize ve yeniliklerinize odaklanabilirsiniz. S\u00f6zle\u015fmeli \u00fcretim hizmetlerimiz, sekt\u00f6rdeki en son teknolojiye ve bilgi birikimine sahip \u00fcretim tesislerimizi size sunar. Gummy \u00fcretimindeki uzmanl\u0131\u011f\u0131m\u0131zla, size \u00f6zg\u00fc gummy form\u00fclasyonlar\u0131n\u0131z\u0131 hayata ge\u00e7irmek veya mevcut form\u00fclasyonlar\u0131n\u0131z\u0131 geli\u015ftirmek i\u00e7in i\u015fbirli\u011fi yapabiliriz.<\/p><p>\u00a0<\/p>\t\t\t\t\t\t\t\t<\/div>\n\t\t\t\t<\/div>\n\t\t\t\t<div class=\"elementor-element elementor-element-fdb8d59 elementor-widget elementor-widget-heading\" data-id=\"fdb8d59\" data-element_type=\"widget\" data-e-type=\"widget\" data-widget_type=\"heading.default\">\n\t\t\t\t<div class=\"elementor-widget-container\">\n\t\t\t\t\t<h3 class=\"elementor-heading-title elementor-size-default\">Neden Fason \u00dcretici Se\u00e7melisiniz? \n<\/h3>\t\t\t\t<\/div>\n\t\t\t\t<\/div>\n\t\t\t\t<div class=\"elementor-element elementor-element-9247349 elementor-widget elementor-widget-text-editor\" data-id=\"9247349\" data-element_type=\"widget\" data-e-type=\"widget\" data-widget_type=\"text-editor.default\">\n\t\t\t\t<div class=\"elementor-widget-container\">\n\t\t\t\t\t\t\t\t\t<p>S\u00f6zle\u015fmeli bir \u00fcreticiyle \u00e7al\u0131\u015fman\u0131n bir\u00e7ok avantaj\u0131 vard\u0131r, \u00f6ncelikle, de\u011ferli kaynaklar\u0131n\u0131z\u0131n ana i\u015flevleriniz d\u0131\u015f\u0131nda ba\u011fl\u0131 kalmamas\u0131n\u0131 sa\u011flar. Bu g\u00fc\u00e7lendirme, ekibinizin yenilik, stratejik planlama ve \u00fcr\u00fcn yelpazenizi geli\u015ftirme gibi alanlara odaklanmas\u0131n\u0131 sa\u011flar.<\/p><p>\u00a0<\/p>\t\t\t\t\t\t\t\t<\/div>\n\t\t\t\t<\/div>\n\t\t\t\t\t<\/div>\n\t\t\t\t<\/div>\n\t\t<div class=\"elementor-element elementor-element-849bd46 e-flex e-con-boxed e-con e-parent\" data-id=\"849bd46\" data-element_type=\"container\" data-e-type=\"container\">\n\t\t\t\t\t<div class=\"e-con-inner\">\n\t\t\t\t<div class=\"elementor-element elementor-element-9f137ed elementor-widget elementor-widget-heading\" data-id=\"9f137ed\" data-element_type=\"widget\" data-e-type=\"widget\" data-widget_type=\"heading.default\">\n\t\t\t\t<div class=\"elementor-widget-container\">\n\t\t\t\t\t<h3 class=\"elementor-heading-title elementor-size-default\">Fason \u00dcretici Se\u00e7iminde Temel Ad\u0131mlar\n<\/h3>\t\t\t\t<\/div>\n\t\t\t\t<\/div>\n\t\t\t\t\t<\/div>\n\t\t\t\t<\/div>\n\t\t<div class=\"elementor-element elementor-element-2e620d5 e-flex e-con-boxed e-con e-parent\" data-id=\"2e620d5\" data-element_type=\"container\" data-e-type=\"container\">\n\t\t\t\t\t<div class=\"e-con-inner\">\n\t\t<div class=\"elementor-element elementor-element-71b3989 e-con-full e-flex e-con e-child\" data-id=\"71b3989\" data-element_type=\"container\" data-e-type=\"container\">\n\t\t\t\t<div class=\"elementor-element elementor-element-fe8e16e elementor-widget__width-initial elementor-widget elementor-widget-heading\" data-id=\"fe8e16e\" data-element_type=\"widget\" data-e-type=\"widget\" data-widget_type=\"heading.default\">\n\t\t\t\t<div class=\"elementor-widget-container\">\n\t\t\t\t\t<h2 class=\"elementor-heading-title elementor-size-default\">01<\/h2>\t\t\t\t<\/div>\n\t\t\t\t<\/div>\n\t\t\t\t<div class=\"elementor-element elementor-element-915093e elementor-widget elementor-widget-image-box\" data-id=\"915093e\" data-element_type=\"widget\" data-e-type=\"widget\" data-widget_type=\"image-box.default\">\n\t\t\t\t<div class=\"elementor-widget-container\">\n\t\t\t\t\t<div class=\"elementor-image-box-wrapper\"><div class=\"elementor-image-box-content\"><h3 class=\"elementor-image-box-title\">Gereksinimlerinizi A\u00e7\u0131k\u00e7a Belirleyin<\/h3><p class=\"elementor-image-box-description\">\u0130deal fason \u00fcreticiyi se\u00e7menin kritik ad\u0131mlar\u0131ndan biri beklentilerinizle ilgili net bir ileti\u015fimdir. Buna belirli \u00fcr\u00fcn standartlar\u0131, kalite kriterleri ve gummy takviyeleriniz i\u00e7in \u00f6nemli olan benzersiz \u00f6zellikler dahildir. Gummy Worlds olarak, vizyonunuzla uyumlu sorunsuz bir \u00fcretim s\u00fcreci sa\u011flamak i\u00e7in ihtiya\u00e7lar\u0131n\u0131z\u0131 en ba\u015f\u0131ndan itibaren anlamaya \u00f6ncelik veriyoruz.\n<\/p><\/div><\/div>\t\t\t\t<\/div>\n\t\t\t\t<\/div>\n\t\t\t\t<\/div>\n\t\t<div class=\"elementor-element elementor-element-ec44208 e-con-full e-flex e-con e-child\" data-id=\"ec44208\" data-element_type=\"container\" data-e-type=\"container\">\n\t\t\t\t<div class=\"elementor-element elementor-element-4bb88b9 elementor-widget__width-initial elementor-widget elementor-widget-heading\" data-id=\"4bb88b9\" data-element_type=\"widget\" data-e-type=\"widget\" data-widget_type=\"heading.default\">\n\t\t\t\t<div class=\"elementor-widget-container\">\n\t\t\t\t\t<h2 class=\"elementor-heading-title elementor-size-default\">02<\/h2>\t\t\t\t<\/div>\n\t\t\t\t<\/div>\n\t\t\t\t<div class=\"elementor-element elementor-element-fee8b8b elementor-widget elementor-widget-image-box\" data-id=\"fee8b8b\" data-element_type=\"widget\" data-e-type=\"widget\" data-widget_type=\"image-box.default\">\n\t\t\t\t<div class=\"elementor-widget-container\">\n\t\t\t\t\t<div class=\"elementor-image-box-wrapper\"><div class=\"elementor-image-box-content\"><h3 class=\"elementor-image-box-title\">Kalite Standartlar\u0131 \u00d6nemlidir<\/h3><p class=\"elementor-image-box-description\">Her takviye \u00fcreticisi i\u00e7in s\u0131k\u0131 kalite standartlar\u0131n\u0131 korumak \u00e7ok \u00f6nemlidir. \u0130nceleme s\u00fcreciniz s\u0131ras\u0131nda, fason \u00fcreticinin kalite \u00f6l\u00e7\u00fctlerinizle uyumlu oldu\u011fundan ve bunlar\u0131 koruyabilece\u011finden emin olman\u0131z zorunludur. Gummy Worlds olarak \u00fcst\u00fcn ba\u015far\u0131ya olan ba\u011fl\u0131l\u0131\u011f\u0131m\u0131z sars\u0131lmazd\u0131r ve belirledi\u011finiz kalite kriterlerine uyaca\u011f\u0131m\u0131z\u0131 garanti ederiz.\n<\/p><\/div><\/div>\t\t\t\t<\/div>\n\t\t\t\t<\/div>\n\t\t\t\t<\/div>\n\t\t<div class=\"elementor-element elementor-element-cde6f10 e-con-full e-flex e-con e-child\" data-id=\"cde6f10\" data-element_type=\"container\" data-e-type=\"container\">\n\t\t\t\t<div class=\"elementor-element elementor-element-00eb244 elementor-widget__width-initial elementor-widget elementor-widget-heading\" data-id=\"00eb244\" data-element_type=\"widget\" data-e-type=\"widget\" data-widget_type=\"heading.default\">\n\t\t\t\t<div class=\"elementor-widget-container\">\n\t\t\t\t\t<h2 class=\"elementor-heading-title elementor-size-default\">03<\/h2>\t\t\t\t<\/div>\n\t\t\t\t<\/div>\n\t\t\t\t<div class=\"elementor-element elementor-element-e814124 elementor-widget elementor-widget-image-box\" data-id=\"e814124\" data-element_type=\"widget\" data-e-type=\"widget\" data-widget_type=\"image-box.default\">\n\t\t\t\t<div class=\"elementor-widget-container\">\n\t\t\t\t\t<div class=\"elementor-image-box-wrapper\"><div class=\"elementor-image-box-content\"><h3 class=\"elementor-image-box-title\">\u00d6l\u00e7eklenebilirlik ve Gelecekteki B\u00fcy\u00fcme <\/h3><p class=\"elementor-image-box-description\">\u0130\u015fletmeniz geni\u015fledik\u00e7e, \u00fcretimi art\u0131rma kapasitesine sahip bir \u00fcretim orta\u011f\u0131na sahip olmak kritik \u00f6neme sahiptir. G\u00fcvenilir bir s\u00f6zle\u015fmeli \u00fcretici, b\u00fcy\u00fcme trendinize uyum sa\u011flama esnekli\u011fine sahip olmal\u0131d\u0131r. Gummy Worlds olarak, \u00f6l\u00e7eklenebilir altyap\u0131m\u0131z sayesinde artan taleplerinize kolayl\u0131kla adapte olabilir, b\u00f6ylece ihtiya\u00e7lar\u0131n\u0131z geli\u015ftik\u00e7e sorunsuz bir ge\u00e7i\u015f sa\u011flar\u0131z.\n<\/p><\/div><\/div>\t\t\t\t<\/div>\n\t\t\t\t<\/div>\n\t\t\t\t<\/div>\n\t\t\t\t\t<\/div>\n\t\t\t\t<\/div>\n\t\t\t\t<\/div>\n\t\t","protected":false},"excerpt":{"rendered":"<p>Bize iletmek istedi\u011finiz her t\u00fcrl\u00fc g\u00f6r\u00fc\u015f ve \u00f6nerileriniz i\u00e7in formu doldurabilirsiniz. Gummy Worlds olarak, takviye \u00fcr\u00fcn ihtiya\u00e7lar\u0131n\u0131z i\u00e7in do\u011fru s\u00f6zle\u015fmeli \u00fcreticiyi se\u00e7menin \u00f6nemini biliyoruz. Do\u011fru \u00fcretim ekibiyle i\u015fbirli\u011fi yapmak, i\u015finiz i\u00e7in s\u0131n\u0131rs\u0131z olanaklar sunabilir. Biz \u00fcretim s\u00fcrecini y\u00f6netirken, siz kendi g\u00fc\u00e7l\u00fc y\u00f6nlerinize ve yeniliklerinize odaklanabilirsiniz. S\u00f6zle\u015fmeli \u00fcretim hizmetlerimiz, sekt\u00f6rdeki en son teknolojiye ve bilgi birikimine [&hellip;]<\/p>\n","protected":false},"author":2,"featured_media":4134,"parent":0,"menu_order":0,"comment_status":"closed","ping_status":"closed","template":"","meta":{"_acf_changed":false,"inline_featured_image":false,"footnotes":""},"class_list":["post-4490","page","type-page","status-publish","has-post-thumbnail","hentry"],"acf":[],"yoast_head":"<!-- This site is optimized with the Yoast SEO plugin v27.5 - https:\/\/yoast.com\/product\/yoast-seo-wordpress\/ -->\n<title>Fason \u00dcretim - Gummy Worlds<\/title>\n<meta name=\"robots\" content=\"index, follow, max-snippet:-1, max-image-preview:large, max-video-preview:-1\" \/>\n<link rel=\"canonical\" href=\"https:\/\/www.gummyworlds.com\/tr\/fason-uretim\/\" \/>\n<meta property=\"og:locale\" content=\"tr_TR\" \/>\n<meta property=\"og:type\" content=\"article\" \/>\n<meta property=\"og:title\" content=\"Fason \u00dcretim - Gummy Worlds\" \/>\n<meta property=\"og:description\" content=\"Bize iletmek istedi\u011finiz her t\u00fcrl\u00fc g\u00f6r\u00fc\u015f ve \u00f6nerileriniz i\u00e7in formu doldurabilirsiniz. Gummy Worlds olarak, takviye \u00fcr\u00fcn ihtiya\u00e7lar\u0131n\u0131z i\u00e7in do\u011fru s\u00f6zle\u015fmeli \u00fcreticiyi se\u00e7menin \u00f6nemini biliyoruz. Do\u011fru \u00fcretim ekibiyle i\u015fbirli\u011fi yapmak, i\u015finiz i\u00e7in s\u0131n\u0131rs\u0131z olanaklar sunabilir. Biz \u00fcretim s\u00fcrecini y\u00f6netirken, siz kendi g\u00fc\u00e7l\u00fc y\u00f6nlerinize ve yeniliklerinize odaklanabilirsiniz. S\u00f6zle\u015fmeli \u00fcretim hizmetlerimiz, sekt\u00f6rdeki en son teknolojiye ve bilgi birikimine [&hellip;]\" \/>\n<meta property=\"og:url\" content=\"https:\/\/www.gummyworlds.com\/tr\/fason-uretim\/\" \/>\n<meta property=\"og:site_name\" content=\"Gummy Worlds\" \/>\n<meta property=\"article:modified_time\" content=\"2025-06-23T09:42:08+00:00\" \/>\n<meta property=\"og:image\" content=\"https:\/\/www.gummyworlds.com\/wp-content\/uploads\/2024\/03\/gummy-worlds-sq.png\" \/>\n\t<meta property=\"og:image:width\" content=\"500\" \/>\n\t<meta property=\"og:image:height\" content=\"500\" \/>\n\t<meta property=\"og:image:type\" content=\"image\/png\" \/>\n<meta name=\"twitter:card\" content=\"summary_large_image\" \/>\n<meta name=\"twitter:label1\" content=\"Tahmini okuma s\u00fcresi\" \/>\n\t<meta name=\"twitter:data1\" content=\"6 dakika\" \/>\n<script type=\"application\/ld+json\" class=\"yoast-schema-graph\">{\"@context\":\"https:\\\/\\\/schema.org\",\"@graph\":[{\"@type\":\"WebPage\",\"@id\":\"https:\\\/\\\/www.gummyworlds.com\\\/tr\\\/fason-uretim\\\/\",\"url\":\"https:\\\/\\\/www.gummyworlds.com\\\/tr\\\/fason-uretim\\\/\",\"name\":\"Fason \u00dcretim - Gummy Worlds\",\"isPartOf\":{\"@id\":\"https:\\\/\\\/www.gummyworlds.com\\\/tr\\\/#website\"},\"primaryImageOfPage\":{\"@id\":\"https:\\\/\\\/www.gummyworlds.com\\\/tr\\\/fason-uretim\\\/#primaryimage\"},\"image\":{\"@id\":\"https:\\\/\\\/www.gummyworlds.com\\\/tr\\\/fason-uretim\\\/#primaryimage\"},\"thumbnailUrl\":\"https:\\\/\\\/www.gummyworlds.com\\\/wp-content\\\/uploads\\\/2024\\\/03\\\/gummy-worlds-sq.png\",\"datePublished\":\"2024-01-31T07:55:14+00:00\",\"dateModified\":\"2025-06-23T09:42:08+00:00\",\"breadcrumb\":{\"@id\":\"https:\\\/\\\/www.gummyworlds.com\\\/tr\\\/fason-uretim\\\/#breadcrumb\"},\"inLanguage\":\"tr\",\"potentialAction\":[{\"@type\":\"ReadAction\",\"target\":[\"https:\\\/\\\/www.gummyworlds.com\\\/tr\\\/fason-uretim\\\/\"]}]},{\"@type\":\"ImageObject\",\"inLanguage\":\"tr\",\"@id\":\"https:\\\/\\\/www.gummyworlds.com\\\/tr\\\/fason-uretim\\\/#primaryimage\",\"url\":\"https:\\\/\\\/www.gummyworlds.com\\\/wp-content\\\/uploads\\\/2024\\\/03\\\/gummy-worlds-sq.png\",\"contentUrl\":\"https:\\\/\\\/www.gummyworlds.com\\\/wp-content\\\/uploads\\\/2024\\\/03\\\/gummy-worlds-sq.png\",\"width\":500,\"height\":500,\"caption\":\"Gummy Worlds\"},{\"@type\":\"BreadcrumbList\",\"@id\":\"https:\\\/\\\/www.gummyworlds.com\\\/tr\\\/fason-uretim\\\/#breadcrumb\",\"itemListElement\":[{\"@type\":\"ListItem\",\"position\":1,\"name\":\"Home\",\"item\":\"https:\\\/\\\/www.gummyworlds.com\\\/tr\\\/\"},{\"@type\":\"ListItem\",\"position\":2,\"name\":\"Fason \u00dcretim\"}]},{\"@type\":\"WebSite\",\"@id\":\"https:\\\/\\\/www.gummyworlds.com\\\/tr\\\/#website\",\"url\":\"https:\\\/\\\/www.gummyworlds.com\\\/tr\\\/\",\"name\":\"Gummy Worlds\",\"description\":\"\",\"publisher\":{\"@id\":\"https:\\\/\\\/www.gummyworlds.com\\\/tr\\\/#organization\"},\"potentialAction\":[{\"@type\":\"SearchAction\",\"target\":{\"@type\":\"EntryPoint\",\"urlTemplate\":\"https:\\\/\\\/www.gummyworlds.com\\\/tr\\\/?s={search_term_string}\"},\"query-input\":{\"@type\":\"PropertyValueSpecification\",\"valueRequired\":true,\"valueName\":\"search_term_string\"}}],\"inLanguage\":\"tr\"},{\"@type\":\"Organization\",\"@id\":\"https:\\\/\\\/www.gummyworlds.com\\\/tr\\\/#organization\",\"name\":\"Gummy Worlds\",\"url\":\"https:\\\/\\\/www.gummyworlds.com\\\/tr\\\/\",\"logo\":{\"@type\":\"ImageObject\",\"inLanguage\":\"tr\",\"@id\":\"https:\\\/\\\/www.gummyworlds.com\\\/tr\\\/#\\\/schema\\\/logo\\\/image\\\/\",\"url\":\"https:\\\/\\\/www.gummyworlds.com\\\/wp-content\\\/uploads\\\/2024\\\/03\\\/gummy-worlds-sq.png\",\"contentUrl\":\"https:\\\/\\\/www.gummyworlds.com\\\/wp-content\\\/uploads\\\/2024\\\/03\\\/gummy-worlds-sq.png\",\"width\":500,\"height\":500,\"caption\":\"Gummy Worlds\"},\"image\":{\"@id\":\"https:\\\/\\\/www.gummyworlds.com\\\/tr\\\/#\\\/schema\\\/logo\\\/image\\\/\"}}]}<\/script>\n<!-- \/ Yoast SEO plugin. -->","yoast_head_json":{"title":"Fason \u00dcretim - Gummy Worlds","robots":{"index":"index","follow":"follow","max-snippet":"max-snippet:-1","max-image-preview":"max-image-preview:large","max-video-preview":"max-video-preview:-1"},"canonical":"https:\/\/www.gummyworlds.com\/tr\/fason-uretim\/","og_locale":"tr_TR","og_type":"article","og_title":"Fason \u00dcretim - Gummy Worlds","og_description":"Bize iletmek istedi\u011finiz her t\u00fcrl\u00fc g\u00f6r\u00fc\u015f ve \u00f6nerileriniz i\u00e7in formu doldurabilirsiniz. Gummy Worlds olarak, takviye \u00fcr\u00fcn ihtiya\u00e7lar\u0131n\u0131z i\u00e7in do\u011fru s\u00f6zle\u015fmeli \u00fcreticiyi se\u00e7menin \u00f6nemini biliyoruz. Do\u011fru \u00fcretim ekibiyle i\u015fbirli\u011fi yapmak, i\u015finiz i\u00e7in s\u0131n\u0131rs\u0131z olanaklar sunabilir. Biz \u00fcretim s\u00fcrecini y\u00f6netirken, siz kendi g\u00fc\u00e7l\u00fc y\u00f6nlerinize ve yeniliklerinize odaklanabilirsiniz. S\u00f6zle\u015fmeli \u00fcretim hizmetlerimiz, sekt\u00f6rdeki en son teknolojiye ve bilgi birikimine [&hellip;]","og_url":"https:\/\/www.gummyworlds.com\/tr\/fason-uretim\/","og_site_name":"Gummy Worlds","article_modified_time":"2025-06-23T09:42:08+00:00","og_image":[{"width":500,"height":500,"url":"https:\/\/www.gummyworlds.com\/wp-content\/uploads\/2024\/03\/gummy-worlds-sq.png","type":"image\/png"}],"twitter_card":"summary_large_image","twitter_misc":{"Tahmini okuma s\u00fcresi":"6 dakika"},"schema":{"@context":"https:\/\/schema.org","@graph":[{"@type":"WebPage","@id":"https:\/\/www.gummyworlds.com\/tr\/fason-uretim\/","url":"https:\/\/www.gummyworlds.com\/tr\/fason-uretim\/","name":"Fason \u00dcretim - Gummy Worlds","isPartOf":{"@id":"https:\/\/www.gummyworlds.com\/tr\/#website"},"primaryImageOfPage":{"@id":"https:\/\/www.gummyworlds.com\/tr\/fason-uretim\/#primaryimage"},"image":{"@id":"https:\/\/www.gummyworlds.com\/tr\/fason-uretim\/#primaryimage"},"thumbnailUrl":"https:\/\/www.gummyworlds.com\/wp-content\/uploads\/2024\/03\/gummy-worlds-sq.png","datePublished":"2024-01-31T07:55:14+00:00","dateModified":"2025-06-23T09:42:08+00:00","breadcrumb":{"@id":"https:\/\/www.gummyworlds.com\/tr\/fason-uretim\/#breadcrumb"},"inLanguage":"tr","potentialAction":[{"@type":"ReadAction","target":["https:\/\/www.gummyworlds.com\/tr\/fason-uretim\/"]}]},{"@type":"ImageObject","inLanguage":"tr","@id":"https:\/\/www.gummyworlds.com\/tr\/fason-uretim\/#primaryimage","url":"https:\/\/www.gummyworlds.com\/wp-content\/uploads\/2024\/03\/gummy-worlds-sq.png","contentUrl":"https:\/\/www.gummyworlds.com\/wp-content\/uploads\/2024\/03\/gummy-worlds-sq.png","width":500,"height":500,"caption":"Gummy Worlds"},{"@type":"BreadcrumbList","@id":"https:\/\/www.gummyworlds.com\/tr\/fason-uretim\/#breadcrumb","itemListElement":[{"@type":"ListItem","position":1,"name":"Home","item":"https:\/\/www.gummyworlds.com\/tr\/"},{"@type":"ListItem","position":2,"name":"Fason \u00dcretim"}]},{"@type":"WebSite","@id":"https:\/\/www.gummyworlds.com\/tr\/#website","url":"https:\/\/www.gummyworlds.com\/tr\/","name":"Gummy Worlds","description":"","publisher":{"@id":"https:\/\/www.gummyworlds.com\/tr\/#organization"},"potentialAction":[{"@type":"SearchAction","target":{"@type":"EntryPoint","urlTemplate":"https:\/\/www.gummyworlds.com\/tr\/?s={search_term_string}"},"query-input":{"@type":"PropertyValueSpecification","valueRequired":true,"valueName":"search_term_string"}}],"inLanguage":"tr"},{"@type":"Organization","@id":"https:\/\/www.gummyworlds.com\/tr\/#organization","name":"Gummy Worlds","url":"https:\/\/www.gummyworlds.com\/tr\/","logo":{"@type":"ImageObject","inLanguage":"tr","@id":"https:\/\/www.gummyworlds.com\/tr\/#\/schema\/logo\/image\/","url":"https:\/\/www.gummyworlds.com\/wp-content\/uploads\/2024\/03\/gummy-worlds-sq.png","contentUrl":"https:\/\/www.gummyworlds.com\/wp-content\/uploads\/2024\/03\/gummy-worlds-sq.png","width":500,"height":500,"caption":"Gummy Worlds"},"image":{"@id":"https:\/\/www.gummyworlds.com\/tr\/#\/schema\/logo\/image\/"}}]}},"_links":{"self":[{"href":"https:\/\/www.gummyworlds.com\/tr\/wp-json\/wp\/v2\/pages\/4490","targetHints":{"allow":["GET"]}}],"collection":[{"href":"https:\/\/www.gummyworlds.com\/tr\/wp-json\/wp\/v2\/pages"}],"about":[{"href":"https:\/\/www.gummyworlds.com\/tr\/wp-json\/wp\/v2\/types\/page"}],"author":[{"embeddable":true,"href":"https:\/\/www.gummyworlds.com\/tr\/wp-json\/wp\/v2\/users\/2"}],"replies":[{"embeddable":true,"href":"https:\/\/www.gummyworlds.com\/tr\/wp-json\/wp\/v2\/comments?post=4490"}],"version-history":[{"count":25,"href":"https:\/\/www.gummyworlds.com\/tr\/wp-json\/wp\/v2\/pages\/4490\/revisions"}],"predecessor-version":[{"id":6708,"href":"https:\/\/www.gummyworlds.com\/tr\/wp-json\/wp\/v2\/pages\/4490\/revisions\/6708"}],"wp:featuredmedia":[{"embeddable":true,"href":"https:\/\/www.gummyworlds.com\/tr\/wp-json\/wp\/v2\/media\/4134"}],"wp:attachment":[{"href":"https:\/\/www.gummyworlds.com\/tr\/wp-json\/wp\/v2\/media?parent=4490"}],"curies":[{"name":"wp","href":"https:\/\/api.w.org\/{rel}","templated":true}]}}