{"id":4412,"date":"2024-01-27T14:31:52","date_gmt":"2024-01-27T11:31:52","guid":{"rendered":"https:\/\/www.gummyworlds.com\/?page_id=4412"},"modified":"2025-08-08T15:42:50","modified_gmt":"2025-08-08T12:42:50","slug":"kalite-guvence","status":"publish","type":"page","link":"https:\/\/www.gummyworlds.com\/tr\/kalite-politikasi\/kalite-guvence\/","title":{"rendered":"Kalite G\u00fcvence"},"content":{"rendered":"\t\t<div data-elementor-type=\"wp-page\" data-elementor-id=\"4412\" class=\"elementor elementor-4412 elementor-48\" data-elementor-post-type=\"page\">\n\t\t\t\t<div class=\"elementor-element elementor-element-7d816da e-flex e-con-boxed e-con e-parent\" data-id=\"7d816da\" data-element_type=\"container\" data-e-type=\"container\">\n\t\t\t\t\t<div class=\"e-con-inner\">\n\t\t\t\t<div class=\"elementor-element elementor-element-a440ccd elementor-invisible elementor-widget elementor-widget-heading\" data-id=\"a440ccd\" data-element_type=\"widget\" data-e-type=\"widget\" data-settings=\"{&quot;_animation&quot;:&quot;slideInUp&quot;}\" data-widget_type=\"heading.default\">\n\t\t\t\t<div class=\"elementor-widget-container\">\n\t\t\t\t\t<h2 class=\"elementor-heading-title elementor-size-default\">En \u0130leri Teknoloji ve K\u00fcresel Kalite Standartlar\u0131yla Gummyler Sunuyoruz!\n<\/h2>\t\t\t\t<\/div>\n\t\t\t\t<\/div>\n\t\t\t\t<div class=\"elementor-element elementor-element-2583000 elementor-widget elementor-widget-text-editor\" data-id=\"2583000\" data-element_type=\"widget\" data-e-type=\"widget\" data-widget_type=\"text-editor.default\">\n\t\t\t\t<div class=\"elementor-widget-container\">\n\t\t\t\t\t\t\t\t\t<p>Gummy Worlds olarak \u00fcretimin her a\u015famas\u0131nda kaliteye b\u00fcy\u00fck \u00f6nem veriyoruz. Bu ba\u011fl\u0131l\u0131\u011f\u0131m\u0131z, sahip oldu\u011fumuz uluslararas\u0131 sertifikalarla da kan\u0131tlanmaktad\u0131r. \u00dcr\u00fcnlerimiz ba\u015ftan sona titiz bir inceleme ve test s\u00fcrecinden ge\u00e7mektedir. Hammaddelerimizi \u00f6zenle se\u00e7mekte ve \u00fcretim s\u00fcrecinde hi\u00e7bir ayr\u0131nt\u0131y\u0131 g\u00f6zden ka\u00e7\u0131rmamaktay\u0131z. Detaylara g\u00f6sterilen bu \u00f6zen, kalitenin her ad\u0131mda garanti edilmesini sa\u011flamaktad\u0131r. Gummy Worlds olarak her zaman en iyisini sunmaya s\u00f6z veriyoruz. \u00dcr\u00fcnlerimiz kaliteye olan ba\u011fl\u0131l\u0131\u011f\u0131m\u0131z\u0131n bir yans\u0131mas\u0131d\u0131r ve siz de\u011ferli m\u00fc\u015fterilerimize g\u00fcvenle sunulmaktad\u0131r.<\/p>\t\t\t\t\t\t\t\t<\/div>\n\t\t\t\t<\/div>\n\t\t\t\t<div class=\"elementor-element elementor-element-d9b27ba elementor-widget elementor-widget-heading\" data-id=\"d9b27ba\" data-element_type=\"widget\" data-e-type=\"widget\" data-widget_type=\"heading.default\">\n\t\t\t\t<div class=\"elementor-widget-container\">\n\t\t\t\t\t<h4 class=\"elementor-heading-title elementor-size-default\">Uluslararas\u0131 Kalite Belgeleri\n<\/h4>\t\t\t\t<\/div>\n\t\t\t\t<\/div>\n\t\t\t\t<div class=\"elementor-element elementor-element-8b89893 elementor-widget elementor-widget-text-editor\" data-id=\"8b89893\" data-element_type=\"widget\" data-e-type=\"widget\" data-widget_type=\"text-editor.default\">\n\t\t\t\t<div class=\"elementor-widget-container\">\n\t\t\t\t\t\t\t\t\t<p>G\u00fcvenlik ve \u015feffafl\u0131\u011fa \u00f6ncelik vermekte, gummy takviyelerimizin end\u00fcstri standartlar\u0131n\u0131 kar\u015f\u0131lamas\u0131n\u0131 veya a\u015fmas\u0131n\u0131 sa\u011flamaktay\u0131z.<br \/>Gummy \u00fcretim faaliyetleri ilgili bakanl\u0131klar taraf\u0131ndan onaylanm\u0131\u015ft\u0131r ve t\u00fcm \u00fcr\u00fcnler uluslararas\u0131 akredite kurulu\u015flar taraf\u0131ndan BRC, GMP, HACCP, ISO 22000, ISO 9001, Helal sertifikal\u0131d\u0131r.<\/p>\t\t\t\t\t\t\t\t<\/div>\n\t\t\t\t<\/div>\n\t\t\t\t\t<\/div>\n\t\t\t\t<\/div>\n\t\t<div class=\"elementor-element elementor-element-c0e400b e-flex e-con-boxed e-con e-parent\" data-id=\"c0e400b\" data-element_type=\"container\" data-e-type=\"container\">\n\t\t\t\t\t<div class=\"e-con-inner\">\n\t\t<div class=\"elementor-element elementor-element-4c2e69b e-con-full e-flex e-con e-child\" data-id=\"4c2e69b\" data-element_type=\"container\" data-e-type=\"container\">\n\t\t\t\t<div class=\"elementor-element elementor-element-238c738 elementor-widget elementor-widget-image\" data-id=\"238c738\" data-element_type=\"widget\" data-e-type=\"widget\" data-widget_type=\"image.default\">\n\t\t\t\t<div class=\"elementor-widget-container\">\n\t\t\t\t\t\t\t\t\t\t\t\t\t\t\t<img decoding=\"async\" width=\"200\" height=\"200\" src=\"https:\/\/www.gummyworlds.com\/wp-content\/uploads\/2025\/08\/FDA.jpg\" class=\"attachment-large size-large wp-image-7397\" alt=\"\" srcset=\"https:\/\/www.gummyworlds.com\/wp-content\/uploads\/2025\/08\/FDA.jpg 200w, https:\/\/www.gummyworlds.com\/wp-content\/uploads\/2025\/08\/FDA-150x150.jpg 150w\" sizes=\"(max-width: 200px) 100vw, 200px\" \/>\t\t\t\t\t\t\t\t\t\t\t\t\t\t\t<\/div>\n\t\t\t\t<\/div>\n\t\t\t\t<\/div>\n\t\t<div class=\"elementor-element elementor-element-bf770df e-con-full e-flex e-con e-child\" data-id=\"bf770df\" data-element_type=\"container\" data-e-type=\"container\">\n\t\t\t\t<div class=\"elementor-element elementor-element-6d6af83 elementor-widget elementor-widget-image\" data-id=\"6d6af83\" data-element_type=\"widget\" data-e-type=\"widget\" data-widget_type=\"image.default\">\n\t\t\t\t<div class=\"elementor-widget-container\">\n\t\t\t\t\t\t\t\t\t\t\t\t\t\t\t<img decoding=\"async\" width=\"145\" height=\"199\" src=\"https:\/\/www.gummyworlds.com\/wp-content\/uploads\/2024\/01\/brc-e1706701106125.webp\" class=\"attachment-large size-large wp-image-1273\" alt=\"\" \/>\t\t\t\t\t\t\t\t\t\t\t\t\t\t\t<\/div>\n\t\t\t\t<\/div>\n\t\t\t\t<\/div>\n\t\t<div class=\"elementor-element elementor-element-de268aa e-con-full e-flex e-con e-child\" data-id=\"de268aa\" data-element_type=\"container\" data-e-type=\"container\">\n\t\t\t\t<div class=\"elementor-element elementor-element-7f22f58 elementor-widget elementor-widget-image\" data-id=\"7f22f58\" data-element_type=\"widget\" data-e-type=\"widget\" data-widget_type=\"image.default\">\n\t\t\t\t<div class=\"elementor-widget-container\">\n\t\t\t\t\t\t\t\t\t\t\t\t\t\t\t<img decoding=\"async\" width=\"203\" height=\"199\" src=\"https:\/\/www.gummyworlds.com\/wp-content\/uploads\/2024\/01\/gmp.webp\" class=\"attachment-full size-full wp-image-1275\" alt=\"\" \/>\t\t\t\t\t\t\t\t\t\t\t\t\t\t\t<\/div>\n\t\t\t\t<\/div>\n\t\t\t\t<\/div>\n\t\t<div class=\"elementor-element elementor-element-fbf122d e-con-full e-flex e-con e-child\" data-id=\"fbf122d\" data-element_type=\"container\" data-e-type=\"container\">\n\t\t\t\t<div class=\"elementor-element elementor-element-03dc069 elementor-widget elementor-widget-image\" data-id=\"03dc069\" data-element_type=\"widget\" data-e-type=\"widget\" data-widget_type=\"image.default\">\n\t\t\t\t<div class=\"elementor-widget-container\">\n\t\t\t\t\t\t\t\t\t\t\t\t\t\t\t<img loading=\"lazy\" decoding=\"async\" width=\"232\" height=\"199\" src=\"https:\/\/www.gummyworlds.com\/wp-content\/uploads\/2024\/01\/haccp.webp\" class=\"attachment-full size-full wp-image-1277\" alt=\"\" \/>\t\t\t\t\t\t\t\t\t\t\t\t\t\t\t<\/div>\n\t\t\t\t<\/div>\n\t\t\t\t<\/div>\n\t\t<div class=\"elementor-element elementor-element-aca25b1 e-con-full e-flex e-con e-child\" data-id=\"aca25b1\" data-element_type=\"container\" data-e-type=\"container\">\n\t\t\t\t<div class=\"elementor-element elementor-element-a016f2e elementor-widget elementor-widget-image\" data-id=\"a016f2e\" data-element_type=\"widget\" data-e-type=\"widget\" data-widget_type=\"image.default\">\n\t\t\t\t<div class=\"elementor-widget-container\">\n\t\t\t\t\t\t\t\t\t\t\t\t\t\t\t<img loading=\"lazy\" decoding=\"async\" width=\"219\" height=\"199\" src=\"https:\/\/www.gummyworlds.com\/wp-content\/uploads\/2024\/01\/iso-22000.webp\" class=\"attachment-full size-full wp-image-1271\" alt=\"\" \/>\t\t\t\t\t\t\t\t\t\t\t\t\t\t\t<\/div>\n\t\t\t\t<\/div>\n\t\t\t\t<\/div>\n\t\t<div class=\"elementor-element elementor-element-0109937 e-con-full e-flex e-con e-child\" data-id=\"0109937\" data-element_type=\"container\" data-e-type=\"container\">\n\t\t\t\t<div class=\"elementor-element elementor-element-366b1f4 elementor-widget elementor-widget-image\" data-id=\"366b1f4\" data-element_type=\"widget\" data-e-type=\"widget\" data-widget_type=\"image.default\">\n\t\t\t\t<div class=\"elementor-widget-container\">\n\t\t\t\t\t\t\t\t\t\t\t\t\t\t\t<img loading=\"lazy\" decoding=\"async\" width=\"214\" height=\"199\" src=\"https:\/\/www.gummyworlds.com\/wp-content\/uploads\/2024\/01\/iso-9001.webp\" class=\"attachment-full size-full wp-image-1281\" alt=\"\" \/>\t\t\t\t\t\t\t\t\t\t\t\t\t\t\t<\/div>\n\t\t\t\t<\/div>\n\t\t\t\t<\/div>\n\t\t<div class=\"elementor-element elementor-element-8ae9501 e-con-full e-flex e-con e-child\" data-id=\"8ae9501\" data-element_type=\"container\" data-e-type=\"container\">\n\t\t\t\t<div class=\"elementor-element elementor-element-79e31ef elementor-widget elementor-widget-image\" data-id=\"79e31ef\" data-element_type=\"widget\" data-e-type=\"widget\" data-widget_type=\"image.default\">\n\t\t\t\t<div class=\"elementor-widget-container\">\n\t\t\t\t\t\t\t\t\t\t\t\t\t\t\t<img loading=\"lazy\" decoding=\"async\" width=\"182\" height=\"199\" src=\"https:\/\/www.gummyworlds.com\/wp-content\/uploads\/2024\/01\/halal.webp\" class=\"attachment-full size-full wp-image-1279\" alt=\"\" \/>\t\t\t\t\t\t\t\t\t\t\t\t\t\t\t<\/div>\n\t\t\t\t<\/div>\n\t\t\t\t<\/div>\n\t\t\t\t\t<\/div>\n\t\t\t\t<\/div>\n\t\t\t\t<\/div>\n\t\t","protected":false},"excerpt":{"rendered":"<p>En \u0130leri Teknoloji ve K\u00fcresel Kalite Standartlar\u0131yla Gummyler Sunuyoruz! Gummy Worlds olarak \u00fcretimin her a\u015famas\u0131nda kaliteye b\u00fcy\u00fck \u00f6nem veriyoruz. Bu ba\u011fl\u0131l\u0131\u011f\u0131m\u0131z, sahip oldu\u011fumuz uluslararas\u0131 sertifikalarla da kan\u0131tlanmaktad\u0131r. \u00dcr\u00fcnlerimiz ba\u015ftan sona titiz bir inceleme ve test s\u00fcrecinden ge\u00e7mektedir. Hammaddelerimizi \u00f6zenle se\u00e7mekte ve \u00fcretim s\u00fcrecinde hi\u00e7bir ayr\u0131nt\u0131y\u0131 g\u00f6zden ka\u00e7\u0131rmamaktay\u0131z. Detaylara g\u00f6sterilen bu \u00f6zen, kalitenin her ad\u0131mda garanti [&hellip;]<\/p>\n","protected":false},"author":2,"featured_media":4134,"parent":4392,"menu_order":0,"comment_status":"closed","ping_status":"closed","template":"","meta":{"_acf_changed":false,"inline_featured_image":false,"footnotes":""},"class_list":["post-4412","page","type-page","status-publish","has-post-thumbnail","hentry"],"acf":[],"yoast_head":"<!-- This site is optimized with the Yoast SEO plugin v27.5 - https:\/\/yoast.com\/product\/yoast-seo-wordpress\/ -->\n<title>Kalite G\u00fcvence - Gummy Worlds<\/title>\n<meta name=\"robots\" content=\"index, follow, max-snippet:-1, max-image-preview:large, max-video-preview:-1\" \/>\n<link rel=\"canonical\" href=\"https:\/\/www.gummyworlds.com\/tr\/kalite-politikasi\/kalite-guvence\/\" \/>\n<meta property=\"og:locale\" content=\"tr_TR\" \/>\n<meta property=\"og:type\" content=\"article\" \/>\n<meta property=\"og:title\" content=\"Kalite G\u00fcvence - Gummy Worlds\" \/>\n<meta property=\"og:description\" content=\"En \u0130leri Teknoloji ve K\u00fcresel Kalite Standartlar\u0131yla Gummyler Sunuyoruz! Gummy Worlds olarak \u00fcretimin her a\u015famas\u0131nda kaliteye b\u00fcy\u00fck \u00f6nem veriyoruz. Bu ba\u011fl\u0131l\u0131\u011f\u0131m\u0131z, sahip oldu\u011fumuz uluslararas\u0131 sertifikalarla da kan\u0131tlanmaktad\u0131r. \u00dcr\u00fcnlerimiz ba\u015ftan sona titiz bir inceleme ve test s\u00fcrecinden ge\u00e7mektedir. Hammaddelerimizi \u00f6zenle se\u00e7mekte ve \u00fcretim s\u00fcrecinde hi\u00e7bir ayr\u0131nt\u0131y\u0131 g\u00f6zden ka\u00e7\u0131rmamaktay\u0131z. Detaylara g\u00f6sterilen bu \u00f6zen, kalitenin her ad\u0131mda garanti [&hellip;]\" \/>\n<meta property=\"og:url\" content=\"https:\/\/www.gummyworlds.com\/tr\/kalite-politikasi\/kalite-guvence\/\" \/>\n<meta property=\"og:site_name\" content=\"Gummy Worlds\" \/>\n<meta property=\"article:modified_time\" content=\"2025-08-08T12:42:50+00:00\" \/>\n<meta property=\"og:image\" content=\"https:\/\/www.gummyworlds.com\/wp-content\/uploads\/2024\/03\/gummy-worlds-sq.png\" \/>\n\t<meta property=\"og:image:width\" content=\"500\" \/>\n\t<meta property=\"og:image:height\" content=\"500\" \/>\n\t<meta property=\"og:image:type\" content=\"image\/png\" \/>\n<meta name=\"twitter:card\" content=\"summary_large_image\" \/>\n<meta name=\"twitter:label1\" content=\"Tahmini okuma s\u00fcresi\" \/>\n\t<meta name=\"twitter:data1\" content=\"3 dakika\" \/>\n<script type=\"application\/ld+json\" class=\"yoast-schema-graph\">{\"@context\":\"https:\\\/\\\/schema.org\",\"@graph\":[{\"@type\":\"WebPage\",\"@id\":\"https:\\\/\\\/www.gummyworlds.com\\\/tr\\\/kalite-politikasi\\\/kalite-guvence\\\/\",\"url\":\"https:\\\/\\\/www.gummyworlds.com\\\/tr\\\/kalite-politikasi\\\/kalite-guvence\\\/\",\"name\":\"Kalite G\u00fcvence - Gummy Worlds\",\"isPartOf\":{\"@id\":\"https:\\\/\\\/www.gummyworlds.com\\\/tr\\\/#website\"},\"primaryImageOfPage\":{\"@id\":\"https:\\\/\\\/www.gummyworlds.com\\\/tr\\\/kalite-politikasi\\\/kalite-guvence\\\/#primaryimage\"},\"image\":{\"@id\":\"https:\\\/\\\/www.gummyworlds.com\\\/tr\\\/kalite-politikasi\\\/kalite-guvence\\\/#primaryimage\"},\"thumbnailUrl\":\"https:\\\/\\\/www.gummyworlds.com\\\/wp-content\\\/uploads\\\/2024\\\/03\\\/gummy-worlds-sq.png\",\"datePublished\":\"2024-01-27T11:31:52+00:00\",\"dateModified\":\"2025-08-08T12:42:50+00:00\",\"breadcrumb\":{\"@id\":\"https:\\\/\\\/www.gummyworlds.com\\\/tr\\\/kalite-politikasi\\\/kalite-guvence\\\/#breadcrumb\"},\"inLanguage\":\"tr\",\"potentialAction\":[{\"@type\":\"ReadAction\",\"target\":[\"https:\\\/\\\/www.gummyworlds.com\\\/tr\\\/kalite-politikasi\\\/kalite-guvence\\\/\"]}]},{\"@type\":\"ImageObject\",\"inLanguage\":\"tr\",\"@id\":\"https:\\\/\\\/www.gummyworlds.com\\\/tr\\\/kalite-politikasi\\\/kalite-guvence\\\/#primaryimage\",\"url\":\"https:\\\/\\\/www.gummyworlds.com\\\/wp-content\\\/uploads\\\/2024\\\/03\\\/gummy-worlds-sq.png\",\"contentUrl\":\"https:\\\/\\\/www.gummyworlds.com\\\/wp-content\\\/uploads\\\/2024\\\/03\\\/gummy-worlds-sq.png\",\"width\":500,\"height\":500,\"caption\":\"Gummy Worlds\"},{\"@type\":\"BreadcrumbList\",\"@id\":\"https:\\\/\\\/www.gummyworlds.com\\\/tr\\\/kalite-politikasi\\\/kalite-guvence\\\/#breadcrumb\",\"itemListElement\":[{\"@type\":\"ListItem\",\"position\":1,\"name\":\"Home\",\"item\":\"https:\\\/\\\/www.gummyworlds.com\\\/tr\\\/\"},{\"@type\":\"ListItem\",\"position\":2,\"name\":\"Kalite Politikas\u0131\",\"item\":\"https:\\\/\\\/www.gummyworlds.com\\\/tr\\\/kalite-politikasi\\\/\"},{\"@type\":\"ListItem\",\"position\":3,\"name\":\"Kalite G\u00fcvence\"}]},{\"@type\":\"WebSite\",\"@id\":\"https:\\\/\\\/www.gummyworlds.com\\\/tr\\\/#website\",\"url\":\"https:\\\/\\\/www.gummyworlds.com\\\/tr\\\/\",\"name\":\"Gummy Worlds\",\"description\":\"\",\"publisher\":{\"@id\":\"https:\\\/\\\/www.gummyworlds.com\\\/tr\\\/#organization\"},\"potentialAction\":[{\"@type\":\"SearchAction\",\"target\":{\"@type\":\"EntryPoint\",\"urlTemplate\":\"https:\\\/\\\/www.gummyworlds.com\\\/tr\\\/?s={search_term_string}\"},\"query-input\":{\"@type\":\"PropertyValueSpecification\",\"valueRequired\":true,\"valueName\":\"search_term_string\"}}],\"inLanguage\":\"tr\"},{\"@type\":\"Organization\",\"@id\":\"https:\\\/\\\/www.gummyworlds.com\\\/tr\\\/#organization\",\"name\":\"Gummy Worlds\",\"url\":\"https:\\\/\\\/www.gummyworlds.com\\\/tr\\\/\",\"logo\":{\"@type\":\"ImageObject\",\"inLanguage\":\"tr\",\"@id\":\"https:\\\/\\\/www.gummyworlds.com\\\/tr\\\/#\\\/schema\\\/logo\\\/image\\\/\",\"url\":\"https:\\\/\\\/www.gummyworlds.com\\\/wp-content\\\/uploads\\\/2024\\\/03\\\/gummy-worlds-sq.png\",\"contentUrl\":\"https:\\\/\\\/www.gummyworlds.com\\\/wp-content\\\/uploads\\\/2024\\\/03\\\/gummy-worlds-sq.png\",\"width\":500,\"height\":500,\"caption\":\"Gummy Worlds\"},\"image\":{\"@id\":\"https:\\\/\\\/www.gummyworlds.com\\\/tr\\\/#\\\/schema\\\/logo\\\/image\\\/\"}}]}<\/script>\n<!-- \/ Yoast SEO plugin. -->","yoast_head_json":{"title":"Kalite G\u00fcvence - Gummy Worlds","robots":{"index":"index","follow":"follow","max-snippet":"max-snippet:-1","max-image-preview":"max-image-preview:large","max-video-preview":"max-video-preview:-1"},"canonical":"https:\/\/www.gummyworlds.com\/tr\/kalite-politikasi\/kalite-guvence\/","og_locale":"tr_TR","og_type":"article","og_title":"Kalite G\u00fcvence - Gummy Worlds","og_description":"En \u0130leri Teknoloji ve K\u00fcresel Kalite Standartlar\u0131yla Gummyler Sunuyoruz! Gummy Worlds olarak \u00fcretimin her a\u015famas\u0131nda kaliteye b\u00fcy\u00fck \u00f6nem veriyoruz. Bu ba\u011fl\u0131l\u0131\u011f\u0131m\u0131z, sahip oldu\u011fumuz uluslararas\u0131 sertifikalarla da kan\u0131tlanmaktad\u0131r. \u00dcr\u00fcnlerimiz ba\u015ftan sona titiz bir inceleme ve test s\u00fcrecinden ge\u00e7mektedir. Hammaddelerimizi \u00f6zenle se\u00e7mekte ve \u00fcretim s\u00fcrecinde hi\u00e7bir ayr\u0131nt\u0131y\u0131 g\u00f6zden ka\u00e7\u0131rmamaktay\u0131z. Detaylara g\u00f6sterilen bu \u00f6zen, kalitenin her ad\u0131mda garanti [&hellip;]","og_url":"https:\/\/www.gummyworlds.com\/tr\/kalite-politikasi\/kalite-guvence\/","og_site_name":"Gummy Worlds","article_modified_time":"2025-08-08T12:42:50+00:00","og_image":[{"width":500,"height":500,"url":"https:\/\/www.gummyworlds.com\/wp-content\/uploads\/2024\/03\/gummy-worlds-sq.png","type":"image\/png"}],"twitter_card":"summary_large_image","twitter_misc":{"Tahmini okuma s\u00fcresi":"3 dakika"},"schema":{"@context":"https:\/\/schema.org","@graph":[{"@type":"WebPage","@id":"https:\/\/www.gummyworlds.com\/tr\/kalite-politikasi\/kalite-guvence\/","url":"https:\/\/www.gummyworlds.com\/tr\/kalite-politikasi\/kalite-guvence\/","name":"Kalite G\u00fcvence - Gummy Worlds","isPartOf":{"@id":"https:\/\/www.gummyworlds.com\/tr\/#website"},"primaryImageOfPage":{"@id":"https:\/\/www.gummyworlds.com\/tr\/kalite-politikasi\/kalite-guvence\/#primaryimage"},"image":{"@id":"https:\/\/www.gummyworlds.com\/tr\/kalite-politikasi\/kalite-guvence\/#primaryimage"},"thumbnailUrl":"https:\/\/www.gummyworlds.com\/wp-content\/uploads\/2024\/03\/gummy-worlds-sq.png","datePublished":"2024-01-27T11:31:52+00:00","dateModified":"2025-08-08T12:42:50+00:00","breadcrumb":{"@id":"https:\/\/www.gummyworlds.com\/tr\/kalite-politikasi\/kalite-guvence\/#breadcrumb"},"inLanguage":"tr","potentialAction":[{"@type":"ReadAction","target":["https:\/\/www.gummyworlds.com\/tr\/kalite-politikasi\/kalite-guvence\/"]}]},{"@type":"ImageObject","inLanguage":"tr","@id":"https:\/\/www.gummyworlds.com\/tr\/kalite-politikasi\/kalite-guvence\/#primaryimage","url":"https:\/\/www.gummyworlds.com\/wp-content\/uploads\/2024\/03\/gummy-worlds-sq.png","contentUrl":"https:\/\/www.gummyworlds.com\/wp-content\/uploads\/2024\/03\/gummy-worlds-sq.png","width":500,"height":500,"caption":"Gummy Worlds"},{"@type":"BreadcrumbList","@id":"https:\/\/www.gummyworlds.com\/tr\/kalite-politikasi\/kalite-guvence\/#breadcrumb","itemListElement":[{"@type":"ListItem","position":1,"name":"Home","item":"https:\/\/www.gummyworlds.com\/tr\/"},{"@type":"ListItem","position":2,"name":"Kalite Politikas\u0131","item":"https:\/\/www.gummyworlds.com\/tr\/kalite-politikasi\/"},{"@type":"ListItem","position":3,"name":"Kalite G\u00fcvence"}]},{"@type":"WebSite","@id":"https:\/\/www.gummyworlds.com\/tr\/#website","url":"https:\/\/www.gummyworlds.com\/tr\/","name":"Gummy Worlds","description":"","publisher":{"@id":"https:\/\/www.gummyworlds.com\/tr\/#organization"},"potentialAction":[{"@type":"SearchAction","target":{"@type":"EntryPoint","urlTemplate":"https:\/\/www.gummyworlds.com\/tr\/?s={search_term_string}"},"query-input":{"@type":"PropertyValueSpecification","valueRequired":true,"valueName":"search_term_string"}}],"inLanguage":"tr"},{"@type":"Organization","@id":"https:\/\/www.gummyworlds.com\/tr\/#organization","name":"Gummy Worlds","url":"https:\/\/www.gummyworlds.com\/tr\/","logo":{"@type":"ImageObject","inLanguage":"tr","@id":"https:\/\/www.gummyworlds.com\/tr\/#\/schema\/logo\/image\/","url":"https:\/\/www.gummyworlds.com\/wp-content\/uploads\/2024\/03\/gummy-worlds-sq.png","contentUrl":"https:\/\/www.gummyworlds.com\/wp-content\/uploads\/2024\/03\/gummy-worlds-sq.png","width":500,"height":500,"caption":"Gummy Worlds"},"image":{"@id":"https:\/\/www.gummyworlds.com\/tr\/#\/schema\/logo\/image\/"}}]}},"_links":{"self":[{"href":"https:\/\/www.gummyworlds.com\/tr\/wp-json\/wp\/v2\/pages\/4412","targetHints":{"allow":["GET"]}}],"collection":[{"href":"https:\/\/www.gummyworlds.com\/tr\/wp-json\/wp\/v2\/pages"}],"about":[{"href":"https:\/\/www.gummyworlds.com\/tr\/wp-json\/wp\/v2\/types\/page"}],"author":[{"embeddable":true,"href":"https:\/\/www.gummyworlds.com\/tr\/wp-json\/wp\/v2\/users\/2"}],"replies":[{"embeddable":true,"href":"https:\/\/www.gummyworlds.com\/tr\/wp-json\/wp\/v2\/comments?post=4412"}],"version-history":[{"count":10,"href":"https:\/\/www.gummyworlds.com\/tr\/wp-json\/wp\/v2\/pages\/4412\/revisions"}],"predecessor-version":[{"id":7403,"href":"https:\/\/www.gummyworlds.com\/tr\/wp-json\/wp\/v2\/pages\/4412\/revisions\/7403"}],"up":[{"embeddable":true,"href":"https:\/\/www.gummyworlds.com\/tr\/wp-json\/wp\/v2\/pages\/4392"}],"wp:featuredmedia":[{"embeddable":true,"href":"https:\/\/www.gummyworlds.com\/tr\/wp-json\/wp\/v2\/media\/4134"}],"wp:attachment":[{"href":"https:\/\/www.gummyworlds.com\/tr\/wp-json\/wp\/v2\/media?parent=4412"}],"curies":[{"name":"wp","href":"https:\/\/api.w.org\/{rel}","templated":true}]}}