{"id":4392,"date":"2024-01-31T11:28:18","date_gmt":"2024-01-31T08:28:18","guid":{"rendered":"https:\/\/www.gummyworlds.com\/?page_id=4392"},"modified":"2024-12-31T13:00:18","modified_gmt":"2024-12-31T13:00:18","slug":"kalite-politikasi","status":"publish","type":"page","link":"https:\/\/www.gummyworlds.com\/tr\/kalite-politikasi\/","title":{"rendered":"Kalite Politikas\u0131"},"content":{"rendered":"\t\t<div data-elementor-type=\"wp-page\" data-elementor-id=\"4392\" class=\"elementor elementor-4392 elementor-1266\" data-elementor-post-type=\"page\">\n\t\t\t\t<div class=\"elementor-element elementor-element-b85cc72 e-flex e-con-boxed e-con e-parent\" data-id=\"b85cc72\" data-element_type=\"container\" data-e-type=\"container\">\n\t\t\t\t\t<div class=\"e-con-inner\">\n\t\t\t\t<div class=\"elementor-element elementor-element-f117921 elementor-invisible elementor-widget elementor-widget-heading\" data-id=\"f117921\" data-element_type=\"widget\" data-e-type=\"widget\" data-settings=\"{&quot;_animation&quot;:&quot;slideInUp&quot;}\" data-widget_type=\"heading.default\">\n\t\t\t\t<div class=\"elementor-widget-container\">\n\t\t\t\t\t<h2 class=\"elementor-heading-title elementor-size-default\">Her Gummy'de Kalite, G\u00fcvenlik ve Helal G\u00fcvencesi!\n<\/h2>\t\t\t\t<\/div>\n\t\t\t\t<\/div>\n\t\t\t\t<div class=\"elementor-element elementor-element-be19025 elementor-widget elementor-widget-text-editor\" data-id=\"be19025\" data-element_type=\"widget\" data-e-type=\"widget\" data-widget_type=\"text-editor.default\">\n\t\t\t\t<div class=\"elementor-widget-container\">\n\t\t\t\t\t\t\t\t\t<p>Kalite ve m\u00fckemmelli\u011fe olan ba\u011fl\u0131l\u0131\u011f\u0131m\u0131z faaliyetlerimizin her y\u00f6n\u00fcne n\u00fcfuz eder ve a\u015fa\u011f\u0131daki ilkeler taraf\u0131ndan y\u00f6nlendiriliriz:<\/p><p><strong>M\u00fc\u015fteri Memnuniyetinde M\u00fckemmellik:<\/strong> En \u00f6nemli hedefimiz, en y\u00fcksek kalitede, yenilik\u00e7i \u00fcr\u00fcnler sunarak m\u00fc\u015fteri beklentilerini a\u015fmakt\u0131r. Bunu ISO 9001 Kalite Y\u00f6netim Sistemi, ISO 22000 G\u0131da G\u00fcvenli\u011fi Y\u00f6netim Sistemi ve GMP&#8217;nin titiz standartlar\u0131na ba\u011fl\u0131 kalarak ba\u015farmaktay\u0131z.<\/p><p><strong>Yasal ve Helal Standartlara Ba\u011fl\u0131l\u0131k:<\/strong> ISO 22000, GMP ve helal standartlar\u0131 dahil olmak \u00fczere sayg\u0131n otoriteler taraf\u0131ndan belirlenen d\u00fczenlemelere s\u0131k\u0131 s\u0131k\u0131ya uyarak \u00fcr\u00fcnlerimizin s\u00fcrekli g\u00fcvenli\u011fini ve uygunlu\u011funu sa\u011fl\u0131yoruz. Bu taahh\u00fct, operasyonlar\u0131m\u0131z\u0131n t\u00fcm a\u015famalar\u0131n\u0131 kapsamaktad\u0131r.<\/p><p><strong>S\u00fcrekli Geli\u015fim:<\/strong> \u00c7al\u0131\u015fanlar\u0131m\u0131za hem ki\u015fisel hem de mesleki geli\u015fim i\u00e7in geni\u015f f\u0131rsatlar sunarak s\u00fcrekli \u00f6\u011frenme ve b\u00fcy\u00fcme ortam\u0131n\u0131 te\u015fvik ediyoruz. S\u00fcrd\u00fcr\u00fclen e\u011fitim ve \u00f6\u011fretim sayesinde, ekibimizi kolektif kalite aray\u0131\u015f\u0131m\u0131za katk\u0131da bulunmalar\u0131 i\u00e7in g\u00fc\u00e7lendiriyoruz.<\/p><p><strong>\u0130\u015fbirli\u011fine Dayal\u0131 Ortakl\u0131klar:<\/strong> M\u00fc\u015fterilerimiz, tedarik\u00e7ilerimiz ve \u00e7al\u0131\u015fanlar\u0131m\u0131zla g\u00fc\u00e7l\u00fc ve i\u015fbirli\u011fine dayal\u0131 ili\u015fkiler kurmak ba\u015far\u0131m\u0131z\u0131n temelini olu\u015fturur. Kar\u015f\u0131l\u0131kl\u0131 hedeflere ula\u015fmak ve m\u00fc\u015fteri memnuniyetini art\u0131rmak i\u00e7in bir ortakl\u0131k ruhu i\u00e7inde birlikte \u00e7al\u0131\u015farak a\u00e7\u0131k ileti\u015fim ve \u015feffafl\u0131\u011fa \u00f6ncelik veriyoruz.<\/p><p><strong>Teknolojik \u0130lerleme:<\/strong> Yenilik\u00e7i teknolojinin merkezinde yer almaya \u00f6nem veriyoruz. Ara\u015ft\u0131rmaya yat\u0131r\u0131m yaparak ve en son geli\u015fmeleri benimseyerek, m\u00fc\u015fteri beklentilerini a\u015fmak ve \u00fcst\u00fcn kaliteli \u00fcr\u00fcnler sunmak i\u00e7in s\u00fcre\u00e7lerimizi s\u00fcrekli iyile\u015ftiriyoruz.<\/p><p><strong>Te\u015fvik ve Y\u00fcksek Performans K\u00fclt\u00fcr\u00fc:<\/strong> Kurulu\u015fumuz i\u00e7inde y\u00fcksek performans ve ekip \u00e7al\u0131\u015fmas\u0131 k\u00fclt\u00fcr\u00fcn\u00fc te\u015fvik ederek \u00fcst\u00fcn ba\u015far\u0131y\u0131 takdir ediyor ve \u00f6d\u00fcllendiriyoruz. Etkili insan kaynaklar\u0131 uygulamalar\u0131 sayesinde \u00e7al\u0131\u015fanlar\u0131m\u0131z\u0131n \u00e7abalar\u0131n\u0131 \u015firket hedefleriyle uyumlu hale getirmelerini ve ba\u015far\u0131ya ula\u015fmalar\u0131n\u0131 sa\u011fl\u0131yoruz.<\/p><p><strong>Helal B\u00fct\u00fcnl\u00fc\u011f\u00fc ve Etkin G\u0131da Y\u00f6netim Sistemi:<\/strong> Helal g\u0131da takviyesi \u00fcreticileri olarak, t\u00fcm tedarik zincirimiz boyunca en y\u00fcksek helal b\u00fct\u00fcnl\u00fck standartlar\u0131n\u0131 koruyoruz. Hammadde tedarikinden nihai \u00fcr\u00fcne kadar, etkin bir Helal G\u0131da Y\u00f6netim Sistemi arac\u0131l\u0131\u011f\u0131yla g\u00fcvenli ve helal sertifikal\u0131 gummy takviye edici g\u0131dalar\u0131n \u00fcretimini garanti ederek yasal ve \u0130slami gerekliliklere tam uyum sa\u011fl\u0131yoruz.<\/p><p><strong>\u015eeffaf Etiketleme:<\/strong> Helal g\u0131da logosunu t\u00fcm yasal gerekliliklere uygun olarak \u00fcr\u00fcnlerimizin \u00fczerinde gururla sergiliyor, m\u00fc\u015fterilerimize \u015feffafl\u0131k ve g\u00fcvence sa\u011fl\u0131yoruz.<\/p><p>Gummy Worlds olarak kaliteye, g\u00fcvenli\u011fe ve helal b\u00fct\u00fcnl\u00fc\u011fe olan ba\u011fl\u0131l\u0131\u011f\u0131m\u0131zdan \u00f6d\u00fcn vermiyoruz. Bu ilkeleri koruyarak, m\u00fc\u015fterilerimizin ve toplumlar\u0131n ya\u015famlar\u0131n\u0131 \u00f6zel gummy takviyelerimizle zenginle\u015ftirmeye \u00e7al\u0131\u015f\u0131yoruz.<\/p>\t\t\t\t\t\t\t\t<\/div>\n\t\t\t\t<\/div>\n\t\t\t\t\t<\/div>\n\t\t\t\t<\/div>\n\t\t\t\t<\/div>\n\t\t","protected":false},"excerpt":{"rendered":"<p>Her Gummy&#8217;de Kalite, G\u00fcvenlik ve Helal G\u00fcvencesi! Kalite ve m\u00fckemmelli\u011fe olan ba\u011fl\u0131l\u0131\u011f\u0131m\u0131z faaliyetlerimizin her y\u00f6n\u00fcne n\u00fcfuz eder ve a\u015fa\u011f\u0131daki ilkeler taraf\u0131ndan y\u00f6nlendiriliriz: M\u00fc\u015fteri Memnuniyetinde M\u00fckemmellik: En \u00f6nemli hedefimiz, en y\u00fcksek kalitede, yenilik\u00e7i \u00fcr\u00fcnler sunarak m\u00fc\u015fteri beklentilerini a\u015fmakt\u0131r. Bunu ISO 9001 Kalite Y\u00f6netim Sistemi, ISO 22000 G\u0131da G\u00fcvenli\u011fi Y\u00f6netim Sistemi ve GMP&#8217;nin titiz standartlar\u0131na ba\u011fl\u0131 kalarak [&hellip;]<\/p>\n","protected":false},"author":2,"featured_media":4134,"parent":0,"menu_order":0,"comment_status":"closed","ping_status":"closed","template":"","meta":{"_acf_changed":false,"inline_featured_image":false,"footnotes":""},"class_list":["post-4392","page","type-page","status-publish","has-post-thumbnail","hentry"],"acf":[],"yoast_head":"<!-- This site is optimized with the Yoast SEO plugin v27.4 - https:\/\/yoast.com\/product\/yoast-seo-wordpress\/ -->\n<title>Kalite Politikas\u0131 - Gummy Worlds<\/title>\n<meta name=\"robots\" content=\"index, follow, max-snippet:-1, max-image-preview:large, max-video-preview:-1\" \/>\n<link rel=\"canonical\" href=\"https:\/\/www.gummyworlds.com\/tr\/kalite-politikasi\/\" \/>\n<meta property=\"og:locale\" content=\"tr_TR\" \/>\n<meta property=\"og:type\" content=\"article\" \/>\n<meta property=\"og:title\" content=\"Kalite Politikas\u0131 - Gummy Worlds\" \/>\n<meta property=\"og:description\" content=\"Her Gummy&#8217;de Kalite, G\u00fcvenlik ve Helal G\u00fcvencesi! Kalite ve m\u00fckemmelli\u011fe olan ba\u011fl\u0131l\u0131\u011f\u0131m\u0131z faaliyetlerimizin her y\u00f6n\u00fcne n\u00fcfuz eder ve a\u015fa\u011f\u0131daki ilkeler taraf\u0131ndan y\u00f6nlendiriliriz: M\u00fc\u015fteri Memnuniyetinde M\u00fckemmellik: En \u00f6nemli hedefimiz, en y\u00fcksek kalitede, yenilik\u00e7i \u00fcr\u00fcnler sunarak m\u00fc\u015fteri beklentilerini a\u015fmakt\u0131r. Bunu ISO 9001 Kalite Y\u00f6netim Sistemi, ISO 22000 G\u0131da G\u00fcvenli\u011fi Y\u00f6netim Sistemi ve GMP&#8217;nin titiz standartlar\u0131na ba\u011fl\u0131 kalarak [&hellip;]\" \/>\n<meta property=\"og:url\" content=\"https:\/\/www.gummyworlds.com\/tr\/kalite-politikasi\/\" \/>\n<meta property=\"og:site_name\" content=\"Gummy Worlds\" \/>\n<meta property=\"article:modified_time\" content=\"2024-12-31T13:00:18+00:00\" \/>\n<meta property=\"og:image\" content=\"https:\/\/www.gummyworlds.com\/wp-content\/uploads\/2024\/03\/gummy-worlds-sq.png\" \/>\n\t<meta property=\"og:image:width\" content=\"500\" \/>\n\t<meta property=\"og:image:height\" content=\"500\" \/>\n\t<meta property=\"og:image:type\" content=\"image\/png\" \/>\n<meta name=\"twitter:card\" content=\"summary_large_image\" \/>\n<meta name=\"twitter:label1\" content=\"Tahmini okuma s\u00fcresi\" \/>\n\t<meta name=\"twitter:data1\" content=\"2 dakika\" \/>\n<script type=\"application\/ld+json\" class=\"yoast-schema-graph\">{\"@context\":\"https:\\\/\\\/schema.org\",\"@graph\":[{\"@type\":\"WebPage\",\"@id\":\"https:\\\/\\\/www.gummyworlds.com\\\/tr\\\/kalite-politikasi\\\/\",\"url\":\"https:\\\/\\\/www.gummyworlds.com\\\/tr\\\/kalite-politikasi\\\/\",\"name\":\"Kalite Politikas\u0131 - Gummy Worlds\",\"isPartOf\":{\"@id\":\"https:\\\/\\\/www.gummyworlds.com\\\/tr\\\/#website\"},\"primaryImageOfPage\":{\"@id\":\"https:\\\/\\\/www.gummyworlds.com\\\/tr\\\/kalite-politikasi\\\/#primaryimage\"},\"image\":{\"@id\":\"https:\\\/\\\/www.gummyworlds.com\\\/tr\\\/kalite-politikasi\\\/#primaryimage\"},\"thumbnailUrl\":\"https:\\\/\\\/www.gummyworlds.com\\\/wp-content\\\/uploads\\\/2024\\\/03\\\/gummy-worlds-sq.png\",\"datePublished\":\"2024-01-31T08:28:18+00:00\",\"dateModified\":\"2024-12-31T13:00:18+00:00\",\"breadcrumb\":{\"@id\":\"https:\\\/\\\/www.gummyworlds.com\\\/tr\\\/kalite-politikasi\\\/#breadcrumb\"},\"inLanguage\":\"tr\",\"potentialAction\":[{\"@type\":\"ReadAction\",\"target\":[\"https:\\\/\\\/www.gummyworlds.com\\\/tr\\\/kalite-politikasi\\\/\"]}]},{\"@type\":\"ImageObject\",\"inLanguage\":\"tr\",\"@id\":\"https:\\\/\\\/www.gummyworlds.com\\\/tr\\\/kalite-politikasi\\\/#primaryimage\",\"url\":\"https:\\\/\\\/www.gummyworlds.com\\\/wp-content\\\/uploads\\\/2024\\\/03\\\/gummy-worlds-sq.png\",\"contentUrl\":\"https:\\\/\\\/www.gummyworlds.com\\\/wp-content\\\/uploads\\\/2024\\\/03\\\/gummy-worlds-sq.png\",\"width\":500,\"height\":500,\"caption\":\"Gummy Worlds\"},{\"@type\":\"BreadcrumbList\",\"@id\":\"https:\\\/\\\/www.gummyworlds.com\\\/tr\\\/kalite-politikasi\\\/#breadcrumb\",\"itemListElement\":[{\"@type\":\"ListItem\",\"position\":1,\"name\":\"Home\",\"item\":\"https:\\\/\\\/www.gummyworlds.com\\\/tr\\\/\"},{\"@type\":\"ListItem\",\"position\":2,\"name\":\"Kalite Politikas\u0131\"}]},{\"@type\":\"WebSite\",\"@id\":\"https:\\\/\\\/www.gummyworlds.com\\\/tr\\\/#website\",\"url\":\"https:\\\/\\\/www.gummyworlds.com\\\/tr\\\/\",\"name\":\"Gummy Worlds\",\"description\":\"\",\"publisher\":{\"@id\":\"https:\\\/\\\/www.gummyworlds.com\\\/tr\\\/#organization\"},\"potentialAction\":[{\"@type\":\"SearchAction\",\"target\":{\"@type\":\"EntryPoint\",\"urlTemplate\":\"https:\\\/\\\/www.gummyworlds.com\\\/tr\\\/?s={search_term_string}\"},\"query-input\":{\"@type\":\"PropertyValueSpecification\",\"valueRequired\":true,\"valueName\":\"search_term_string\"}}],\"inLanguage\":\"tr\"},{\"@type\":\"Organization\",\"@id\":\"https:\\\/\\\/www.gummyworlds.com\\\/tr\\\/#organization\",\"name\":\"Gummy Worlds\",\"url\":\"https:\\\/\\\/www.gummyworlds.com\\\/tr\\\/\",\"logo\":{\"@type\":\"ImageObject\",\"inLanguage\":\"tr\",\"@id\":\"https:\\\/\\\/www.gummyworlds.com\\\/tr\\\/#\\\/schema\\\/logo\\\/image\\\/\",\"url\":\"https:\\\/\\\/www.gummyworlds.com\\\/wp-content\\\/uploads\\\/2024\\\/03\\\/gummy-worlds-sq.png\",\"contentUrl\":\"https:\\\/\\\/www.gummyworlds.com\\\/wp-content\\\/uploads\\\/2024\\\/03\\\/gummy-worlds-sq.png\",\"width\":500,\"height\":500,\"caption\":\"Gummy Worlds\"},\"image\":{\"@id\":\"https:\\\/\\\/www.gummyworlds.com\\\/tr\\\/#\\\/schema\\\/logo\\\/image\\\/\"}}]}<\/script>\n<!-- \/ Yoast SEO plugin. -->","yoast_head_json":{"title":"Kalite Politikas\u0131 - Gummy Worlds","robots":{"index":"index","follow":"follow","max-snippet":"max-snippet:-1","max-image-preview":"max-image-preview:large","max-video-preview":"max-video-preview:-1"},"canonical":"https:\/\/www.gummyworlds.com\/tr\/kalite-politikasi\/","og_locale":"tr_TR","og_type":"article","og_title":"Kalite Politikas\u0131 - Gummy Worlds","og_description":"Her Gummy&#8217;de Kalite, G\u00fcvenlik ve Helal G\u00fcvencesi! Kalite ve m\u00fckemmelli\u011fe olan ba\u011fl\u0131l\u0131\u011f\u0131m\u0131z faaliyetlerimizin her y\u00f6n\u00fcne n\u00fcfuz eder ve a\u015fa\u011f\u0131daki ilkeler taraf\u0131ndan y\u00f6nlendiriliriz: M\u00fc\u015fteri Memnuniyetinde M\u00fckemmellik: En \u00f6nemli hedefimiz, en y\u00fcksek kalitede, yenilik\u00e7i \u00fcr\u00fcnler sunarak m\u00fc\u015fteri beklentilerini a\u015fmakt\u0131r. Bunu ISO 9001 Kalite Y\u00f6netim Sistemi, ISO 22000 G\u0131da G\u00fcvenli\u011fi Y\u00f6netim Sistemi ve GMP&#8217;nin titiz standartlar\u0131na ba\u011fl\u0131 kalarak [&hellip;]","og_url":"https:\/\/www.gummyworlds.com\/tr\/kalite-politikasi\/","og_site_name":"Gummy Worlds","article_modified_time":"2024-12-31T13:00:18+00:00","og_image":[{"width":500,"height":500,"url":"https:\/\/www.gummyworlds.com\/wp-content\/uploads\/2024\/03\/gummy-worlds-sq.png","type":"image\/png"}],"twitter_card":"summary_large_image","twitter_misc":{"Tahmini okuma s\u00fcresi":"2 dakika"},"schema":{"@context":"https:\/\/schema.org","@graph":[{"@type":"WebPage","@id":"https:\/\/www.gummyworlds.com\/tr\/kalite-politikasi\/","url":"https:\/\/www.gummyworlds.com\/tr\/kalite-politikasi\/","name":"Kalite Politikas\u0131 - Gummy Worlds","isPartOf":{"@id":"https:\/\/www.gummyworlds.com\/tr\/#website"},"primaryImageOfPage":{"@id":"https:\/\/www.gummyworlds.com\/tr\/kalite-politikasi\/#primaryimage"},"image":{"@id":"https:\/\/www.gummyworlds.com\/tr\/kalite-politikasi\/#primaryimage"},"thumbnailUrl":"https:\/\/www.gummyworlds.com\/wp-content\/uploads\/2024\/03\/gummy-worlds-sq.png","datePublished":"2024-01-31T08:28:18+00:00","dateModified":"2024-12-31T13:00:18+00:00","breadcrumb":{"@id":"https:\/\/www.gummyworlds.com\/tr\/kalite-politikasi\/#breadcrumb"},"inLanguage":"tr","potentialAction":[{"@type":"ReadAction","target":["https:\/\/www.gummyworlds.com\/tr\/kalite-politikasi\/"]}]},{"@type":"ImageObject","inLanguage":"tr","@id":"https:\/\/www.gummyworlds.com\/tr\/kalite-politikasi\/#primaryimage","url":"https:\/\/www.gummyworlds.com\/wp-content\/uploads\/2024\/03\/gummy-worlds-sq.png","contentUrl":"https:\/\/www.gummyworlds.com\/wp-content\/uploads\/2024\/03\/gummy-worlds-sq.png","width":500,"height":500,"caption":"Gummy Worlds"},{"@type":"BreadcrumbList","@id":"https:\/\/www.gummyworlds.com\/tr\/kalite-politikasi\/#breadcrumb","itemListElement":[{"@type":"ListItem","position":1,"name":"Home","item":"https:\/\/www.gummyworlds.com\/tr\/"},{"@type":"ListItem","position":2,"name":"Kalite Politikas\u0131"}]},{"@type":"WebSite","@id":"https:\/\/www.gummyworlds.com\/tr\/#website","url":"https:\/\/www.gummyworlds.com\/tr\/","name":"Gummy Worlds","description":"","publisher":{"@id":"https:\/\/www.gummyworlds.com\/tr\/#organization"},"potentialAction":[{"@type":"SearchAction","target":{"@type":"EntryPoint","urlTemplate":"https:\/\/www.gummyworlds.com\/tr\/?s={search_term_string}"},"query-input":{"@type":"PropertyValueSpecification","valueRequired":true,"valueName":"search_term_string"}}],"inLanguage":"tr"},{"@type":"Organization","@id":"https:\/\/www.gummyworlds.com\/tr\/#organization","name":"Gummy Worlds","url":"https:\/\/www.gummyworlds.com\/tr\/","logo":{"@type":"ImageObject","inLanguage":"tr","@id":"https:\/\/www.gummyworlds.com\/tr\/#\/schema\/logo\/image\/","url":"https:\/\/www.gummyworlds.com\/wp-content\/uploads\/2024\/03\/gummy-worlds-sq.png","contentUrl":"https:\/\/www.gummyworlds.com\/wp-content\/uploads\/2024\/03\/gummy-worlds-sq.png","width":500,"height":500,"caption":"Gummy Worlds"},"image":{"@id":"https:\/\/www.gummyworlds.com\/tr\/#\/schema\/logo\/image\/"}}]}},"_links":{"self":[{"href":"https:\/\/www.gummyworlds.com\/tr\/wp-json\/wp\/v2\/pages\/4392","targetHints":{"allow":["GET"]}}],"collection":[{"href":"https:\/\/www.gummyworlds.com\/tr\/wp-json\/wp\/v2\/pages"}],"about":[{"href":"https:\/\/www.gummyworlds.com\/tr\/wp-json\/wp\/v2\/types\/page"}],"author":[{"embeddable":true,"href":"https:\/\/www.gummyworlds.com\/tr\/wp-json\/wp\/v2\/users\/2"}],"replies":[{"embeddable":true,"href":"https:\/\/www.gummyworlds.com\/tr\/wp-json\/wp\/v2\/comments?post=4392"}],"version-history":[{"count":7,"href":"https:\/\/www.gummyworlds.com\/tr\/wp-json\/wp\/v2\/pages\/4392\/revisions"}],"predecessor-version":[{"id":5815,"href":"https:\/\/www.gummyworlds.com\/tr\/wp-json\/wp\/v2\/pages\/4392\/revisions\/5815"}],"wp:featuredmedia":[{"embeddable":true,"href":"https:\/\/www.gummyworlds.com\/tr\/wp-json\/wp\/v2\/media\/4134"}],"wp:attachment":[{"href":"https:\/\/www.gummyworlds.com\/tr\/wp-json\/wp\/v2\/media?parent=4392"}],"curies":[{"name":"wp","href":"https:\/\/api.w.org\/{rel}","templated":true}]}}