{"id":4379,"date":"2024-01-27T14:32:12","date_gmt":"2024-01-27T14:32:12","guid":{"rendered":"https:\/\/www.gummyworlds.com\/?page_id=4379"},"modified":"2024-09-25T14:52:50","modified_gmt":"2024-09-25T14:52:50","slug":"gummy-worlds-fabrikasi","status":"publish","type":"page","link":"https:\/\/www.gummyworlds.com\/tr\/kalite-politikasi\/gummy-worlds-fabrikasi\/","title":{"rendered":"Gummy Worlds Fabrikas\u0131"},"content":{"rendered":"\t\t<div data-elementor-type=\"wp-page\" data-elementor-id=\"4379\" class=\"elementor elementor-4379 elementor-52\" data-elementor-post-type=\"page\">\n\t\t\t\t<div class=\"elementor-element elementor-element-40562df2 e-flex e-con-boxed e-con e-parent\" data-id=\"40562df2\" data-element_type=\"container\" data-e-type=\"container\">\n\t\t\t\t\t<div class=\"e-con-inner\">\n\t\t\t\t<div class=\"elementor-element elementor-element-92006ef elementor-invisible elementor-widget elementor-widget-heading\" data-id=\"92006ef\" data-element_type=\"widget\" data-e-type=\"widget\" data-settings=\"{&quot;_animation&quot;:&quot;slideInUp&quot;}\" data-widget_type=\"heading.default\">\n\t\t\t\t<div class=\"elementor-widget-container\">\n\t\t\t\t\t<h2 class=\"elementor-heading-title elementor-size-default\">D\u00fcnya kalite standartlar\u0131nda ve en son teknoloji ile \u00fcretilen Gummy'ler!<\/h2>\t\t\t\t<\/div>\n\t\t\t\t<\/div>\n\t\t\t\t<div class=\"elementor-element elementor-element-7c601f elementor-widget elementor-widget-text-editor\" data-id=\"7c601f\" data-element_type=\"widget\" data-e-type=\"widget\" data-widget_type=\"text-editor.default\">\n\t\t\t\t<div class=\"elementor-widget-container\">\n\t\t\t\t\t\t\t\t\t<p style=\"text-align: center;\"><strong>Son Teknoloji Gummy \u00dcretim Tesisi<\/strong><\/p><p style=\"text-align: center;\">\u00dcretim tesisimiz, en y\u00fcksek end\u00fcstri standartlar\u0131n\u0131 kar\u015f\u0131lamak \u00fczere titizlikle tasarlanm\u0131\u015f 3500 metrekarelik kapal\u0131 \u00fcretim alan\u0131na sahiptir. En son teknoloji ile donat\u0131lan tesisimizde, tamam\u0131 deneyimli uzmanlardan olu\u015fan ekibimiz taraf\u0131ndan ustal\u0131kla y\u00f6netilen yar\u0131 ve tam otomatik \u00fcretim hatlar\u0131 bulunmaktad\u0131r.<\/p><p style=\"text-align: center;\"><strong>Y\u00fcksek \u00dcretim Kapasitesi<\/strong><\/p><p style=\"text-align: center;\">\u00dcretim kapasitemiz y\u0131ll\u0131k 1000 ton gummy ile end\u00fcstrinin ilk s\u0131ralar\u0131nda yer almaktad\u0131r. Bu \u00f6nemli kapasite, en s\u0131k\u0131 kalite ve hassasiyet standartlar\u0131n\u0131 kararl\u0131l\u0131kla korurken, en iddial\u0131 projelerin ger\u00e7ekle\u015ftirilmesini de sa\u011flamaktad\u0131r.<\/p><p style=\"text-align: center;\"><strong>Kalite Taahh\u00fcd\u00fc<\/strong><\/p><p style=\"text-align: center;\">S\u00fcrecimizin her ad\u0131m\u0131nda s\u0131k\u0131 kalite g\u00fcvence protokolleri uygulanmaktad\u0131r. Form\u00fclasyon geli\u015ftirmenin ilk a\u015famalar\u0131ndan \u00fcretim ve paketlemenin son a\u015famalar\u0131na kadar hi\u00e7bir \u015fekilde kaliteden \u00f6d\u00fcn verilmemektedir. Tesisimizden \u00e7\u0131kan her \u00fcr\u00fcn, m\u00fckemmeli yakalama konusundaki kararl\u0131l\u0131\u011f\u0131m\u0131z\u0131n bir g\u00f6stergesidir.<\/p><p style=\"text-align: center;\">Son teknoloji altyap\u0131m\u0131z, deneyimli ekibimiz ve kaliteye olan sars\u0131lmaz ba\u011fl\u0131l\u0131\u011f\u0131m\u0131zla, gummy \u00fcretim d\u00fcnyas\u0131na yenilik getirmeye haz\u0131r\u0131z.<\/p>\t\t\t\t\t\t\t\t<\/div>\n\t\t\t\t<\/div>\n\t\t\t\t\t<\/div>\n\t\t\t\t<\/div>\n\t\t\t\t<\/div>\n\t\t","protected":false},"excerpt":{"rendered":"<p>D\u00fcnya kalite standartlar\u0131nda ve en son teknoloji ile \u00fcretilen Gummy&#8217;ler! Son Teknoloji Gummy \u00dcretim Tesisi \u00dcretim tesisimiz, en y\u00fcksek end\u00fcstri standartlar\u0131n\u0131 kar\u015f\u0131lamak \u00fczere titizlikle tasarlanm\u0131\u015f 3500 metrekarelik kapal\u0131 \u00fcretim alan\u0131na sahiptir. En son teknoloji ile donat\u0131lan tesisimizde, tamam\u0131 deneyimli uzmanlardan olu\u015fan ekibimiz taraf\u0131ndan ustal\u0131kla y\u00f6netilen yar\u0131 ve tam otomatik \u00fcretim hatlar\u0131 bulunmaktad\u0131r. Y\u00fcksek \u00dcretim Kapasitesi [&hellip;]<\/p>\n","protected":false},"author":2,"featured_media":4134,"parent":4392,"menu_order":0,"comment_status":"closed","ping_status":"closed","template":"","meta":{"_acf_changed":false,"inline_featured_image":false,"footnotes":""},"class_list":["post-4379","page","type-page","status-publish","has-post-thumbnail","hentry"],"acf":[],"yoast_head":"<!-- This site is optimized with the Yoast SEO plugin v27.4 - https:\/\/yoast.com\/product\/yoast-seo-wordpress\/ -->\n<title>Gummy Worlds Fabrikas\u0131 - Gummy Worlds<\/title>\n<meta name=\"robots\" content=\"index, follow, max-snippet:-1, max-image-preview:large, max-video-preview:-1\" \/>\n<link rel=\"canonical\" href=\"https:\/\/www.gummyworlds.com\/tr\/kalite-politikasi\/gummy-worlds-fabrikasi\/\" \/>\n<meta property=\"og:locale\" content=\"tr_TR\" \/>\n<meta property=\"og:type\" content=\"article\" \/>\n<meta property=\"og:title\" content=\"Gummy Worlds Fabrikas\u0131 - Gummy Worlds\" \/>\n<meta property=\"og:description\" content=\"D\u00fcnya kalite standartlar\u0131nda ve en son teknoloji ile \u00fcretilen Gummy&#8217;ler! Son Teknoloji Gummy \u00dcretim Tesisi \u00dcretim tesisimiz, en y\u00fcksek end\u00fcstri standartlar\u0131n\u0131 kar\u015f\u0131lamak \u00fczere titizlikle tasarlanm\u0131\u015f 3500 metrekarelik kapal\u0131 \u00fcretim alan\u0131na sahiptir. En son teknoloji ile donat\u0131lan tesisimizde, tamam\u0131 deneyimli uzmanlardan olu\u015fan ekibimiz taraf\u0131ndan ustal\u0131kla y\u00f6netilen yar\u0131 ve tam otomatik \u00fcretim hatlar\u0131 bulunmaktad\u0131r. Y\u00fcksek \u00dcretim Kapasitesi [&hellip;]\" \/>\n<meta property=\"og:url\" content=\"https:\/\/www.gummyworlds.com\/tr\/kalite-politikasi\/gummy-worlds-fabrikasi\/\" \/>\n<meta property=\"og:site_name\" content=\"Gummy Worlds\" \/>\n<meta property=\"article:modified_time\" content=\"2024-09-25T14:52:50+00:00\" \/>\n<meta property=\"og:image\" content=\"https:\/\/www.gummyworlds.com\/wp-content\/uploads\/2024\/03\/gummy-worlds-sq.png\" \/>\n\t<meta property=\"og:image:width\" content=\"500\" \/>\n\t<meta property=\"og:image:height\" content=\"500\" \/>\n\t<meta property=\"og:image:type\" content=\"image\/png\" \/>\n<meta name=\"twitter:card\" content=\"summary_large_image\" \/>\n<meta name=\"twitter:label1\" content=\"Tahmini okuma s\u00fcresi\" \/>\n\t<meta name=\"twitter:data1\" content=\"1 dakika\" \/>\n<script type=\"application\/ld+json\" class=\"yoast-schema-graph\">{\"@context\":\"https:\\\/\\\/schema.org\",\"@graph\":[{\"@type\":\"WebPage\",\"@id\":\"https:\\\/\\\/www.gummyworlds.com\\\/tr\\\/kalite-politikasi\\\/gummy-worlds-fabrikasi\\\/\",\"url\":\"https:\\\/\\\/www.gummyworlds.com\\\/tr\\\/kalite-politikasi\\\/gummy-worlds-fabrikasi\\\/\",\"name\":\"Gummy Worlds Fabrikas\u0131 - Gummy Worlds\",\"isPartOf\":{\"@id\":\"https:\\\/\\\/www.gummyworlds.com\\\/tr\\\/#website\"},\"primaryImageOfPage\":{\"@id\":\"https:\\\/\\\/www.gummyworlds.com\\\/tr\\\/kalite-politikasi\\\/gummy-worlds-fabrikasi\\\/#primaryimage\"},\"image\":{\"@id\":\"https:\\\/\\\/www.gummyworlds.com\\\/tr\\\/kalite-politikasi\\\/gummy-worlds-fabrikasi\\\/#primaryimage\"},\"thumbnailUrl\":\"https:\\\/\\\/www.gummyworlds.com\\\/wp-content\\\/uploads\\\/2024\\\/03\\\/gummy-worlds-sq.png\",\"datePublished\":\"2024-01-27T14:32:12+00:00\",\"dateModified\":\"2024-09-25T14:52:50+00:00\",\"breadcrumb\":{\"@id\":\"https:\\\/\\\/www.gummyworlds.com\\\/tr\\\/kalite-politikasi\\\/gummy-worlds-fabrikasi\\\/#breadcrumb\"},\"inLanguage\":\"tr\",\"potentialAction\":[{\"@type\":\"ReadAction\",\"target\":[\"https:\\\/\\\/www.gummyworlds.com\\\/tr\\\/kalite-politikasi\\\/gummy-worlds-fabrikasi\\\/\"]}]},{\"@type\":\"ImageObject\",\"inLanguage\":\"tr\",\"@id\":\"https:\\\/\\\/www.gummyworlds.com\\\/tr\\\/kalite-politikasi\\\/gummy-worlds-fabrikasi\\\/#primaryimage\",\"url\":\"https:\\\/\\\/www.gummyworlds.com\\\/wp-content\\\/uploads\\\/2024\\\/03\\\/gummy-worlds-sq.png\",\"contentUrl\":\"https:\\\/\\\/www.gummyworlds.com\\\/wp-content\\\/uploads\\\/2024\\\/03\\\/gummy-worlds-sq.png\",\"width\":500,\"height\":500,\"caption\":\"Gummy Worlds\"},{\"@type\":\"BreadcrumbList\",\"@id\":\"https:\\\/\\\/www.gummyworlds.com\\\/tr\\\/kalite-politikasi\\\/gummy-worlds-fabrikasi\\\/#breadcrumb\",\"itemListElement\":[{\"@type\":\"ListItem\",\"position\":1,\"name\":\"Home\",\"item\":\"https:\\\/\\\/www.gummyworlds.com\\\/tr\\\/\"},{\"@type\":\"ListItem\",\"position\":2,\"name\":\"Gummy Worlds Fabrikas\u0131\"}]},{\"@type\":\"WebSite\",\"@id\":\"https:\\\/\\\/www.gummyworlds.com\\\/tr\\\/#website\",\"url\":\"https:\\\/\\\/www.gummyworlds.com\\\/tr\\\/\",\"name\":\"Gummy Worlds\",\"description\":\"\",\"publisher\":{\"@id\":\"https:\\\/\\\/www.gummyworlds.com\\\/tr\\\/#organization\"},\"potentialAction\":[{\"@type\":\"SearchAction\",\"target\":{\"@type\":\"EntryPoint\",\"urlTemplate\":\"https:\\\/\\\/www.gummyworlds.com\\\/tr\\\/?s={search_term_string}\"},\"query-input\":{\"@type\":\"PropertyValueSpecification\",\"valueRequired\":true,\"valueName\":\"search_term_string\"}}],\"inLanguage\":\"tr\"},{\"@type\":\"Organization\",\"@id\":\"https:\\\/\\\/www.gummyworlds.com\\\/tr\\\/#organization\",\"name\":\"Gummy Worlds\",\"url\":\"https:\\\/\\\/www.gummyworlds.com\\\/tr\\\/\",\"logo\":{\"@type\":\"ImageObject\",\"inLanguage\":\"tr\",\"@id\":\"https:\\\/\\\/www.gummyworlds.com\\\/tr\\\/#\\\/schema\\\/logo\\\/image\\\/\",\"url\":\"https:\\\/\\\/www.gummyworlds.com\\\/wp-content\\\/uploads\\\/2024\\\/03\\\/gummy-worlds-sq.png\",\"contentUrl\":\"https:\\\/\\\/www.gummyworlds.com\\\/wp-content\\\/uploads\\\/2024\\\/03\\\/gummy-worlds-sq.png\",\"width\":500,\"height\":500,\"caption\":\"Gummy Worlds\"},\"image\":{\"@id\":\"https:\\\/\\\/www.gummyworlds.com\\\/tr\\\/#\\\/schema\\\/logo\\\/image\\\/\"}}]}<\/script>\n<!-- \/ Yoast SEO plugin. -->","yoast_head_json":{"title":"Gummy Worlds Fabrikas\u0131 - Gummy Worlds","robots":{"index":"index","follow":"follow","max-snippet":"max-snippet:-1","max-image-preview":"max-image-preview:large","max-video-preview":"max-video-preview:-1"},"canonical":"https:\/\/www.gummyworlds.com\/tr\/kalite-politikasi\/gummy-worlds-fabrikasi\/","og_locale":"tr_TR","og_type":"article","og_title":"Gummy Worlds Fabrikas\u0131 - Gummy Worlds","og_description":"D\u00fcnya kalite standartlar\u0131nda ve en son teknoloji ile \u00fcretilen Gummy&#8217;ler! Son Teknoloji Gummy \u00dcretim Tesisi \u00dcretim tesisimiz, en y\u00fcksek end\u00fcstri standartlar\u0131n\u0131 kar\u015f\u0131lamak \u00fczere titizlikle tasarlanm\u0131\u015f 3500 metrekarelik kapal\u0131 \u00fcretim alan\u0131na sahiptir. En son teknoloji ile donat\u0131lan tesisimizde, tamam\u0131 deneyimli uzmanlardan olu\u015fan ekibimiz taraf\u0131ndan ustal\u0131kla y\u00f6netilen yar\u0131 ve tam otomatik \u00fcretim hatlar\u0131 bulunmaktad\u0131r. Y\u00fcksek \u00dcretim Kapasitesi [&hellip;]","og_url":"https:\/\/www.gummyworlds.com\/tr\/kalite-politikasi\/gummy-worlds-fabrikasi\/","og_site_name":"Gummy Worlds","article_modified_time":"2024-09-25T14:52:50+00:00","og_image":[{"width":500,"height":500,"url":"https:\/\/www.gummyworlds.com\/wp-content\/uploads\/2024\/03\/gummy-worlds-sq.png","type":"image\/png"}],"twitter_card":"summary_large_image","twitter_misc":{"Tahmini okuma s\u00fcresi":"1 dakika"},"schema":{"@context":"https:\/\/schema.org","@graph":[{"@type":"WebPage","@id":"https:\/\/www.gummyworlds.com\/tr\/kalite-politikasi\/gummy-worlds-fabrikasi\/","url":"https:\/\/www.gummyworlds.com\/tr\/kalite-politikasi\/gummy-worlds-fabrikasi\/","name":"Gummy Worlds Fabrikas\u0131 - Gummy Worlds","isPartOf":{"@id":"https:\/\/www.gummyworlds.com\/tr\/#website"},"primaryImageOfPage":{"@id":"https:\/\/www.gummyworlds.com\/tr\/kalite-politikasi\/gummy-worlds-fabrikasi\/#primaryimage"},"image":{"@id":"https:\/\/www.gummyworlds.com\/tr\/kalite-politikasi\/gummy-worlds-fabrikasi\/#primaryimage"},"thumbnailUrl":"https:\/\/www.gummyworlds.com\/wp-content\/uploads\/2024\/03\/gummy-worlds-sq.png","datePublished":"2024-01-27T14:32:12+00:00","dateModified":"2024-09-25T14:52:50+00:00","breadcrumb":{"@id":"https:\/\/www.gummyworlds.com\/tr\/kalite-politikasi\/gummy-worlds-fabrikasi\/#breadcrumb"},"inLanguage":"tr","potentialAction":[{"@type":"ReadAction","target":["https:\/\/www.gummyworlds.com\/tr\/kalite-politikasi\/gummy-worlds-fabrikasi\/"]}]},{"@type":"ImageObject","inLanguage":"tr","@id":"https:\/\/www.gummyworlds.com\/tr\/kalite-politikasi\/gummy-worlds-fabrikasi\/#primaryimage","url":"https:\/\/www.gummyworlds.com\/wp-content\/uploads\/2024\/03\/gummy-worlds-sq.png","contentUrl":"https:\/\/www.gummyworlds.com\/wp-content\/uploads\/2024\/03\/gummy-worlds-sq.png","width":500,"height":500,"caption":"Gummy Worlds"},{"@type":"BreadcrumbList","@id":"https:\/\/www.gummyworlds.com\/tr\/kalite-politikasi\/gummy-worlds-fabrikasi\/#breadcrumb","itemListElement":[{"@type":"ListItem","position":1,"name":"Home","item":"https:\/\/www.gummyworlds.com\/tr\/"},{"@type":"ListItem","position":2,"name":"Gummy Worlds Fabrikas\u0131"}]},{"@type":"WebSite","@id":"https:\/\/www.gummyworlds.com\/tr\/#website","url":"https:\/\/www.gummyworlds.com\/tr\/","name":"Gummy Worlds","description":"","publisher":{"@id":"https:\/\/www.gummyworlds.com\/tr\/#organization"},"potentialAction":[{"@type":"SearchAction","target":{"@type":"EntryPoint","urlTemplate":"https:\/\/www.gummyworlds.com\/tr\/?s={search_term_string}"},"query-input":{"@type":"PropertyValueSpecification","valueRequired":true,"valueName":"search_term_string"}}],"inLanguage":"tr"},{"@type":"Organization","@id":"https:\/\/www.gummyworlds.com\/tr\/#organization","name":"Gummy Worlds","url":"https:\/\/www.gummyworlds.com\/tr\/","logo":{"@type":"ImageObject","inLanguage":"tr","@id":"https:\/\/www.gummyworlds.com\/tr\/#\/schema\/logo\/image\/","url":"https:\/\/www.gummyworlds.com\/wp-content\/uploads\/2024\/03\/gummy-worlds-sq.png","contentUrl":"https:\/\/www.gummyworlds.com\/wp-content\/uploads\/2024\/03\/gummy-worlds-sq.png","width":500,"height":500,"caption":"Gummy Worlds"},"image":{"@id":"https:\/\/www.gummyworlds.com\/tr\/#\/schema\/logo\/image\/"}}]}},"_links":{"self":[{"href":"https:\/\/www.gummyworlds.com\/tr\/wp-json\/wp\/v2\/pages\/4379","targetHints":{"allow":["GET"]}}],"collection":[{"href":"https:\/\/www.gummyworlds.com\/tr\/wp-json\/wp\/v2\/pages"}],"about":[{"href":"https:\/\/www.gummyworlds.com\/tr\/wp-json\/wp\/v2\/types\/page"}],"author":[{"embeddable":true,"href":"https:\/\/www.gummyworlds.com\/tr\/wp-json\/wp\/v2\/users\/2"}],"replies":[{"embeddable":true,"href":"https:\/\/www.gummyworlds.com\/tr\/wp-json\/wp\/v2\/comments?post=4379"}],"version-history":[{"count":4,"href":"https:\/\/www.gummyworlds.com\/tr\/wp-json\/wp\/v2\/pages\/4379\/revisions"}],"predecessor-version":[{"id":4383,"href":"https:\/\/www.gummyworlds.com\/tr\/wp-json\/wp\/v2\/pages\/4379\/revisions\/4383"}],"up":[{"embeddable":true,"href":"https:\/\/www.gummyworlds.com\/tr\/wp-json\/wp\/v2\/pages\/4392"}],"wp:featuredmedia":[{"embeddable":true,"href":"https:\/\/www.gummyworlds.com\/tr\/wp-json\/wp\/v2\/media\/4134"}],"wp:attachment":[{"href":"https:\/\/www.gummyworlds.com\/tr\/wp-json\/wp\/v2\/media?parent=4379"}],"curies":[{"name":"wp","href":"https:\/\/api.w.org\/{rel}","templated":true}]}}