{"id":4362,"date":"2024-01-27T14:28:26","date_gmt":"2024-01-27T14:28:26","guid":{"rendered":"https:\/\/www.gummyworlds.com\/?page_id=4362"},"modified":"2025-05-25T23:10:56","modified_gmt":"2025-05-25T23:10:56","slug":"kulturumuz","status":"publish","type":"page","link":"https:\/\/www.gummyworlds.com\/tr\/kulturumuz\/","title":{"rendered":"K\u00fclt\u00fcr\u00fcm\u00fcz"},"content":{"rendered":"\t\t<div data-elementor-type=\"wp-page\" data-elementor-id=\"4362\" class=\"elementor elementor-4362 elementor-38\" data-elementor-post-type=\"page\">\n\t\t\t\t<div class=\"elementor-element elementor-element-5bc5bb4 e-flex e-con-boxed e-con e-parent\" data-id=\"5bc5bb4\" data-element_type=\"container\" data-e-type=\"container\">\n\t\t\t\t\t<div class=\"e-con-inner\">\n\t\t<div class=\"elementor-element elementor-element-86f985b e-flex e-con-boxed e-con e-child\" data-id=\"86f985b\" data-element_type=\"container\" data-e-type=\"container\" data-settings=\"{&quot;background_background&quot;:&quot;classic&quot;}\">\n\t\t\t\t\t<div class=\"e-con-inner\">\n\t\t\t\t<div class=\"elementor-element elementor-element-5fd0459 elementor-invisible elementor-widget elementor-widget-heading\" data-id=\"5fd0459\" data-element_type=\"widget\" data-e-type=\"widget\" data-settings=\"{&quot;_animation&quot;:&quot;slideInUp&quot;}\" data-widget_type=\"heading.default\">\n\t\t\t\t<div class=\"elementor-widget-container\">\n\t\t\t\t\t<h2 class=\"elementor-heading-title elementor-size-default\">M\u0130SYON<\/h2>\t\t\t\t<\/div>\n\t\t\t\t<\/div>\n\t\t\t\t<div class=\"elementor-element elementor-element-b3aa5a9 elementor-widget elementor-widget-text-editor\" data-id=\"b3aa5a9\" data-element_type=\"widget\" data-e-type=\"widget\" data-widget_type=\"text-editor.default\">\n\t\t\t\t<div class=\"elementor-widget-container\">\n\t\t\t\t\t\t\t\t\t<p>Her ya\u015f\u0131n besin ihtiya\u00e7lar\u0131na g\u00f6re uyarlanm\u0131\u015f, en son teknolojiye sahip birinci s\u0131n\u0131f gummy takviyeleri \u00fcretmeye \u00e7al\u0131\u015f\u0131yoruz. M\u00fc\u015fteri beklentilerini a\u015fmay\u0131 taahh\u00fct ederek, kal\u0131c\u0131 ili\u015fkiler geli\u015ftirmek i\u00e7in kaliteli \u00fcr\u00fcnlere ve eksiksiz hizmete \u00f6ncelik veriyoruz.<\/p>\t\t\t\t\t\t\t\t<\/div>\n\t\t\t\t<\/div>\n\t\t\t\t\t<\/div>\n\t\t\t\t<\/div>\n\t\t<div class=\"elementor-element elementor-element-bc044a3 e-flex e-con-boxed e-con e-child\" data-id=\"bc044a3\" data-element_type=\"container\" data-e-type=\"container\" data-settings=\"{&quot;background_background&quot;:&quot;classic&quot;}\">\n\t\t\t\t\t<div class=\"e-con-inner\">\n\t\t\t\t<div class=\"elementor-element elementor-element-232c0ea elementor-invisible elementor-widget elementor-widget-heading\" data-id=\"232c0ea\" data-element_type=\"widget\" data-e-type=\"widget\" data-settings=\"{&quot;_animation&quot;:&quot;slideInUp&quot;}\" data-widget_type=\"heading.default\">\n\t\t\t\t<div class=\"elementor-widget-container\">\n\t\t\t\t\t<h2 class=\"elementor-heading-title elementor-size-default\">V\u0130ZYON\n<\/h2>\t\t\t\t<\/div>\n\t\t\t\t<\/div>\n\t\t\t\t<div class=\"elementor-element elementor-element-34b5b50 elementor-widget elementor-widget-text-editor\" data-id=\"34b5b50\" data-element_type=\"widget\" data-e-type=\"widget\" data-widget_type=\"text-editor.default\">\n\t\t\t\t<div class=\"elementor-widget-container\">\n\t\t\t\t\t\t\t\t\t<p>Her ya\u015f i\u00e7in lezzetli, y\u00fcksek kaliteli gummy takviyeleri \u00fcretmeye ve yenilik yoluyla refah\u0131 te\u015fvik etmeye kararl\u0131y\u0131z. Amac\u0131m\u0131z, nesiller boyunca daha sa\u011fl\u0131kl\u0131 ya\u015famlar\u0131 te\u015fvik eden g\u00fcvenilir bir keyifli beslenme kayna\u011f\u0131 olmakt\u0131r.<\/p>\t\t\t\t\t\t\t\t<\/div>\n\t\t\t\t<\/div>\n\t\t\t\t\t<\/div>\n\t\t\t\t<\/div>\n\t\t\t\t\t<\/div>\n\t\t\t\t<\/div>\n\t\t<div class=\"elementor-element elementor-element-8c260ef e-flex e-con-boxed e-con e-parent\" data-id=\"8c260ef\" data-element_type=\"container\" data-e-type=\"container\">\n\t\t\t\t\t<div class=\"e-con-inner\">\n\t\t\t\t<div class=\"elementor-element elementor-element-8df87e4 elementor-invisible elementor-widget elementor-widget-heading\" data-id=\"8df87e4\" data-element_type=\"widget\" data-e-type=\"widget\" data-settings=\"{&quot;_animation&quot;:&quot;slideInUp&quot;}\" data-widget_type=\"heading.default\">\n\t\t\t\t<div class=\"elementor-widget-container\">\n\t\t\t\t\t<h2 class=\"elementor-heading-title elementor-size-default\">DE\u011eERLER\u0130M\u0130Z\n<\/h2>\t\t\t\t<\/div>\n\t\t\t\t<\/div>\n\t\t\t\t\t<\/div>\n\t\t\t\t<\/div>\n\t\t<div class=\"elementor-element elementor-element-2714851 e-flex e-con-boxed e-con e-parent\" data-id=\"2714851\" data-element_type=\"container\" data-e-type=\"container\">\n\t\t\t\t\t<div class=\"e-con-inner\">\n\t\t<div class=\"elementor-element elementor-element-c512aa1 e-con-full e-flex e-con e-child\" data-id=\"c512aa1\" data-element_type=\"container\" data-e-type=\"container\">\n\t\t\t\t<div class=\"elementor-element elementor-element-1b0e4ad elementor-widget elementor-widget-image\" data-id=\"1b0e4ad\" data-element_type=\"widget\" data-e-type=\"widget\" data-widget_type=\"image.default\">\n\t\t\t\t<div class=\"elementor-widget-container\">\n\t\t\t\t\t\t\t\t\t\t\t\t\t\t\t<img fetchpriority=\"high\" decoding=\"async\" width=\"566\" height=\"566\" src=\"https:\/\/www.gummyworlds.com\/wp-content\/uploads\/2024\/02\/susta.svg\" class=\"attachment-full size-full wp-image-3080\" alt=\"\" \/>\t\t\t\t\t\t\t\t\t\t\t\t\t\t\t<\/div>\n\t\t\t\t<\/div>\n\t\t\t\t<\/div>\n\t\t<div class=\"elementor-element elementor-element-11e23fe e-con-full e-flex e-con e-child\" data-id=\"11e23fe\" data-element_type=\"container\" data-e-type=\"container\">\n\t\t\t\t<div class=\"elementor-element elementor-element-5147cd8 elementor-widget elementor-widget-text-editor\" data-id=\"5147cd8\" data-element_type=\"widget\" data-e-type=\"widget\" data-widget_type=\"text-editor.default\">\n\t\t\t\t<div class=\"elementor-widget-container\">\n\t\t\t\t\t\t\t\t\t<p><strong>Safl\u0131k<\/strong><\/p><p>Safl\u0131\u011fa olan ba\u011fl\u0131l\u0131\u011f\u0131m\u0131z, gummy takviyelerimizin her bile\u015feninin en y\u00fcksek kalite standartlar\u0131n\u0131 kar\u015f\u0131lad\u0131\u011f\u0131ndan emin olmak i\u00e7in \u00f6zenle tedarik edildi\u011fi anlam\u0131na gelir. \u00dcr\u00fcnlerimizin b\u00fct\u00fcnl\u00fc\u011f\u00fcne ve etkinli\u011fine \u00f6ncelik vererek gereksiz katk\u0131 maddelerini ve dolgu maddelerini dahil etmiyoruz.<\/p>\t\t\t\t\t\t\t\t<\/div>\n\t\t\t\t<\/div>\n\t\t\t\t<\/div>\n\t\t\t\t\t<\/div>\n\t\t\t\t<\/div>\n\t\t<div class=\"elementor-element elementor-element-f969d98 e-flex e-con-boxed e-con e-parent\" data-id=\"f969d98\" data-element_type=\"container\" data-e-type=\"container\">\n\t\t\t\t\t<div class=\"e-con-inner\">\n\t\t<div class=\"elementor-element elementor-element-f53db7f e-con-full e-flex e-con e-child\" data-id=\"f53db7f\" data-element_type=\"container\" data-e-type=\"container\">\n\t\t\t\t<div class=\"elementor-element elementor-element-2ae9199 elementor-widget elementor-widget-text-editor\" data-id=\"2ae9199\" data-element_type=\"widget\" data-e-type=\"widget\" data-widget_type=\"text-editor.default\">\n\t\t\t\t<div class=\"elementor-widget-container\">\n\t\t\t\t\t\t\t\t\t<p><strong>\u0130novasyon<br \/><\/strong><\/p><p>Biz sadece \u00fcretici de\u011filiz; yenilik\u00e7iyiz. Gummy takviye form\u00fclasyonunda m\u00fcmk\u00fcn olan\u0131n s\u0131n\u0131rlar\u0131n\u0131 s\u00fcrekli olarak zorluyoruz. Alan\u0131ndaki en son geli\u015fmeleri takip eden ara\u015ft\u0131rma ve geli\u015ftirme ekibimiz, \u00fcr\u00fcnlerimizin etkinli\u011fini ve biyoyararlan\u0131m\u0131n\u0131 art\u0131rmak i\u00e7in \u00e7al\u0131\u015fmalar\u0131n\u0131 s\u00fcrekli geli\u015ftirmektedir.<\/p>\t\t\t\t\t\t\t\t<\/div>\n\t\t\t\t<\/div>\n\t\t\t\t<\/div>\n\t\t<div class=\"elementor-element elementor-element-1be8bc4 e-con-full e-flex e-con e-child\" data-id=\"1be8bc4\" data-element_type=\"container\" data-e-type=\"container\">\n\t\t\t\t<div class=\"elementor-element elementor-element-170ebfe elementor-widget elementor-widget-image\" data-id=\"170ebfe\" data-element_type=\"widget\" data-e-type=\"widget\" data-widget_type=\"image.default\">\n\t\t\t\t<div class=\"elementor-widget-container\">\n\t\t\t\t\t\t\t\t\t\t\t\t\t\t\t<img decoding=\"async\" width=\"566\" height=\"566\" src=\"https:\/\/www.gummyworlds.com\/wp-content\/uploads\/2024\/02\/innovation.svg\" class=\"attachment-full size-full wp-image-3076\" alt=\"\" \/>\t\t\t\t\t\t\t\t\t\t\t\t\t\t\t<\/div>\n\t\t\t\t<\/div>\n\t\t\t\t<\/div>\n\t\t\t\t\t<\/div>\n\t\t\t\t<\/div>\n\t\t<div class=\"elementor-element elementor-element-6feb35d e-flex e-con-boxed e-con e-parent\" data-id=\"6feb35d\" data-element_type=\"container\" data-e-type=\"container\">\n\t\t\t\t\t<div class=\"e-con-inner\">\n\t\t<div class=\"elementor-element elementor-element-7e383e0 e-con-full e-flex e-con e-child\" data-id=\"7e383e0\" data-element_type=\"container\" data-e-type=\"container\">\n\t\t\t\t<div class=\"elementor-element elementor-element-148cda0 elementor-widget elementor-widget-image\" data-id=\"148cda0\" data-element_type=\"widget\" data-e-type=\"widget\" data-widget_type=\"image.default\">\n\t\t\t\t<div class=\"elementor-widget-container\">\n\t\t\t\t\t\t\t\t\t\t\t\t\t\t\t<img decoding=\"async\" width=\"566\" height=\"566\" src=\"https:\/\/www.gummyworlds.com\/wp-content\/uploads\/2024\/02\/quality.svg\" class=\"attachment-full size-full wp-image-3078\" alt=\"\" \/>\t\t\t\t\t\t\t\t\t\t\t\t\t\t\t<\/div>\n\t\t\t\t<\/div>\n\t\t\t\t<\/div>\n\t\t<div class=\"elementor-element elementor-element-033d78d e-con-full e-flex e-con e-child\" data-id=\"033d78d\" data-element_type=\"container\" data-e-type=\"container\">\n\t\t\t\t<div class=\"elementor-element elementor-element-7a0db6d elementor-widget elementor-widget-text-editor\" data-id=\"7a0db6d\" data-element_type=\"widget\" data-e-type=\"widget\" data-widget_type=\"text-editor.default\">\n\t\t\t\t<div class=\"elementor-widget-container\">\n\t\t\t\t\t\t\t\t\t<p><strong>Kalite<\/strong><\/p><p>Kalite, her i\u015fimizin temelini olu\u015fturur. Hammaddelerin se\u00e7iminden \u00fcretimin son a\u015famalar\u0131na kadar en y\u00fcksek standartlar\u0131 g\u00f6zetiyoruz. Son teknoloji tesisimiz, ileri teknolojimiz ve kendini i\u015fine adam\u0131\u015f uzman ekibimiz, sekt\u00f6rdeki \u00f6l\u00e7\u00fctleri kar\u015f\u0131lamakla yetinmeyerek bu \u00f6l\u00e7\u00fctleri a\u015fan gummy takviyeleri \u00fcretmek i\u00e7in i\u015fbirli\u011fi i\u00e7inde \u00e7al\u0131\u015fmaktad\u0131r.<\/p>\t\t\t\t\t\t\t\t<\/div>\n\t\t\t\t<\/div>\n\t\t\t\t<\/div>\n\t\t\t\t\t<\/div>\n\t\t\t\t<\/div>\n\t\t<div class=\"elementor-element elementor-element-ade8348 e-flex e-con-boxed e-con e-parent\" data-id=\"ade8348\" data-element_type=\"container\" data-e-type=\"container\">\n\t\t\t\t\t<div class=\"e-con-inner\">\n\t\t<div class=\"elementor-element elementor-element-ce023ad e-con-full e-flex e-con e-child\" data-id=\"ce023ad\" data-element_type=\"container\" data-e-type=\"container\">\n\t\t\t\t<div class=\"elementor-element elementor-element-170008e elementor-widget elementor-widget-text-editor\" data-id=\"170008e\" data-element_type=\"widget\" data-e-type=\"widget\" data-widget_type=\"text-editor.default\">\n\t\t\t\t<div class=\"elementor-widget-container\">\n\t\t\t\t\t\t\t\t\t<p><strong>\u0130\u015fbirli\u011fi<\/strong><\/p><p>Ekip \u00e7al\u0131\u015fmas\u0131, g\u00fcn\u00fcm\u00fcz\u00fcn kurumsal ba\u015far\u0131s\u0131n\u0131n temel itici g\u00fc\u00e7leri olan yarat\u0131c\u0131l\u0131\u011f\u0131 ve \u00fcretkenli\u011fi art\u0131r\u0131r. Ortak hedefler do\u011frultusunda birlikte \u00e7al\u0131\u015fmam\u0131za ve birbirimizi desteklememize yard\u0131mc\u0131 olur. Bu de\u011fer ayn\u0131 zamanda ortaklar\u0131m\u0131zla olan ili\u015fkilerimizi de g\u00fc\u00e7lendirmekte, g\u00fcvenilirli\u011fi ve \u00f6tesine ge\u00e7meyi vurgulamaktad\u0131r.<\/p>\t\t\t\t\t\t\t\t<\/div>\n\t\t\t\t<\/div>\n\t\t\t\t<\/div>\n\t\t<div class=\"elementor-element elementor-element-6166077 e-con-full e-flex e-con e-child\" data-id=\"6166077\" data-element_type=\"container\" data-e-type=\"container\">\n\t\t\t\t<div class=\"elementor-element elementor-element-4820767 elementor-widget elementor-widget-image\" data-id=\"4820767\" data-element_type=\"widget\" data-e-type=\"widget\" data-widget_type=\"image.default\">\n\t\t\t\t<div class=\"elementor-widget-container\">\n\t\t\t\t\t\t\t\t\t\t\t\t\t\t\t<img loading=\"lazy\" decoding=\"async\" width=\"566\" height=\"566\" src=\"https:\/\/www.gummyworlds.com\/wp-content\/uploads\/2024\/02\/collaboration.svg\" class=\"attachment-full size-full wp-image-3073\" alt=\"\" \/>\t\t\t\t\t\t\t\t\t\t\t\t\t\t\t<\/div>\n\t\t\t\t<\/div>\n\t\t\t\t<\/div>\n\t\t\t\t\t<\/div>\n\t\t\t\t<\/div>\n\t\t\t\t<\/div>\n\t\t","protected":false},"excerpt":{"rendered":"<p>M\u0130SYON Her ya\u015f\u0131n besin ihtiya\u00e7lar\u0131na g\u00f6re uyarlanm\u0131\u015f, en son teknolojiye sahip birinci s\u0131n\u0131f gummy takviyeleri \u00fcretmeye \u00e7al\u0131\u015f\u0131yoruz. M\u00fc\u015fteri beklentilerini a\u015fmay\u0131 taahh\u00fct ederek, kal\u0131c\u0131 ili\u015fkiler geli\u015ftirmek i\u00e7in kaliteli \u00fcr\u00fcnlere ve eksiksiz hizmete \u00f6ncelik veriyoruz. V\u0130ZYON Her ya\u015f i\u00e7in lezzetli, y\u00fcksek kaliteli gummy takviyeleri \u00fcretmeye ve yenilik yoluyla refah\u0131 te\u015fvik etmeye kararl\u0131y\u0131z. Amac\u0131m\u0131z, nesiller boyunca daha sa\u011fl\u0131kl\u0131 [&hellip;]<\/p>\n","protected":false},"author":2,"featured_media":4134,"parent":0,"menu_order":0,"comment_status":"closed","ping_status":"closed","template":"","meta":{"_acf_changed":false,"inline_featured_image":false,"footnotes":""},"class_list":["post-4362","page","type-page","status-publish","has-post-thumbnail","hentry"],"acf":[],"yoast_head":"<!-- This site is optimized with the Yoast SEO plugin v27.5 - https:\/\/yoast.com\/product\/yoast-seo-wordpress\/ -->\n<title>K\u00fclt\u00fcr\u00fcm\u00fcz - Gummy Worlds<\/title>\n<meta name=\"robots\" content=\"index, follow, max-snippet:-1, max-image-preview:large, max-video-preview:-1\" \/>\n<link rel=\"canonical\" href=\"https:\/\/www.gummyworlds.com\/tr\/kulturumuz\/\" \/>\n<meta property=\"og:locale\" content=\"tr_TR\" \/>\n<meta property=\"og:type\" content=\"article\" \/>\n<meta property=\"og:title\" content=\"K\u00fclt\u00fcr\u00fcm\u00fcz - Gummy Worlds\" \/>\n<meta property=\"og:description\" content=\"M\u0130SYON Her ya\u015f\u0131n besin ihtiya\u00e7lar\u0131na g\u00f6re uyarlanm\u0131\u015f, en son teknolojiye sahip birinci s\u0131n\u0131f gummy takviyeleri \u00fcretmeye \u00e7al\u0131\u015f\u0131yoruz. M\u00fc\u015fteri beklentilerini a\u015fmay\u0131 taahh\u00fct ederek, kal\u0131c\u0131 ili\u015fkiler geli\u015ftirmek i\u00e7in kaliteli \u00fcr\u00fcnlere ve eksiksiz hizmete \u00f6ncelik veriyoruz. V\u0130ZYON Her ya\u015f i\u00e7in lezzetli, y\u00fcksek kaliteli gummy takviyeleri \u00fcretmeye ve yenilik yoluyla refah\u0131 te\u015fvik etmeye kararl\u0131y\u0131z. Amac\u0131m\u0131z, nesiller boyunca daha sa\u011fl\u0131kl\u0131 [&hellip;]\" \/>\n<meta property=\"og:url\" content=\"https:\/\/www.gummyworlds.com\/tr\/kulturumuz\/\" \/>\n<meta property=\"og:site_name\" content=\"Gummy Worlds\" \/>\n<meta property=\"article:modified_time\" content=\"2025-05-25T23:10:56+00:00\" \/>\n<meta property=\"og:image\" content=\"https:\/\/www.gummyworlds.com\/wp-content\/uploads\/2024\/03\/gummy-worlds-sq.png\" \/>\n\t<meta property=\"og:image:width\" content=\"500\" \/>\n\t<meta property=\"og:image:height\" content=\"500\" \/>\n\t<meta property=\"og:image:type\" content=\"image\/png\" \/>\n<meta name=\"twitter:card\" content=\"summary_large_image\" \/>\n<meta name=\"twitter:label1\" content=\"Tahmini okuma s\u00fcresi\" \/>\n\t<meta name=\"twitter:data1\" content=\"3 dakika\" \/>\n<script type=\"application\/ld+json\" class=\"yoast-schema-graph\">{\"@context\":\"https:\\\/\\\/schema.org\",\"@graph\":[{\"@type\":\"WebPage\",\"@id\":\"https:\\\/\\\/www.gummyworlds.com\\\/tr\\\/kulturumuz\\\/\",\"url\":\"https:\\\/\\\/www.gummyworlds.com\\\/tr\\\/kulturumuz\\\/\",\"name\":\"K\u00fclt\u00fcr\u00fcm\u00fcz - Gummy Worlds\",\"isPartOf\":{\"@id\":\"https:\\\/\\\/www.gummyworlds.com\\\/tr\\\/#website\"},\"primaryImageOfPage\":{\"@id\":\"https:\\\/\\\/www.gummyworlds.com\\\/tr\\\/kulturumuz\\\/#primaryimage\"},\"image\":{\"@id\":\"https:\\\/\\\/www.gummyworlds.com\\\/tr\\\/kulturumuz\\\/#primaryimage\"},\"thumbnailUrl\":\"https:\\\/\\\/www.gummyworlds.com\\\/wp-content\\\/uploads\\\/2024\\\/03\\\/gummy-worlds-sq.png\",\"datePublished\":\"2024-01-27T14:28:26+00:00\",\"dateModified\":\"2025-05-25T23:10:56+00:00\",\"breadcrumb\":{\"@id\":\"https:\\\/\\\/www.gummyworlds.com\\\/tr\\\/kulturumuz\\\/#breadcrumb\"},\"inLanguage\":\"tr\",\"potentialAction\":[{\"@type\":\"ReadAction\",\"target\":[\"https:\\\/\\\/www.gummyworlds.com\\\/tr\\\/kulturumuz\\\/\"]}]},{\"@type\":\"ImageObject\",\"inLanguage\":\"tr\",\"@id\":\"https:\\\/\\\/www.gummyworlds.com\\\/tr\\\/kulturumuz\\\/#primaryimage\",\"url\":\"https:\\\/\\\/www.gummyworlds.com\\\/wp-content\\\/uploads\\\/2024\\\/03\\\/gummy-worlds-sq.png\",\"contentUrl\":\"https:\\\/\\\/www.gummyworlds.com\\\/wp-content\\\/uploads\\\/2024\\\/03\\\/gummy-worlds-sq.png\",\"width\":500,\"height\":500,\"caption\":\"Gummy Worlds\"},{\"@type\":\"BreadcrumbList\",\"@id\":\"https:\\\/\\\/www.gummyworlds.com\\\/tr\\\/kulturumuz\\\/#breadcrumb\",\"itemListElement\":[{\"@type\":\"ListItem\",\"position\":1,\"name\":\"Home\",\"item\":\"https:\\\/\\\/www.gummyworlds.com\\\/tr\\\/\"},{\"@type\":\"ListItem\",\"position\":2,\"name\":\"K\u00fclt\u00fcr\u00fcm\u00fcz\"}]},{\"@type\":\"WebSite\",\"@id\":\"https:\\\/\\\/www.gummyworlds.com\\\/tr\\\/#website\",\"url\":\"https:\\\/\\\/www.gummyworlds.com\\\/tr\\\/\",\"name\":\"Gummy Worlds\",\"description\":\"\",\"publisher\":{\"@id\":\"https:\\\/\\\/www.gummyworlds.com\\\/tr\\\/#organization\"},\"potentialAction\":[{\"@type\":\"SearchAction\",\"target\":{\"@type\":\"EntryPoint\",\"urlTemplate\":\"https:\\\/\\\/www.gummyworlds.com\\\/tr\\\/?s={search_term_string}\"},\"query-input\":{\"@type\":\"PropertyValueSpecification\",\"valueRequired\":true,\"valueName\":\"search_term_string\"}}],\"inLanguage\":\"tr\"},{\"@type\":\"Organization\",\"@id\":\"https:\\\/\\\/www.gummyworlds.com\\\/tr\\\/#organization\",\"name\":\"Gummy Worlds\",\"url\":\"https:\\\/\\\/www.gummyworlds.com\\\/tr\\\/\",\"logo\":{\"@type\":\"ImageObject\",\"inLanguage\":\"tr\",\"@id\":\"https:\\\/\\\/www.gummyworlds.com\\\/tr\\\/#\\\/schema\\\/logo\\\/image\\\/\",\"url\":\"https:\\\/\\\/www.gummyworlds.com\\\/wp-content\\\/uploads\\\/2024\\\/03\\\/gummy-worlds-sq.png\",\"contentUrl\":\"https:\\\/\\\/www.gummyworlds.com\\\/wp-content\\\/uploads\\\/2024\\\/03\\\/gummy-worlds-sq.png\",\"width\":500,\"height\":500,\"caption\":\"Gummy Worlds\"},\"image\":{\"@id\":\"https:\\\/\\\/www.gummyworlds.com\\\/tr\\\/#\\\/schema\\\/logo\\\/image\\\/\"}}]}<\/script>\n<!-- \/ Yoast SEO plugin. -->","yoast_head_json":{"title":"K\u00fclt\u00fcr\u00fcm\u00fcz - Gummy Worlds","robots":{"index":"index","follow":"follow","max-snippet":"max-snippet:-1","max-image-preview":"max-image-preview:large","max-video-preview":"max-video-preview:-1"},"canonical":"https:\/\/www.gummyworlds.com\/tr\/kulturumuz\/","og_locale":"tr_TR","og_type":"article","og_title":"K\u00fclt\u00fcr\u00fcm\u00fcz - Gummy Worlds","og_description":"M\u0130SYON Her ya\u015f\u0131n besin ihtiya\u00e7lar\u0131na g\u00f6re uyarlanm\u0131\u015f, en son teknolojiye sahip birinci s\u0131n\u0131f gummy takviyeleri \u00fcretmeye \u00e7al\u0131\u015f\u0131yoruz. M\u00fc\u015fteri beklentilerini a\u015fmay\u0131 taahh\u00fct ederek, kal\u0131c\u0131 ili\u015fkiler geli\u015ftirmek i\u00e7in kaliteli \u00fcr\u00fcnlere ve eksiksiz hizmete \u00f6ncelik veriyoruz. V\u0130ZYON Her ya\u015f i\u00e7in lezzetli, y\u00fcksek kaliteli gummy takviyeleri \u00fcretmeye ve yenilik yoluyla refah\u0131 te\u015fvik etmeye kararl\u0131y\u0131z. Amac\u0131m\u0131z, nesiller boyunca daha sa\u011fl\u0131kl\u0131 [&hellip;]","og_url":"https:\/\/www.gummyworlds.com\/tr\/kulturumuz\/","og_site_name":"Gummy Worlds","article_modified_time":"2025-05-25T23:10:56+00:00","og_image":[{"width":500,"height":500,"url":"https:\/\/www.gummyworlds.com\/wp-content\/uploads\/2024\/03\/gummy-worlds-sq.png","type":"image\/png"}],"twitter_card":"summary_large_image","twitter_misc":{"Tahmini okuma s\u00fcresi":"3 dakika"},"schema":{"@context":"https:\/\/schema.org","@graph":[{"@type":"WebPage","@id":"https:\/\/www.gummyworlds.com\/tr\/kulturumuz\/","url":"https:\/\/www.gummyworlds.com\/tr\/kulturumuz\/","name":"K\u00fclt\u00fcr\u00fcm\u00fcz - Gummy Worlds","isPartOf":{"@id":"https:\/\/www.gummyworlds.com\/tr\/#website"},"primaryImageOfPage":{"@id":"https:\/\/www.gummyworlds.com\/tr\/kulturumuz\/#primaryimage"},"image":{"@id":"https:\/\/www.gummyworlds.com\/tr\/kulturumuz\/#primaryimage"},"thumbnailUrl":"https:\/\/www.gummyworlds.com\/wp-content\/uploads\/2024\/03\/gummy-worlds-sq.png","datePublished":"2024-01-27T14:28:26+00:00","dateModified":"2025-05-25T23:10:56+00:00","breadcrumb":{"@id":"https:\/\/www.gummyworlds.com\/tr\/kulturumuz\/#breadcrumb"},"inLanguage":"tr","potentialAction":[{"@type":"ReadAction","target":["https:\/\/www.gummyworlds.com\/tr\/kulturumuz\/"]}]},{"@type":"ImageObject","inLanguage":"tr","@id":"https:\/\/www.gummyworlds.com\/tr\/kulturumuz\/#primaryimage","url":"https:\/\/www.gummyworlds.com\/wp-content\/uploads\/2024\/03\/gummy-worlds-sq.png","contentUrl":"https:\/\/www.gummyworlds.com\/wp-content\/uploads\/2024\/03\/gummy-worlds-sq.png","width":500,"height":500,"caption":"Gummy Worlds"},{"@type":"BreadcrumbList","@id":"https:\/\/www.gummyworlds.com\/tr\/kulturumuz\/#breadcrumb","itemListElement":[{"@type":"ListItem","position":1,"name":"Home","item":"https:\/\/www.gummyworlds.com\/tr\/"},{"@type":"ListItem","position":2,"name":"K\u00fclt\u00fcr\u00fcm\u00fcz"}]},{"@type":"WebSite","@id":"https:\/\/www.gummyworlds.com\/tr\/#website","url":"https:\/\/www.gummyworlds.com\/tr\/","name":"Gummy Worlds","description":"","publisher":{"@id":"https:\/\/www.gummyworlds.com\/tr\/#organization"},"potentialAction":[{"@type":"SearchAction","target":{"@type":"EntryPoint","urlTemplate":"https:\/\/www.gummyworlds.com\/tr\/?s={search_term_string}"},"query-input":{"@type":"PropertyValueSpecification","valueRequired":true,"valueName":"search_term_string"}}],"inLanguage":"tr"},{"@type":"Organization","@id":"https:\/\/www.gummyworlds.com\/tr\/#organization","name":"Gummy Worlds","url":"https:\/\/www.gummyworlds.com\/tr\/","logo":{"@type":"ImageObject","inLanguage":"tr","@id":"https:\/\/www.gummyworlds.com\/tr\/#\/schema\/logo\/image\/","url":"https:\/\/www.gummyworlds.com\/wp-content\/uploads\/2024\/03\/gummy-worlds-sq.png","contentUrl":"https:\/\/www.gummyworlds.com\/wp-content\/uploads\/2024\/03\/gummy-worlds-sq.png","width":500,"height":500,"caption":"Gummy Worlds"},"image":{"@id":"https:\/\/www.gummyworlds.com\/tr\/#\/schema\/logo\/image\/"}}]}},"_links":{"self":[{"href":"https:\/\/www.gummyworlds.com\/tr\/wp-json\/wp\/v2\/pages\/4362","targetHints":{"allow":["GET"]}}],"collection":[{"href":"https:\/\/www.gummyworlds.com\/tr\/wp-json\/wp\/v2\/pages"}],"about":[{"href":"https:\/\/www.gummyworlds.com\/tr\/wp-json\/wp\/v2\/types\/page"}],"author":[{"embeddable":true,"href":"https:\/\/www.gummyworlds.com\/tr\/wp-json\/wp\/v2\/users\/2"}],"replies":[{"embeddable":true,"href":"https:\/\/www.gummyworlds.com\/tr\/wp-json\/wp\/v2\/comments?post=4362"}],"version-history":[{"count":11,"href":"https:\/\/www.gummyworlds.com\/tr\/wp-json\/wp\/v2\/pages\/4362\/revisions"}],"predecessor-version":[{"id":6473,"href":"https:\/\/www.gummyworlds.com\/tr\/wp-json\/wp\/v2\/pages\/4362\/revisions\/6473"}],"wp:featuredmedia":[{"embeddable":true,"href":"https:\/\/www.gummyworlds.com\/tr\/wp-json\/wp\/v2\/media\/4134"}],"wp:attachment":[{"href":"https:\/\/www.gummyworlds.com\/tr\/wp-json\/wp\/v2\/media?parent=4362"}],"curies":[{"name":"wp","href":"https:\/\/api.w.org\/{rel}","templated":true}]}}