{"id":4330,"date":"2024-01-27T14:28:07","date_gmt":"2024-01-27T14:28:07","guid":{"rendered":"https:\/\/www.gummyworlds.com\/?page_id=4330"},"modified":"2024-09-25T14:48:13","modified_gmt":"2024-09-25T14:48:13","slug":"gummy-worlds-hakkinda","status":"publish","type":"page","link":"https:\/\/www.gummyworlds.com\/tr\/gummy-worlds-hakkinda\/","title":{"rendered":"Gummy Worlds Hakk\u0131nda"},"content":{"rendered":"\t\t<div data-elementor-type=\"wp-page\" data-elementor-id=\"4330\" class=\"elementor elementor-4330 elementor-36\" data-elementor-post-type=\"page\">\n\t\t\t\t<div class=\"elementor-element elementor-element-1c6302e e-con-full e-flex e-con e-parent\" data-id=\"1c6302e\" data-element_type=\"container\" data-e-type=\"container\">\n\t\t\t\t<div class=\"elementor-element elementor-element-4a4da0f elementor-invisible elementor-widget elementor-widget-heading\" data-id=\"4a4da0f\" data-element_type=\"widget\" data-e-type=\"widget\" data-settings=\"{&quot;_animation&quot;:&quot;slideInUp&quot;}\" data-widget_type=\"heading.default\">\n\t\t\t\t<div class=\"elementor-widget-container\">\n\t\t\t\t\t<h2 class=\"elementor-heading-title elementor-size-default\">Gummy Worlds, sa\u011fl\u0131\u011f\u0131n ve hazz\u0131n lezzetli gummy takviyeleriyle bulu\u015ftu\u011fu renkli bir d\u00fcnya!<\/h2>\t\t\t\t<\/div>\n\t\t\t\t<\/div>\n\t\t\t\t<div class=\"elementor-element elementor-element-c51b878 elementor-widget elementor-widget-text-editor\" data-id=\"c51b878\" data-element_type=\"widget\" data-e-type=\"widget\" data-widget_type=\"text-editor.default\">\n\t\t\t\t<div class=\"elementor-widget-container\">\n\t\t\t\t\t\t\t\t\t<p>De\u011ferli Alyors Grup \u015eirketi&#8217;nin bir i\u015ftiraki olan Gummy Worlds, grubun \u00e7at\u0131s\u0131 alt\u0131ndaki se\u00e7kin \u015firketlerden biridir.<\/p><p>G\u0131da takviyeleri sekt\u00f6r\u00fcndeki kapsaml\u0131 deneyimimizi gummy formundaki takviyelerle birle\u015ftirerek, portf\u00f6y\u00fcm\u00fcz A&#8217;dan Z&#8217;ye geni\u015f bir \u00fcr\u00fcn yelpazesini kapsamaktad\u0131r.<\/p><p>M\u00fckemmellik taahh\u00fcd\u00fcm\u00fcz\u00fcn rehberli\u011finde, modern teknoloji ile donat\u0131lm\u0131\u015f bir fabrikada, kendini i\u015fine adam\u0131\u015f uzmanlar taraf\u0131ndan \u00fcretim yapmaktay\u0131z. Geli\u015fmi\u015f altyap\u0131 ve deneyimli profesyonellerden olu\u015fan bu sinerji, en y\u00fcksek kalite standartlar\u0131n\u0131 kar\u015f\u0131layan \u00fcst d\u00fczey \u00fcr\u00fcnlerin \u00fcretilmesini sa\u011flamaktad\u0131r.<\/p><p>Kapsaml\u0131 hizmetlerimiz fason \u00fcretim, private label \u00e7\u00f6z\u00fcmleri ve d\u00f6kme \u00fcretimi kapsamaktad\u0131r.<\/p>\t\t\t\t\t\t\t\t<\/div>\n\t\t\t\t<\/div>\n\t\t\t\t<\/div>\n\t\t<div class=\"elementor-element elementor-element-37ca703 e-flex e-con-boxed e-con e-parent\" data-id=\"37ca703\" data-element_type=\"container\" data-e-type=\"container\">\n\t\t\t\t\t<div class=\"e-con-inner\">\n\t\t<div class=\"elementor-element elementor-element-93ecb03 e-con-full e-flex e-con e-child\" data-id=\"93ecb03\" data-element_type=\"container\" data-e-type=\"container\">\n\t\t\t\t<div class=\"elementor-element elementor-element-62fda6d elementor-position-top elementor-widget elementor-widget-image-box\" data-id=\"62fda6d\" data-element_type=\"widget\" data-e-type=\"widget\" data-widget_type=\"image-box.default\">\n\t\t\t\t<div class=\"elementor-widget-container\">\n\t\t\t\t\t<div class=\"elementor-image-box-wrapper\"><figure class=\"elementor-image-box-img\"><img decoding=\"async\" src=\"https:\/\/www.gummyworlds.com\/wp-content\/uploads\/2024\/02\/manufacturing_plant-copy-1.svg\" title=\"manufacturing_plant copy\" alt=\"manufacturing_plant copy\" loading=\"lazy\" \/><\/figure><div class=\"elementor-image-box-content\"><h3 class=\"elementor-image-box-title\">Y\u00dcKSEK \u00dcRET\u0130M KAPAS\u0130TES\u0130<\/h3><\/div><\/div>\t\t\t\t<\/div>\n\t\t\t\t<\/div>\n\t\t\t\t<\/div>\n\t\t<div class=\"elementor-element elementor-element-8eb7285 e-con-full e-flex e-con e-child\" data-id=\"8eb7285\" data-element_type=\"container\" data-e-type=\"container\">\n\t\t\t\t<div class=\"elementor-element elementor-element-5b7f82d elementor-position-top elementor-widget elementor-widget-image-box\" data-id=\"5b7f82d\" data-element_type=\"widget\" data-e-type=\"widget\" data-widget_type=\"image-box.default\">\n\t\t\t\t<div class=\"elementor-widget-container\">\n\t\t\t\t\t<div class=\"elementor-image-box-wrapper\"><figure class=\"elementor-image-box-img\"><img decoding=\"async\" src=\"https:\/\/www.gummyworlds.com\/wp-content\/uploads\/2024\/02\/customizable.svg\" title=\"customizable\" alt=\"customizable\" loading=\"lazy\" \/><\/figure><div class=\"elementor-image-box-content\"><h3 class=\"elementor-image-box-title\">FARKLI GUMMY SE\u00c7ENEKLER\u0130<\/h3><\/div><\/div>\t\t\t\t<\/div>\n\t\t\t\t<\/div>\n\t\t\t\t<\/div>\n\t\t<div class=\"elementor-element elementor-element-b6be7d5 e-con-full e-flex e-con e-child\" data-id=\"b6be7d5\" data-element_type=\"container\" data-e-type=\"container\">\n\t\t\t\t<div class=\"elementor-element elementor-element-02c1a89 elementor-position-top elementor-widget elementor-widget-image-box\" data-id=\"02c1a89\" data-element_type=\"widget\" data-e-type=\"widget\" data-widget_type=\"image-box.default\">\n\t\t\t\t<div class=\"elementor-widget-container\">\n\t\t\t\t\t<div class=\"elementor-image-box-wrapper\"><figure class=\"elementor-image-box-img\"><img decoding=\"async\" src=\"https:\/\/www.gummyworlds.com\/wp-content\/uploads\/2024\/02\/750plus_products-2.svg\" title=\"750plus_products\" alt=\"750plus_products\" loading=\"lazy\" \/><\/figure><div class=\"elementor-image-box-content\"><h3 class=\"elementor-image-box-title\">PRIVATE LABEL \u00c7\u00d6Z\u00dcMLER\u0130<\/h3><\/div><\/div>\t\t\t\t<\/div>\n\t\t\t\t<\/div>\n\t\t\t\t<\/div>\n\t\t<div class=\"elementor-element elementor-element-ef1c5da e-con-full e-flex e-con e-child\" data-id=\"ef1c5da\" data-element_type=\"container\" data-e-type=\"container\">\n\t\t\t\t<div class=\"elementor-element elementor-element-612cc83 elementor-position-top elementor-widget elementor-widget-image-box\" data-id=\"612cc83\" data-element_type=\"widget\" data-e-type=\"widget\" data-widget_type=\"image-box.default\">\n\t\t\t\t<div class=\"elementor-widget-container\">\n\t\t\t\t\t<div class=\"elementor-image-box-wrapper\"><figure class=\"elementor-image-box-img\"><img decoding=\"async\" src=\"https:\/\/www.gummyworlds.com\/wp-content\/uploads\/2024\/02\/4billion_plus_customers.svg\" title=\"4billion_plus_customers\" alt=\"4billion_plus_customers\" loading=\"lazy\" \/><\/figure><div class=\"elementor-image-box-content\"><h3 class=\"elementor-image-box-title\">PRIVATE LABEL SOLUTIONS<\/h3><\/div><\/div>\t\t\t\t<\/div>\n\t\t\t\t<\/div>\n\t\t\t\t<\/div>\n\t\t\t\t\t<\/div>\n\t\t\t\t<\/div>\n\t\t\t\t<\/div>\n\t\t","protected":false},"excerpt":{"rendered":"<p>Gummy Worlds, sa\u011fl\u0131\u011f\u0131n ve hazz\u0131n lezzetli gummy takviyeleriyle bulu\u015ftu\u011fu renkli bir d\u00fcnya! De\u011ferli Alyors Grup \u015eirketi&#8217;nin bir i\u015ftiraki olan Gummy Worlds, grubun \u00e7at\u0131s\u0131 alt\u0131ndaki se\u00e7kin \u015firketlerden biridir. G\u0131da takviyeleri sekt\u00f6r\u00fcndeki kapsaml\u0131 deneyimimizi gummy formundaki takviyelerle birle\u015ftirerek, portf\u00f6y\u00fcm\u00fcz A&#8217;dan Z&#8217;ye geni\u015f bir \u00fcr\u00fcn yelpazesini kapsamaktad\u0131r. M\u00fckemmellik taahh\u00fcd\u00fcm\u00fcz\u00fcn rehberli\u011finde, modern teknoloji ile donat\u0131lm\u0131\u015f bir fabrikada, kendini i\u015fine [&hellip;]<\/p>\n","protected":false},"author":2,"featured_media":4134,"parent":0,"menu_order":0,"comment_status":"closed","ping_status":"closed","template":"","meta":{"_acf_changed":false,"inline_featured_image":false,"footnotes":""},"class_list":["post-4330","page","type-page","status-publish","has-post-thumbnail","hentry"],"acf":[],"yoast_head":"<!-- This site is optimized with the Yoast SEO plugin v27.5 - https:\/\/yoast.com\/product\/yoast-seo-wordpress\/ -->\n<title>Gummy Worlds Hakk\u0131nda - Gummy Worlds<\/title>\n<meta name=\"robots\" content=\"index, follow, max-snippet:-1, max-image-preview:large, max-video-preview:-1\" \/>\n<link rel=\"canonical\" href=\"https:\/\/www.gummyworlds.com\/tr\/gummy-worlds-hakkinda\/\" \/>\n<meta property=\"og:locale\" content=\"tr_TR\" \/>\n<meta property=\"og:type\" content=\"article\" \/>\n<meta property=\"og:title\" content=\"Gummy Worlds Hakk\u0131nda - Gummy Worlds\" \/>\n<meta property=\"og:description\" content=\"Gummy Worlds, sa\u011fl\u0131\u011f\u0131n ve hazz\u0131n lezzetli gummy takviyeleriyle bulu\u015ftu\u011fu renkli bir d\u00fcnya! De\u011ferli Alyors Grup \u015eirketi&#8217;nin bir i\u015ftiraki olan Gummy Worlds, grubun \u00e7at\u0131s\u0131 alt\u0131ndaki se\u00e7kin \u015firketlerden biridir. G\u0131da takviyeleri sekt\u00f6r\u00fcndeki kapsaml\u0131 deneyimimizi gummy formundaki takviyelerle birle\u015ftirerek, portf\u00f6y\u00fcm\u00fcz A&#8217;dan Z&#8217;ye geni\u015f bir \u00fcr\u00fcn yelpazesini kapsamaktad\u0131r. M\u00fckemmellik taahh\u00fcd\u00fcm\u00fcz\u00fcn rehberli\u011finde, modern teknoloji ile donat\u0131lm\u0131\u015f bir fabrikada, kendini i\u015fine [&hellip;]\" \/>\n<meta property=\"og:url\" content=\"https:\/\/www.gummyworlds.com\/tr\/gummy-worlds-hakkinda\/\" \/>\n<meta property=\"og:site_name\" content=\"Gummy Worlds\" \/>\n<meta property=\"article:modified_time\" content=\"2024-09-25T14:48:13+00:00\" \/>\n<meta property=\"og:image\" content=\"https:\/\/www.gummyworlds.com\/wp-content\/uploads\/2024\/03\/gummy-worlds-sq.png\" \/>\n\t<meta property=\"og:image:width\" content=\"500\" \/>\n\t<meta property=\"og:image:height\" content=\"500\" \/>\n\t<meta property=\"og:image:type\" content=\"image\/png\" \/>\n<meta name=\"twitter:card\" content=\"summary_large_image\" \/>\n<meta name=\"twitter:label1\" content=\"Tahmini okuma s\u00fcresi\" \/>\n\t<meta name=\"twitter:data1\" content=\"2 dakika\" \/>\n<script type=\"application\/ld+json\" class=\"yoast-schema-graph\">{\"@context\":\"https:\\\/\\\/schema.org\",\"@graph\":[{\"@type\":\"WebPage\",\"@id\":\"https:\\\/\\\/www.gummyworlds.com\\\/tr\\\/gummy-worlds-hakkinda\\\/\",\"url\":\"https:\\\/\\\/www.gummyworlds.com\\\/tr\\\/gummy-worlds-hakkinda\\\/\",\"name\":\"Gummy Worlds Hakk\u0131nda - Gummy Worlds\",\"isPartOf\":{\"@id\":\"https:\\\/\\\/www.gummyworlds.com\\\/tr\\\/#website\"},\"primaryImageOfPage\":{\"@id\":\"https:\\\/\\\/www.gummyworlds.com\\\/tr\\\/gummy-worlds-hakkinda\\\/#primaryimage\"},\"image\":{\"@id\":\"https:\\\/\\\/www.gummyworlds.com\\\/tr\\\/gummy-worlds-hakkinda\\\/#primaryimage\"},\"thumbnailUrl\":\"https:\\\/\\\/www.gummyworlds.com\\\/wp-content\\\/uploads\\\/2024\\\/03\\\/gummy-worlds-sq.png\",\"datePublished\":\"2024-01-27T14:28:07+00:00\",\"dateModified\":\"2024-09-25T14:48:13+00:00\",\"breadcrumb\":{\"@id\":\"https:\\\/\\\/www.gummyworlds.com\\\/tr\\\/gummy-worlds-hakkinda\\\/#breadcrumb\"},\"inLanguage\":\"tr\",\"potentialAction\":[{\"@type\":\"ReadAction\",\"target\":[\"https:\\\/\\\/www.gummyworlds.com\\\/tr\\\/gummy-worlds-hakkinda\\\/\"]}]},{\"@type\":\"ImageObject\",\"inLanguage\":\"tr\",\"@id\":\"https:\\\/\\\/www.gummyworlds.com\\\/tr\\\/gummy-worlds-hakkinda\\\/#primaryimage\",\"url\":\"https:\\\/\\\/www.gummyworlds.com\\\/wp-content\\\/uploads\\\/2024\\\/03\\\/gummy-worlds-sq.png\",\"contentUrl\":\"https:\\\/\\\/www.gummyworlds.com\\\/wp-content\\\/uploads\\\/2024\\\/03\\\/gummy-worlds-sq.png\",\"width\":500,\"height\":500,\"caption\":\"Gummy Worlds\"},{\"@type\":\"BreadcrumbList\",\"@id\":\"https:\\\/\\\/www.gummyworlds.com\\\/tr\\\/gummy-worlds-hakkinda\\\/#breadcrumb\",\"itemListElement\":[{\"@type\":\"ListItem\",\"position\":1,\"name\":\"Home\",\"item\":\"https:\\\/\\\/www.gummyworlds.com\\\/tr\\\/\"},{\"@type\":\"ListItem\",\"position\":2,\"name\":\"Gummy Worlds Hakk\u0131nda\"}]},{\"@type\":\"WebSite\",\"@id\":\"https:\\\/\\\/www.gummyworlds.com\\\/tr\\\/#website\",\"url\":\"https:\\\/\\\/www.gummyworlds.com\\\/tr\\\/\",\"name\":\"Gummy Worlds\",\"description\":\"\",\"publisher\":{\"@id\":\"https:\\\/\\\/www.gummyworlds.com\\\/tr\\\/#organization\"},\"potentialAction\":[{\"@type\":\"SearchAction\",\"target\":{\"@type\":\"EntryPoint\",\"urlTemplate\":\"https:\\\/\\\/www.gummyworlds.com\\\/tr\\\/?s={search_term_string}\"},\"query-input\":{\"@type\":\"PropertyValueSpecification\",\"valueRequired\":true,\"valueName\":\"search_term_string\"}}],\"inLanguage\":\"tr\"},{\"@type\":\"Organization\",\"@id\":\"https:\\\/\\\/www.gummyworlds.com\\\/tr\\\/#organization\",\"name\":\"Gummy Worlds\",\"url\":\"https:\\\/\\\/www.gummyworlds.com\\\/tr\\\/\",\"logo\":{\"@type\":\"ImageObject\",\"inLanguage\":\"tr\",\"@id\":\"https:\\\/\\\/www.gummyworlds.com\\\/tr\\\/#\\\/schema\\\/logo\\\/image\\\/\",\"url\":\"https:\\\/\\\/www.gummyworlds.com\\\/wp-content\\\/uploads\\\/2024\\\/03\\\/gummy-worlds-sq.png\",\"contentUrl\":\"https:\\\/\\\/www.gummyworlds.com\\\/wp-content\\\/uploads\\\/2024\\\/03\\\/gummy-worlds-sq.png\",\"width\":500,\"height\":500,\"caption\":\"Gummy Worlds\"},\"image\":{\"@id\":\"https:\\\/\\\/www.gummyworlds.com\\\/tr\\\/#\\\/schema\\\/logo\\\/image\\\/\"}}]}<\/script>\n<!-- \/ Yoast SEO plugin. -->","yoast_head_json":{"title":"Gummy Worlds Hakk\u0131nda - Gummy Worlds","robots":{"index":"index","follow":"follow","max-snippet":"max-snippet:-1","max-image-preview":"max-image-preview:large","max-video-preview":"max-video-preview:-1"},"canonical":"https:\/\/www.gummyworlds.com\/tr\/gummy-worlds-hakkinda\/","og_locale":"tr_TR","og_type":"article","og_title":"Gummy Worlds Hakk\u0131nda - Gummy Worlds","og_description":"Gummy Worlds, sa\u011fl\u0131\u011f\u0131n ve hazz\u0131n lezzetli gummy takviyeleriyle bulu\u015ftu\u011fu renkli bir d\u00fcnya! De\u011ferli Alyors Grup \u015eirketi&#8217;nin bir i\u015ftiraki olan Gummy Worlds, grubun \u00e7at\u0131s\u0131 alt\u0131ndaki se\u00e7kin \u015firketlerden biridir. G\u0131da takviyeleri sekt\u00f6r\u00fcndeki kapsaml\u0131 deneyimimizi gummy formundaki takviyelerle birle\u015ftirerek, portf\u00f6y\u00fcm\u00fcz A&#8217;dan Z&#8217;ye geni\u015f bir \u00fcr\u00fcn yelpazesini kapsamaktad\u0131r. M\u00fckemmellik taahh\u00fcd\u00fcm\u00fcz\u00fcn rehberli\u011finde, modern teknoloji ile donat\u0131lm\u0131\u015f bir fabrikada, kendini i\u015fine [&hellip;]","og_url":"https:\/\/www.gummyworlds.com\/tr\/gummy-worlds-hakkinda\/","og_site_name":"Gummy Worlds","article_modified_time":"2024-09-25T14:48:13+00:00","og_image":[{"width":500,"height":500,"url":"https:\/\/www.gummyworlds.com\/wp-content\/uploads\/2024\/03\/gummy-worlds-sq.png","type":"image\/png"}],"twitter_card":"summary_large_image","twitter_misc":{"Tahmini okuma s\u00fcresi":"2 dakika"},"schema":{"@context":"https:\/\/schema.org","@graph":[{"@type":"WebPage","@id":"https:\/\/www.gummyworlds.com\/tr\/gummy-worlds-hakkinda\/","url":"https:\/\/www.gummyworlds.com\/tr\/gummy-worlds-hakkinda\/","name":"Gummy Worlds Hakk\u0131nda - Gummy Worlds","isPartOf":{"@id":"https:\/\/www.gummyworlds.com\/tr\/#website"},"primaryImageOfPage":{"@id":"https:\/\/www.gummyworlds.com\/tr\/gummy-worlds-hakkinda\/#primaryimage"},"image":{"@id":"https:\/\/www.gummyworlds.com\/tr\/gummy-worlds-hakkinda\/#primaryimage"},"thumbnailUrl":"https:\/\/www.gummyworlds.com\/wp-content\/uploads\/2024\/03\/gummy-worlds-sq.png","datePublished":"2024-01-27T14:28:07+00:00","dateModified":"2024-09-25T14:48:13+00:00","breadcrumb":{"@id":"https:\/\/www.gummyworlds.com\/tr\/gummy-worlds-hakkinda\/#breadcrumb"},"inLanguage":"tr","potentialAction":[{"@type":"ReadAction","target":["https:\/\/www.gummyworlds.com\/tr\/gummy-worlds-hakkinda\/"]}]},{"@type":"ImageObject","inLanguage":"tr","@id":"https:\/\/www.gummyworlds.com\/tr\/gummy-worlds-hakkinda\/#primaryimage","url":"https:\/\/www.gummyworlds.com\/wp-content\/uploads\/2024\/03\/gummy-worlds-sq.png","contentUrl":"https:\/\/www.gummyworlds.com\/wp-content\/uploads\/2024\/03\/gummy-worlds-sq.png","width":500,"height":500,"caption":"Gummy Worlds"},{"@type":"BreadcrumbList","@id":"https:\/\/www.gummyworlds.com\/tr\/gummy-worlds-hakkinda\/#breadcrumb","itemListElement":[{"@type":"ListItem","position":1,"name":"Home","item":"https:\/\/www.gummyworlds.com\/tr\/"},{"@type":"ListItem","position":2,"name":"Gummy Worlds Hakk\u0131nda"}]},{"@type":"WebSite","@id":"https:\/\/www.gummyworlds.com\/tr\/#website","url":"https:\/\/www.gummyworlds.com\/tr\/","name":"Gummy Worlds","description":"","publisher":{"@id":"https:\/\/www.gummyworlds.com\/tr\/#organization"},"potentialAction":[{"@type":"SearchAction","target":{"@type":"EntryPoint","urlTemplate":"https:\/\/www.gummyworlds.com\/tr\/?s={search_term_string}"},"query-input":{"@type":"PropertyValueSpecification","valueRequired":true,"valueName":"search_term_string"}}],"inLanguage":"tr"},{"@type":"Organization","@id":"https:\/\/www.gummyworlds.com\/tr\/#organization","name":"Gummy Worlds","url":"https:\/\/www.gummyworlds.com\/tr\/","logo":{"@type":"ImageObject","inLanguage":"tr","@id":"https:\/\/www.gummyworlds.com\/tr\/#\/schema\/logo\/image\/","url":"https:\/\/www.gummyworlds.com\/wp-content\/uploads\/2024\/03\/gummy-worlds-sq.png","contentUrl":"https:\/\/www.gummyworlds.com\/wp-content\/uploads\/2024\/03\/gummy-worlds-sq.png","width":500,"height":500,"caption":"Gummy Worlds"},"image":{"@id":"https:\/\/www.gummyworlds.com\/tr\/#\/schema\/logo\/image\/"}}]}},"_links":{"self":[{"href":"https:\/\/www.gummyworlds.com\/tr\/wp-json\/wp\/v2\/pages\/4330","targetHints":{"allow":["GET"]}}],"collection":[{"href":"https:\/\/www.gummyworlds.com\/tr\/wp-json\/wp\/v2\/pages"}],"about":[{"href":"https:\/\/www.gummyworlds.com\/tr\/wp-json\/wp\/v2\/types\/page"}],"author":[{"embeddable":true,"href":"https:\/\/www.gummyworlds.com\/tr\/wp-json\/wp\/v2\/users\/2"}],"replies":[{"embeddable":true,"href":"https:\/\/www.gummyworlds.com\/tr\/wp-json\/wp\/v2\/comments?post=4330"}],"version-history":[{"count":4,"href":"https:\/\/www.gummyworlds.com\/tr\/wp-json\/wp\/v2\/pages\/4330\/revisions"}],"predecessor-version":[{"id":4361,"href":"https:\/\/www.gummyworlds.com\/tr\/wp-json\/wp\/v2\/pages\/4330\/revisions\/4361"}],"wp:featuredmedia":[{"embeddable":true,"href":"https:\/\/www.gummyworlds.com\/tr\/wp-json\/wp\/v2\/media\/4134"}],"wp:attachment":[{"href":"https:\/\/www.gummyworlds.com\/tr\/wp-json\/wp\/v2\/media?parent=4330"}],"curies":[{"name":"wp","href":"https:\/\/api.w.org\/{rel}","templated":true}]}}