{"id":4310,"date":"2024-02-20T18:22:32","date_gmt":"2024-02-20T15:22:32","guid":{"rendered":"https:\/\/www.gummyworlds.com\/about-alyors\/"},"modified":"2024-09-25T14:55:36","modified_gmt":"2024-09-25T14:55:36","slug":"about-alyors","status":"publish","type":"page","link":"https:\/\/www.gummyworlds.com\/tr\/about-alyors\/","title":{"rendered":"Alyors Hakk\u0131nda"},"content":{"rendered":"\t\t<div data-elementor-type=\"wp-page\" data-elementor-id=\"4310\" class=\"elementor elementor-4310 elementor-3320\" data-elementor-post-type=\"page\">\n\t\t\t\t<div class=\"elementor-element elementor-element-bf8a1b4 e-flex e-con-boxed e-con e-parent\" data-id=\"bf8a1b4\" data-element_type=\"container\" data-e-type=\"container\">\n\t\t\t\t\t<div class=\"e-con-inner\">\n\t\t\t\t<div class=\"elementor-element elementor-element-5277ab5 elementor-invisible elementor-widget elementor-widget-heading\" data-id=\"5277ab5\" data-element_type=\"widget\" data-e-type=\"widget\" data-settings=\"{&quot;_animation&quot;:&quot;slideInUp&quot;}\" data-widget_type=\"heading.default\">\n\t\t\t\t<div class=\"elementor-widget-container\">\n\t\t\t\t\t<h2 class=\"elementor-heading-title elementor-size-default\">De\u011fer Ver, Yenilik Kat, \u0130lham\u00a0Ol!<\/h2>\t\t\t\t<\/div>\n\t\t\t\t<\/div>\n\t\t\t\t<div class=\"elementor-element elementor-element-850152d elementor-widget elementor-widget-text-editor\" data-id=\"850152d\" data-element_type=\"widget\" data-e-type=\"widget\" data-widget_type=\"text-editor.default\">\n\t\t\t\t<div class=\"elementor-widget-container\">\n\t\t\t\t\t\t\t\t\t<p>Alyors \u015eirketler Grubu olarak y\u00fcksek kalite anlay\u0131\u015f\u0131 ve \u00fcretim teknolojileri ile geli\u015ftirdi\u011fimiz \u00fcr\u00fcnleri d\u00fcnyan\u0131n ve insanl\u0131\u011f\u0131n hizmetine sunmaktay\u0131z. Eczac\u0131l\u0131k ve t\u0131p alan\u0131ndaki 30 y\u0131ll\u0131k tecr\u00fcbemizi arkam\u0131za alarak 2004 y\u0131l\u0131nda bu yolculu\u011fa ilk ad\u0131m\u0131m\u0131z\u0131 att\u0131k. O g\u00fcnden bu yana &#8216;Sa\u011fl\u0131\u011fa Hediye&#8217; anlay\u0131\u015f\u0131yla hizmet vermeye kendimizi adad\u0131k. \u00dcr\u00fcn kalite g\u00fcvencesini ve s\u00fcreklili\u011fini ISO, GMP, IFOS, WHO ve GOED standartlar\u0131 \u00e7er\u00e7evesinde garanti etmekteyiz.<\/p><p>OTC (Over-the-Counter) pazar\u0131nda lider bir tedarik\u00e7i olarak, d\u00fcnya \u00e7ap\u0131nda 53 \u00fclkeye ihracat yapmakta ve 14 farkl\u0131 marka ve farkl\u0131 ihtiya\u00e7lara g\u00f6re uyarlanm\u0131\u015f 750&#8217;den fazla \u00fcr\u00fcnden olu\u015fan geni\u015f bir \u00fcr\u00fcn yelpazesi sunmaktay\u0131z. Sundu\u011fumuz \u00fcr\u00fcnler aras\u0131nda yakla\u015f\u0131k 300 g\u0131da takviyesi, dermo-kozmetik cilt bak\u0131m \u00fcr\u00fcnleri, sa\u00e7 b\u00fcy\u00fcmesini desteklemek i\u00e7in tasarlanm\u0131\u015f sa\u00e7 bak\u0131m \u00e7\u00f6z\u00fcmleri, temel ilk yard\u0131m malzemeleri, izotonik\/hipertonik deniz suyu burun spreyleri, serum fizyolojik \u00fcr\u00fcnler ve ins\u00fclin kalem i\u011fnelerinden olu\u015fan kapsaml\u0131 bir se\u00e7ki yer almaktad\u0131r. Ayr\u0131ca, \u00f6zel m\u00fc\u015fteri gereksinimlerini kar\u015f\u0131lamak i\u00e7in private-label alternatifler de sunmaktay\u0131z.<\/p>\t\t\t\t\t\t\t\t<\/div>\n\t\t\t\t<\/div>\n\t\t\t\t\t<\/div>\n\t\t\t\t<\/div>\n\t\t<div class=\"elementor-element elementor-element-ab7273f e-flex e-con-boxed e-con e-parent\" data-id=\"ab7273f\" data-element_type=\"container\" data-e-type=\"container\">\n\t\t\t\t\t<div class=\"e-con-inner\">\n\t\t<div class=\"elementor-element elementor-element-90b4038 e-con-full e-flex e-con e-child\" data-id=\"90b4038\" data-element_type=\"container\" data-e-type=\"container\">\n\t\t\t\t<div class=\"elementor-element elementor-element-22082e5 elementor-position-top elementor-position-top elementor-widget elementor-widget-image-box\" data-id=\"22082e5\" data-element_type=\"widget\" data-e-type=\"widget\" data-widget_type=\"image-box.default\">\n\t\t\t\t<div class=\"elementor-widget-container\">\n\t\t\t\t\t<div class=\"elementor-image-box-wrapper\"><figure class=\"elementor-image-box-img\"><img fetchpriority=\"high\" decoding=\"async\" width=\"566\" height=\"566\" src=\"https:\/\/www.gummyworlds.com\/wp-content\/uploads\/2024\/02\/icon1.svg\" class=\"attachment-full size-full wp-image-3442\" alt=\"\" \/><\/figure><div class=\"elementor-image-box-content\"><h3 class=\"elementor-image-box-title\">14 <\/h3><p class=\"elementor-image-box-description\">Marka<\/p><\/div><\/div>\t\t\t\t<\/div>\n\t\t\t\t<\/div>\n\t\t\t\t<\/div>\n\t\t<div class=\"elementor-element elementor-element-ad47f1f e-con-full e-flex e-con e-child\" data-id=\"ad47f1f\" data-element_type=\"container\" data-e-type=\"container\">\n\t\t\t\t<div class=\"elementor-element elementor-element-423ab6e elementor-position-top elementor-position-top elementor-widget elementor-widget-image-box\" data-id=\"423ab6e\" data-element_type=\"widget\" data-e-type=\"widget\" data-widget_type=\"image-box.default\">\n\t\t\t\t<div class=\"elementor-widget-container\">\n\t\t\t\t\t<div class=\"elementor-image-box-wrapper\"><figure class=\"elementor-image-box-img\"><img decoding=\"async\" width=\"566\" height=\"566\" src=\"https:\/\/www.gummyworlds.com\/wp-content\/uploads\/2024\/02\/icon2.svg\" class=\"attachment-full size-full wp-image-3444\" alt=\"\" \/><\/figure><div class=\"elementor-image-box-content\"><h3 class=\"elementor-image-box-title\">+750<\/h3><p class=\"elementor-image-box-description\">\u00dcr\u00fcn<\/p><\/div><\/div>\t\t\t\t<\/div>\n\t\t\t\t<\/div>\n\t\t\t\t<\/div>\n\t\t<div class=\"elementor-element elementor-element-25fc7e3 e-con-full e-flex e-con e-child\" data-id=\"25fc7e3\" data-element_type=\"container\" data-e-type=\"container\">\n\t\t\t\t<div class=\"elementor-element elementor-element-376a9f0 elementor-position-top elementor-position-top elementor-widget elementor-widget-image-box\" data-id=\"376a9f0\" data-element_type=\"widget\" data-e-type=\"widget\" data-widget_type=\"image-box.default\">\n\t\t\t\t<div class=\"elementor-widget-container\">\n\t\t\t\t\t<div class=\"elementor-image-box-wrapper\"><figure class=\"elementor-image-box-img\"><img decoding=\"async\" width=\"566\" height=\"566\" src=\"https:\/\/www.gummyworlds.com\/wp-content\/uploads\/2024\/02\/icon3.svg\" class=\"attachment-full size-full wp-image-3446\" alt=\"\" \/><\/figure><div class=\"elementor-image-box-content\"><h3 class=\"elementor-image-box-title\">53<\/h3><p class=\"elementor-image-box-description\">\u00dclke<\/p><\/div><\/div>\t\t\t\t<\/div>\n\t\t\t\t<\/div>\n\t\t\t\t<\/div>\n\t\t<div class=\"elementor-element elementor-element-79ef21e e-con-full e-flex e-con e-child\" data-id=\"79ef21e\" data-element_type=\"container\" data-e-type=\"container\">\n\t\t\t\t<div class=\"elementor-element elementor-element-0e416a8 elementor-position-top elementor-position-top elementor-widget elementor-widget-image-box\" data-id=\"0e416a8\" data-element_type=\"widget\" data-e-type=\"widget\" data-widget_type=\"image-box.default\">\n\t\t\t\t<div class=\"elementor-widget-container\">\n\t\t\t\t\t<div class=\"elementor-image-box-wrapper\"><figure class=\"elementor-image-box-img\"><img loading=\"lazy\" decoding=\"async\" width=\"566\" height=\"566\" src=\"https:\/\/www.gummyworlds.com\/wp-content\/uploads\/2024\/02\/icon4.svg\" class=\"attachment-full size-full wp-image-3440\" alt=\"\" \/><\/figure><div class=\"elementor-image-box-content\"><h3 class=\"elementor-image-box-title\">+1200<\/h3><p class=\"elementor-image-box-description\">\u00c7al\u0131\u015fan<\/p><\/div><\/div>\t\t\t\t<\/div>\n\t\t\t\t<\/div>\n\t\t\t\t<\/div>\n\t\t\t\t\t<\/div>\n\t\t\t\t<\/div>\n\t\t\t\t<\/div>\n\t\t","protected":false},"excerpt":{"rendered":"<p>De\u011fer Ver, Yenilik Kat, \u0130lham\u00a0Ol! Alyors \u015eirketler Grubu olarak y\u00fcksek kalite anlay\u0131\u015f\u0131 ve \u00fcretim teknolojileri ile geli\u015ftirdi\u011fimiz \u00fcr\u00fcnleri d\u00fcnyan\u0131n ve insanl\u0131\u011f\u0131n hizmetine sunmaktay\u0131z. Eczac\u0131l\u0131k ve t\u0131p alan\u0131ndaki 30 y\u0131ll\u0131k tecr\u00fcbemizi arkam\u0131za alarak 2004 y\u0131l\u0131nda bu yolculu\u011fa ilk ad\u0131m\u0131m\u0131z\u0131 att\u0131k. O g\u00fcnden bu yana &#8216;Sa\u011fl\u0131\u011fa Hediye&#8217; anlay\u0131\u015f\u0131yla hizmet vermeye kendimizi adad\u0131k. \u00dcr\u00fcn kalite g\u00fcvencesini ve s\u00fcreklili\u011fini [&hellip;]<\/p>\n","protected":false},"author":2,"featured_media":4134,"parent":0,"menu_order":0,"comment_status":"closed","ping_status":"closed","template":"","meta":{"_acf_changed":false,"inline_featured_image":false,"footnotes":""},"class_list":["post-4310","page","type-page","status-publish","has-post-thumbnail","hentry"],"acf":[],"yoast_head":"<!-- This site is optimized with the Yoast SEO plugin v27.5 - https:\/\/yoast.com\/product\/yoast-seo-wordpress\/ -->\n<title>Trusted OTC Products | High-Quality Healthcare Solutions - Alyors<\/title>\n<meta name=\"description\" content=\"Explore Alyors Group, a leading provider of high-quality OTC healthcare products. We offer over 750 items across 14 brands.\" \/>\n<meta name=\"robots\" content=\"index, follow, max-snippet:-1, max-image-preview:large, max-video-preview:-1\" \/>\n<link rel=\"canonical\" href=\"https:\/\/www.gummyworlds.com\/tr\/about-alyors\/\" \/>\n<meta property=\"og:locale\" content=\"tr_TR\" \/>\n<meta property=\"og:type\" content=\"article\" \/>\n<meta property=\"og:title\" content=\"Trusted OTC Products | High-Quality Healthcare Solutions - Alyors\" \/>\n<meta property=\"og:description\" content=\"Explore Alyors Group, a leading provider of high-quality OTC healthcare products. We offer over 750 items across 14 brands.\" \/>\n<meta property=\"og:url\" content=\"https:\/\/www.gummyworlds.com\/tr\/about-alyors\/\" \/>\n<meta property=\"og:site_name\" content=\"Gummy Worlds\" \/>\n<meta property=\"article:modified_time\" content=\"2024-09-25T14:55:36+00:00\" \/>\n<meta property=\"og:image\" content=\"https:\/\/www.gummyworlds.com\/wp-content\/uploads\/2024\/03\/gummy-worlds-sq.png\" \/>\n\t<meta property=\"og:image:width\" content=\"500\" \/>\n\t<meta property=\"og:image:height\" content=\"500\" \/>\n\t<meta property=\"og:image:type\" content=\"image\/png\" \/>\n<meta name=\"twitter:card\" content=\"summary_large_image\" \/>\n<meta name=\"twitter:label1\" content=\"Tahmini okuma s\u00fcresi\" \/>\n\t<meta name=\"twitter:data1\" content=\"2 dakika\" \/>\n<script type=\"application\/ld+json\" class=\"yoast-schema-graph\">{\"@context\":\"https:\\\/\\\/schema.org\",\"@graph\":[{\"@type\":\"WebPage\",\"@id\":\"https:\\\/\\\/www.gummyworlds.com\\\/tr\\\/about-alyors\\\/\",\"url\":\"https:\\\/\\\/www.gummyworlds.com\\\/tr\\\/about-alyors\\\/\",\"name\":\"Trusted OTC Products | High-Quality Healthcare Solutions - Alyors\",\"isPartOf\":{\"@id\":\"https:\\\/\\\/www.gummyworlds.com\\\/tr\\\/#website\"},\"primaryImageOfPage\":{\"@id\":\"https:\\\/\\\/www.gummyworlds.com\\\/tr\\\/about-alyors\\\/#primaryimage\"},\"image\":{\"@id\":\"https:\\\/\\\/www.gummyworlds.com\\\/tr\\\/about-alyors\\\/#primaryimage\"},\"thumbnailUrl\":\"https:\\\/\\\/www.gummyworlds.com\\\/wp-content\\\/uploads\\\/2024\\\/03\\\/gummy-worlds-sq.png\",\"datePublished\":\"2024-02-20T15:22:32+00:00\",\"dateModified\":\"2024-09-25T14:55:36+00:00\",\"description\":\"Explore Alyors Group, a leading provider of high-quality OTC healthcare products. We offer over 750 items across 14 brands.\",\"breadcrumb\":{\"@id\":\"https:\\\/\\\/www.gummyworlds.com\\\/tr\\\/about-alyors\\\/#breadcrumb\"},\"inLanguage\":\"tr\",\"potentialAction\":[{\"@type\":\"ReadAction\",\"target\":[\"https:\\\/\\\/www.gummyworlds.com\\\/tr\\\/about-alyors\\\/\"]}]},{\"@type\":\"ImageObject\",\"inLanguage\":\"tr\",\"@id\":\"https:\\\/\\\/www.gummyworlds.com\\\/tr\\\/about-alyors\\\/#primaryimage\",\"url\":\"https:\\\/\\\/www.gummyworlds.com\\\/wp-content\\\/uploads\\\/2024\\\/03\\\/gummy-worlds-sq.png\",\"contentUrl\":\"https:\\\/\\\/www.gummyworlds.com\\\/wp-content\\\/uploads\\\/2024\\\/03\\\/gummy-worlds-sq.png\",\"width\":500,\"height\":500,\"caption\":\"Gummy Worlds\"},{\"@type\":\"BreadcrumbList\",\"@id\":\"https:\\\/\\\/www.gummyworlds.com\\\/tr\\\/about-alyors\\\/#breadcrumb\",\"itemListElement\":[{\"@type\":\"ListItem\",\"position\":1,\"name\":\"Home\",\"item\":\"https:\\\/\\\/www.gummyworlds.com\\\/tr\\\/\"},{\"@type\":\"ListItem\",\"position\":2,\"name\":\"Alyors Hakk\u0131nda\"}]},{\"@type\":\"WebSite\",\"@id\":\"https:\\\/\\\/www.gummyworlds.com\\\/tr\\\/#website\",\"url\":\"https:\\\/\\\/www.gummyworlds.com\\\/tr\\\/\",\"name\":\"Gummy Worlds\",\"description\":\"\",\"publisher\":{\"@id\":\"https:\\\/\\\/www.gummyworlds.com\\\/tr\\\/#organization\"},\"potentialAction\":[{\"@type\":\"SearchAction\",\"target\":{\"@type\":\"EntryPoint\",\"urlTemplate\":\"https:\\\/\\\/www.gummyworlds.com\\\/tr\\\/?s={search_term_string}\"},\"query-input\":{\"@type\":\"PropertyValueSpecification\",\"valueRequired\":true,\"valueName\":\"search_term_string\"}}],\"inLanguage\":\"tr\"},{\"@type\":\"Organization\",\"@id\":\"https:\\\/\\\/www.gummyworlds.com\\\/tr\\\/#organization\",\"name\":\"Gummy Worlds\",\"url\":\"https:\\\/\\\/www.gummyworlds.com\\\/tr\\\/\",\"logo\":{\"@type\":\"ImageObject\",\"inLanguage\":\"tr\",\"@id\":\"https:\\\/\\\/www.gummyworlds.com\\\/tr\\\/#\\\/schema\\\/logo\\\/image\\\/\",\"url\":\"https:\\\/\\\/www.gummyworlds.com\\\/wp-content\\\/uploads\\\/2024\\\/03\\\/gummy-worlds-sq.png\",\"contentUrl\":\"https:\\\/\\\/www.gummyworlds.com\\\/wp-content\\\/uploads\\\/2024\\\/03\\\/gummy-worlds-sq.png\",\"width\":500,\"height\":500,\"caption\":\"Gummy Worlds\"},\"image\":{\"@id\":\"https:\\\/\\\/www.gummyworlds.com\\\/tr\\\/#\\\/schema\\\/logo\\\/image\\\/\"}}]}<\/script>\n<!-- \/ Yoast SEO plugin. -->","yoast_head_json":{"title":"Trusted OTC Products | High-Quality Healthcare Solutions - Alyors","description":"Explore Alyors Group, a leading provider of high-quality OTC healthcare products. We offer over 750 items across 14 brands.","robots":{"index":"index","follow":"follow","max-snippet":"max-snippet:-1","max-image-preview":"max-image-preview:large","max-video-preview":"max-video-preview:-1"},"canonical":"https:\/\/www.gummyworlds.com\/tr\/about-alyors\/","og_locale":"tr_TR","og_type":"article","og_title":"Trusted OTC Products | High-Quality Healthcare Solutions - Alyors","og_description":"Explore Alyors Group, a leading provider of high-quality OTC healthcare products. We offer over 750 items across 14 brands.","og_url":"https:\/\/www.gummyworlds.com\/tr\/about-alyors\/","og_site_name":"Gummy Worlds","article_modified_time":"2024-09-25T14:55:36+00:00","og_image":[{"width":500,"height":500,"url":"https:\/\/www.gummyworlds.com\/wp-content\/uploads\/2024\/03\/gummy-worlds-sq.png","type":"image\/png"}],"twitter_card":"summary_large_image","twitter_misc":{"Tahmini okuma s\u00fcresi":"2 dakika"},"schema":{"@context":"https:\/\/schema.org","@graph":[{"@type":"WebPage","@id":"https:\/\/www.gummyworlds.com\/tr\/about-alyors\/","url":"https:\/\/www.gummyworlds.com\/tr\/about-alyors\/","name":"Trusted OTC Products | High-Quality Healthcare Solutions - Alyors","isPartOf":{"@id":"https:\/\/www.gummyworlds.com\/tr\/#website"},"primaryImageOfPage":{"@id":"https:\/\/www.gummyworlds.com\/tr\/about-alyors\/#primaryimage"},"image":{"@id":"https:\/\/www.gummyworlds.com\/tr\/about-alyors\/#primaryimage"},"thumbnailUrl":"https:\/\/www.gummyworlds.com\/wp-content\/uploads\/2024\/03\/gummy-worlds-sq.png","datePublished":"2024-02-20T15:22:32+00:00","dateModified":"2024-09-25T14:55:36+00:00","description":"Explore Alyors Group, a leading provider of high-quality OTC healthcare products. We offer over 750 items across 14 brands.","breadcrumb":{"@id":"https:\/\/www.gummyworlds.com\/tr\/about-alyors\/#breadcrumb"},"inLanguage":"tr","potentialAction":[{"@type":"ReadAction","target":["https:\/\/www.gummyworlds.com\/tr\/about-alyors\/"]}]},{"@type":"ImageObject","inLanguage":"tr","@id":"https:\/\/www.gummyworlds.com\/tr\/about-alyors\/#primaryimage","url":"https:\/\/www.gummyworlds.com\/wp-content\/uploads\/2024\/03\/gummy-worlds-sq.png","contentUrl":"https:\/\/www.gummyworlds.com\/wp-content\/uploads\/2024\/03\/gummy-worlds-sq.png","width":500,"height":500,"caption":"Gummy Worlds"},{"@type":"BreadcrumbList","@id":"https:\/\/www.gummyworlds.com\/tr\/about-alyors\/#breadcrumb","itemListElement":[{"@type":"ListItem","position":1,"name":"Home","item":"https:\/\/www.gummyworlds.com\/tr\/"},{"@type":"ListItem","position":2,"name":"Alyors Hakk\u0131nda"}]},{"@type":"WebSite","@id":"https:\/\/www.gummyworlds.com\/tr\/#website","url":"https:\/\/www.gummyworlds.com\/tr\/","name":"Gummy Worlds","description":"","publisher":{"@id":"https:\/\/www.gummyworlds.com\/tr\/#organization"},"potentialAction":[{"@type":"SearchAction","target":{"@type":"EntryPoint","urlTemplate":"https:\/\/www.gummyworlds.com\/tr\/?s={search_term_string}"},"query-input":{"@type":"PropertyValueSpecification","valueRequired":true,"valueName":"search_term_string"}}],"inLanguage":"tr"},{"@type":"Organization","@id":"https:\/\/www.gummyworlds.com\/tr\/#organization","name":"Gummy Worlds","url":"https:\/\/www.gummyworlds.com\/tr\/","logo":{"@type":"ImageObject","inLanguage":"tr","@id":"https:\/\/www.gummyworlds.com\/tr\/#\/schema\/logo\/image\/","url":"https:\/\/www.gummyworlds.com\/wp-content\/uploads\/2024\/03\/gummy-worlds-sq.png","contentUrl":"https:\/\/www.gummyworlds.com\/wp-content\/uploads\/2024\/03\/gummy-worlds-sq.png","width":500,"height":500,"caption":"Gummy Worlds"},"image":{"@id":"https:\/\/www.gummyworlds.com\/tr\/#\/schema\/logo\/image\/"}}]}},"_links":{"self":[{"href":"https:\/\/www.gummyworlds.com\/tr\/wp-json\/wp\/v2\/pages\/4310","targetHints":{"allow":["GET"]}}],"collection":[{"href":"https:\/\/www.gummyworlds.com\/tr\/wp-json\/wp\/v2\/pages"}],"about":[{"href":"https:\/\/www.gummyworlds.com\/tr\/wp-json\/wp\/v2\/types\/page"}],"author":[{"embeddable":true,"href":"https:\/\/www.gummyworlds.com\/tr\/wp-json\/wp\/v2\/users\/2"}],"replies":[{"embeddable":true,"href":"https:\/\/www.gummyworlds.com\/tr\/wp-json\/wp\/v2\/comments?post=4310"}],"version-history":[{"count":7,"href":"https:\/\/www.gummyworlds.com\/tr\/wp-json\/wp\/v2\/pages\/4310\/revisions"}],"predecessor-version":[{"id":4391,"href":"https:\/\/www.gummyworlds.com\/tr\/wp-json\/wp\/v2\/pages\/4310\/revisions\/4391"}],"wp:featuredmedia":[{"embeddable":true,"href":"https:\/\/www.gummyworlds.com\/tr\/wp-json\/wp\/v2\/media\/4134"}],"wp:attachment":[{"href":"https:\/\/www.gummyworlds.com\/tr\/wp-json\/wp\/v2\/media?parent=4310"}],"curies":[{"name":"wp","href":"https:\/\/api.w.org\/{rel}","templated":true}]}}