{"id":5526,"date":"2024-02-02T10:37:22","date_gmt":"2024-02-02T10:37:22","guid":{"rendered":"https:\/\/www.gummyworlds.com\/?page_id=5526"},"modified":"2024-10-07T09:42:40","modified_gmt":"2024-10-07T09:42:40","slug":"portefeuille-de-produits","status":"publish","type":"page","link":"https:\/\/www.gummyworlds.com\/fr\/portefeuille-de-produits\/","title":{"rendered":"Portefeuille de produits"},"content":{"rendered":"\t\t<div data-elementor-type=\"wp-page\" data-elementor-id=\"5526\" class=\"elementor elementor-5526 elementor-1613\" data-elementor-post-type=\"page\">\n\t\t\t\t<div class=\"elementor-element elementor-element-6fc15c3 e-flex e-con-boxed e-con e-parent\" data-id=\"6fc15c3\" data-element_type=\"container\" data-e-type=\"container\">\n\t\t\t\t\t<div class=\"e-con-inner\">\n\t\t\t\t<div class=\"elementor-element elementor-element-995c177 elementor-invisible elementor-widget elementor-widget-heading\" data-id=\"995c177\" data-element_type=\"widget\" data-e-type=\"widget\" data-settings=\"{&quot;_animation&quot;:&quot;slideInUp&quot;}\" data-widget_type=\"heading.default\">\n\t\t\t\t<div class=\"elementor-widget-container\">\n\t\t\t\t\t<h2 class=\"elementor-heading-title elementor-size-default\">D\u00e9couvrez la gamme vari\u00e9e de suppl\u00e9ments \u00e0 base de g\u00e9latine chez Gummy Worlds!<\/h2>\t\t\t\t<\/div>\n\t\t\t\t<\/div>\n\t\t\t\t<div class=\"elementor-element elementor-element-7ddb7e7 elementor-widget elementor-widget-text-editor\" data-id=\"7ddb7e7\" data-element_type=\"widget\" data-e-type=\"widget\" data-widget_type=\"text-editor.default\">\n\t\t\t\t<div class=\"elementor-widget-container\">\n\t\t\t\t\t\t\t\t\t<p>Chez Gummy Worlds, nous nous engageons \u00e0 vous fournir des suppl\u00e9ments g\u00e9lifi\u00e9s de premi\u00e8re qualit\u00e9 qui vous permettent de donner la priorit\u00e9 \u00e0 votre sant\u00e9 de fa\u00e7on agr\u00e9able et pratique. Explorez d\u00e8s aujourd&rsquo;hui notre gamme de produits en pleine expansion et faites le premier pas vers une vie plus saine et plus heureuse!<\/p>\t\t\t\t\t\t\t\t<\/div>\n\t\t\t\t<\/div>\n\t\t\t\t\t<\/div>\n\t\t\t\t<\/div>\n\t\t<div class=\"elementor-element elementor-element-5c09659 e-flex e-con-boxed e-con e-parent\" data-id=\"5c09659\" data-element_type=\"container\" data-e-type=\"container\">\n\t\t\t\t\t<div class=\"e-con-inner\">\n\t\t<a class=\"elementor-element elementor-element-42404d1 e-con-full e-flex e-con e-child\" data-id=\"42404d1\" data-element_type=\"container\" data-e-type=\"container\" href=\"https:\/\/www.gummyworlds.com\/product-portfolio\/health-interest\/\">\n\t\t\t\t<div class=\"elementor-element elementor-element-2daa87f elementor-widget elementor-widget-image\" data-id=\"2daa87f\" data-element_type=\"widget\" data-e-type=\"widget\" data-widget_type=\"image.default\">\n\t\t\t\t<div class=\"elementor-widget-container\">\n\t\t\t\t\t\t\t\t\t\t\t\t\t\t\t<img decoding=\"async\" width=\"150\" height=\"150\" src=\"https:\/\/www.gummyworlds.com\/wp-content\/uploads\/2024\/02\/health-1-150x150.png\" class=\"attachment-thumbnail size-thumbnail wp-image-4523\" alt=\"\" srcset=\"https:\/\/www.gummyworlds.com\/wp-content\/uploads\/2024\/02\/health-1-150x150.png 150w, https:\/\/www.gummyworlds.com\/wp-content\/uploads\/2024\/02\/health-1-300x300.png 300w, https:\/\/www.gummyworlds.com\/wp-content\/uploads\/2024\/02\/health-1.png 512w\" sizes=\"(max-width: 150px) 100vw, 150px\" \/>\t\t\t\t\t\t\t\t\t\t\t\t\t\t\t<\/div>\n\t\t\t\t<\/div>\n\t\t\t\t<div class=\"elementor-element elementor-element-7f0b5af elementor-widget elementor-widget-heading\" data-id=\"7f0b5af\" data-element_type=\"widget\" data-e-type=\"widget\" data-widget_type=\"heading.default\">\n\t\t\t\t<div class=\"elementor-widget-container\">\n\t\t\t\t\t<h2 class=\"elementor-heading-title elementor-size-default\">Int\u00e9r\u00eat pour la sant\u00e9<\/h2>\t\t\t\t<\/div>\n\t\t\t\t<\/div>\n\t\t\t\t<div class=\"elementor-element elementor-element-f6bc6e9 elementor-widget elementor-widget-text-editor\" data-id=\"f6bc6e9\" data-element_type=\"widget\" data-e-type=\"widget\" data-widget_type=\"text-editor.default\">\n\t\t\t\t<div class=\"elementor-widget-container\">\n\t\t\t\t\t\t\t\t\t<p>Explorez notre gamme de suppl\u00e9ments g\u00e9lifi\u00e9s adapt\u00e9s \u00e0 des int\u00e9r\u00eats de sant\u00e9 sp\u00e9cifiques, du soutien immunitaire \u00e0 l&rsquo;am\u00e9lioration de l&rsquo;\u00e9nergie, en passant par le soin de la beaut\u00e9 et le bien-\u00eatre digestif.<\/p>\t\t\t\t\t\t\t\t<\/div>\n\t\t\t\t<\/div>\n\t\t\t\t<\/a>\n\t\t<a class=\"elementor-element elementor-element-c1571bb e-con-full e-flex e-con e-child\" data-id=\"c1571bb\" data-element_type=\"container\" data-e-type=\"container\" href=\"https:\/\/www.gummyworlds.com\/product-portfolio\/nutritional-product\/\">\n\t\t\t\t<div class=\"elementor-element elementor-element-5cf2f9e elementor-widget elementor-widget-image\" data-id=\"5cf2f9e\" data-element_type=\"widget\" data-e-type=\"widget\" data-widget_type=\"image.default\">\n\t\t\t\t<div class=\"elementor-widget-container\">\n\t\t\t\t\t\t\t\t\t\t\t\t\t\t\t<img decoding=\"async\" width=\"150\" height=\"150\" src=\"https:\/\/www.gummyworlds.com\/wp-content\/uploads\/2024\/02\/diet-1-150x150.png\" class=\"attachment-thumbnail size-thumbnail wp-image-4526\" alt=\"\" srcset=\"https:\/\/www.gummyworlds.com\/wp-content\/uploads\/2024\/02\/diet-1-150x150.png 150w, https:\/\/www.gummyworlds.com\/wp-content\/uploads\/2024\/02\/diet-1-300x300.png 300w, https:\/\/www.gummyworlds.com\/wp-content\/uploads\/2024\/02\/diet-1.png 512w\" sizes=\"(max-width: 150px) 100vw, 150px\" \/>\t\t\t\t\t\t\t\t\t\t\t\t\t\t\t<\/div>\n\t\t\t\t<\/div>\n\t\t\t\t<div class=\"elementor-element elementor-element-33868e1 elementor-widget elementor-widget-heading\" data-id=\"33868e1\" data-element_type=\"widget\" data-e-type=\"widget\" data-widget_type=\"heading.default\">\n\t\t\t\t<div class=\"elementor-widget-container\">\n\t\t\t\t\t<h2 class=\"elementor-heading-title elementor-size-default\">Produit nutritionnel<\/h2>\t\t\t\t<\/div>\n\t\t\t\t<\/div>\n\t\t\t\t<div class=\"elementor-element elementor-element-412e3bc elementor-widget elementor-widget-text-editor\" data-id=\"412e3bc\" data-element_type=\"widget\" data-e-type=\"widget\" data-widget_type=\"text-editor.default\">\n\t\t\t\t<div class=\"elementor-widget-container\">\n\t\t\t\t\t\t\t\t\t<p>D\u00e9couvrez notre gamme de suppl\u00e9ments g\u00e9lifi\u00e9s con\u00e7us pour r\u00e9pondre \u00e0 vos besoins nutritionnels, avec une vari\u00e9t\u00e9 de vitamines essentielles, de min\u00e9raux et de super-aliments riches en nutriments, soigneusement s\u00e9lectionn\u00e9s pour nourrir votre corps de l&rsquo;int\u00e9rieur.<\/p>\t\t\t\t\t\t\t\t<\/div>\n\t\t\t\t<\/div>\n\t\t\t\t<\/a>\n\t\t\t\t\t<\/div>\n\t\t\t\t<\/div>\n\t\t\t\t<\/div>\n\t\t","protected":false},"excerpt":{"rendered":"<p>D\u00e9couvrez la gamme vari\u00e9e de suppl\u00e9ments \u00e0 base de g\u00e9latine chez Gummy Worlds! Chez Gummy Worlds, nous nous engageons \u00e0 vous fournir des suppl\u00e9ments g\u00e9lifi\u00e9s de premi\u00e8re qualit\u00e9 qui vous permettent de donner la priorit\u00e9 \u00e0 votre sant\u00e9 de fa\u00e7on agr\u00e9able et pratique. Explorez d\u00e8s aujourd&rsquo;hui notre gamme de produits en pleine expansion et faites [&hellip;]<\/p>\n","protected":false},"author":2,"featured_media":4320,"parent":0,"menu_order":0,"comment_status":"closed","ping_status":"closed","template":"","meta":{"_acf_changed":false,"inline_featured_image":false,"footnotes":""},"class_list":["post-5526","page","type-page","status-publish","has-post-thumbnail","hentry"],"acf":[],"yoast_head":"<!-- This site is optimized with the Yoast SEO plugin v27.5 - https:\/\/yoast.com\/product\/yoast-seo-wordpress\/ -->\n<title>Portefeuille de produits - Gummy Worlds<\/title>\n<meta name=\"robots\" content=\"index, follow, max-snippet:-1, max-image-preview:large, max-video-preview:-1\" \/>\n<link rel=\"canonical\" href=\"https:\/\/www.gummyworlds.com\/fr\/portefeuille-de-produits\/\" \/>\n<meta property=\"og:locale\" content=\"fr_FR\" \/>\n<meta property=\"og:type\" content=\"article\" \/>\n<meta property=\"og:title\" content=\"Portefeuille de produits - Gummy Worlds\" \/>\n<meta property=\"og:description\" content=\"D\u00e9couvrez la gamme vari\u00e9e de suppl\u00e9ments \u00e0 base de g\u00e9latine chez Gummy Worlds! Chez Gummy Worlds, nous nous engageons \u00e0 vous fournir des suppl\u00e9ments g\u00e9lifi\u00e9s de premi\u00e8re qualit\u00e9 qui vous permettent de donner la priorit\u00e9 \u00e0 votre sant\u00e9 de fa\u00e7on agr\u00e9able et pratique. Explorez d\u00e8s aujourd&rsquo;hui notre gamme de produits en pleine expansion et faites [&hellip;]\" \/>\n<meta property=\"og:url\" content=\"https:\/\/www.gummyworlds.com\/fr\/portefeuille-de-produits\/\" \/>\n<meta property=\"og:site_name\" content=\"Gummy Worlds\" \/>\n<meta property=\"article:modified_time\" content=\"2024-10-07T09:42:40+00:00\" \/>\n<meta property=\"og:image\" content=\"https:\/\/www.gummyworlds.com\/wp-content\/uploads\/2024\/03\/gummy-worlds-sq.png\" \/>\n\t<meta property=\"og:image:width\" content=\"500\" \/>\n\t<meta property=\"og:image:height\" content=\"500\" \/>\n\t<meta property=\"og:image:type\" content=\"image\/png\" \/>\n<meta name=\"twitter:card\" content=\"summary_large_image\" \/>\n<meta name=\"twitter:label1\" content=\"Dur\u00e9e de lecture estim\u00e9e\" \/>\n\t<meta name=\"twitter:data1\" content=\"2 minutes\" \/>\n<script type=\"application\/ld+json\" class=\"yoast-schema-graph\">{\"@context\":\"https:\\\/\\\/schema.org\",\"@graph\":[{\"@type\":\"WebPage\",\"@id\":\"https:\\\/\\\/www.gummyworlds.com\\\/fr\\\/portefeuille-de-produits\\\/\",\"url\":\"https:\\\/\\\/www.gummyworlds.com\\\/fr\\\/portefeuille-de-produits\\\/\",\"name\":\"Portefeuille de produits - Gummy Worlds\",\"isPartOf\":{\"@id\":\"https:\\\/\\\/www.gummyworlds.com\\\/fr\\\/#website\"},\"primaryImageOfPage\":{\"@id\":\"https:\\\/\\\/www.gummyworlds.com\\\/fr\\\/portefeuille-de-produits\\\/#primaryimage\"},\"image\":{\"@id\":\"https:\\\/\\\/www.gummyworlds.com\\\/fr\\\/portefeuille-de-produits\\\/#primaryimage\"},\"thumbnailUrl\":\"https:\\\/\\\/www.gummyworlds.com\\\/wp-content\\\/uploads\\\/2024\\\/03\\\/gummy-worlds-sq.png\",\"datePublished\":\"2024-02-02T10:37:22+00:00\",\"dateModified\":\"2024-10-07T09:42:40+00:00\",\"breadcrumb\":{\"@id\":\"https:\\\/\\\/www.gummyworlds.com\\\/fr\\\/portefeuille-de-produits\\\/#breadcrumb\"},\"inLanguage\":\"fr-FR\",\"potentialAction\":[{\"@type\":\"ReadAction\",\"target\":[\"https:\\\/\\\/www.gummyworlds.com\\\/fr\\\/portefeuille-de-produits\\\/\"]}]},{\"@type\":\"ImageObject\",\"inLanguage\":\"fr-FR\",\"@id\":\"https:\\\/\\\/www.gummyworlds.com\\\/fr\\\/portefeuille-de-produits\\\/#primaryimage\",\"url\":\"https:\\\/\\\/www.gummyworlds.com\\\/wp-content\\\/uploads\\\/2024\\\/03\\\/gummy-worlds-sq.png\",\"contentUrl\":\"https:\\\/\\\/www.gummyworlds.com\\\/wp-content\\\/uploads\\\/2024\\\/03\\\/gummy-worlds-sq.png\",\"width\":500,\"height\":500,\"caption\":\"Gummy Worlds\"},{\"@type\":\"BreadcrumbList\",\"@id\":\"https:\\\/\\\/www.gummyworlds.com\\\/fr\\\/portefeuille-de-produits\\\/#breadcrumb\",\"itemListElement\":[{\"@type\":\"ListItem\",\"position\":1,\"name\":\"Home\",\"item\":\"https:\\\/\\\/www.gummyworlds.com\\\/fr\\\/\"},{\"@type\":\"ListItem\",\"position\":2,\"name\":\"Portefeuille de produits\"}]},{\"@type\":\"WebSite\",\"@id\":\"https:\\\/\\\/www.gummyworlds.com\\\/fr\\\/#website\",\"url\":\"https:\\\/\\\/www.gummyworlds.com\\\/fr\\\/\",\"name\":\"Gummy Worlds\",\"description\":\"\",\"publisher\":{\"@id\":\"https:\\\/\\\/www.gummyworlds.com\\\/fr\\\/#organization\"},\"potentialAction\":[{\"@type\":\"SearchAction\",\"target\":{\"@type\":\"EntryPoint\",\"urlTemplate\":\"https:\\\/\\\/www.gummyworlds.com\\\/fr\\\/?s={search_term_string}\"},\"query-input\":{\"@type\":\"PropertyValueSpecification\",\"valueRequired\":true,\"valueName\":\"search_term_string\"}}],\"inLanguage\":\"fr-FR\"},{\"@type\":\"Organization\",\"@id\":\"https:\\\/\\\/www.gummyworlds.com\\\/fr\\\/#organization\",\"name\":\"Gummy Worlds\",\"url\":\"https:\\\/\\\/www.gummyworlds.com\\\/fr\\\/\",\"logo\":{\"@type\":\"ImageObject\",\"inLanguage\":\"fr-FR\",\"@id\":\"https:\\\/\\\/www.gummyworlds.com\\\/fr\\\/#\\\/schema\\\/logo\\\/image\\\/\",\"url\":\"https:\\\/\\\/www.gummyworlds.com\\\/wp-content\\\/uploads\\\/2024\\\/03\\\/gummy-worlds-sq.png\",\"contentUrl\":\"https:\\\/\\\/www.gummyworlds.com\\\/wp-content\\\/uploads\\\/2024\\\/03\\\/gummy-worlds-sq.png\",\"width\":500,\"height\":500,\"caption\":\"Gummy Worlds\"},\"image\":{\"@id\":\"https:\\\/\\\/www.gummyworlds.com\\\/fr\\\/#\\\/schema\\\/logo\\\/image\\\/\"}}]}<\/script>\n<!-- \/ Yoast SEO plugin. -->","yoast_head_json":{"title":"Portefeuille de produits - Gummy Worlds","robots":{"index":"index","follow":"follow","max-snippet":"max-snippet:-1","max-image-preview":"max-image-preview:large","max-video-preview":"max-video-preview:-1"},"canonical":"https:\/\/www.gummyworlds.com\/fr\/portefeuille-de-produits\/","og_locale":"fr_FR","og_type":"article","og_title":"Portefeuille de produits - Gummy Worlds","og_description":"D\u00e9couvrez la gamme vari\u00e9e de suppl\u00e9ments \u00e0 base de g\u00e9latine chez Gummy Worlds! Chez Gummy Worlds, nous nous engageons \u00e0 vous fournir des suppl\u00e9ments g\u00e9lifi\u00e9s de premi\u00e8re qualit\u00e9 qui vous permettent de donner la priorit\u00e9 \u00e0 votre sant\u00e9 de fa\u00e7on agr\u00e9able et pratique. Explorez d\u00e8s aujourd&rsquo;hui notre gamme de produits en pleine expansion et faites [&hellip;]","og_url":"https:\/\/www.gummyworlds.com\/fr\/portefeuille-de-produits\/","og_site_name":"Gummy Worlds","article_modified_time":"2024-10-07T09:42:40+00:00","og_image":[{"width":500,"height":500,"url":"https:\/\/www.gummyworlds.com\/wp-content\/uploads\/2024\/03\/gummy-worlds-sq.png","type":"image\/png"}],"twitter_card":"summary_large_image","twitter_misc":{"Dur\u00e9e de lecture estim\u00e9e":"2 minutes"},"schema":{"@context":"https:\/\/schema.org","@graph":[{"@type":"WebPage","@id":"https:\/\/www.gummyworlds.com\/fr\/portefeuille-de-produits\/","url":"https:\/\/www.gummyworlds.com\/fr\/portefeuille-de-produits\/","name":"Portefeuille de produits - Gummy Worlds","isPartOf":{"@id":"https:\/\/www.gummyworlds.com\/fr\/#website"},"primaryImageOfPage":{"@id":"https:\/\/www.gummyworlds.com\/fr\/portefeuille-de-produits\/#primaryimage"},"image":{"@id":"https:\/\/www.gummyworlds.com\/fr\/portefeuille-de-produits\/#primaryimage"},"thumbnailUrl":"https:\/\/www.gummyworlds.com\/wp-content\/uploads\/2024\/03\/gummy-worlds-sq.png","datePublished":"2024-02-02T10:37:22+00:00","dateModified":"2024-10-07T09:42:40+00:00","breadcrumb":{"@id":"https:\/\/www.gummyworlds.com\/fr\/portefeuille-de-produits\/#breadcrumb"},"inLanguage":"fr-FR","potentialAction":[{"@type":"ReadAction","target":["https:\/\/www.gummyworlds.com\/fr\/portefeuille-de-produits\/"]}]},{"@type":"ImageObject","inLanguage":"fr-FR","@id":"https:\/\/www.gummyworlds.com\/fr\/portefeuille-de-produits\/#primaryimage","url":"https:\/\/www.gummyworlds.com\/wp-content\/uploads\/2024\/03\/gummy-worlds-sq.png","contentUrl":"https:\/\/www.gummyworlds.com\/wp-content\/uploads\/2024\/03\/gummy-worlds-sq.png","width":500,"height":500,"caption":"Gummy Worlds"},{"@type":"BreadcrumbList","@id":"https:\/\/www.gummyworlds.com\/fr\/portefeuille-de-produits\/#breadcrumb","itemListElement":[{"@type":"ListItem","position":1,"name":"Home","item":"https:\/\/www.gummyworlds.com\/fr\/"},{"@type":"ListItem","position":2,"name":"Portefeuille de produits"}]},{"@type":"WebSite","@id":"https:\/\/www.gummyworlds.com\/fr\/#website","url":"https:\/\/www.gummyworlds.com\/fr\/","name":"Gummy Worlds","description":"","publisher":{"@id":"https:\/\/www.gummyworlds.com\/fr\/#organization"},"potentialAction":[{"@type":"SearchAction","target":{"@type":"EntryPoint","urlTemplate":"https:\/\/www.gummyworlds.com\/fr\/?s={search_term_string}"},"query-input":{"@type":"PropertyValueSpecification","valueRequired":true,"valueName":"search_term_string"}}],"inLanguage":"fr-FR"},{"@type":"Organization","@id":"https:\/\/www.gummyworlds.com\/fr\/#organization","name":"Gummy Worlds","url":"https:\/\/www.gummyworlds.com\/fr\/","logo":{"@type":"ImageObject","inLanguage":"fr-FR","@id":"https:\/\/www.gummyworlds.com\/fr\/#\/schema\/logo\/image\/","url":"https:\/\/www.gummyworlds.com\/wp-content\/uploads\/2024\/03\/gummy-worlds-sq.png","contentUrl":"https:\/\/www.gummyworlds.com\/wp-content\/uploads\/2024\/03\/gummy-worlds-sq.png","width":500,"height":500,"caption":"Gummy Worlds"},"image":{"@id":"https:\/\/www.gummyworlds.com\/fr\/#\/schema\/logo\/image\/"}}]}},"_links":{"self":[{"href":"https:\/\/www.gummyworlds.com\/fr\/wp-json\/wp\/v2\/pages\/5526","targetHints":{"allow":["GET"]}}],"collection":[{"href":"https:\/\/www.gummyworlds.com\/fr\/wp-json\/wp\/v2\/pages"}],"about":[{"href":"https:\/\/www.gummyworlds.com\/fr\/wp-json\/wp\/v2\/types\/page"}],"author":[{"embeddable":true,"href":"https:\/\/www.gummyworlds.com\/fr\/wp-json\/wp\/v2\/users\/2"}],"replies":[{"embeddable":true,"href":"https:\/\/www.gummyworlds.com\/fr\/wp-json\/wp\/v2\/comments?post=5526"}],"version-history":[{"count":4,"href":"https:\/\/www.gummyworlds.com\/fr\/wp-json\/wp\/v2\/pages\/5526\/revisions"}],"predecessor-version":[{"id":5530,"href":"https:\/\/www.gummyworlds.com\/fr\/wp-json\/wp\/v2\/pages\/5526\/revisions\/5530"}],"wp:featuredmedia":[{"embeddable":true,"href":"https:\/\/www.gummyworlds.com\/fr\/wp-json\/wp\/v2\/media\/4320"}],"wp:attachment":[{"href":"https:\/\/www.gummyworlds.com\/fr\/wp-json\/wp\/v2\/media?parent=5526"}],"curies":[{"name":"wp","href":"https:\/\/api.w.org\/{rel}","templated":true}]}}