{"id":5520,"date":"2024-01-31T08:55:27","date_gmt":"2024-01-31T05:55:27","guid":{"rendered":"https:\/\/www.gummyworlds.com\/?page_id=5520"},"modified":"2024-10-07T08:53:44","modified_gmt":"2024-10-07T08:53:44","slug":"production-en-vrac","status":"publish","type":"page","link":"https:\/\/www.gummyworlds.com\/fr\/fabrication-en-sous-traitance\/production-en-vrac\/","title":{"rendered":"Production en vrac"},"content":{"rendered":"\t\t<div data-elementor-type=\"wp-page\" data-elementor-id=\"5520\" class=\"elementor elementor-5520 elementor-1148\" data-elementor-post-type=\"page\">\n\t\t\t\t<div class=\"elementor-element elementor-element-4d497cd e-flex e-con-boxed e-con e-parent\" data-id=\"4d497cd\" data-element_type=\"container\" data-e-type=\"container\">\n\t\t\t\t\t<div class=\"e-con-inner\">\n\t\t\t\t<div class=\"elementor-element elementor-element-daed089 elementor-invisible elementor-widget elementor-widget-heading\" data-id=\"daed089\" data-element_type=\"widget\" data-e-type=\"widget\" data-settings=\"{&quot;_animation&quot;:&quot;slideInUp&quot;}\" data-widget_type=\"heading.default\">\n\t\t\t\t<div class=\"elementor-widget-container\">\n\t\t\t\t\t<h2 class=\"elementor-heading-title elementor-size-default\">La production en vrac de Gummy Worlds garantit une grande disponibilit\u00e9 afin de r\u00e9pondre efficacement \u00e0 la demande du march\u00e9.\n<\/h2>\t\t\t\t<\/div>\n\t\t\t\t<\/div>\n\t\t\t\t<div class=\"elementor-element elementor-element-180d2a6 elementor-widget elementor-widget-text-editor\" data-id=\"180d2a6\" data-element_type=\"widget\" data-e-type=\"widget\" data-widget_type=\"text-editor.default\">\n\t\t\t\t<div class=\"elementor-widget-container\">\n\t\t\t\t\t\t\t\t\t<p>Chez Gummy Worlds, nous donnons la priorit\u00e9 \u00e0 la production de suppl\u00e9ments gommeux de haute qualit\u00e9 en grandes quantit\u00e9s, en veillant \u00e0 la pr\u00e9cision et au soin apport\u00e9s \u00e0 chaque lot. Notre service de production en vrac offre des options d&#8217;emballage flexibles et des variations de poids, de 1 kg \u00e0 3 kg, pour r\u00e9pondre efficacement aux besoins des clients individuels et des d\u00e9taillants.<\/p><p>Le maintien de la fra\u00eecheur est primordial dans notre processus de production. Nous utilisons des techniques d&#8217;emballage de pointe pour garantir que vos suppl\u00e9ments g\u00e9lifi\u00e9s conservent leur saveur et leur texture. Nos machines enti\u00e8rement automatiques sont \u00e9quip\u00e9es pour g\u00e9rer le processus d&#8217;emballage avec pr\u00e9cision, en scellant les qualit\u00e9s de vos produits tout en emp\u00eachant toute contamination.<\/p><p>L&rsquo;un des aspects cl\u00e9s de notre processus d&#8217;emballage est l&rsquo;utilisation d&rsquo;azote gazeux. En appliquant de l&rsquo;azote gazeux \u00e0 des niveaux optimaux, nous cr\u00e9ons un environnement protecteur \u00e0 l&rsquo;int\u00e9rieur de l&#8217;emballage qui emp\u00eache la croissance des micro-organismes et prolonge la dur\u00e9e de conservation du produit. Cela garantit que vos suppl\u00e9ments g\u00e9lifi\u00e9s restent stables et frais, m\u00eame pendant des p\u00e9riodes de stockage prolong\u00e9es.<\/p><p>Gr\u00e2ce \u00e0 notre engagement en faveur de la qualit\u00e9, de la s\u00e9curit\u00e9 et de l&rsquo;int\u00e9grit\u00e9 halal, vous pouvez nous faire confiance pour atteindre l&rsquo;excellence dans chaque lot de suppl\u00e9ments g\u00e9lifi\u00e9s produit par notre service de production en vrac.<\/p>\t\t\t\t\t\t\t\t<\/div>\n\t\t\t\t<\/div>\n\t\t\t\t\t<\/div>\n\t\t\t\t<\/div>\n\t\t\t\t<\/div>\n\t\t","protected":false},"excerpt":{"rendered":"<p>La production en vrac de Gummy Worlds garantit une grande disponibilit\u00e9 afin de r\u00e9pondre efficacement \u00e0 la demande du march\u00e9. Chez Gummy Worlds, nous donnons la priorit\u00e9 \u00e0 la production de suppl\u00e9ments gommeux de haute qualit\u00e9 en grandes quantit\u00e9s, en veillant \u00e0 la pr\u00e9cision et au soin apport\u00e9s \u00e0 chaque lot. Notre service de production [&hellip;]<\/p>\n","protected":false},"author":2,"featured_media":4320,"parent":5488,"menu_order":0,"comment_status":"closed","ping_status":"closed","template":"","meta":{"_acf_changed":false,"inline_featured_image":false,"footnotes":""},"class_list":["post-5520","page","type-page","status-publish","has-post-thumbnail","hentry"],"acf":[],"yoast_head":"<!-- This site is optimized with the Yoast SEO plugin v27.4 - https:\/\/yoast.com\/product\/yoast-seo-wordpress\/ -->\n<title>Production en vrac - Gummy Worlds<\/title>\n<meta name=\"robots\" content=\"index, follow, max-snippet:-1, max-image-preview:large, max-video-preview:-1\" \/>\n<link rel=\"canonical\" href=\"https:\/\/www.gummyworlds.com\/fr\/fabrication-en-sous-traitance\/production-en-vrac\/\" \/>\n<meta property=\"og:locale\" content=\"fr_FR\" \/>\n<meta property=\"og:type\" content=\"article\" \/>\n<meta property=\"og:title\" content=\"Production en vrac - Gummy Worlds\" \/>\n<meta property=\"og:description\" content=\"La production en vrac de Gummy Worlds garantit une grande disponibilit\u00e9 afin de r\u00e9pondre efficacement \u00e0 la demande du march\u00e9. Chez Gummy Worlds, nous donnons la priorit\u00e9 \u00e0 la production de suppl\u00e9ments gommeux de haute qualit\u00e9 en grandes quantit\u00e9s, en veillant \u00e0 la pr\u00e9cision et au soin apport\u00e9s \u00e0 chaque lot. Notre service de production [&hellip;]\" \/>\n<meta property=\"og:url\" content=\"https:\/\/www.gummyworlds.com\/fr\/fabrication-en-sous-traitance\/production-en-vrac\/\" \/>\n<meta property=\"og:site_name\" content=\"Gummy Worlds\" \/>\n<meta property=\"article:modified_time\" content=\"2024-10-07T08:53:44+00:00\" \/>\n<meta property=\"og:image\" content=\"https:\/\/www.gummyworlds.com\/wp-content\/uploads\/2024\/03\/gummy-worlds-sq.png\" \/>\n\t<meta property=\"og:image:width\" content=\"500\" \/>\n\t<meta property=\"og:image:height\" content=\"500\" \/>\n\t<meta property=\"og:image:type\" content=\"image\/png\" \/>\n<meta name=\"twitter:card\" content=\"summary_large_image\" \/>\n<meta name=\"twitter:label1\" content=\"Dur\u00e9e de lecture estim\u00e9e\" \/>\n\t<meta name=\"twitter:data1\" content=\"2 minutes\" \/>\n<script type=\"application\/ld+json\" class=\"yoast-schema-graph\">{\"@context\":\"https:\\\/\\\/schema.org\",\"@graph\":[{\"@type\":\"WebPage\",\"@id\":\"https:\\\/\\\/www.gummyworlds.com\\\/fr\\\/fabrication-en-sous-traitance\\\/production-en-vrac\\\/\",\"url\":\"https:\\\/\\\/www.gummyworlds.com\\\/fr\\\/fabrication-en-sous-traitance\\\/production-en-vrac\\\/\",\"name\":\"Production en vrac - Gummy Worlds\",\"isPartOf\":{\"@id\":\"https:\\\/\\\/www.gummyworlds.com\\\/fr\\\/#website\"},\"primaryImageOfPage\":{\"@id\":\"https:\\\/\\\/www.gummyworlds.com\\\/fr\\\/fabrication-en-sous-traitance\\\/production-en-vrac\\\/#primaryimage\"},\"image\":{\"@id\":\"https:\\\/\\\/www.gummyworlds.com\\\/fr\\\/fabrication-en-sous-traitance\\\/production-en-vrac\\\/#primaryimage\"},\"thumbnailUrl\":\"https:\\\/\\\/www.gummyworlds.com\\\/wp-content\\\/uploads\\\/2024\\\/03\\\/gummy-worlds-sq.png\",\"datePublished\":\"2024-01-31T05:55:27+00:00\",\"dateModified\":\"2024-10-07T08:53:44+00:00\",\"breadcrumb\":{\"@id\":\"https:\\\/\\\/www.gummyworlds.com\\\/fr\\\/fabrication-en-sous-traitance\\\/production-en-vrac\\\/#breadcrumb\"},\"inLanguage\":\"fr-FR\",\"potentialAction\":[{\"@type\":\"ReadAction\",\"target\":[\"https:\\\/\\\/www.gummyworlds.com\\\/fr\\\/fabrication-en-sous-traitance\\\/production-en-vrac\\\/\"]}]},{\"@type\":\"ImageObject\",\"inLanguage\":\"fr-FR\",\"@id\":\"https:\\\/\\\/www.gummyworlds.com\\\/fr\\\/fabrication-en-sous-traitance\\\/production-en-vrac\\\/#primaryimage\",\"url\":\"https:\\\/\\\/www.gummyworlds.com\\\/wp-content\\\/uploads\\\/2024\\\/03\\\/gummy-worlds-sq.png\",\"contentUrl\":\"https:\\\/\\\/www.gummyworlds.com\\\/wp-content\\\/uploads\\\/2024\\\/03\\\/gummy-worlds-sq.png\",\"width\":500,\"height\":500,\"caption\":\"Gummy Worlds\"},{\"@type\":\"BreadcrumbList\",\"@id\":\"https:\\\/\\\/www.gummyworlds.com\\\/fr\\\/fabrication-en-sous-traitance\\\/production-en-vrac\\\/#breadcrumb\",\"itemListElement\":[{\"@type\":\"ListItem\",\"position\":1,\"name\":\"Home\",\"item\":\"https:\\\/\\\/www.gummyworlds.com\\\/fr\\\/\"},{\"@type\":\"ListItem\",\"position\":2,\"name\":\"Fabrication en sous-traitance\",\"item\":\"https:\\\/\\\/www.gummyworlds.com\\\/fr\\\/fabrication-en-sous-traitance\\\/\"},{\"@type\":\"ListItem\",\"position\":3,\"name\":\"Production en vrac\"}]},{\"@type\":\"WebSite\",\"@id\":\"https:\\\/\\\/www.gummyworlds.com\\\/fr\\\/#website\",\"url\":\"https:\\\/\\\/www.gummyworlds.com\\\/fr\\\/\",\"name\":\"Gummy Worlds\",\"description\":\"\",\"publisher\":{\"@id\":\"https:\\\/\\\/www.gummyworlds.com\\\/fr\\\/#organization\"},\"potentialAction\":[{\"@type\":\"SearchAction\",\"target\":{\"@type\":\"EntryPoint\",\"urlTemplate\":\"https:\\\/\\\/www.gummyworlds.com\\\/fr\\\/?s={search_term_string}\"},\"query-input\":{\"@type\":\"PropertyValueSpecification\",\"valueRequired\":true,\"valueName\":\"search_term_string\"}}],\"inLanguage\":\"fr-FR\"},{\"@type\":\"Organization\",\"@id\":\"https:\\\/\\\/www.gummyworlds.com\\\/fr\\\/#organization\",\"name\":\"Gummy Worlds\",\"url\":\"https:\\\/\\\/www.gummyworlds.com\\\/fr\\\/\",\"logo\":{\"@type\":\"ImageObject\",\"inLanguage\":\"fr-FR\",\"@id\":\"https:\\\/\\\/www.gummyworlds.com\\\/fr\\\/#\\\/schema\\\/logo\\\/image\\\/\",\"url\":\"https:\\\/\\\/www.gummyworlds.com\\\/wp-content\\\/uploads\\\/2024\\\/03\\\/gummy-worlds-sq.png\",\"contentUrl\":\"https:\\\/\\\/www.gummyworlds.com\\\/wp-content\\\/uploads\\\/2024\\\/03\\\/gummy-worlds-sq.png\",\"width\":500,\"height\":500,\"caption\":\"Gummy Worlds\"},\"image\":{\"@id\":\"https:\\\/\\\/www.gummyworlds.com\\\/fr\\\/#\\\/schema\\\/logo\\\/image\\\/\"}}]}<\/script>\n<!-- \/ Yoast SEO plugin. -->","yoast_head_json":{"title":"Production en vrac - Gummy Worlds","robots":{"index":"index","follow":"follow","max-snippet":"max-snippet:-1","max-image-preview":"max-image-preview:large","max-video-preview":"max-video-preview:-1"},"canonical":"https:\/\/www.gummyworlds.com\/fr\/fabrication-en-sous-traitance\/production-en-vrac\/","og_locale":"fr_FR","og_type":"article","og_title":"Production en vrac - Gummy Worlds","og_description":"La production en vrac de Gummy Worlds garantit une grande disponibilit\u00e9 afin de r\u00e9pondre efficacement \u00e0 la demande du march\u00e9. Chez Gummy Worlds, nous donnons la priorit\u00e9 \u00e0 la production de suppl\u00e9ments gommeux de haute qualit\u00e9 en grandes quantit\u00e9s, en veillant \u00e0 la pr\u00e9cision et au soin apport\u00e9s \u00e0 chaque lot. Notre service de production [&hellip;]","og_url":"https:\/\/www.gummyworlds.com\/fr\/fabrication-en-sous-traitance\/production-en-vrac\/","og_site_name":"Gummy Worlds","article_modified_time":"2024-10-07T08:53:44+00:00","og_image":[{"width":500,"height":500,"url":"https:\/\/www.gummyworlds.com\/wp-content\/uploads\/2024\/03\/gummy-worlds-sq.png","type":"image\/png"}],"twitter_card":"summary_large_image","twitter_misc":{"Dur\u00e9e de lecture estim\u00e9e":"2 minutes"},"schema":{"@context":"https:\/\/schema.org","@graph":[{"@type":"WebPage","@id":"https:\/\/www.gummyworlds.com\/fr\/fabrication-en-sous-traitance\/production-en-vrac\/","url":"https:\/\/www.gummyworlds.com\/fr\/fabrication-en-sous-traitance\/production-en-vrac\/","name":"Production en vrac - Gummy Worlds","isPartOf":{"@id":"https:\/\/www.gummyworlds.com\/fr\/#website"},"primaryImageOfPage":{"@id":"https:\/\/www.gummyworlds.com\/fr\/fabrication-en-sous-traitance\/production-en-vrac\/#primaryimage"},"image":{"@id":"https:\/\/www.gummyworlds.com\/fr\/fabrication-en-sous-traitance\/production-en-vrac\/#primaryimage"},"thumbnailUrl":"https:\/\/www.gummyworlds.com\/wp-content\/uploads\/2024\/03\/gummy-worlds-sq.png","datePublished":"2024-01-31T05:55:27+00:00","dateModified":"2024-10-07T08:53:44+00:00","breadcrumb":{"@id":"https:\/\/www.gummyworlds.com\/fr\/fabrication-en-sous-traitance\/production-en-vrac\/#breadcrumb"},"inLanguage":"fr-FR","potentialAction":[{"@type":"ReadAction","target":["https:\/\/www.gummyworlds.com\/fr\/fabrication-en-sous-traitance\/production-en-vrac\/"]}]},{"@type":"ImageObject","inLanguage":"fr-FR","@id":"https:\/\/www.gummyworlds.com\/fr\/fabrication-en-sous-traitance\/production-en-vrac\/#primaryimage","url":"https:\/\/www.gummyworlds.com\/wp-content\/uploads\/2024\/03\/gummy-worlds-sq.png","contentUrl":"https:\/\/www.gummyworlds.com\/wp-content\/uploads\/2024\/03\/gummy-worlds-sq.png","width":500,"height":500,"caption":"Gummy Worlds"},{"@type":"BreadcrumbList","@id":"https:\/\/www.gummyworlds.com\/fr\/fabrication-en-sous-traitance\/production-en-vrac\/#breadcrumb","itemListElement":[{"@type":"ListItem","position":1,"name":"Home","item":"https:\/\/www.gummyworlds.com\/fr\/"},{"@type":"ListItem","position":2,"name":"Fabrication en sous-traitance","item":"https:\/\/www.gummyworlds.com\/fr\/fabrication-en-sous-traitance\/"},{"@type":"ListItem","position":3,"name":"Production en vrac"}]},{"@type":"WebSite","@id":"https:\/\/www.gummyworlds.com\/fr\/#website","url":"https:\/\/www.gummyworlds.com\/fr\/","name":"Gummy Worlds","description":"","publisher":{"@id":"https:\/\/www.gummyworlds.com\/fr\/#organization"},"potentialAction":[{"@type":"SearchAction","target":{"@type":"EntryPoint","urlTemplate":"https:\/\/www.gummyworlds.com\/fr\/?s={search_term_string}"},"query-input":{"@type":"PropertyValueSpecification","valueRequired":true,"valueName":"search_term_string"}}],"inLanguage":"fr-FR"},{"@type":"Organization","@id":"https:\/\/www.gummyworlds.com\/fr\/#organization","name":"Gummy Worlds","url":"https:\/\/www.gummyworlds.com\/fr\/","logo":{"@type":"ImageObject","inLanguage":"fr-FR","@id":"https:\/\/www.gummyworlds.com\/fr\/#\/schema\/logo\/image\/","url":"https:\/\/www.gummyworlds.com\/wp-content\/uploads\/2024\/03\/gummy-worlds-sq.png","contentUrl":"https:\/\/www.gummyworlds.com\/wp-content\/uploads\/2024\/03\/gummy-worlds-sq.png","width":500,"height":500,"caption":"Gummy Worlds"},"image":{"@id":"https:\/\/www.gummyworlds.com\/fr\/#\/schema\/logo\/image\/"}}]}},"_links":{"self":[{"href":"https:\/\/www.gummyworlds.com\/fr\/wp-json\/wp\/v2\/pages\/5520","targetHints":{"allow":["GET"]}}],"collection":[{"href":"https:\/\/www.gummyworlds.com\/fr\/wp-json\/wp\/v2\/pages"}],"about":[{"href":"https:\/\/www.gummyworlds.com\/fr\/wp-json\/wp\/v2\/types\/page"}],"author":[{"embeddable":true,"href":"https:\/\/www.gummyworlds.com\/fr\/wp-json\/wp\/v2\/users\/2"}],"replies":[{"embeddable":true,"href":"https:\/\/www.gummyworlds.com\/fr\/wp-json\/wp\/v2\/comments?post=5520"}],"version-history":[{"count":4,"href":"https:\/\/www.gummyworlds.com\/fr\/wp-json\/wp\/v2\/pages\/5520\/revisions"}],"predecessor-version":[{"id":5525,"href":"https:\/\/www.gummyworlds.com\/fr\/wp-json\/wp\/v2\/pages\/5520\/revisions\/5525"}],"up":[{"embeddable":true,"href":"https:\/\/www.gummyworlds.com\/fr\/wp-json\/wp\/v2\/pages\/5488"}],"wp:featuredmedia":[{"embeddable":true,"href":"https:\/\/www.gummyworlds.com\/fr\/wp-json\/wp\/v2\/media\/4320"}],"wp:attachment":[{"href":"https:\/\/www.gummyworlds.com\/fr\/wp-json\/wp\/v2\/media?parent=5520"}],"curies":[{"name":"wp","href":"https:\/\/api.w.org\/{rel}","templated":true}]}}