{"id":5507,"date":"2024-01-27T14:34:04","date_gmt":"2024-01-27T11:34:04","guid":{"rendered":"https:\/\/www.gummyworlds.com\/?page_id=5507"},"modified":"2026-04-13T09:52:44","modified_gmt":"2026-04-13T06:52:44","slug":"fabrication-en-sous-traitance-de-gommes-a-base-de-gelatine","status":"publish","type":"page","link":"https:\/\/www.gummyworlds.com\/fr\/fabrication-en-sous-traitance\/fabrication-en-sous-traitance-de-gommes-a-base-de-gelatine\/","title":{"rendered":"Fabrication en sous-traitance de gommes \u00e0 base de g\u00e9latine"},"content":{"rendered":"\t\t<div data-elementor-type=\"wp-page\" data-elementor-id=\"5507\" class=\"elementor elementor-5507 elementor-60\" data-elementor-post-type=\"page\">\n\t\t\t\t<div class=\"elementor-element elementor-element-580ef35 e-flex e-con-boxed e-con e-parent\" data-id=\"580ef35\" data-element_type=\"container\" data-e-type=\"container\">\n\t\t\t\t\t<div class=\"e-con-inner\">\n\t\t\t\t<div class=\"elementor-element elementor-element-3be99ef elementor-invisible elementor-widget elementor-widget-heading\" data-id=\"3be99ef\" data-element_type=\"widget\" data-e-type=\"widget\" data-settings=\"{&quot;_animation&quot;:&quot;slideInUp&quot;}\" data-widget_type=\"heading.default\">\n\t\t\t\t<div class=\"elementor-widget-container\">\n\t\t\t\t\t<h2 class=\"elementor-heading-title elementor-size-default\">Services de fabrication en sous-traitance de bonbons g\u00e9lifi\u00e9s \u00e0 base de g\u00e9latine\n<\/h2>\t\t\t\t<\/div>\n\t\t\t\t<\/div>\n\t\t\t\t<div class=\"elementor-element elementor-element-5ebabe0 elementor-widget elementor-widget-text-editor\" data-id=\"5ebabe0\" data-element_type=\"widget\" data-e-type=\"widget\" data-widget_type=\"text-editor.default\">\n\t\t\t\t<div class=\"elementor-widget-container\">\n\t\t\t\t\t\t\t\t\t<p>D\u00e9couvrez l&rsquo;expertise de Gummy Worlds en mati\u00e8re de fabrication en sous-traitance de gommes \u00e0 base de g\u00e9latine, pour des suppl\u00e9ments et des friandises g\u00e9lifi\u00e9s d\u00e9licieux et de grande qualit\u00e9. Nos installations sp\u00e9cialis\u00e9es et notre ma\u00eetrise de la g\u00e9latine comme ingr\u00e9dient principal nous permettent de produire une gamme \u00e9tendue de gommes \u00e0 la g\u00e9latine.<\/p><p>Pourquoi choisir de fabriquer des gommes \u00e0 la g\u00e9latine avec nous ?<\/p><p><strong>Go\u00fbt et texture sup\u00e9rieurs :<\/strong> La g\u00e9latine, d\u00e9riv\u00e9e de sources animales, conf\u00e8re une texture et un go\u00fbt uniques \u00e0 nos formulations de bonbons g\u00e9lifi\u00e9s, r\u00e9pondant ainsi aux attentes des consommateurs \u00e0 la recherche d&rsquo;exp\u00e9riences g\u00e9lifi\u00e9es traditionnelles.<\/p><p><strong>Solutions personnalis\u00e9es :<\/strong> Nous proposons des options de personnalisation pour les ar\u00f4mes, les couleurs et les formes, afin d&rsquo;adapter les produits g\u00e9lifi\u00e9s \u00e0 l&rsquo;identit\u00e9 de votre marque et aux pr\u00e9f\u00e9rences du march\u00e9.<\/p><p><strong>Normes de qualit\u00e9 rigoureuses :<\/strong> Notre processus de fabrication est soumis \u00e0 des contr\u00f4les de qualit\u00e9 rigoureux, garantissant la coh\u00e9rence et le respect des normes de l&rsquo;industrie.<\/p><p>Associez-vous \u00e0 Gummy Worlds pour une fabrication exceptionnelle de bonbons g\u00e9lifi\u00e9s \u00e0 base de g\u00e9latine, afin de proposer des produits s\u00e9duisants qui captiveront les papilles gustatives de votre public.<\/p>\t\t\t\t\t\t\t\t<\/div>\n\t\t\t\t<\/div>\n\t\t\t\t\t<\/div>\n\t\t\t\t<\/div>\n\t\t\t\t<\/div>\n\t\t","protected":false},"excerpt":{"rendered":"<p>Services de fabrication en sous-traitance de bonbons g\u00e9lifi\u00e9s \u00e0 base de g\u00e9latine D\u00e9couvrez l&rsquo;expertise de Gummy Worlds en mati\u00e8re de fabrication en sous-traitance de gommes \u00e0 base de g\u00e9latine, pour des suppl\u00e9ments et des friandises g\u00e9lifi\u00e9s d\u00e9licieux et de grande qualit\u00e9. Nos installations sp\u00e9cialis\u00e9es et notre ma\u00eetrise de la g\u00e9latine comme ingr\u00e9dient principal nous permettent [&hellip;]<\/p>\n","protected":false},"author":2,"featured_media":4320,"parent":5488,"menu_order":0,"comment_status":"closed","ping_status":"closed","template":"","meta":{"_acf_changed":false,"inline_featured_image":false,"footnotes":""},"class_list":["post-5507","page","type-page","status-publish","has-post-thumbnail","hentry"],"acf":[],"yoast_head":"<!-- This site is optimized with the Yoast SEO plugin v27.5 - https:\/\/yoast.com\/product\/yoast-seo-wordpress\/ -->\n<title>Fabrication en sous-traitance de gommes \u00e0 base de g\u00e9latine - Gummy Worlds<\/title>\n<meta name=\"robots\" content=\"index, follow, max-snippet:-1, max-image-preview:large, max-video-preview:-1\" \/>\n<link rel=\"canonical\" href=\"https:\/\/www.gummyworlds.com\/fr\/fabrication-en-sous-traitance\/fabrication-en-sous-traitance-de-gommes-a-base-de-gelatine\/\" \/>\n<meta property=\"og:locale\" content=\"fr_FR\" \/>\n<meta property=\"og:type\" content=\"article\" \/>\n<meta property=\"og:title\" content=\"Fabrication en sous-traitance de gommes \u00e0 base de g\u00e9latine - Gummy Worlds\" \/>\n<meta property=\"og:description\" content=\"Services de fabrication en sous-traitance de bonbons g\u00e9lifi\u00e9s \u00e0 base de g\u00e9latine D\u00e9couvrez l&rsquo;expertise de Gummy Worlds en mati\u00e8re de fabrication en sous-traitance de gommes \u00e0 base de g\u00e9latine, pour des suppl\u00e9ments et des friandises g\u00e9lifi\u00e9s d\u00e9licieux et de grande qualit\u00e9. Nos installations sp\u00e9cialis\u00e9es et notre ma\u00eetrise de la g\u00e9latine comme ingr\u00e9dient principal nous permettent [&hellip;]\" \/>\n<meta property=\"og:url\" content=\"https:\/\/www.gummyworlds.com\/fr\/fabrication-en-sous-traitance\/fabrication-en-sous-traitance-de-gommes-a-base-de-gelatine\/\" \/>\n<meta property=\"og:site_name\" content=\"Gummy Worlds\" \/>\n<meta property=\"article:modified_time\" content=\"2026-04-13T06:52:44+00:00\" \/>\n<meta property=\"og:image\" content=\"https:\/\/www.gummyworlds.com\/wp-content\/uploads\/2024\/03\/gummy-worlds-sq.png\" \/>\n\t<meta property=\"og:image:width\" content=\"500\" \/>\n\t<meta property=\"og:image:height\" content=\"500\" \/>\n\t<meta property=\"og:image:type\" content=\"image\/png\" \/>\n<meta name=\"twitter:card\" content=\"summary_large_image\" \/>\n<meta name=\"twitter:label1\" content=\"Dur\u00e9e de lecture estim\u00e9e\" \/>\n\t<meta name=\"twitter:data1\" content=\"2 minutes\" \/>\n<script type=\"application\/ld+json\" class=\"yoast-schema-graph\">{\"@context\":\"https:\\\/\\\/schema.org\",\"@graph\":[{\"@type\":\"WebPage\",\"@id\":\"https:\\\/\\\/www.gummyworlds.com\\\/fr\\\/fabrication-en-sous-traitance\\\/fabrication-en-sous-traitance-de-gommes-a-base-de-gelatine\\\/\",\"url\":\"https:\\\/\\\/www.gummyworlds.com\\\/fr\\\/fabrication-en-sous-traitance\\\/fabrication-en-sous-traitance-de-gommes-a-base-de-gelatine\\\/\",\"name\":\"Fabrication en sous-traitance de gommes \u00e0 base de g\u00e9latine - Gummy Worlds\",\"isPartOf\":{\"@id\":\"https:\\\/\\\/www.gummyworlds.com\\\/fr\\\/#website\"},\"primaryImageOfPage\":{\"@id\":\"https:\\\/\\\/www.gummyworlds.com\\\/fr\\\/fabrication-en-sous-traitance\\\/fabrication-en-sous-traitance-de-gommes-a-base-de-gelatine\\\/#primaryimage\"},\"image\":{\"@id\":\"https:\\\/\\\/www.gummyworlds.com\\\/fr\\\/fabrication-en-sous-traitance\\\/fabrication-en-sous-traitance-de-gommes-a-base-de-gelatine\\\/#primaryimage\"},\"thumbnailUrl\":\"https:\\\/\\\/www.gummyworlds.com\\\/wp-content\\\/uploads\\\/2024\\\/03\\\/gummy-worlds-sq.png\",\"datePublished\":\"2024-01-27T11:34:04+00:00\",\"dateModified\":\"2026-04-13T06:52:44+00:00\",\"breadcrumb\":{\"@id\":\"https:\\\/\\\/www.gummyworlds.com\\\/fr\\\/fabrication-en-sous-traitance\\\/fabrication-en-sous-traitance-de-gommes-a-base-de-gelatine\\\/#breadcrumb\"},\"inLanguage\":\"fr-FR\",\"potentialAction\":[{\"@type\":\"ReadAction\",\"target\":[\"https:\\\/\\\/www.gummyworlds.com\\\/fr\\\/fabrication-en-sous-traitance\\\/fabrication-en-sous-traitance-de-gommes-a-base-de-gelatine\\\/\"]}]},{\"@type\":\"ImageObject\",\"inLanguage\":\"fr-FR\",\"@id\":\"https:\\\/\\\/www.gummyworlds.com\\\/fr\\\/fabrication-en-sous-traitance\\\/fabrication-en-sous-traitance-de-gommes-a-base-de-gelatine\\\/#primaryimage\",\"url\":\"https:\\\/\\\/www.gummyworlds.com\\\/wp-content\\\/uploads\\\/2024\\\/03\\\/gummy-worlds-sq.png\",\"contentUrl\":\"https:\\\/\\\/www.gummyworlds.com\\\/wp-content\\\/uploads\\\/2024\\\/03\\\/gummy-worlds-sq.png\",\"width\":500,\"height\":500,\"caption\":\"Gummy Worlds\"},{\"@type\":\"BreadcrumbList\",\"@id\":\"https:\\\/\\\/www.gummyworlds.com\\\/fr\\\/fabrication-en-sous-traitance\\\/fabrication-en-sous-traitance-de-gommes-a-base-de-gelatine\\\/#breadcrumb\",\"itemListElement\":[{\"@type\":\"ListItem\",\"position\":1,\"name\":\"Home\",\"item\":\"https:\\\/\\\/www.gummyworlds.com\\\/fr\\\/\"},{\"@type\":\"ListItem\",\"position\":2,\"name\":\"Fabrication en sous-traitance\",\"item\":\"https:\\\/\\\/www.gummyworlds.com\\\/fr\\\/fabrication-en-sous-traitance\\\/\"},{\"@type\":\"ListItem\",\"position\":3,\"name\":\"Fabrication en sous-traitance de gommes \u00e0 base de g\u00e9latine\"}]},{\"@type\":\"WebSite\",\"@id\":\"https:\\\/\\\/www.gummyworlds.com\\\/fr\\\/#website\",\"url\":\"https:\\\/\\\/www.gummyworlds.com\\\/fr\\\/\",\"name\":\"Gummy Worlds\",\"description\":\"\",\"publisher\":{\"@id\":\"https:\\\/\\\/www.gummyworlds.com\\\/fr\\\/#organization\"},\"potentialAction\":[{\"@type\":\"SearchAction\",\"target\":{\"@type\":\"EntryPoint\",\"urlTemplate\":\"https:\\\/\\\/www.gummyworlds.com\\\/fr\\\/?s={search_term_string}\"},\"query-input\":{\"@type\":\"PropertyValueSpecification\",\"valueRequired\":true,\"valueName\":\"search_term_string\"}}],\"inLanguage\":\"fr-FR\"},{\"@type\":\"Organization\",\"@id\":\"https:\\\/\\\/www.gummyworlds.com\\\/fr\\\/#organization\",\"name\":\"Gummy Worlds\",\"url\":\"https:\\\/\\\/www.gummyworlds.com\\\/fr\\\/\",\"logo\":{\"@type\":\"ImageObject\",\"inLanguage\":\"fr-FR\",\"@id\":\"https:\\\/\\\/www.gummyworlds.com\\\/fr\\\/#\\\/schema\\\/logo\\\/image\\\/\",\"url\":\"https:\\\/\\\/www.gummyworlds.com\\\/wp-content\\\/uploads\\\/2024\\\/03\\\/gummy-worlds-sq.png\",\"contentUrl\":\"https:\\\/\\\/www.gummyworlds.com\\\/wp-content\\\/uploads\\\/2024\\\/03\\\/gummy-worlds-sq.png\",\"width\":500,\"height\":500,\"caption\":\"Gummy Worlds\"},\"image\":{\"@id\":\"https:\\\/\\\/www.gummyworlds.com\\\/fr\\\/#\\\/schema\\\/logo\\\/image\\\/\"}}]}<\/script>\n<!-- \/ Yoast SEO plugin. -->","yoast_head_json":{"title":"Fabrication en sous-traitance de gommes \u00e0 base de g\u00e9latine - Gummy Worlds","robots":{"index":"index","follow":"follow","max-snippet":"max-snippet:-1","max-image-preview":"max-image-preview:large","max-video-preview":"max-video-preview:-1"},"canonical":"https:\/\/www.gummyworlds.com\/fr\/fabrication-en-sous-traitance\/fabrication-en-sous-traitance-de-gommes-a-base-de-gelatine\/","og_locale":"fr_FR","og_type":"article","og_title":"Fabrication en sous-traitance de gommes \u00e0 base de g\u00e9latine - Gummy Worlds","og_description":"Services de fabrication en sous-traitance de bonbons g\u00e9lifi\u00e9s \u00e0 base de g\u00e9latine D\u00e9couvrez l&rsquo;expertise de Gummy Worlds en mati\u00e8re de fabrication en sous-traitance de gommes \u00e0 base de g\u00e9latine, pour des suppl\u00e9ments et des friandises g\u00e9lifi\u00e9s d\u00e9licieux et de grande qualit\u00e9. Nos installations sp\u00e9cialis\u00e9es et notre ma\u00eetrise de la g\u00e9latine comme ingr\u00e9dient principal nous permettent [&hellip;]","og_url":"https:\/\/www.gummyworlds.com\/fr\/fabrication-en-sous-traitance\/fabrication-en-sous-traitance-de-gommes-a-base-de-gelatine\/","og_site_name":"Gummy Worlds","article_modified_time":"2026-04-13T06:52:44+00:00","og_image":[{"width":500,"height":500,"url":"https:\/\/www.gummyworlds.com\/wp-content\/uploads\/2024\/03\/gummy-worlds-sq.png","type":"image\/png"}],"twitter_card":"summary_large_image","twitter_misc":{"Dur\u00e9e de lecture estim\u00e9e":"2 minutes"},"schema":{"@context":"https:\/\/schema.org","@graph":[{"@type":"WebPage","@id":"https:\/\/www.gummyworlds.com\/fr\/fabrication-en-sous-traitance\/fabrication-en-sous-traitance-de-gommes-a-base-de-gelatine\/","url":"https:\/\/www.gummyworlds.com\/fr\/fabrication-en-sous-traitance\/fabrication-en-sous-traitance-de-gommes-a-base-de-gelatine\/","name":"Fabrication en sous-traitance de gommes \u00e0 base de g\u00e9latine - Gummy Worlds","isPartOf":{"@id":"https:\/\/www.gummyworlds.com\/fr\/#website"},"primaryImageOfPage":{"@id":"https:\/\/www.gummyworlds.com\/fr\/fabrication-en-sous-traitance\/fabrication-en-sous-traitance-de-gommes-a-base-de-gelatine\/#primaryimage"},"image":{"@id":"https:\/\/www.gummyworlds.com\/fr\/fabrication-en-sous-traitance\/fabrication-en-sous-traitance-de-gommes-a-base-de-gelatine\/#primaryimage"},"thumbnailUrl":"https:\/\/www.gummyworlds.com\/wp-content\/uploads\/2024\/03\/gummy-worlds-sq.png","datePublished":"2024-01-27T11:34:04+00:00","dateModified":"2026-04-13T06:52:44+00:00","breadcrumb":{"@id":"https:\/\/www.gummyworlds.com\/fr\/fabrication-en-sous-traitance\/fabrication-en-sous-traitance-de-gommes-a-base-de-gelatine\/#breadcrumb"},"inLanguage":"fr-FR","potentialAction":[{"@type":"ReadAction","target":["https:\/\/www.gummyworlds.com\/fr\/fabrication-en-sous-traitance\/fabrication-en-sous-traitance-de-gommes-a-base-de-gelatine\/"]}]},{"@type":"ImageObject","inLanguage":"fr-FR","@id":"https:\/\/www.gummyworlds.com\/fr\/fabrication-en-sous-traitance\/fabrication-en-sous-traitance-de-gommes-a-base-de-gelatine\/#primaryimage","url":"https:\/\/www.gummyworlds.com\/wp-content\/uploads\/2024\/03\/gummy-worlds-sq.png","contentUrl":"https:\/\/www.gummyworlds.com\/wp-content\/uploads\/2024\/03\/gummy-worlds-sq.png","width":500,"height":500,"caption":"Gummy Worlds"},{"@type":"BreadcrumbList","@id":"https:\/\/www.gummyworlds.com\/fr\/fabrication-en-sous-traitance\/fabrication-en-sous-traitance-de-gommes-a-base-de-gelatine\/#breadcrumb","itemListElement":[{"@type":"ListItem","position":1,"name":"Home","item":"https:\/\/www.gummyworlds.com\/fr\/"},{"@type":"ListItem","position":2,"name":"Fabrication en sous-traitance","item":"https:\/\/www.gummyworlds.com\/fr\/fabrication-en-sous-traitance\/"},{"@type":"ListItem","position":3,"name":"Fabrication en sous-traitance de gommes \u00e0 base de g\u00e9latine"}]},{"@type":"WebSite","@id":"https:\/\/www.gummyworlds.com\/fr\/#website","url":"https:\/\/www.gummyworlds.com\/fr\/","name":"Gummy Worlds","description":"","publisher":{"@id":"https:\/\/www.gummyworlds.com\/fr\/#organization"},"potentialAction":[{"@type":"SearchAction","target":{"@type":"EntryPoint","urlTemplate":"https:\/\/www.gummyworlds.com\/fr\/?s={search_term_string}"},"query-input":{"@type":"PropertyValueSpecification","valueRequired":true,"valueName":"search_term_string"}}],"inLanguage":"fr-FR"},{"@type":"Organization","@id":"https:\/\/www.gummyworlds.com\/fr\/#organization","name":"Gummy Worlds","url":"https:\/\/www.gummyworlds.com\/fr\/","logo":{"@type":"ImageObject","inLanguage":"fr-FR","@id":"https:\/\/www.gummyworlds.com\/fr\/#\/schema\/logo\/image\/","url":"https:\/\/www.gummyworlds.com\/wp-content\/uploads\/2024\/03\/gummy-worlds-sq.png","contentUrl":"https:\/\/www.gummyworlds.com\/wp-content\/uploads\/2024\/03\/gummy-worlds-sq.png","width":500,"height":500,"caption":"Gummy Worlds"},"image":{"@id":"https:\/\/www.gummyworlds.com\/fr\/#\/schema\/logo\/image\/"}}]}},"_links":{"self":[{"href":"https:\/\/www.gummyworlds.com\/fr\/wp-json\/wp\/v2\/pages\/5507","targetHints":{"allow":["GET"]}}],"collection":[{"href":"https:\/\/www.gummyworlds.com\/fr\/wp-json\/wp\/v2\/pages"}],"about":[{"href":"https:\/\/www.gummyworlds.com\/fr\/wp-json\/wp\/v2\/types\/page"}],"author":[{"embeddable":true,"href":"https:\/\/www.gummyworlds.com\/fr\/wp-json\/wp\/v2\/users\/2"}],"replies":[{"embeddable":true,"href":"https:\/\/www.gummyworlds.com\/fr\/wp-json\/wp\/v2\/comments?post=5507"}],"version-history":[{"count":10,"href":"https:\/\/www.gummyworlds.com\/fr\/wp-json\/wp\/v2\/pages\/5507\/revisions"}],"predecessor-version":[{"id":8764,"href":"https:\/\/www.gummyworlds.com\/fr\/wp-json\/wp\/v2\/pages\/5507\/revisions\/8764"}],"up":[{"embeddable":true,"href":"https:\/\/www.gummyworlds.com\/fr\/wp-json\/wp\/v2\/pages\/5488"}],"wp:featuredmedia":[{"embeddable":true,"href":"https:\/\/www.gummyworlds.com\/fr\/wp-json\/wp\/v2\/media\/4320"}],"wp:attachment":[{"href":"https:\/\/www.gummyworlds.com\/fr\/wp-json\/wp\/v2\/media?parent=5507"}],"curies":[{"name":"wp","href":"https:\/\/api.w.org\/{rel}","templated":true}]}}