{"id":5502,"date":"2024-01-27T14:33:57","date_gmt":"2024-01-27T11:33:57","guid":{"rendered":"https:\/\/www.gummyworlds.com\/?page_id=5502"},"modified":"2026-04-13T09:34:12","modified_gmt":"2026-04-13T06:34:12","slug":"fabrication-sous-contrat-de-gommes-a-la-pectine","status":"publish","type":"page","link":"https:\/\/www.gummyworlds.com\/fr\/fabrication-en-sous-traitance\/fabrication-sous-contrat-de-gommes-a-la-pectine\/","title":{"rendered":"Fabrication sous contrat de gommes \u00e0 la pectine"},"content":{"rendered":"\t\t<div data-elementor-type=\"wp-page\" data-elementor-id=\"5502\" class=\"elementor elementor-5502 elementor-58\" data-elementor-post-type=\"page\">\n\t\t\t\t<div class=\"elementor-element elementor-element-a4e6baf e-flex e-con-boxed e-con e-parent\" data-id=\"a4e6baf\" data-element_type=\"container\" data-e-type=\"container\">\n\t\t\t\t\t<div class=\"e-con-inner\">\n\t\t\t\t<div class=\"elementor-element elementor-element-a4fbe78 elementor-invisible elementor-widget elementor-widget-heading\" data-id=\"a4fbe78\" data-element_type=\"widget\" data-e-type=\"widget\" data-settings=\"{&quot;_animation&quot;:&quot;slideInUp&quot;}\" data-widget_type=\"heading.default\">\n\t\t\t\t<div class=\"elementor-widget-container\">\n\t\t\t\t\t<h2 class=\"elementor-heading-title elementor-size-default\">Services de fabrication en sous-traitance de gommes \u00e0 base de pectine\n<\/h2>\t\t\t\t<\/div>\n\t\t\t\t<\/div>\n\t\t\t\t<div class=\"elementor-element elementor-element-9641450 elementor-widget elementor-widget-text-editor\" data-id=\"9641450\" data-element_type=\"widget\" data-e-type=\"widget\" data-widget_type=\"text-editor.default\">\n\t\t\t\t<div class=\"elementor-widget-container\">\n\t\t\t\t\t\t\t\t\t<p>Chez Gummy Worlds, nous sommes sp\u00e9cialis\u00e9s dans la fabrication en sous-traitance de gommes \u00e0 base de pectine, afin de r\u00e9pondre \u00e0 la demande croissante de suppl\u00e9ments et de produits de confiserie v\u00e9g\u00e9taliens et v\u00e9g\u00e9tariens. Nos installations de pointe et notre expertise en mati\u00e8re de formulation de pectine nous permettent de cr\u00e9er des gommes de haute qualit\u00e9 adapt\u00e9es \u00e0 vos sp\u00e9cifications.<\/p><p>Pourquoi choisir de fabriquer des gommes \u00e0 la pectine avec nous ?<\/p><p><strong>Excellence v\u00e9g\u00e9tale :<\/strong> La pectine, un ingr\u00e9dient naturel d\u00e9riv\u00e9 des plantes, sert d&rsquo;agent g\u00e9lifiant principal dans nos formulations de gommes, r\u00e9pondant ainsi aux besoins des consommateurs soucieux de leur sant\u00e9.<\/p><p><strong>Formulations personnalis\u00e9es :<\/strong> Nous proposons des formulations polyvalentes pour cr\u00e9er des gommes uniques \u00e0 base de pectine, qui s&rsquo;adaptent \u00e0 diff\u00e9rents ar\u00f4mes, formes et exigences nutritionnelles.<\/p><p><strong>Assurance qualit\u00e9 :<\/strong> Notre production respecte des normes strictes de contr\u00f4le de la qualit\u00e9, garantissant la coh\u00e9rence, la s\u00e9curit\u00e9 et la conformit\u00e9 avec les r\u00e9glementations industrielles.<\/p><p>Associez-vous \u00e0 Gummy Worlds pour une fabrication exceptionnelle de gommes \u00e0 base de pectine qui s&rsquo;aligne sur l&rsquo;\u00e9thique de votre marque et r\u00e9pond aux demandes des consommateurs exigeants \u00e0 la recherche d&rsquo;alternatives \u00e0 base de plantes.<\/p>\t\t\t\t\t\t\t\t<\/div>\n\t\t\t\t<\/div>\n\t\t\t\t\t<\/div>\n\t\t\t\t<\/div>\n\t\t\t\t<\/div>\n\t\t","protected":false},"excerpt":{"rendered":"<p>Services de fabrication en sous-traitance de gommes \u00e0 base de pectine Chez Gummy Worlds, nous sommes sp\u00e9cialis\u00e9s dans la fabrication en sous-traitance de gommes \u00e0 base de pectine, afin de r\u00e9pondre \u00e0 la demande croissante de suppl\u00e9ments et de produits de confiserie v\u00e9g\u00e9taliens et v\u00e9g\u00e9tariens. Nos installations de pointe et notre expertise en mati\u00e8re de [&hellip;]<\/p>\n","protected":false},"author":2,"featured_media":4320,"parent":5488,"menu_order":0,"comment_status":"closed","ping_status":"closed","template":"","meta":{"_acf_changed":false,"inline_featured_image":false,"footnotes":""},"class_list":["post-5502","page","type-page","status-publish","has-post-thumbnail","hentry"],"acf":[],"yoast_head":"<!-- This site is optimized with the Yoast SEO plugin v27.5 - https:\/\/yoast.com\/product\/yoast-seo-wordpress\/ -->\n<title>Fabrication sous contrat de gommes \u00e0 la pectine - Gummy Worlds<\/title>\n<meta name=\"robots\" content=\"index, follow, max-snippet:-1, max-image-preview:large, max-video-preview:-1\" \/>\n<link rel=\"canonical\" href=\"https:\/\/www.gummyworlds.com\/fr\/fabrication-en-sous-traitance\/fabrication-sous-contrat-de-gommes-a-la-pectine\/\" \/>\n<meta property=\"og:locale\" content=\"fr_FR\" \/>\n<meta property=\"og:type\" content=\"article\" \/>\n<meta property=\"og:title\" content=\"Fabrication sous contrat de gommes \u00e0 la pectine - Gummy Worlds\" \/>\n<meta property=\"og:description\" content=\"Services de fabrication en sous-traitance de gommes \u00e0 base de pectine Chez Gummy Worlds, nous sommes sp\u00e9cialis\u00e9s dans la fabrication en sous-traitance de gommes \u00e0 base de pectine, afin de r\u00e9pondre \u00e0 la demande croissante de suppl\u00e9ments et de produits de confiserie v\u00e9g\u00e9taliens et v\u00e9g\u00e9tariens. Nos installations de pointe et notre expertise en mati\u00e8re de [&hellip;]\" \/>\n<meta property=\"og:url\" content=\"https:\/\/www.gummyworlds.com\/fr\/fabrication-en-sous-traitance\/fabrication-sous-contrat-de-gommes-a-la-pectine\/\" \/>\n<meta property=\"og:site_name\" content=\"Gummy Worlds\" \/>\n<meta property=\"article:modified_time\" content=\"2026-04-13T06:34:12+00:00\" \/>\n<meta property=\"og:image\" content=\"https:\/\/www.gummyworlds.com\/wp-content\/uploads\/2024\/03\/gummy-worlds-sq.png\" \/>\n\t<meta property=\"og:image:width\" content=\"500\" \/>\n\t<meta property=\"og:image:height\" content=\"500\" \/>\n\t<meta property=\"og:image:type\" content=\"image\/png\" \/>\n<meta name=\"twitter:card\" content=\"summary_large_image\" \/>\n<meta name=\"twitter:label1\" content=\"Dur\u00e9e de lecture estim\u00e9e\" \/>\n\t<meta name=\"twitter:data1\" content=\"2 minutes\" \/>\n<script type=\"application\/ld+json\" class=\"yoast-schema-graph\">{\"@context\":\"https:\\\/\\\/schema.org\",\"@graph\":[{\"@type\":\"WebPage\",\"@id\":\"https:\\\/\\\/www.gummyworlds.com\\\/fr\\\/fabrication-en-sous-traitance\\\/fabrication-sous-contrat-de-gommes-a-la-pectine\\\/\",\"url\":\"https:\\\/\\\/www.gummyworlds.com\\\/fr\\\/fabrication-en-sous-traitance\\\/fabrication-sous-contrat-de-gommes-a-la-pectine\\\/\",\"name\":\"Fabrication sous contrat de gommes \u00e0 la pectine - Gummy Worlds\",\"isPartOf\":{\"@id\":\"https:\\\/\\\/www.gummyworlds.com\\\/fr\\\/#website\"},\"primaryImageOfPage\":{\"@id\":\"https:\\\/\\\/www.gummyworlds.com\\\/fr\\\/fabrication-en-sous-traitance\\\/fabrication-sous-contrat-de-gommes-a-la-pectine\\\/#primaryimage\"},\"image\":{\"@id\":\"https:\\\/\\\/www.gummyworlds.com\\\/fr\\\/fabrication-en-sous-traitance\\\/fabrication-sous-contrat-de-gommes-a-la-pectine\\\/#primaryimage\"},\"thumbnailUrl\":\"https:\\\/\\\/www.gummyworlds.com\\\/wp-content\\\/uploads\\\/2024\\\/03\\\/gummy-worlds-sq.png\",\"datePublished\":\"2024-01-27T11:33:57+00:00\",\"dateModified\":\"2026-04-13T06:34:12+00:00\",\"breadcrumb\":{\"@id\":\"https:\\\/\\\/www.gummyworlds.com\\\/fr\\\/fabrication-en-sous-traitance\\\/fabrication-sous-contrat-de-gommes-a-la-pectine\\\/#breadcrumb\"},\"inLanguage\":\"fr-FR\",\"potentialAction\":[{\"@type\":\"ReadAction\",\"target\":[\"https:\\\/\\\/www.gummyworlds.com\\\/fr\\\/fabrication-en-sous-traitance\\\/fabrication-sous-contrat-de-gommes-a-la-pectine\\\/\"]}]},{\"@type\":\"ImageObject\",\"inLanguage\":\"fr-FR\",\"@id\":\"https:\\\/\\\/www.gummyworlds.com\\\/fr\\\/fabrication-en-sous-traitance\\\/fabrication-sous-contrat-de-gommes-a-la-pectine\\\/#primaryimage\",\"url\":\"https:\\\/\\\/www.gummyworlds.com\\\/wp-content\\\/uploads\\\/2024\\\/03\\\/gummy-worlds-sq.png\",\"contentUrl\":\"https:\\\/\\\/www.gummyworlds.com\\\/wp-content\\\/uploads\\\/2024\\\/03\\\/gummy-worlds-sq.png\",\"width\":500,\"height\":500,\"caption\":\"Gummy Worlds\"},{\"@type\":\"BreadcrumbList\",\"@id\":\"https:\\\/\\\/www.gummyworlds.com\\\/fr\\\/fabrication-en-sous-traitance\\\/fabrication-sous-contrat-de-gommes-a-la-pectine\\\/#breadcrumb\",\"itemListElement\":[{\"@type\":\"ListItem\",\"position\":1,\"name\":\"Home\",\"item\":\"https:\\\/\\\/www.gummyworlds.com\\\/fr\\\/\"},{\"@type\":\"ListItem\",\"position\":2,\"name\":\"Fabrication en sous-traitance\",\"item\":\"https:\\\/\\\/www.gummyworlds.com\\\/fr\\\/fabrication-en-sous-traitance\\\/\"},{\"@type\":\"ListItem\",\"position\":3,\"name\":\"Fabrication sous contrat de gommes \u00e0 la pectine\"}]},{\"@type\":\"WebSite\",\"@id\":\"https:\\\/\\\/www.gummyworlds.com\\\/fr\\\/#website\",\"url\":\"https:\\\/\\\/www.gummyworlds.com\\\/fr\\\/\",\"name\":\"Gummy Worlds\",\"description\":\"\",\"publisher\":{\"@id\":\"https:\\\/\\\/www.gummyworlds.com\\\/fr\\\/#organization\"},\"potentialAction\":[{\"@type\":\"SearchAction\",\"target\":{\"@type\":\"EntryPoint\",\"urlTemplate\":\"https:\\\/\\\/www.gummyworlds.com\\\/fr\\\/?s={search_term_string}\"},\"query-input\":{\"@type\":\"PropertyValueSpecification\",\"valueRequired\":true,\"valueName\":\"search_term_string\"}}],\"inLanguage\":\"fr-FR\"},{\"@type\":\"Organization\",\"@id\":\"https:\\\/\\\/www.gummyworlds.com\\\/fr\\\/#organization\",\"name\":\"Gummy Worlds\",\"url\":\"https:\\\/\\\/www.gummyworlds.com\\\/fr\\\/\",\"logo\":{\"@type\":\"ImageObject\",\"inLanguage\":\"fr-FR\",\"@id\":\"https:\\\/\\\/www.gummyworlds.com\\\/fr\\\/#\\\/schema\\\/logo\\\/image\\\/\",\"url\":\"https:\\\/\\\/www.gummyworlds.com\\\/wp-content\\\/uploads\\\/2024\\\/03\\\/gummy-worlds-sq.png\",\"contentUrl\":\"https:\\\/\\\/www.gummyworlds.com\\\/wp-content\\\/uploads\\\/2024\\\/03\\\/gummy-worlds-sq.png\",\"width\":500,\"height\":500,\"caption\":\"Gummy Worlds\"},\"image\":{\"@id\":\"https:\\\/\\\/www.gummyworlds.com\\\/fr\\\/#\\\/schema\\\/logo\\\/image\\\/\"}}]}<\/script>\n<!-- \/ Yoast SEO plugin. -->","yoast_head_json":{"title":"Fabrication sous contrat de gommes \u00e0 la pectine - Gummy Worlds","robots":{"index":"index","follow":"follow","max-snippet":"max-snippet:-1","max-image-preview":"max-image-preview:large","max-video-preview":"max-video-preview:-1"},"canonical":"https:\/\/www.gummyworlds.com\/fr\/fabrication-en-sous-traitance\/fabrication-sous-contrat-de-gommes-a-la-pectine\/","og_locale":"fr_FR","og_type":"article","og_title":"Fabrication sous contrat de gommes \u00e0 la pectine - Gummy Worlds","og_description":"Services de fabrication en sous-traitance de gommes \u00e0 base de pectine Chez Gummy Worlds, nous sommes sp\u00e9cialis\u00e9s dans la fabrication en sous-traitance de gommes \u00e0 base de pectine, afin de r\u00e9pondre \u00e0 la demande croissante de suppl\u00e9ments et de produits de confiserie v\u00e9g\u00e9taliens et v\u00e9g\u00e9tariens. Nos installations de pointe et notre expertise en mati\u00e8re de [&hellip;]","og_url":"https:\/\/www.gummyworlds.com\/fr\/fabrication-en-sous-traitance\/fabrication-sous-contrat-de-gommes-a-la-pectine\/","og_site_name":"Gummy Worlds","article_modified_time":"2026-04-13T06:34:12+00:00","og_image":[{"width":500,"height":500,"url":"https:\/\/www.gummyworlds.com\/wp-content\/uploads\/2024\/03\/gummy-worlds-sq.png","type":"image\/png"}],"twitter_card":"summary_large_image","twitter_misc":{"Dur\u00e9e de lecture estim\u00e9e":"2 minutes"},"schema":{"@context":"https:\/\/schema.org","@graph":[{"@type":"WebPage","@id":"https:\/\/www.gummyworlds.com\/fr\/fabrication-en-sous-traitance\/fabrication-sous-contrat-de-gommes-a-la-pectine\/","url":"https:\/\/www.gummyworlds.com\/fr\/fabrication-en-sous-traitance\/fabrication-sous-contrat-de-gommes-a-la-pectine\/","name":"Fabrication sous contrat de gommes \u00e0 la pectine - Gummy Worlds","isPartOf":{"@id":"https:\/\/www.gummyworlds.com\/fr\/#website"},"primaryImageOfPage":{"@id":"https:\/\/www.gummyworlds.com\/fr\/fabrication-en-sous-traitance\/fabrication-sous-contrat-de-gommes-a-la-pectine\/#primaryimage"},"image":{"@id":"https:\/\/www.gummyworlds.com\/fr\/fabrication-en-sous-traitance\/fabrication-sous-contrat-de-gommes-a-la-pectine\/#primaryimage"},"thumbnailUrl":"https:\/\/www.gummyworlds.com\/wp-content\/uploads\/2024\/03\/gummy-worlds-sq.png","datePublished":"2024-01-27T11:33:57+00:00","dateModified":"2026-04-13T06:34:12+00:00","breadcrumb":{"@id":"https:\/\/www.gummyworlds.com\/fr\/fabrication-en-sous-traitance\/fabrication-sous-contrat-de-gommes-a-la-pectine\/#breadcrumb"},"inLanguage":"fr-FR","potentialAction":[{"@type":"ReadAction","target":["https:\/\/www.gummyworlds.com\/fr\/fabrication-en-sous-traitance\/fabrication-sous-contrat-de-gommes-a-la-pectine\/"]}]},{"@type":"ImageObject","inLanguage":"fr-FR","@id":"https:\/\/www.gummyworlds.com\/fr\/fabrication-en-sous-traitance\/fabrication-sous-contrat-de-gommes-a-la-pectine\/#primaryimage","url":"https:\/\/www.gummyworlds.com\/wp-content\/uploads\/2024\/03\/gummy-worlds-sq.png","contentUrl":"https:\/\/www.gummyworlds.com\/wp-content\/uploads\/2024\/03\/gummy-worlds-sq.png","width":500,"height":500,"caption":"Gummy Worlds"},{"@type":"BreadcrumbList","@id":"https:\/\/www.gummyworlds.com\/fr\/fabrication-en-sous-traitance\/fabrication-sous-contrat-de-gommes-a-la-pectine\/#breadcrumb","itemListElement":[{"@type":"ListItem","position":1,"name":"Home","item":"https:\/\/www.gummyworlds.com\/fr\/"},{"@type":"ListItem","position":2,"name":"Fabrication en sous-traitance","item":"https:\/\/www.gummyworlds.com\/fr\/fabrication-en-sous-traitance\/"},{"@type":"ListItem","position":3,"name":"Fabrication sous contrat de gommes \u00e0 la pectine"}]},{"@type":"WebSite","@id":"https:\/\/www.gummyworlds.com\/fr\/#website","url":"https:\/\/www.gummyworlds.com\/fr\/","name":"Gummy Worlds","description":"","publisher":{"@id":"https:\/\/www.gummyworlds.com\/fr\/#organization"},"potentialAction":[{"@type":"SearchAction","target":{"@type":"EntryPoint","urlTemplate":"https:\/\/www.gummyworlds.com\/fr\/?s={search_term_string}"},"query-input":{"@type":"PropertyValueSpecification","valueRequired":true,"valueName":"search_term_string"}}],"inLanguage":"fr-FR"},{"@type":"Organization","@id":"https:\/\/www.gummyworlds.com\/fr\/#organization","name":"Gummy Worlds","url":"https:\/\/www.gummyworlds.com\/fr\/","logo":{"@type":"ImageObject","inLanguage":"fr-FR","@id":"https:\/\/www.gummyworlds.com\/fr\/#\/schema\/logo\/image\/","url":"https:\/\/www.gummyworlds.com\/wp-content\/uploads\/2024\/03\/gummy-worlds-sq.png","contentUrl":"https:\/\/www.gummyworlds.com\/wp-content\/uploads\/2024\/03\/gummy-worlds-sq.png","width":500,"height":500,"caption":"Gummy Worlds"},"image":{"@id":"https:\/\/www.gummyworlds.com\/fr\/#\/schema\/logo\/image\/"}}]}},"_links":{"self":[{"href":"https:\/\/www.gummyworlds.com\/fr\/wp-json\/wp\/v2\/pages\/5502","targetHints":{"allow":["GET"]}}],"collection":[{"href":"https:\/\/www.gummyworlds.com\/fr\/wp-json\/wp\/v2\/pages"}],"about":[{"href":"https:\/\/www.gummyworlds.com\/fr\/wp-json\/wp\/v2\/types\/page"}],"author":[{"embeddable":true,"href":"https:\/\/www.gummyworlds.com\/fr\/wp-json\/wp\/v2\/users\/2"}],"replies":[{"embeddable":true,"href":"https:\/\/www.gummyworlds.com\/fr\/wp-json\/wp\/v2\/comments?post=5502"}],"version-history":[{"count":10,"href":"https:\/\/www.gummyworlds.com\/fr\/wp-json\/wp\/v2\/pages\/5502\/revisions"}],"predecessor-version":[{"id":8746,"href":"https:\/\/www.gummyworlds.com\/fr\/wp-json\/wp\/v2\/pages\/5502\/revisions\/8746"}],"up":[{"embeddable":true,"href":"https:\/\/www.gummyworlds.com\/fr\/wp-json\/wp\/v2\/pages\/5488"}],"wp:featuredmedia":[{"embeddable":true,"href":"https:\/\/www.gummyworlds.com\/fr\/wp-json\/wp\/v2\/media\/4320"}],"wp:attachment":[{"href":"https:\/\/www.gummyworlds.com\/fr\/wp-json\/wp\/v2\/media?parent=5502"}],"curies":[{"name":"wp","href":"https:\/\/api.w.org\/{rel}","templated":true}]}}