{"id":5467,"date":"2024-01-31T11:28:18","date_gmt":"2024-01-31T08:28:18","guid":{"rendered":"https:\/\/www.gummyworlds.com\/?page_id=5467"},"modified":"2024-10-07T07:00:39","modified_gmt":"2024-10-07T07:00:39","slug":"politique-de-qualite","status":"publish","type":"page","link":"https:\/\/www.gummyworlds.com\/fr\/politique-de-qualite\/","title":{"rendered":"Politique de qualit\u00e9"},"content":{"rendered":"\t\t<div data-elementor-type=\"wp-page\" data-elementor-id=\"5467\" class=\"elementor elementor-5467 elementor-1266\" data-elementor-post-type=\"page\">\n\t\t\t\t<div class=\"elementor-element elementor-element-b85cc72 e-flex e-con-boxed e-con e-parent\" data-id=\"b85cc72\" data-element_type=\"container\" data-e-type=\"container\">\n\t\t\t\t\t<div class=\"e-con-inner\">\n\t\t\t\t<div class=\"elementor-element elementor-element-f117921 elementor-invisible elementor-widget elementor-widget-heading\" data-id=\"f117921\" data-element_type=\"widget\" data-e-type=\"widget\" data-settings=\"{&quot;_animation&quot;:&quot;slideInUp&quot;}\" data-widget_type=\"heading.default\">\n\t\t\t\t<div class=\"elementor-widget-container\">\n\t\t\t\t\t<h2 class=\"elementor-heading-title elementor-size-default\">La qualit\u00e9, la s\u00e9curit\u00e9 et la confiance halal dans chaque gomme !<\/h2>\t\t\t\t<\/div>\n\t\t\t\t<\/div>\n\t\t\t\t<div class=\"elementor-element elementor-element-be19025 elementor-widget elementor-widget-text-editor\" data-id=\"be19025\" data-element_type=\"widget\" data-e-type=\"widget\" data-widget_type=\"text-editor.default\">\n\t\t\t\t<div class=\"elementor-widget-container\">\n\t\t\t\t\t\t\t\t\t<p>Notre engagement en faveur de l&rsquo;excellence impr\u00e8gne tous les aspects de nos activit\u00e9s et nous sommes guid\u00e9s par les principes suivants :<\/p><p><strong>Excellence en mati\u00e8re de satisfaction de la client\u00e8le :<\/strong> Notre objectif premier est de d\u00e9passer les attentes de nos clients en leur proposant des produits innovants et de qualit\u00e9 sup\u00e9rieure. Nous y parvenons en adh\u00e9rant aux normes rigoureuses du syst\u00e8me de gestion de la qualit\u00e9 ISO 9001, du syst\u00e8me de gestion de la s\u00e9curit\u00e9 alimentaire ISO 22000 et des bonnes pratiques de fabrication (BPF).<\/p><p><strong>Respect des normes l\u00e9gales et halal :<\/strong> Nous garantissons en permanence la s\u00e9curit\u00e9 et la conformit\u00e9 de nos produits en respectant strictement les r\u00e9glementations \u00e9tablies par des autorit\u00e9s r\u00e9put\u00e9es, notamment les normes ISO 22000, les BPF et les normes halal. Cet engagement s&rsquo;\u00e9tend \u00e0 toutes les \u00e9tapes de nos op\u00e9rations.<\/p><p><strong>D\u00e9veloppement continu :<\/strong> Nous favorisons un environnement d&rsquo;apprentissage et de croissance continus en offrant \u00e0 nos employ\u00e9s de nombreuses possibilit\u00e9s de d\u00e9veloppement personnel et professionnel. Gr\u00e2ce \u00e0 la formation continue, nous donnons \u00e0 notre \u00e9quipe les moyens de contribuer \u00e0 notre qu\u00eate collective de l&rsquo;excellence.<\/p><p><strong>Partenariats de collaboration :<\/strong> L&rsquo;\u00e9tablissement de relations solides et collaboratives avec nos clients, nos fournisseurs et nos employ\u00e9s est fondamental pour notre r\u00e9ussite. Nous privil\u00e9gions la communication ouverte et la transparence, en travaillant ensemble dans un esprit de partenariat pour atteindre des objectifs mutuels et am\u00e9liorer la satisfaction de nos clients.<\/p><p><strong>Avancement technologique :<\/strong> Nous nous engageons \u00e0 rester \u00e0 la pointe de l&rsquo;innovation technologique. En investissant dans la recherche et en adoptant les derni\u00e8res avanc\u00e9es, nous am\u00e9liorons continuellement nos processus afin de d\u00e9passer les attentes de nos clients et de fournir des produits de qualit\u00e9 sup\u00e9rieure.<\/p><p><strong>Reconnaissance et culture de la haute performance :<\/strong> Nous reconnaissons et r\u00e9compensons l&rsquo;excellence, en favorisant une culture de haute performance et de travail d&rsquo;\u00e9quipe au sein de notre organisation. Gr\u00e2ce \u00e0 des pratiques efficaces en mati\u00e8re de ressources humaines, nous permettons \u00e0 nos employ\u00e9s d&rsquo;aligner leurs efforts sur les objectifs de l&rsquo;entreprise et de favoriser la r\u00e9ussite.<\/p><p><strong>Int\u00e9grit\u00e9 halal et syst\u00e8me de gestion alimentaire efficace :<\/strong> En tant que producteurs de compl\u00e9ments alimentaires halal, nous respectons les normes les plus strictes en mati\u00e8re d&rsquo;int\u00e9grit\u00e9 halal tout au long de notre cha\u00eene d&rsquo;approvisionnement. De l&rsquo;approvisionnement en mati\u00e8res premi\u00e8res au produit final, nous assurons une conformit\u00e9 totale avec les exigences l\u00e9gales et islamiques, garantissant la production de compl\u00e9ments alimentaires g\u00e9lifi\u00e9s s\u00fbrs et certifi\u00e9s halal gr\u00e2ce \u00e0 un syst\u00e8me efficace de gestion des aliments halal.<\/p><p><strong>\u00c9tiquetage transparent :<\/strong> Nous affichons fi\u00e8rement le logo de l&rsquo;alimentation halal sur nos produits, conform\u00e9ment \u00e0 toutes les exigences l\u00e9gales, offrant ainsi \u00e0 nos clients transparence et assurance.<br \/>Chez Gummy Worlds, notre engagement en faveur de la qualit\u00e9, de la s\u00e9curit\u00e9 et de l&rsquo;int\u00e9grit\u00e9 halal est in\u00e9branlable. En respectant ces principes, nous nous effor\u00e7ons d&rsquo;enrichir la vie de nos clients et de nos communaut\u00e9s gr\u00e2ce \u00e0 nos suppl\u00e9ments gommeux exceptionnels.<\/p>\t\t\t\t\t\t\t\t<\/div>\n\t\t\t\t<\/div>\n\t\t\t\t\t<\/div>\n\t\t\t\t<\/div>\n\t\t\t\t<\/div>\n\t\t","protected":false},"excerpt":{"rendered":"<p>La qualit\u00e9, la s\u00e9curit\u00e9 et la confiance halal dans chaque gomme ! Notre engagement en faveur de l&rsquo;excellence impr\u00e8gne tous les aspects de nos activit\u00e9s et nous sommes guid\u00e9s par les principes suivants : Excellence en mati\u00e8re de satisfaction de la client\u00e8le : Notre objectif premier est de d\u00e9passer les attentes de nos clients en [&hellip;]<\/p>\n","protected":false},"author":2,"featured_media":4320,"parent":0,"menu_order":0,"comment_status":"closed","ping_status":"closed","template":"","meta":{"_acf_changed":false,"inline_featured_image":false,"footnotes":""},"class_list":["post-5467","page","type-page","status-publish","has-post-thumbnail","hentry"],"acf":[],"yoast_head":"<!-- This site is optimized with the Yoast SEO plugin v27.5 - https:\/\/yoast.com\/product\/yoast-seo-wordpress\/ -->\n<title>Politique de qualit\u00e9 - Gummy Worlds<\/title>\n<meta name=\"robots\" content=\"index, follow, max-snippet:-1, max-image-preview:large, max-video-preview:-1\" \/>\n<link rel=\"canonical\" href=\"https:\/\/www.gummyworlds.com\/fr\/politique-de-qualite\/\" \/>\n<meta property=\"og:locale\" content=\"fr_FR\" \/>\n<meta property=\"og:type\" content=\"article\" \/>\n<meta property=\"og:title\" content=\"Politique de qualit\u00e9 - Gummy Worlds\" \/>\n<meta property=\"og:description\" content=\"La qualit\u00e9, la s\u00e9curit\u00e9 et la confiance halal dans chaque gomme ! Notre engagement en faveur de l&rsquo;excellence impr\u00e8gne tous les aspects de nos activit\u00e9s et nous sommes guid\u00e9s par les principes suivants : Excellence en mati\u00e8re de satisfaction de la client\u00e8le : Notre objectif premier est de d\u00e9passer les attentes de nos clients en [&hellip;]\" \/>\n<meta property=\"og:url\" content=\"https:\/\/www.gummyworlds.com\/fr\/politique-de-qualite\/\" \/>\n<meta property=\"og:site_name\" content=\"Gummy Worlds\" \/>\n<meta property=\"article:modified_time\" content=\"2024-10-07T07:00:39+00:00\" \/>\n<meta property=\"og:image\" content=\"https:\/\/www.gummyworlds.com\/wp-content\/uploads\/2024\/03\/gummy-worlds-sq.png\" \/>\n\t<meta property=\"og:image:width\" content=\"500\" \/>\n\t<meta property=\"og:image:height\" content=\"500\" \/>\n\t<meta property=\"og:image:type\" content=\"image\/png\" \/>\n<meta name=\"twitter:card\" content=\"summary_large_image\" \/>\n<meta name=\"twitter:label1\" content=\"Dur\u00e9e de lecture estim\u00e9e\" \/>\n\t<meta name=\"twitter:data1\" content=\"3 minutes\" \/>\n<script type=\"application\/ld+json\" class=\"yoast-schema-graph\">{\"@context\":\"https:\\\/\\\/schema.org\",\"@graph\":[{\"@type\":\"WebPage\",\"@id\":\"https:\\\/\\\/www.gummyworlds.com\\\/fr\\\/politique-de-qualite\\\/\",\"url\":\"https:\\\/\\\/www.gummyworlds.com\\\/fr\\\/politique-de-qualite\\\/\",\"name\":\"Politique de qualit\u00e9 - Gummy Worlds\",\"isPartOf\":{\"@id\":\"https:\\\/\\\/www.gummyworlds.com\\\/fr\\\/#website\"},\"primaryImageOfPage\":{\"@id\":\"https:\\\/\\\/www.gummyworlds.com\\\/fr\\\/politique-de-qualite\\\/#primaryimage\"},\"image\":{\"@id\":\"https:\\\/\\\/www.gummyworlds.com\\\/fr\\\/politique-de-qualite\\\/#primaryimage\"},\"thumbnailUrl\":\"https:\\\/\\\/www.gummyworlds.com\\\/wp-content\\\/uploads\\\/2024\\\/03\\\/gummy-worlds-sq.png\",\"datePublished\":\"2024-01-31T08:28:18+00:00\",\"dateModified\":\"2024-10-07T07:00:39+00:00\",\"breadcrumb\":{\"@id\":\"https:\\\/\\\/www.gummyworlds.com\\\/fr\\\/politique-de-qualite\\\/#breadcrumb\"},\"inLanguage\":\"fr-FR\",\"potentialAction\":[{\"@type\":\"ReadAction\",\"target\":[\"https:\\\/\\\/www.gummyworlds.com\\\/fr\\\/politique-de-qualite\\\/\"]}]},{\"@type\":\"ImageObject\",\"inLanguage\":\"fr-FR\",\"@id\":\"https:\\\/\\\/www.gummyworlds.com\\\/fr\\\/politique-de-qualite\\\/#primaryimage\",\"url\":\"https:\\\/\\\/www.gummyworlds.com\\\/wp-content\\\/uploads\\\/2024\\\/03\\\/gummy-worlds-sq.png\",\"contentUrl\":\"https:\\\/\\\/www.gummyworlds.com\\\/wp-content\\\/uploads\\\/2024\\\/03\\\/gummy-worlds-sq.png\",\"width\":500,\"height\":500,\"caption\":\"Gummy Worlds\"},{\"@type\":\"BreadcrumbList\",\"@id\":\"https:\\\/\\\/www.gummyworlds.com\\\/fr\\\/politique-de-qualite\\\/#breadcrumb\",\"itemListElement\":[{\"@type\":\"ListItem\",\"position\":1,\"name\":\"Home\",\"item\":\"https:\\\/\\\/www.gummyworlds.com\\\/fr\\\/\"},{\"@type\":\"ListItem\",\"position\":2,\"name\":\"Politique de qualit\u00e9\"}]},{\"@type\":\"WebSite\",\"@id\":\"https:\\\/\\\/www.gummyworlds.com\\\/fr\\\/#website\",\"url\":\"https:\\\/\\\/www.gummyworlds.com\\\/fr\\\/\",\"name\":\"Gummy Worlds\",\"description\":\"\",\"publisher\":{\"@id\":\"https:\\\/\\\/www.gummyworlds.com\\\/fr\\\/#organization\"},\"potentialAction\":[{\"@type\":\"SearchAction\",\"target\":{\"@type\":\"EntryPoint\",\"urlTemplate\":\"https:\\\/\\\/www.gummyworlds.com\\\/fr\\\/?s={search_term_string}\"},\"query-input\":{\"@type\":\"PropertyValueSpecification\",\"valueRequired\":true,\"valueName\":\"search_term_string\"}}],\"inLanguage\":\"fr-FR\"},{\"@type\":\"Organization\",\"@id\":\"https:\\\/\\\/www.gummyworlds.com\\\/fr\\\/#organization\",\"name\":\"Gummy Worlds\",\"url\":\"https:\\\/\\\/www.gummyworlds.com\\\/fr\\\/\",\"logo\":{\"@type\":\"ImageObject\",\"inLanguage\":\"fr-FR\",\"@id\":\"https:\\\/\\\/www.gummyworlds.com\\\/fr\\\/#\\\/schema\\\/logo\\\/image\\\/\",\"url\":\"https:\\\/\\\/www.gummyworlds.com\\\/wp-content\\\/uploads\\\/2024\\\/03\\\/gummy-worlds-sq.png\",\"contentUrl\":\"https:\\\/\\\/www.gummyworlds.com\\\/wp-content\\\/uploads\\\/2024\\\/03\\\/gummy-worlds-sq.png\",\"width\":500,\"height\":500,\"caption\":\"Gummy Worlds\"},\"image\":{\"@id\":\"https:\\\/\\\/www.gummyworlds.com\\\/fr\\\/#\\\/schema\\\/logo\\\/image\\\/\"}}]}<\/script>\n<!-- \/ Yoast SEO plugin. -->","yoast_head_json":{"title":"Politique de qualit\u00e9 - Gummy Worlds","robots":{"index":"index","follow":"follow","max-snippet":"max-snippet:-1","max-image-preview":"max-image-preview:large","max-video-preview":"max-video-preview:-1"},"canonical":"https:\/\/www.gummyworlds.com\/fr\/politique-de-qualite\/","og_locale":"fr_FR","og_type":"article","og_title":"Politique de qualit\u00e9 - Gummy Worlds","og_description":"La qualit\u00e9, la s\u00e9curit\u00e9 et la confiance halal dans chaque gomme ! Notre engagement en faveur de l&rsquo;excellence impr\u00e8gne tous les aspects de nos activit\u00e9s et nous sommes guid\u00e9s par les principes suivants : Excellence en mati\u00e8re de satisfaction de la client\u00e8le : Notre objectif premier est de d\u00e9passer les attentes de nos clients en [&hellip;]","og_url":"https:\/\/www.gummyworlds.com\/fr\/politique-de-qualite\/","og_site_name":"Gummy Worlds","article_modified_time":"2024-10-07T07:00:39+00:00","og_image":[{"width":500,"height":500,"url":"https:\/\/www.gummyworlds.com\/wp-content\/uploads\/2024\/03\/gummy-worlds-sq.png","type":"image\/png"}],"twitter_card":"summary_large_image","twitter_misc":{"Dur\u00e9e de lecture estim\u00e9e":"3 minutes"},"schema":{"@context":"https:\/\/schema.org","@graph":[{"@type":"WebPage","@id":"https:\/\/www.gummyworlds.com\/fr\/politique-de-qualite\/","url":"https:\/\/www.gummyworlds.com\/fr\/politique-de-qualite\/","name":"Politique de qualit\u00e9 - Gummy Worlds","isPartOf":{"@id":"https:\/\/www.gummyworlds.com\/fr\/#website"},"primaryImageOfPage":{"@id":"https:\/\/www.gummyworlds.com\/fr\/politique-de-qualite\/#primaryimage"},"image":{"@id":"https:\/\/www.gummyworlds.com\/fr\/politique-de-qualite\/#primaryimage"},"thumbnailUrl":"https:\/\/www.gummyworlds.com\/wp-content\/uploads\/2024\/03\/gummy-worlds-sq.png","datePublished":"2024-01-31T08:28:18+00:00","dateModified":"2024-10-07T07:00:39+00:00","breadcrumb":{"@id":"https:\/\/www.gummyworlds.com\/fr\/politique-de-qualite\/#breadcrumb"},"inLanguage":"fr-FR","potentialAction":[{"@type":"ReadAction","target":["https:\/\/www.gummyworlds.com\/fr\/politique-de-qualite\/"]}]},{"@type":"ImageObject","inLanguage":"fr-FR","@id":"https:\/\/www.gummyworlds.com\/fr\/politique-de-qualite\/#primaryimage","url":"https:\/\/www.gummyworlds.com\/wp-content\/uploads\/2024\/03\/gummy-worlds-sq.png","contentUrl":"https:\/\/www.gummyworlds.com\/wp-content\/uploads\/2024\/03\/gummy-worlds-sq.png","width":500,"height":500,"caption":"Gummy Worlds"},{"@type":"BreadcrumbList","@id":"https:\/\/www.gummyworlds.com\/fr\/politique-de-qualite\/#breadcrumb","itemListElement":[{"@type":"ListItem","position":1,"name":"Home","item":"https:\/\/www.gummyworlds.com\/fr\/"},{"@type":"ListItem","position":2,"name":"Politique de qualit\u00e9"}]},{"@type":"WebSite","@id":"https:\/\/www.gummyworlds.com\/fr\/#website","url":"https:\/\/www.gummyworlds.com\/fr\/","name":"Gummy Worlds","description":"","publisher":{"@id":"https:\/\/www.gummyworlds.com\/fr\/#organization"},"potentialAction":[{"@type":"SearchAction","target":{"@type":"EntryPoint","urlTemplate":"https:\/\/www.gummyworlds.com\/fr\/?s={search_term_string}"},"query-input":{"@type":"PropertyValueSpecification","valueRequired":true,"valueName":"search_term_string"}}],"inLanguage":"fr-FR"},{"@type":"Organization","@id":"https:\/\/www.gummyworlds.com\/fr\/#organization","name":"Gummy Worlds","url":"https:\/\/www.gummyworlds.com\/fr\/","logo":{"@type":"ImageObject","inLanguage":"fr-FR","@id":"https:\/\/www.gummyworlds.com\/fr\/#\/schema\/logo\/image\/","url":"https:\/\/www.gummyworlds.com\/wp-content\/uploads\/2024\/03\/gummy-worlds-sq.png","contentUrl":"https:\/\/www.gummyworlds.com\/wp-content\/uploads\/2024\/03\/gummy-worlds-sq.png","width":500,"height":500,"caption":"Gummy Worlds"},"image":{"@id":"https:\/\/www.gummyworlds.com\/fr\/#\/schema\/logo\/image\/"}}]}},"_links":{"self":[{"href":"https:\/\/www.gummyworlds.com\/fr\/wp-json\/wp\/v2\/pages\/5467","targetHints":{"allow":["GET"]}}],"collection":[{"href":"https:\/\/www.gummyworlds.com\/fr\/wp-json\/wp\/v2\/pages"}],"about":[{"href":"https:\/\/www.gummyworlds.com\/fr\/wp-json\/wp\/v2\/types\/page"}],"author":[{"embeddable":true,"href":"https:\/\/www.gummyworlds.com\/fr\/wp-json\/wp\/v2\/users\/2"}],"replies":[{"embeddable":true,"href":"https:\/\/www.gummyworlds.com\/fr\/wp-json\/wp\/v2\/comments?post=5467"}],"version-history":[{"count":4,"href":"https:\/\/www.gummyworlds.com\/fr\/wp-json\/wp\/v2\/pages\/5467\/revisions"}],"predecessor-version":[{"id":5471,"href":"https:\/\/www.gummyworlds.com\/fr\/wp-json\/wp\/v2\/pages\/5467\/revisions\/5471"}],"wp:featuredmedia":[{"embeddable":true,"href":"https:\/\/www.gummyworlds.com\/fr\/wp-json\/wp\/v2\/media\/4320"}],"wp:attachment":[{"href":"https:\/\/www.gummyworlds.com\/fr\/wp-json\/wp\/v2\/media?parent=5467"}],"curies":[{"name":"wp","href":"https:\/\/api.w.org\/{rel}","templated":true}]}}