{"id":5456,"date":"2024-01-27T14:28:26","date_gmt":"2024-01-27T14:28:26","guid":{"rendered":"https:\/\/www.gummyworlds.com\/?page_id=5456"},"modified":"2024-10-08T17:55:17","modified_gmt":"2024-10-08T17:55:17","slug":"notre-culture","status":"publish","type":"page","link":"https:\/\/www.gummyworlds.com\/fr\/notre-culture\/","title":{"rendered":"Notre Culture"},"content":{"rendered":"\t\t<div data-elementor-type=\"wp-page\" data-elementor-id=\"5456\" class=\"elementor elementor-5456 elementor-38\" data-elementor-post-type=\"page\">\n\t\t\t\t<div class=\"elementor-element elementor-element-5bc5bb4 e-flex e-con-boxed e-con e-parent\" data-id=\"5bc5bb4\" data-element_type=\"container\" data-e-type=\"container\">\n\t\t\t\t\t<div class=\"e-con-inner\">\n\t\t<div class=\"elementor-element elementor-element-86f985b e-flex e-con-boxed e-con e-child\" data-id=\"86f985b\" data-element_type=\"container\" data-e-type=\"container\" data-settings=\"{&quot;background_background&quot;:&quot;classic&quot;}\">\n\t\t\t\t\t<div class=\"e-con-inner\">\n\t\t\t\t<div class=\"elementor-element elementor-element-5fd0459 elementor-invisible elementor-widget elementor-widget-heading\" data-id=\"5fd0459\" data-element_type=\"widget\" data-e-type=\"widget\" data-settings=\"{&quot;_animation&quot;:&quot;slideInUp&quot;}\" data-widget_type=\"heading.default\">\n\t\t\t\t<div class=\"elementor-widget-container\">\n\t\t\t\t\t<h2 class=\"elementor-heading-title elementor-size-default\">Notre mission\n<\/h2>\t\t\t\t<\/div>\n\t\t\t\t<\/div>\n\t\t\t\t<div class=\"elementor-element elementor-element-b3aa5a9 elementor-widget elementor-widget-text-editor\" data-id=\"b3aa5a9\" data-element_type=\"widget\" data-e-type=\"widget\" data-widget_type=\"text-editor.default\">\n\t\t\t\t<div class=\"elementor-widget-container\">\n\t\t\t\t\t\t\t\t\t<p>Nous nous effor\u00e7ons de fabriquer des suppl\u00e9ments g\u00e9lifi\u00e9s de premi\u00e8re qualit\u00e9, dot\u00e9s d&rsquo;une technologie de pointe et adapt\u00e9s aux besoins nutritionnels des personnes de tous \u00e2ges. Soucieux de d\u00e9passer les attentes de nos clients, nous accordons la priorit\u00e9 \u00e0 la qualit\u00e9 des produits et \u00e0 l&rsquo;excellence du service afin de favoriser des relations durables.<\/p>\t\t\t\t\t\t\t\t<\/div>\n\t\t\t\t<\/div>\n\t\t\t\t\t<\/div>\n\t\t\t\t<\/div>\n\t\t<div class=\"elementor-element elementor-element-bc044a3 e-flex e-con-boxed e-con e-child\" data-id=\"bc044a3\" data-element_type=\"container\" data-e-type=\"container\" data-settings=\"{&quot;background_background&quot;:&quot;classic&quot;}\">\n\t\t\t\t\t<div class=\"e-con-inner\">\n\t\t\t\t<div class=\"elementor-element elementor-element-232c0ea elementor-invisible elementor-widget elementor-widget-heading\" data-id=\"232c0ea\" data-element_type=\"widget\" data-e-type=\"widget\" data-settings=\"{&quot;_animation&quot;:&quot;slideInUp&quot;}\" data-widget_type=\"heading.default\">\n\t\t\t\t<div class=\"elementor-widget-container\">\n\t\t\t\t\t<h2 class=\"elementor-heading-title elementor-size-default\">Notre vision\n<\/h2>\t\t\t\t<\/div>\n\t\t\t\t<\/div>\n\t\t\t\t<div class=\"elementor-element elementor-element-34b5b50 elementor-widget elementor-widget-text-editor\" data-id=\"34b5b50\" data-element_type=\"widget\" data-e-type=\"widget\" data-widget_type=\"text-editor.default\">\n\t\t\t\t<div class=\"elementor-widget-container\">\n\t\t\t\t\t\t\t\t\t<p>Nous nous engageons \u00e0 fabriquer de d\u00e9licieux suppl\u00e9ments g\u00e9lifi\u00e9s de haute qualit\u00e9 pour tous les \u00e2ges, en promouvant le bien-\u00eatre par l&rsquo;innovation. Notre objectif est de devenir une source fiable de nutrition agr\u00e9able, favorisant des vies plus saines \u00e0 travers les g\u00e9n\u00e9rations.<\/p>\t\t\t\t\t\t\t\t<\/div>\n\t\t\t\t<\/div>\n\t\t\t\t\t<\/div>\n\t\t\t\t<\/div>\n\t\t\t\t\t<\/div>\n\t\t\t\t<\/div>\n\t\t<div class=\"elementor-element elementor-element-8c260ef e-flex e-con-boxed e-con e-parent\" data-id=\"8c260ef\" data-element_type=\"container\" data-e-type=\"container\">\n\t\t\t\t\t<div class=\"e-con-inner\">\n\t\t\t\t<div class=\"elementor-element elementor-element-8df87e4 elementor-invisible elementor-widget elementor-widget-heading\" data-id=\"8df87e4\" data-element_type=\"widget\" data-e-type=\"widget\" data-settings=\"{&quot;_animation&quot;:&quot;slideInUp&quot;}\" data-widget_type=\"heading.default\">\n\t\t\t\t<div class=\"elementor-widget-container\">\n\t\t\t\t\t<h2 class=\"elementor-heading-title elementor-size-default\">NOS <span class=\"orange\">VALEURS<\/span>\n<\/h2>\t\t\t\t<\/div>\n\t\t\t\t<\/div>\n\t\t\t\t\t<\/div>\n\t\t\t\t<\/div>\n\t\t<div class=\"elementor-element elementor-element-2714851 e-flex e-con-boxed e-con e-parent\" data-id=\"2714851\" data-element_type=\"container\" data-e-type=\"container\">\n\t\t\t\t\t<div class=\"e-con-inner\">\n\t\t<div class=\"elementor-element elementor-element-c512aa1 e-con-full e-flex e-con e-child\" data-id=\"c512aa1\" data-element_type=\"container\" data-e-type=\"container\">\n\t\t\t\t<div class=\"elementor-element elementor-element-1b0e4ad elementor-widget elementor-widget-image\" data-id=\"1b0e4ad\" data-element_type=\"widget\" data-e-type=\"widget\" data-widget_type=\"image.default\">\n\t\t\t\t<div class=\"elementor-widget-container\">\n\t\t\t\t\t\t\t\t\t\t\t\t\t\t\t<img fetchpriority=\"high\" decoding=\"async\" width=\"566\" height=\"566\" src=\"https:\/\/www.gummyworlds.com\/wp-content\/uploads\/2024\/02\/susta.svg\" class=\"attachment-full size-full wp-image-4373\" alt=\"\" \/>\t\t\t\t\t\t\t\t\t\t\t\t\t\t\t<\/div>\n\t\t\t\t<\/div>\n\t\t\t\t<\/div>\n\t\t<div class=\"elementor-element elementor-element-11e23fe e-con-full e-flex e-con e-child\" data-id=\"11e23fe\" data-element_type=\"container\" data-e-type=\"container\">\n\t\t\t\t<div class=\"elementor-element elementor-element-5147cd8 elementor-widget elementor-widget-text-editor\" data-id=\"5147cd8\" data-element_type=\"widget\" data-e-type=\"widget\" data-widget_type=\"text-editor.default\">\n\t\t\t\t<div class=\"elementor-widget-container\">\n\t\t\t\t\t\t\t\t\t<p><strong>Puret\u00e9<\/strong><\/p><p>Notre engagement en faveur de la puret\u00e9 signifie que chaque composant de nos suppl\u00e9ments g\u00e9lifi\u00e9s est soigneusement s\u00e9lectionn\u00e9, afin de garantir qu&rsquo;il r\u00e9ponde aux normes de qualit\u00e9 les plus strictes. Nous \u00e9liminons les additifs et les agents de remplissage inutiles, en donnant la priorit\u00e9 \u00e0 l&rsquo;int\u00e9grit\u00e9 et \u00e0 l&rsquo;efficacit\u00e9 de nos produits.<\/p>\t\t\t\t\t\t\t\t<\/div>\n\t\t\t\t<\/div>\n\t\t\t\t<\/div>\n\t\t\t\t\t<\/div>\n\t\t\t\t<\/div>\n\t\t<div class=\"elementor-element elementor-element-f969d98 e-flex e-con-boxed e-con e-parent\" data-id=\"f969d98\" data-element_type=\"container\" data-e-type=\"container\">\n\t\t\t\t\t<div class=\"e-con-inner\">\n\t\t<div class=\"elementor-element elementor-element-f53db7f e-con-full e-flex e-con e-child\" data-id=\"f53db7f\" data-element_type=\"container\" data-e-type=\"container\">\n\t\t\t\t<div class=\"elementor-element elementor-element-2ae9199 elementor-widget elementor-widget-text-editor\" data-id=\"2ae9199\" data-element_type=\"widget\" data-e-type=\"widget\" data-widget_type=\"text-editor.default\">\n\t\t\t\t<div class=\"elementor-widget-container\">\n\t\t\t\t\t\t\t\t\t<p><strong>L&rsquo;innovation<\/strong><\/p><p>Nous ne sommes pas seulement des fabricants, nous sommes des innovateurs. Nous repoussons sans cesse les limites de ce qui est possible en mati\u00e8re de formulation de suppl\u00e9ments g\u00e9lifi\u00e9s. Notre \u00e9quipe de recherche et d\u00e9veloppement, arm\u00e9e des derni\u00e8res avanc\u00e9es dans le domaine, explore sans cesse de nouveaux moyens d&rsquo;am\u00e9liorer l&rsquo;efficacit\u00e9 et la biodisponibilit\u00e9 de nos produits.<\/p>\t\t\t\t\t\t\t\t<\/div>\n\t\t\t\t<\/div>\n\t\t\t\t<\/div>\n\t\t<div class=\"elementor-element elementor-element-1be8bc4 e-con-full e-flex e-con e-child\" data-id=\"1be8bc4\" data-element_type=\"container\" data-e-type=\"container\">\n\t\t\t\t<div class=\"elementor-element elementor-element-170ebfe elementor-widget elementor-widget-image\" data-id=\"170ebfe\" data-element_type=\"widget\" data-e-type=\"widget\" data-widget_type=\"image.default\">\n\t\t\t\t<div class=\"elementor-widget-container\">\n\t\t\t\t\t\t\t\t\t\t\t\t\t\t\t<img decoding=\"async\" width=\"566\" height=\"566\" src=\"https:\/\/www.gummyworlds.com\/wp-content\/uploads\/2024\/02\/innovation.svg\" class=\"attachment-full size-full wp-image-4367\" alt=\"\" \/>\t\t\t\t\t\t\t\t\t\t\t\t\t\t\t<\/div>\n\t\t\t\t<\/div>\n\t\t\t\t<\/div>\n\t\t\t\t\t<\/div>\n\t\t\t\t<\/div>\n\t\t<div class=\"elementor-element elementor-element-6feb35d e-flex e-con-boxed e-con e-parent\" data-id=\"6feb35d\" data-element_type=\"container\" data-e-type=\"container\">\n\t\t\t\t\t<div class=\"e-con-inner\">\n\t\t<div class=\"elementor-element elementor-element-7e383e0 e-con-full e-flex e-con e-child\" data-id=\"7e383e0\" data-element_type=\"container\" data-e-type=\"container\">\n\t\t\t\t<div class=\"elementor-element elementor-element-148cda0 elementor-widget elementor-widget-image\" data-id=\"148cda0\" data-element_type=\"widget\" data-e-type=\"widget\" data-widget_type=\"image.default\">\n\t\t\t\t<div class=\"elementor-widget-container\">\n\t\t\t\t\t\t\t\t\t\t\t\t\t\t\t<img decoding=\"async\" width=\"566\" height=\"566\" src=\"https:\/\/www.gummyworlds.com\/wp-content\/uploads\/2024\/02\/quality.svg\" class=\"attachment-full size-full wp-image-4370\" alt=\"\" \/>\t\t\t\t\t\t\t\t\t\t\t\t\t\t\t<\/div>\n\t\t\t\t<\/div>\n\t\t\t\t<\/div>\n\t\t<div class=\"elementor-element elementor-element-033d78d e-con-full e-flex e-con e-child\" data-id=\"033d78d\" data-element_type=\"container\" data-e-type=\"container\">\n\t\t\t\t<div class=\"elementor-element elementor-element-7a0db6d elementor-widget elementor-widget-text-editor\" data-id=\"7a0db6d\" data-element_type=\"widget\" data-e-type=\"widget\" data-widget_type=\"text-editor.default\">\n\t\t\t\t<div class=\"elementor-widget-container\">\n\t\t\t\t\t\t\t\t\t<p><strong>La qualit\u00e9<\/strong><\/p><p>La qualit\u00e9 est le fondement de tout ce que nous faisons. De la s\u00e9lection des mati\u00e8res premi\u00e8res aux \u00e9tapes finales de la production, nous respectons les normes les plus strictes. Nos installations ultramodernes, notre technologie de pointe et notre \u00e9quipe d&rsquo;experts d\u00e9vou\u00e9s travaillent \u00e0 l&rsquo;unisson pour cr\u00e9er des suppl\u00e9ments g\u00e9lifi\u00e9s qui non seulement r\u00e9pondent aux normes de l&rsquo;industrie, mais les d\u00e9passent.<\/p>\t\t\t\t\t\t\t\t<\/div>\n\t\t\t\t<\/div>\n\t\t\t\t<\/div>\n\t\t\t\t\t<\/div>\n\t\t\t\t<\/div>\n\t\t<div class=\"elementor-element elementor-element-ade8348 e-flex e-con-boxed e-con e-parent\" data-id=\"ade8348\" data-element_type=\"container\" data-e-type=\"container\">\n\t\t\t\t\t<div class=\"e-con-inner\">\n\t\t<div class=\"elementor-element elementor-element-ce023ad e-con-full e-flex e-con e-child\" data-id=\"ce023ad\" data-element_type=\"container\" data-e-type=\"container\">\n\t\t\t\t<div class=\"elementor-element elementor-element-170008e elementor-widget elementor-widget-text-editor\" data-id=\"170008e\" data-element_type=\"widget\" data-e-type=\"widget\" data-widget_type=\"text-editor.default\">\n\t\t\t\t<div class=\"elementor-widget-container\">\n\t\t\t\t\t\t\t\t\t<p><strong>La collaboration<\/strong><\/p><p>Le travail d&rsquo;\u00e9quipe stimule la cr\u00e9ativit\u00e9 et la productivit\u00e9, moteurs essentiels de la r\u00e9ussite des entreprises aujourd&rsquo;hui. Il nous aide \u00e0 travailler ensemble pour atteindre des objectifs communs et \u00e0 nous soutenir mutuellement. Cette valeur renforce \u00e9galement nos relations avec nos partenaires, en mettant l&rsquo;accent sur la fiabilit\u00e9 et le d\u00e9passement de soi.<\/p>\t\t\t\t\t\t\t\t<\/div>\n\t\t\t\t<\/div>\n\t\t\t\t<\/div>\n\t\t<div class=\"elementor-element elementor-element-6166077 e-con-full e-flex e-con e-child\" data-id=\"6166077\" data-element_type=\"container\" data-e-type=\"container\">\n\t\t\t\t<div class=\"elementor-element elementor-element-4820767 elementor-widget elementor-widget-image\" data-id=\"4820767\" data-element_type=\"widget\" data-e-type=\"widget\" data-widget_type=\"image.default\">\n\t\t\t\t<div class=\"elementor-widget-container\">\n\t\t\t\t\t\t\t\t\t\t\t\t\t\t\t<img loading=\"lazy\" decoding=\"async\" width=\"566\" height=\"566\" src=\"https:\/\/www.gummyworlds.com\/wp-content\/uploads\/2024\/02\/collaboration.svg\" class=\"attachment-full size-full wp-image-4364\" alt=\"\" \/>\t\t\t\t\t\t\t\t\t\t\t\t\t\t\t<\/div>\n\t\t\t\t<\/div>\n\t\t\t\t<\/div>\n\t\t\t\t\t<\/div>\n\t\t\t\t<\/div>\n\t\t\t\t<\/div>\n\t\t","protected":false},"excerpt":{"rendered":"<p>Notre mission Nous nous effor\u00e7ons de fabriquer des suppl\u00e9ments g\u00e9lifi\u00e9s de premi\u00e8re qualit\u00e9, dot\u00e9s d&rsquo;une technologie de pointe et adapt\u00e9s aux besoins nutritionnels des personnes de tous \u00e2ges. Soucieux de d\u00e9passer les attentes de nos clients, nous accordons la priorit\u00e9 \u00e0 la qualit\u00e9 des produits et \u00e0 l&rsquo;excellence du service afin de favoriser des relations [&hellip;]<\/p>\n","protected":false},"author":2,"featured_media":4320,"parent":0,"menu_order":0,"comment_status":"closed","ping_status":"closed","template":"","meta":{"_acf_changed":false,"inline_featured_image":false,"footnotes":""},"class_list":["post-5456","page","type-page","status-publish","has-post-thumbnail","hentry"],"acf":[],"yoast_head":"<!-- This site is optimized with the Yoast SEO plugin v27.5 - https:\/\/yoast.com\/product\/yoast-seo-wordpress\/ -->\n<title>Notre Culture - Gummy Worlds<\/title>\n<meta name=\"robots\" content=\"index, follow, max-snippet:-1, max-image-preview:large, max-video-preview:-1\" \/>\n<link rel=\"canonical\" href=\"https:\/\/www.gummyworlds.com\/fr\/notre-culture\/\" \/>\n<meta property=\"og:locale\" content=\"fr_FR\" \/>\n<meta property=\"og:type\" content=\"article\" \/>\n<meta property=\"og:title\" content=\"Notre Culture - Gummy Worlds\" \/>\n<meta property=\"og:description\" content=\"Notre mission Nous nous effor\u00e7ons de fabriquer des suppl\u00e9ments g\u00e9lifi\u00e9s de premi\u00e8re qualit\u00e9, dot\u00e9s d&rsquo;une technologie de pointe et adapt\u00e9s aux besoins nutritionnels des personnes de tous \u00e2ges. Soucieux de d\u00e9passer les attentes de nos clients, nous accordons la priorit\u00e9 \u00e0 la qualit\u00e9 des produits et \u00e0 l&rsquo;excellence du service afin de favoriser des relations [&hellip;]\" \/>\n<meta property=\"og:url\" content=\"https:\/\/www.gummyworlds.com\/fr\/notre-culture\/\" \/>\n<meta property=\"og:site_name\" content=\"Gummy Worlds\" \/>\n<meta property=\"article:modified_time\" content=\"2024-10-08T17:55:17+00:00\" \/>\n<meta property=\"og:image\" content=\"https:\/\/www.gummyworlds.com\/wp-content\/uploads\/2024\/03\/gummy-worlds-sq.png\" \/>\n\t<meta property=\"og:image:width\" content=\"500\" \/>\n\t<meta property=\"og:image:height\" content=\"500\" \/>\n\t<meta property=\"og:image:type\" content=\"image\/png\" \/>\n<meta name=\"twitter:card\" content=\"summary_large_image\" \/>\n<meta name=\"twitter:label1\" content=\"Dur\u00e9e de lecture estim\u00e9e\" \/>\n\t<meta name=\"twitter:data1\" content=\"3 minutes\" \/>\n<script type=\"application\/ld+json\" class=\"yoast-schema-graph\">{\"@context\":\"https:\\\/\\\/schema.org\",\"@graph\":[{\"@type\":\"WebPage\",\"@id\":\"https:\\\/\\\/www.gummyworlds.com\\\/fr\\\/notre-culture\\\/\",\"url\":\"https:\\\/\\\/www.gummyworlds.com\\\/fr\\\/notre-culture\\\/\",\"name\":\"Notre Culture - Gummy Worlds\",\"isPartOf\":{\"@id\":\"https:\\\/\\\/www.gummyworlds.com\\\/fr\\\/#website\"},\"primaryImageOfPage\":{\"@id\":\"https:\\\/\\\/www.gummyworlds.com\\\/fr\\\/notre-culture\\\/#primaryimage\"},\"image\":{\"@id\":\"https:\\\/\\\/www.gummyworlds.com\\\/fr\\\/notre-culture\\\/#primaryimage\"},\"thumbnailUrl\":\"https:\\\/\\\/www.gummyworlds.com\\\/wp-content\\\/uploads\\\/2024\\\/03\\\/gummy-worlds-sq.png\",\"datePublished\":\"2024-01-27T14:28:26+00:00\",\"dateModified\":\"2024-10-08T17:55:17+00:00\",\"breadcrumb\":{\"@id\":\"https:\\\/\\\/www.gummyworlds.com\\\/fr\\\/notre-culture\\\/#breadcrumb\"},\"inLanguage\":\"fr-FR\",\"potentialAction\":[{\"@type\":\"ReadAction\",\"target\":[\"https:\\\/\\\/www.gummyworlds.com\\\/fr\\\/notre-culture\\\/\"]}]},{\"@type\":\"ImageObject\",\"inLanguage\":\"fr-FR\",\"@id\":\"https:\\\/\\\/www.gummyworlds.com\\\/fr\\\/notre-culture\\\/#primaryimage\",\"url\":\"https:\\\/\\\/www.gummyworlds.com\\\/wp-content\\\/uploads\\\/2024\\\/03\\\/gummy-worlds-sq.png\",\"contentUrl\":\"https:\\\/\\\/www.gummyworlds.com\\\/wp-content\\\/uploads\\\/2024\\\/03\\\/gummy-worlds-sq.png\",\"width\":500,\"height\":500,\"caption\":\"Gummy Worlds\"},{\"@type\":\"BreadcrumbList\",\"@id\":\"https:\\\/\\\/www.gummyworlds.com\\\/fr\\\/notre-culture\\\/#breadcrumb\",\"itemListElement\":[{\"@type\":\"ListItem\",\"position\":1,\"name\":\"Home\",\"item\":\"https:\\\/\\\/www.gummyworlds.com\\\/fr\\\/\"},{\"@type\":\"ListItem\",\"position\":2,\"name\":\"Notre Culture\"}]},{\"@type\":\"WebSite\",\"@id\":\"https:\\\/\\\/www.gummyworlds.com\\\/fr\\\/#website\",\"url\":\"https:\\\/\\\/www.gummyworlds.com\\\/fr\\\/\",\"name\":\"Gummy Worlds\",\"description\":\"\",\"publisher\":{\"@id\":\"https:\\\/\\\/www.gummyworlds.com\\\/fr\\\/#organization\"},\"potentialAction\":[{\"@type\":\"SearchAction\",\"target\":{\"@type\":\"EntryPoint\",\"urlTemplate\":\"https:\\\/\\\/www.gummyworlds.com\\\/fr\\\/?s={search_term_string}\"},\"query-input\":{\"@type\":\"PropertyValueSpecification\",\"valueRequired\":true,\"valueName\":\"search_term_string\"}}],\"inLanguage\":\"fr-FR\"},{\"@type\":\"Organization\",\"@id\":\"https:\\\/\\\/www.gummyworlds.com\\\/fr\\\/#organization\",\"name\":\"Gummy Worlds\",\"url\":\"https:\\\/\\\/www.gummyworlds.com\\\/fr\\\/\",\"logo\":{\"@type\":\"ImageObject\",\"inLanguage\":\"fr-FR\",\"@id\":\"https:\\\/\\\/www.gummyworlds.com\\\/fr\\\/#\\\/schema\\\/logo\\\/image\\\/\",\"url\":\"https:\\\/\\\/www.gummyworlds.com\\\/wp-content\\\/uploads\\\/2024\\\/03\\\/gummy-worlds-sq.png\",\"contentUrl\":\"https:\\\/\\\/www.gummyworlds.com\\\/wp-content\\\/uploads\\\/2024\\\/03\\\/gummy-worlds-sq.png\",\"width\":500,\"height\":500,\"caption\":\"Gummy Worlds\"},\"image\":{\"@id\":\"https:\\\/\\\/www.gummyworlds.com\\\/fr\\\/#\\\/schema\\\/logo\\\/image\\\/\"}}]}<\/script>\n<!-- \/ Yoast SEO plugin. -->","yoast_head_json":{"title":"Notre Culture - Gummy Worlds","robots":{"index":"index","follow":"follow","max-snippet":"max-snippet:-1","max-image-preview":"max-image-preview:large","max-video-preview":"max-video-preview:-1"},"canonical":"https:\/\/www.gummyworlds.com\/fr\/notre-culture\/","og_locale":"fr_FR","og_type":"article","og_title":"Notre Culture - Gummy Worlds","og_description":"Notre mission Nous nous effor\u00e7ons de fabriquer des suppl\u00e9ments g\u00e9lifi\u00e9s de premi\u00e8re qualit\u00e9, dot\u00e9s d&rsquo;une technologie de pointe et adapt\u00e9s aux besoins nutritionnels des personnes de tous \u00e2ges. Soucieux de d\u00e9passer les attentes de nos clients, nous accordons la priorit\u00e9 \u00e0 la qualit\u00e9 des produits et \u00e0 l&rsquo;excellence du service afin de favoriser des relations [&hellip;]","og_url":"https:\/\/www.gummyworlds.com\/fr\/notre-culture\/","og_site_name":"Gummy Worlds","article_modified_time":"2024-10-08T17:55:17+00:00","og_image":[{"width":500,"height":500,"url":"https:\/\/www.gummyworlds.com\/wp-content\/uploads\/2024\/03\/gummy-worlds-sq.png","type":"image\/png"}],"twitter_card":"summary_large_image","twitter_misc":{"Dur\u00e9e de lecture estim\u00e9e":"3 minutes"},"schema":{"@context":"https:\/\/schema.org","@graph":[{"@type":"WebPage","@id":"https:\/\/www.gummyworlds.com\/fr\/notre-culture\/","url":"https:\/\/www.gummyworlds.com\/fr\/notre-culture\/","name":"Notre Culture - Gummy Worlds","isPartOf":{"@id":"https:\/\/www.gummyworlds.com\/fr\/#website"},"primaryImageOfPage":{"@id":"https:\/\/www.gummyworlds.com\/fr\/notre-culture\/#primaryimage"},"image":{"@id":"https:\/\/www.gummyworlds.com\/fr\/notre-culture\/#primaryimage"},"thumbnailUrl":"https:\/\/www.gummyworlds.com\/wp-content\/uploads\/2024\/03\/gummy-worlds-sq.png","datePublished":"2024-01-27T14:28:26+00:00","dateModified":"2024-10-08T17:55:17+00:00","breadcrumb":{"@id":"https:\/\/www.gummyworlds.com\/fr\/notre-culture\/#breadcrumb"},"inLanguage":"fr-FR","potentialAction":[{"@type":"ReadAction","target":["https:\/\/www.gummyworlds.com\/fr\/notre-culture\/"]}]},{"@type":"ImageObject","inLanguage":"fr-FR","@id":"https:\/\/www.gummyworlds.com\/fr\/notre-culture\/#primaryimage","url":"https:\/\/www.gummyworlds.com\/wp-content\/uploads\/2024\/03\/gummy-worlds-sq.png","contentUrl":"https:\/\/www.gummyworlds.com\/wp-content\/uploads\/2024\/03\/gummy-worlds-sq.png","width":500,"height":500,"caption":"Gummy Worlds"},{"@type":"BreadcrumbList","@id":"https:\/\/www.gummyworlds.com\/fr\/notre-culture\/#breadcrumb","itemListElement":[{"@type":"ListItem","position":1,"name":"Home","item":"https:\/\/www.gummyworlds.com\/fr\/"},{"@type":"ListItem","position":2,"name":"Notre Culture"}]},{"@type":"WebSite","@id":"https:\/\/www.gummyworlds.com\/fr\/#website","url":"https:\/\/www.gummyworlds.com\/fr\/","name":"Gummy Worlds","description":"","publisher":{"@id":"https:\/\/www.gummyworlds.com\/fr\/#organization"},"potentialAction":[{"@type":"SearchAction","target":{"@type":"EntryPoint","urlTemplate":"https:\/\/www.gummyworlds.com\/fr\/?s={search_term_string}"},"query-input":{"@type":"PropertyValueSpecification","valueRequired":true,"valueName":"search_term_string"}}],"inLanguage":"fr-FR"},{"@type":"Organization","@id":"https:\/\/www.gummyworlds.com\/fr\/#organization","name":"Gummy Worlds","url":"https:\/\/www.gummyworlds.com\/fr\/","logo":{"@type":"ImageObject","inLanguage":"fr-FR","@id":"https:\/\/www.gummyworlds.com\/fr\/#\/schema\/logo\/image\/","url":"https:\/\/www.gummyworlds.com\/wp-content\/uploads\/2024\/03\/gummy-worlds-sq.png","contentUrl":"https:\/\/www.gummyworlds.com\/wp-content\/uploads\/2024\/03\/gummy-worlds-sq.png","width":500,"height":500,"caption":"Gummy Worlds"},"image":{"@id":"https:\/\/www.gummyworlds.com\/fr\/#\/schema\/logo\/image\/"}}]}},"_links":{"self":[{"href":"https:\/\/www.gummyworlds.com\/fr\/wp-json\/wp\/v2\/pages\/5456","targetHints":{"allow":["GET"]}}],"collection":[{"href":"https:\/\/www.gummyworlds.com\/fr\/wp-json\/wp\/v2\/pages"}],"about":[{"href":"https:\/\/www.gummyworlds.com\/fr\/wp-json\/wp\/v2\/types\/page"}],"author":[{"embeddable":true,"href":"https:\/\/www.gummyworlds.com\/fr\/wp-json\/wp\/v2\/users\/2"}],"replies":[{"embeddable":true,"href":"https:\/\/www.gummyworlds.com\/fr\/wp-json\/wp\/v2\/comments?post=5456"}],"version-history":[{"count":5,"href":"https:\/\/www.gummyworlds.com\/fr\/wp-json\/wp\/v2\/pages\/5456\/revisions"}],"predecessor-version":[{"id":5757,"href":"https:\/\/www.gummyworlds.com\/fr\/wp-json\/wp\/v2\/pages\/5456\/revisions\/5757"}],"wp:featuredmedia":[{"embeddable":true,"href":"https:\/\/www.gummyworlds.com\/fr\/wp-json\/wp\/v2\/media\/4320"}],"wp:attachment":[{"href":"https:\/\/www.gummyworlds.com\/fr\/wp-json\/wp\/v2\/media?parent=5456"}],"curies":[{"name":"wp","href":"https:\/\/api.w.org\/{rel}","templated":true}]}}