{"id":5448,"date":"2024-01-27T14:28:07","date_gmt":"2024-01-27T14:28:07","guid":{"rendered":"https:\/\/www.gummyworlds.com\/?page_id=5448"},"modified":"2024-10-05T18:01:35","modified_gmt":"2024-10-05T18:01:35","slug":"a-propos-de-gummy-worlds","status":"publish","type":"page","link":"https:\/\/www.gummyworlds.com\/fr\/a-propos-de-gummy-worlds\/","title":{"rendered":"\u00c0 propos de Gummy Worlds"},"content":{"rendered":"\t\t<div data-elementor-type=\"wp-page\" data-elementor-id=\"5448\" class=\"elementor elementor-5448 elementor-36\" data-elementor-post-type=\"page\">\n\t\t\t\t<div class=\"elementor-element elementor-element-1c6302e e-con-full e-flex e-con e-parent\" data-id=\"1c6302e\" data-element_type=\"container\" data-e-type=\"container\">\n\t\t\t\t<div class=\"elementor-element elementor-element-4a4da0f elementor-invisible elementor-widget elementor-widget-heading\" data-id=\"4a4da0f\" data-element_type=\"widget\" data-e-type=\"widget\" data-settings=\"{&quot;_animation&quot;:&quot;slideInUp&quot;}\" data-widget_type=\"heading.default\">\n\t\t\t\t<div class=\"elementor-widget-container\">\n\t\t\t\t\t<h2 class=\"elementor-heading-title elementor-size-default\">Gummy Worlds, o\u00f9 la sant\u00e9 et le plaisir se rencontrent dans un monde vibrant de d\u00e9licieux suppl\u00e9ments en gomme !\n<\/h2>\t\t\t\t<\/div>\n\t\t\t\t<\/div>\n\t\t\t\t<div class=\"elementor-element elementor-element-c51b878 elementor-widget elementor-widget-text-editor\" data-id=\"c51b878\" data-element_type=\"widget\" data-e-type=\"widget\" data-widget_type=\"text-editor.default\">\n\t\t\t\t<div class=\"elementor-widget-container\">\n\t\t\t\t\t\t\t\t\t<p>Gummy Worlds, filiale de la soci\u00e9t\u00e9 Alyors Group, est l&rsquo;une des entreprises les plus r\u00e9put\u00e9es du groupe.<\/p><p>En combinant notre vaste exp\u00e9rience dans le secteur des compl\u00e9ments alimentaires avec les compl\u00e9ments sous forme de gommes, notre portefeuille comprend une large gamme de produits de A \u00e0 Z.<\/p><p>Guid\u00e9s par notre engagement en faveur de l&rsquo;excellence, nous fabriquons nos produits dans une usine \u00e9quip\u00e9e de technologies modernes et dot\u00e9e d&rsquo;experts d\u00e9vou\u00e9s. Cette synergie d&rsquo;infrastructures de pointe et de professionnels exp\u00e9riment\u00e9s garantit la production de produits haut de gamme r\u00e9pondant aux normes de qualit\u00e9 les plus strictes.<\/p><p>Nos services complets englobent la fabrication en sous-traitance, les solutions de marque priv\u00e9e et la production en vrac.<\/p>\t\t\t\t\t\t\t\t<\/div>\n\t\t\t\t<\/div>\n\t\t\t\t<\/div>\n\t\t<div class=\"elementor-element elementor-element-37ca703 e-flex e-con-boxed e-con e-parent\" data-id=\"37ca703\" data-element_type=\"container\" data-e-type=\"container\">\n\t\t\t\t\t<div class=\"e-con-inner\">\n\t\t<div class=\"elementor-element elementor-element-93ecb03 e-con-full e-flex e-con e-child\" data-id=\"93ecb03\" data-element_type=\"container\" data-e-type=\"container\">\n\t\t\t\t<div class=\"elementor-element elementor-element-62fda6d elementor-position-top elementor-widget elementor-widget-image-box\" data-id=\"62fda6d\" data-element_type=\"widget\" data-e-type=\"widget\" data-widget_type=\"image-box.default\">\n\t\t\t\t<div class=\"elementor-widget-container\">\n\t\t\t\t\t<div class=\"elementor-image-box-wrapper\"><figure class=\"elementor-image-box-img\"><img decoding=\"async\" src=\"https:\/\/www.gummyworlds.com\/wp-content\/uploads\/2024\/02\/manufacturing_plant-copy-1.svg\" title=\"manufacturing_plant copy\" alt=\"manufacturing_plant copy\" loading=\"lazy\" \/><\/figure><div class=\"elementor-image-box-content\"><h3 class=\"elementor-image-box-title\">CAPACIT\u00c9 DE PRODUCTION \u00c9LEV\u00c9E<\/h3><\/div><\/div>\t\t\t\t<\/div>\n\t\t\t\t<\/div>\n\t\t\t\t<\/div>\n\t\t<div class=\"elementor-element elementor-element-8eb7285 e-con-full e-flex e-con e-child\" data-id=\"8eb7285\" data-element_type=\"container\" data-e-type=\"container\">\n\t\t\t\t<div class=\"elementor-element elementor-element-5b7f82d elementor-position-top elementor-widget elementor-widget-image-box\" data-id=\"5b7f82d\" data-element_type=\"widget\" data-e-type=\"widget\" data-widget_type=\"image-box.default\">\n\t\t\t\t<div class=\"elementor-widget-container\">\n\t\t\t\t\t<div class=\"elementor-image-box-wrapper\"><figure class=\"elementor-image-box-img\"><img decoding=\"async\" src=\"https:\/\/www.gummyworlds.com\/wp-content\/uploads\/2024\/02\/customizable.svg\" title=\"customizable\" alt=\"customizable\" loading=\"lazy\" \/><\/figure><div class=\"elementor-image-box-content\"><h3 class=\"elementor-image-box-title\">DIFF\u00c9RENTS CHOIX DE GOMMES<\/h3><\/div><\/div>\t\t\t\t<\/div>\n\t\t\t\t<\/div>\n\t\t\t\t<\/div>\n\t\t<div class=\"elementor-element elementor-element-b6be7d5 e-con-full e-flex e-con e-child\" data-id=\"b6be7d5\" data-element_type=\"container\" data-e-type=\"container\">\n\t\t\t\t<div class=\"elementor-element elementor-element-02c1a89 elementor-position-top elementor-widget elementor-widget-image-box\" data-id=\"02c1a89\" data-element_type=\"widget\" data-e-type=\"widget\" data-widget_type=\"image-box.default\">\n\t\t\t\t<div class=\"elementor-widget-container\">\n\t\t\t\t\t<div class=\"elementor-image-box-wrapper\"><figure class=\"elementor-image-box-img\"><img decoding=\"async\" src=\"https:\/\/www.gummyworlds.com\/wp-content\/uploads\/2024\/02\/750plus_products-2.svg\" title=\"750plus_products\" alt=\"750plus_products\" loading=\"lazy\" \/><\/figure><div class=\"elementor-image-box-content\"><h3 class=\"elementor-image-box-title\">LARGE GAMME DE FORMULATIONS<\/h3><\/div><\/div>\t\t\t\t<\/div>\n\t\t\t\t<\/div>\n\t\t\t\t<\/div>\n\t\t<div class=\"elementor-element elementor-element-ef1c5da e-con-full e-flex e-con e-child\" data-id=\"ef1c5da\" data-element_type=\"container\" data-e-type=\"container\">\n\t\t\t\t<div class=\"elementor-element elementor-element-612cc83 elementor-position-top elementor-widget elementor-widget-image-box\" data-id=\"612cc83\" data-element_type=\"widget\" data-e-type=\"widget\" data-widget_type=\"image-box.default\">\n\t\t\t\t<div class=\"elementor-widget-container\">\n\t\t\t\t\t<div class=\"elementor-image-box-wrapper\"><figure class=\"elementor-image-box-img\"><img decoding=\"async\" src=\"https:\/\/www.gummyworlds.com\/wp-content\/uploads\/2024\/02\/4billion_plus_customers.svg\" title=\"4billion_plus_customers\" alt=\"4billion_plus_customers\" loading=\"lazy\" \/><\/figure><div class=\"elementor-image-box-content\"><h3 class=\"elementor-image-box-title\">SOLUTIONS DE MARQUES PRIV\u00c9ES<\/h3><\/div><\/div>\t\t\t\t<\/div>\n\t\t\t\t<\/div>\n\t\t\t\t<\/div>\n\t\t\t\t\t<\/div>\n\t\t\t\t<\/div>\n\t\t\t\t<\/div>\n\t\t","protected":false},"excerpt":{"rendered":"<p>Gummy Worlds, o\u00f9 la sant\u00e9 et le plaisir se rencontrent dans un monde vibrant de d\u00e9licieux suppl\u00e9ments en gomme ! Gummy Worlds, filiale de la soci\u00e9t\u00e9 Alyors Group, est l&rsquo;une des entreprises les plus r\u00e9put\u00e9es du groupe. En combinant notre vaste exp\u00e9rience dans le secteur des compl\u00e9ments alimentaires avec les compl\u00e9ments sous forme de gommes, [&hellip;]<\/p>\n","protected":false},"author":2,"featured_media":4320,"parent":0,"menu_order":0,"comment_status":"closed","ping_status":"closed","template":"","meta":{"_acf_changed":false,"inline_featured_image":false,"footnotes":""},"class_list":["post-5448","page","type-page","status-publish","has-post-thumbnail","hentry"],"acf":[],"yoast_head":"<!-- This site is optimized with the Yoast SEO plugin v27.4 - https:\/\/yoast.com\/product\/yoast-seo-wordpress\/ -->\n<title>\u00c0 propos de Gummy Worlds - Gummy Worlds<\/title>\n<meta name=\"robots\" content=\"index, follow, max-snippet:-1, max-image-preview:large, max-video-preview:-1\" \/>\n<link rel=\"canonical\" href=\"https:\/\/www.gummyworlds.com\/fr\/a-propos-de-gummy-worlds\/\" \/>\n<meta property=\"og:locale\" content=\"fr_FR\" \/>\n<meta property=\"og:type\" content=\"article\" \/>\n<meta property=\"og:title\" content=\"\u00c0 propos de Gummy Worlds - Gummy Worlds\" \/>\n<meta property=\"og:description\" content=\"Gummy Worlds, o\u00f9 la sant\u00e9 et le plaisir se rencontrent dans un monde vibrant de d\u00e9licieux suppl\u00e9ments en gomme ! Gummy Worlds, filiale de la soci\u00e9t\u00e9 Alyors Group, est l&rsquo;une des entreprises les plus r\u00e9put\u00e9es du groupe. En combinant notre vaste exp\u00e9rience dans le secteur des compl\u00e9ments alimentaires avec les compl\u00e9ments sous forme de gommes, [&hellip;]\" \/>\n<meta property=\"og:url\" content=\"https:\/\/www.gummyworlds.com\/fr\/a-propos-de-gummy-worlds\/\" \/>\n<meta property=\"og:site_name\" content=\"Gummy Worlds\" \/>\n<meta property=\"article:modified_time\" content=\"2024-10-05T18:01:35+00:00\" \/>\n<meta property=\"og:image\" content=\"https:\/\/www.gummyworlds.com\/wp-content\/uploads\/2024\/03\/gummy-worlds-sq.png\" \/>\n\t<meta property=\"og:image:width\" content=\"500\" \/>\n\t<meta property=\"og:image:height\" content=\"500\" \/>\n\t<meta property=\"og:image:type\" content=\"image\/png\" \/>\n<meta name=\"twitter:card\" content=\"summary_large_image\" \/>\n<meta name=\"twitter:label1\" content=\"Dur\u00e9e de lecture estim\u00e9e\" \/>\n\t<meta name=\"twitter:data1\" content=\"2 minutes\" \/>\n<script type=\"application\/ld+json\" class=\"yoast-schema-graph\">{\"@context\":\"https:\\\/\\\/schema.org\",\"@graph\":[{\"@type\":\"WebPage\",\"@id\":\"https:\\\/\\\/www.gummyworlds.com\\\/fr\\\/a-propos-de-gummy-worlds\\\/\",\"url\":\"https:\\\/\\\/www.gummyworlds.com\\\/fr\\\/a-propos-de-gummy-worlds\\\/\",\"name\":\"\u00c0 propos de Gummy Worlds - Gummy Worlds\",\"isPartOf\":{\"@id\":\"https:\\\/\\\/www.gummyworlds.com\\\/fr\\\/#website\"},\"primaryImageOfPage\":{\"@id\":\"https:\\\/\\\/www.gummyworlds.com\\\/fr\\\/a-propos-de-gummy-worlds\\\/#primaryimage\"},\"image\":{\"@id\":\"https:\\\/\\\/www.gummyworlds.com\\\/fr\\\/a-propos-de-gummy-worlds\\\/#primaryimage\"},\"thumbnailUrl\":\"https:\\\/\\\/www.gummyworlds.com\\\/wp-content\\\/uploads\\\/2024\\\/03\\\/gummy-worlds-sq.png\",\"datePublished\":\"2024-01-27T14:28:07+00:00\",\"dateModified\":\"2024-10-05T18:01:35+00:00\",\"breadcrumb\":{\"@id\":\"https:\\\/\\\/www.gummyworlds.com\\\/fr\\\/a-propos-de-gummy-worlds\\\/#breadcrumb\"},\"inLanguage\":\"fr-FR\",\"potentialAction\":[{\"@type\":\"ReadAction\",\"target\":[\"https:\\\/\\\/www.gummyworlds.com\\\/fr\\\/a-propos-de-gummy-worlds\\\/\"]}]},{\"@type\":\"ImageObject\",\"inLanguage\":\"fr-FR\",\"@id\":\"https:\\\/\\\/www.gummyworlds.com\\\/fr\\\/a-propos-de-gummy-worlds\\\/#primaryimage\",\"url\":\"https:\\\/\\\/www.gummyworlds.com\\\/wp-content\\\/uploads\\\/2024\\\/03\\\/gummy-worlds-sq.png\",\"contentUrl\":\"https:\\\/\\\/www.gummyworlds.com\\\/wp-content\\\/uploads\\\/2024\\\/03\\\/gummy-worlds-sq.png\",\"width\":500,\"height\":500,\"caption\":\"Gummy Worlds\"},{\"@type\":\"BreadcrumbList\",\"@id\":\"https:\\\/\\\/www.gummyworlds.com\\\/fr\\\/a-propos-de-gummy-worlds\\\/#breadcrumb\",\"itemListElement\":[{\"@type\":\"ListItem\",\"position\":1,\"name\":\"Home\",\"item\":\"https:\\\/\\\/www.gummyworlds.com\\\/fr\\\/\"},{\"@type\":\"ListItem\",\"position\":2,\"name\":\"\u00c0 propos de Gummy Worlds\"}]},{\"@type\":\"WebSite\",\"@id\":\"https:\\\/\\\/www.gummyworlds.com\\\/fr\\\/#website\",\"url\":\"https:\\\/\\\/www.gummyworlds.com\\\/fr\\\/\",\"name\":\"Gummy Worlds\",\"description\":\"\",\"publisher\":{\"@id\":\"https:\\\/\\\/www.gummyworlds.com\\\/fr\\\/#organization\"},\"potentialAction\":[{\"@type\":\"SearchAction\",\"target\":{\"@type\":\"EntryPoint\",\"urlTemplate\":\"https:\\\/\\\/www.gummyworlds.com\\\/fr\\\/?s={search_term_string}\"},\"query-input\":{\"@type\":\"PropertyValueSpecification\",\"valueRequired\":true,\"valueName\":\"search_term_string\"}}],\"inLanguage\":\"fr-FR\"},{\"@type\":\"Organization\",\"@id\":\"https:\\\/\\\/www.gummyworlds.com\\\/fr\\\/#organization\",\"name\":\"Gummy Worlds\",\"url\":\"https:\\\/\\\/www.gummyworlds.com\\\/fr\\\/\",\"logo\":{\"@type\":\"ImageObject\",\"inLanguage\":\"fr-FR\",\"@id\":\"https:\\\/\\\/www.gummyworlds.com\\\/fr\\\/#\\\/schema\\\/logo\\\/image\\\/\",\"url\":\"https:\\\/\\\/www.gummyworlds.com\\\/wp-content\\\/uploads\\\/2024\\\/03\\\/gummy-worlds-sq.png\",\"contentUrl\":\"https:\\\/\\\/www.gummyworlds.com\\\/wp-content\\\/uploads\\\/2024\\\/03\\\/gummy-worlds-sq.png\",\"width\":500,\"height\":500,\"caption\":\"Gummy Worlds\"},\"image\":{\"@id\":\"https:\\\/\\\/www.gummyworlds.com\\\/fr\\\/#\\\/schema\\\/logo\\\/image\\\/\"}}]}<\/script>\n<!-- \/ Yoast SEO plugin. -->","yoast_head_json":{"title":"\u00c0 propos de Gummy Worlds - Gummy Worlds","robots":{"index":"index","follow":"follow","max-snippet":"max-snippet:-1","max-image-preview":"max-image-preview:large","max-video-preview":"max-video-preview:-1"},"canonical":"https:\/\/www.gummyworlds.com\/fr\/a-propos-de-gummy-worlds\/","og_locale":"fr_FR","og_type":"article","og_title":"\u00c0 propos de Gummy Worlds - Gummy Worlds","og_description":"Gummy Worlds, o\u00f9 la sant\u00e9 et le plaisir se rencontrent dans un monde vibrant de d\u00e9licieux suppl\u00e9ments en gomme ! Gummy Worlds, filiale de la soci\u00e9t\u00e9 Alyors Group, est l&rsquo;une des entreprises les plus r\u00e9put\u00e9es du groupe. En combinant notre vaste exp\u00e9rience dans le secteur des compl\u00e9ments alimentaires avec les compl\u00e9ments sous forme de gommes, [&hellip;]","og_url":"https:\/\/www.gummyworlds.com\/fr\/a-propos-de-gummy-worlds\/","og_site_name":"Gummy Worlds","article_modified_time":"2024-10-05T18:01:35+00:00","og_image":[{"width":500,"height":500,"url":"https:\/\/www.gummyworlds.com\/wp-content\/uploads\/2024\/03\/gummy-worlds-sq.png","type":"image\/png"}],"twitter_card":"summary_large_image","twitter_misc":{"Dur\u00e9e de lecture estim\u00e9e":"2 minutes"},"schema":{"@context":"https:\/\/schema.org","@graph":[{"@type":"WebPage","@id":"https:\/\/www.gummyworlds.com\/fr\/a-propos-de-gummy-worlds\/","url":"https:\/\/www.gummyworlds.com\/fr\/a-propos-de-gummy-worlds\/","name":"\u00c0 propos de Gummy Worlds - Gummy Worlds","isPartOf":{"@id":"https:\/\/www.gummyworlds.com\/fr\/#website"},"primaryImageOfPage":{"@id":"https:\/\/www.gummyworlds.com\/fr\/a-propos-de-gummy-worlds\/#primaryimage"},"image":{"@id":"https:\/\/www.gummyworlds.com\/fr\/a-propos-de-gummy-worlds\/#primaryimage"},"thumbnailUrl":"https:\/\/www.gummyworlds.com\/wp-content\/uploads\/2024\/03\/gummy-worlds-sq.png","datePublished":"2024-01-27T14:28:07+00:00","dateModified":"2024-10-05T18:01:35+00:00","breadcrumb":{"@id":"https:\/\/www.gummyworlds.com\/fr\/a-propos-de-gummy-worlds\/#breadcrumb"},"inLanguage":"fr-FR","potentialAction":[{"@type":"ReadAction","target":["https:\/\/www.gummyworlds.com\/fr\/a-propos-de-gummy-worlds\/"]}]},{"@type":"ImageObject","inLanguage":"fr-FR","@id":"https:\/\/www.gummyworlds.com\/fr\/a-propos-de-gummy-worlds\/#primaryimage","url":"https:\/\/www.gummyworlds.com\/wp-content\/uploads\/2024\/03\/gummy-worlds-sq.png","contentUrl":"https:\/\/www.gummyworlds.com\/wp-content\/uploads\/2024\/03\/gummy-worlds-sq.png","width":500,"height":500,"caption":"Gummy Worlds"},{"@type":"BreadcrumbList","@id":"https:\/\/www.gummyworlds.com\/fr\/a-propos-de-gummy-worlds\/#breadcrumb","itemListElement":[{"@type":"ListItem","position":1,"name":"Home","item":"https:\/\/www.gummyworlds.com\/fr\/"},{"@type":"ListItem","position":2,"name":"\u00c0 propos de Gummy Worlds"}]},{"@type":"WebSite","@id":"https:\/\/www.gummyworlds.com\/fr\/#website","url":"https:\/\/www.gummyworlds.com\/fr\/","name":"Gummy Worlds","description":"","publisher":{"@id":"https:\/\/www.gummyworlds.com\/fr\/#organization"},"potentialAction":[{"@type":"SearchAction","target":{"@type":"EntryPoint","urlTemplate":"https:\/\/www.gummyworlds.com\/fr\/?s={search_term_string}"},"query-input":{"@type":"PropertyValueSpecification","valueRequired":true,"valueName":"search_term_string"}}],"inLanguage":"fr-FR"},{"@type":"Organization","@id":"https:\/\/www.gummyworlds.com\/fr\/#organization","name":"Gummy Worlds","url":"https:\/\/www.gummyworlds.com\/fr\/","logo":{"@type":"ImageObject","inLanguage":"fr-FR","@id":"https:\/\/www.gummyworlds.com\/fr\/#\/schema\/logo\/image\/","url":"https:\/\/www.gummyworlds.com\/wp-content\/uploads\/2024\/03\/gummy-worlds-sq.png","contentUrl":"https:\/\/www.gummyworlds.com\/wp-content\/uploads\/2024\/03\/gummy-worlds-sq.png","width":500,"height":500,"caption":"Gummy Worlds"},"image":{"@id":"https:\/\/www.gummyworlds.com\/fr\/#\/schema\/logo\/image\/"}}]}},"_links":{"self":[{"href":"https:\/\/www.gummyworlds.com\/fr\/wp-json\/wp\/v2\/pages\/5448","targetHints":{"allow":["GET"]}}],"collection":[{"href":"https:\/\/www.gummyworlds.com\/fr\/wp-json\/wp\/v2\/pages"}],"about":[{"href":"https:\/\/www.gummyworlds.com\/fr\/wp-json\/wp\/v2\/types\/page"}],"author":[{"embeddable":true,"href":"https:\/\/www.gummyworlds.com\/fr\/wp-json\/wp\/v2\/users\/2"}],"replies":[{"embeddable":true,"href":"https:\/\/www.gummyworlds.com\/fr\/wp-json\/wp\/v2\/comments?post=5448"}],"version-history":[{"count":7,"href":"https:\/\/www.gummyworlds.com\/fr\/wp-json\/wp\/v2\/pages\/5448\/revisions"}],"predecessor-version":[{"id":5455,"href":"https:\/\/www.gummyworlds.com\/fr\/wp-json\/wp\/v2\/pages\/5448\/revisions\/5455"}],"wp:featuredmedia":[{"embeddable":true,"href":"https:\/\/www.gummyworlds.com\/fr\/wp-json\/wp\/v2\/media\/4320"}],"wp:attachment":[{"href":"https:\/\/www.gummyworlds.com\/fr\/wp-json\/wp\/v2\/media?parent=5448"}],"curies":[{"name":"wp","href":"https:\/\/api.w.org\/{rel}","templated":true}]}}