{"id":5439,"date":"2024-02-20T18:22:32","date_gmt":"2024-02-20T15:22:32","guid":{"rendered":"https:\/\/www.gummyworlds.com\/?page_id=5439"},"modified":"2024-10-05T17:53:33","modified_gmt":"2024-10-05T17:53:33","slug":"a-propos-dalyors","status":"publish","type":"page","link":"https:\/\/www.gummyworlds.com\/fr\/a-propos-dalyors\/","title":{"rendered":"\u00c0 propos d&rsquo;Alyors"},"content":{"rendered":"\t\t<div data-elementor-type=\"wp-page\" data-elementor-id=\"5439\" class=\"elementor elementor-5439 elementor-3320\" data-elementor-post-type=\"page\">\n\t\t\t\t<div class=\"elementor-element elementor-element-bf8a1b4 e-flex e-con-boxed e-con e-parent\" data-id=\"bf8a1b4\" data-element_type=\"container\" data-e-type=\"container\">\n\t\t\t\t\t<div class=\"e-con-inner\">\n\t\t\t\t<div class=\"elementor-element elementor-element-5277ab5 elementor-invisible elementor-widget elementor-widget-heading\" data-id=\"5277ab5\" data-element_type=\"widget\" data-e-type=\"widget\" data-settings=\"{&quot;_animation&quot;:&quot;slideInUp&quot;}\" data-widget_type=\"heading.default\">\n\t\t\t\t<div class=\"elementor-widget-container\">\n\t\t\t\t\t<h2 class=\"elementor-heading-title elementor-size-default\">Soigner plus, inspirer plus, innover plus!\n<\/h2>\t\t\t\t<\/div>\n\t\t\t\t<\/div>\n\t\t\t\t<div class=\"elementor-element elementor-element-850152d elementor-widget elementor-widget-text-editor\" data-id=\"850152d\" data-element_type=\"widget\" data-e-type=\"widget\" data-widget_type=\"text-editor.default\">\n\t\t\t\t<div class=\"elementor-widget-container\">\n\t\t\t\t\t\t\t\t\t<p>Alyors Group Company propose des produits qui ont \u00e9t\u00e9 d\u00e9velopp\u00e9s avec une compr\u00e9hension et des technologies de production de haute qualit\u00e9, au service de l&rsquo;humanit\u00e9. Nous nous sommes lanc\u00e9s dans cette aventure en 2004, forts de 30 ans d&rsquo;exp\u00e9rience dans le domaine de la pharmacie et de la m\u00e9decine. Depuis lors, nous nous sommes engag\u00e9s \u00e0 servir avec l&rsquo;\u00e9tat d&rsquo;esprit \u00ab\u00a0Gift to Health\u00a0\u00bb. L&rsquo;assurance qualit\u00e9 et la continuit\u00e9 des produits sont garanties dans le cadre des normes ISO, GMP, IFOS, OMS et GOED.<\/p><p>En tant que fournisseur de premier plan sur le march\u00e9 des produits en vente libre, le groupe Alyors exporte vers 53 pays dans le monde entier et propose une vaste gamme de produits comprenant 14 marques distinctes et plus de 750 articles adapt\u00e9s \u00e0 divers besoins. Notre offre comprend une s\u00e9lection compl\u00e8te de pr\u00e8s de 300 compl\u00e9ments alimentaires, des produits dermo-cosm\u00e9tiques pour la peau, des solutions de soins capillaires con\u00e7ues pour favoriser la croissance, des fournitures essentielles de premiers secours, des sprays nasaux isotoniques\/hypertoniques \u00e0 base d&rsquo;eau de mer, des produits salins et des aiguilles pour stylos \u00e0 insuline. En outre, nous proposons des solutions de marque priv\u00e9e pour r\u00e9pondre aux besoins sp\u00e9cifiques des clients.<\/p>\t\t\t\t\t\t\t\t<\/div>\n\t\t\t\t<\/div>\n\t\t\t\t\t<\/div>\n\t\t\t\t<\/div>\n\t\t<div class=\"elementor-element elementor-element-ab7273f e-flex e-con-boxed e-con e-parent\" data-id=\"ab7273f\" data-element_type=\"container\" data-e-type=\"container\">\n\t\t\t\t\t<div class=\"e-con-inner\">\n\t\t<div class=\"elementor-element elementor-element-90b4038 e-con-full e-flex e-con e-child\" data-id=\"90b4038\" data-element_type=\"container\" data-e-type=\"container\">\n\t\t\t\t<div class=\"elementor-element elementor-element-22082e5 elementor-position-top elementor-position-top elementor-widget elementor-widget-image-box\" data-id=\"22082e5\" data-element_type=\"widget\" data-e-type=\"widget\" data-widget_type=\"image-box.default\">\n\t\t\t\t<div class=\"elementor-widget-container\">\n\t\t\t\t\t<div class=\"elementor-image-box-wrapper\"><figure class=\"elementor-image-box-img\"><img fetchpriority=\"high\" decoding=\"async\" width=\"566\" height=\"566\" src=\"https:\/\/www.gummyworlds.com\/wp-content\/uploads\/2024\/02\/icon1.svg\" class=\"attachment-full size-full wp-image-3442\" alt=\"\" \/><\/figure><div class=\"elementor-image-box-content\"><h3 class=\"elementor-image-box-title\">14 <\/h3><p class=\"elementor-image-box-description\">marques<\/p><\/div><\/div>\t\t\t\t<\/div>\n\t\t\t\t<\/div>\n\t\t\t\t<\/div>\n\t\t<div class=\"elementor-element elementor-element-ad47f1f e-con-full e-flex e-con e-child\" data-id=\"ad47f1f\" data-element_type=\"container\" data-e-type=\"container\">\n\t\t\t\t<div class=\"elementor-element elementor-element-423ab6e elementor-position-top elementor-position-top elementor-widget elementor-widget-image-box\" data-id=\"423ab6e\" data-element_type=\"widget\" data-e-type=\"widget\" data-widget_type=\"image-box.default\">\n\t\t\t\t<div class=\"elementor-widget-container\">\n\t\t\t\t\t<div class=\"elementor-image-box-wrapper\"><figure class=\"elementor-image-box-img\"><img decoding=\"async\" width=\"566\" height=\"566\" src=\"https:\/\/www.gummyworlds.com\/wp-content\/uploads\/2024\/02\/icon2.svg\" class=\"attachment-full size-full wp-image-3444\" alt=\"\" \/><\/figure><div class=\"elementor-image-box-content\"><h3 class=\"elementor-image-box-title\">+750<\/h3><p class=\"elementor-image-box-description\">produits<\/p><\/div><\/div>\t\t\t\t<\/div>\n\t\t\t\t<\/div>\n\t\t\t\t<\/div>\n\t\t<div class=\"elementor-element elementor-element-25fc7e3 e-con-full e-flex e-con e-child\" data-id=\"25fc7e3\" data-element_type=\"container\" data-e-type=\"container\">\n\t\t\t\t<div class=\"elementor-element elementor-element-376a9f0 elementor-position-top elementor-position-top elementor-widget elementor-widget-image-box\" data-id=\"376a9f0\" data-element_type=\"widget\" data-e-type=\"widget\" data-widget_type=\"image-box.default\">\n\t\t\t\t<div class=\"elementor-widget-container\">\n\t\t\t\t\t<div class=\"elementor-image-box-wrapper\"><figure class=\"elementor-image-box-img\"><img decoding=\"async\" width=\"566\" height=\"566\" src=\"https:\/\/www.gummyworlds.com\/wp-content\/uploads\/2024\/02\/icon3.svg\" class=\"attachment-full size-full wp-image-3446\" alt=\"\" \/><\/figure><div class=\"elementor-image-box-content\"><h3 class=\"elementor-image-box-title\">53<\/h3><p class=\"elementor-image-box-description\">pays<\/p><\/div><\/div>\t\t\t\t<\/div>\n\t\t\t\t<\/div>\n\t\t\t\t<\/div>\n\t\t<div class=\"elementor-element elementor-element-79ef21e e-con-full e-flex e-con e-child\" data-id=\"79ef21e\" data-element_type=\"container\" data-e-type=\"container\">\n\t\t\t\t<div class=\"elementor-element elementor-element-0e416a8 elementor-position-top elementor-position-top elementor-widget elementor-widget-image-box\" data-id=\"0e416a8\" data-element_type=\"widget\" data-e-type=\"widget\" data-widget_type=\"image-box.default\">\n\t\t\t\t<div class=\"elementor-widget-container\">\n\t\t\t\t\t<div class=\"elementor-image-box-wrapper\"><figure class=\"elementor-image-box-img\"><img loading=\"lazy\" decoding=\"async\" width=\"566\" height=\"566\" src=\"https:\/\/www.gummyworlds.com\/wp-content\/uploads\/2024\/02\/icon4.svg\" class=\"attachment-full size-full wp-image-3440\" alt=\"\" \/><\/figure><div class=\"elementor-image-box-content\"><h3 class=\"elementor-image-box-title\">+1200<\/h3><p class=\"elementor-image-box-description\">employ\u00e9s<\/p><\/div><\/div>\t\t\t\t<\/div>\n\t\t\t\t<\/div>\n\t\t\t\t<\/div>\n\t\t\t\t\t<\/div>\n\t\t\t\t<\/div>\n\t\t\t\t<\/div>\n\t\t","protected":false},"excerpt":{"rendered":"<p>Soigner plus, inspirer plus, innover plus! Alyors Group Company propose des produits qui ont \u00e9t\u00e9 d\u00e9velopp\u00e9s avec une compr\u00e9hension et des technologies de production de haute qualit\u00e9, au service de l&rsquo;humanit\u00e9. Nous nous sommes lanc\u00e9s dans cette aventure en 2004, forts de 30 ans d&rsquo;exp\u00e9rience dans le domaine de la pharmacie et de la m\u00e9decine. [&hellip;]<\/p>\n","protected":false},"author":2,"featured_media":4320,"parent":0,"menu_order":0,"comment_status":"closed","ping_status":"closed","template":"","meta":{"_acf_changed":false,"inline_featured_image":false,"footnotes":""},"class_list":["post-5439","page","type-page","status-publish","has-post-thumbnail","hentry"],"acf":[],"yoast_head":"<!-- This site is optimized with the Yoast SEO plugin v27.5 - https:\/\/yoast.com\/product\/yoast-seo-wordpress\/ -->\n<title>\u00c0 propos d&#039;Alyors - Gummy Worlds<\/title>\n<meta name=\"robots\" content=\"index, follow, max-snippet:-1, max-image-preview:large, max-video-preview:-1\" \/>\n<link rel=\"canonical\" href=\"https:\/\/www.gummyworlds.com\/fr\/a-propos-dalyors\/\" \/>\n<meta property=\"og:locale\" content=\"fr_FR\" \/>\n<meta property=\"og:type\" content=\"article\" \/>\n<meta property=\"og:title\" content=\"\u00c0 propos d&#039;Alyors - Gummy Worlds\" \/>\n<meta property=\"og:description\" content=\"Soigner plus, inspirer plus, innover plus! Alyors Group Company propose des produits qui ont \u00e9t\u00e9 d\u00e9velopp\u00e9s avec une compr\u00e9hension et des technologies de production de haute qualit\u00e9, au service de l&rsquo;humanit\u00e9. Nous nous sommes lanc\u00e9s dans cette aventure en 2004, forts de 30 ans d&rsquo;exp\u00e9rience dans le domaine de la pharmacie et de la m\u00e9decine. [&hellip;]\" \/>\n<meta property=\"og:url\" content=\"https:\/\/www.gummyworlds.com\/fr\/a-propos-dalyors\/\" \/>\n<meta property=\"og:site_name\" content=\"Gummy Worlds\" \/>\n<meta property=\"article:modified_time\" content=\"2024-10-05T17:53:33+00:00\" \/>\n<meta property=\"og:image\" content=\"https:\/\/www.gummyworlds.com\/wp-content\/uploads\/2024\/03\/gummy-worlds-sq.png\" \/>\n\t<meta property=\"og:image:width\" content=\"500\" \/>\n\t<meta property=\"og:image:height\" content=\"500\" \/>\n\t<meta property=\"og:image:type\" content=\"image\/png\" \/>\n<meta name=\"twitter:card\" content=\"summary_large_image\" \/>\n<meta name=\"twitter:label1\" content=\"Dur\u00e9e de lecture estim\u00e9e\" \/>\n\t<meta name=\"twitter:data1\" content=\"2 minutes\" \/>\n<script type=\"application\/ld+json\" class=\"yoast-schema-graph\">{\"@context\":\"https:\\\/\\\/schema.org\",\"@graph\":[{\"@type\":\"WebPage\",\"@id\":\"https:\\\/\\\/www.gummyworlds.com\\\/fr\\\/a-propos-dalyors\\\/\",\"url\":\"https:\\\/\\\/www.gummyworlds.com\\\/fr\\\/a-propos-dalyors\\\/\",\"name\":\"\u00c0 propos d'Alyors - Gummy Worlds\",\"isPartOf\":{\"@id\":\"https:\\\/\\\/www.gummyworlds.com\\\/fr\\\/#website\"},\"primaryImageOfPage\":{\"@id\":\"https:\\\/\\\/www.gummyworlds.com\\\/fr\\\/a-propos-dalyors\\\/#primaryimage\"},\"image\":{\"@id\":\"https:\\\/\\\/www.gummyworlds.com\\\/fr\\\/a-propos-dalyors\\\/#primaryimage\"},\"thumbnailUrl\":\"https:\\\/\\\/www.gummyworlds.com\\\/wp-content\\\/uploads\\\/2024\\\/03\\\/gummy-worlds-sq.png\",\"datePublished\":\"2024-02-20T15:22:32+00:00\",\"dateModified\":\"2024-10-05T17:53:33+00:00\",\"breadcrumb\":{\"@id\":\"https:\\\/\\\/www.gummyworlds.com\\\/fr\\\/a-propos-dalyors\\\/#breadcrumb\"},\"inLanguage\":\"fr-FR\",\"potentialAction\":[{\"@type\":\"ReadAction\",\"target\":[\"https:\\\/\\\/www.gummyworlds.com\\\/fr\\\/a-propos-dalyors\\\/\"]}]},{\"@type\":\"ImageObject\",\"inLanguage\":\"fr-FR\",\"@id\":\"https:\\\/\\\/www.gummyworlds.com\\\/fr\\\/a-propos-dalyors\\\/#primaryimage\",\"url\":\"https:\\\/\\\/www.gummyworlds.com\\\/wp-content\\\/uploads\\\/2024\\\/03\\\/gummy-worlds-sq.png\",\"contentUrl\":\"https:\\\/\\\/www.gummyworlds.com\\\/wp-content\\\/uploads\\\/2024\\\/03\\\/gummy-worlds-sq.png\",\"width\":500,\"height\":500,\"caption\":\"Gummy Worlds\"},{\"@type\":\"BreadcrumbList\",\"@id\":\"https:\\\/\\\/www.gummyworlds.com\\\/fr\\\/a-propos-dalyors\\\/#breadcrumb\",\"itemListElement\":[{\"@type\":\"ListItem\",\"position\":1,\"name\":\"Home\",\"item\":\"https:\\\/\\\/www.gummyworlds.com\\\/fr\\\/\"},{\"@type\":\"ListItem\",\"position\":2,\"name\":\"\u00c0 propos d&#8217;Alyors\"}]},{\"@type\":\"WebSite\",\"@id\":\"https:\\\/\\\/www.gummyworlds.com\\\/fr\\\/#website\",\"url\":\"https:\\\/\\\/www.gummyworlds.com\\\/fr\\\/\",\"name\":\"Gummy Worlds\",\"description\":\"\",\"publisher\":{\"@id\":\"https:\\\/\\\/www.gummyworlds.com\\\/fr\\\/#organization\"},\"potentialAction\":[{\"@type\":\"SearchAction\",\"target\":{\"@type\":\"EntryPoint\",\"urlTemplate\":\"https:\\\/\\\/www.gummyworlds.com\\\/fr\\\/?s={search_term_string}\"},\"query-input\":{\"@type\":\"PropertyValueSpecification\",\"valueRequired\":true,\"valueName\":\"search_term_string\"}}],\"inLanguage\":\"fr-FR\"},{\"@type\":\"Organization\",\"@id\":\"https:\\\/\\\/www.gummyworlds.com\\\/fr\\\/#organization\",\"name\":\"Gummy Worlds\",\"url\":\"https:\\\/\\\/www.gummyworlds.com\\\/fr\\\/\",\"logo\":{\"@type\":\"ImageObject\",\"inLanguage\":\"fr-FR\",\"@id\":\"https:\\\/\\\/www.gummyworlds.com\\\/fr\\\/#\\\/schema\\\/logo\\\/image\\\/\",\"url\":\"https:\\\/\\\/www.gummyworlds.com\\\/wp-content\\\/uploads\\\/2024\\\/03\\\/gummy-worlds-sq.png\",\"contentUrl\":\"https:\\\/\\\/www.gummyworlds.com\\\/wp-content\\\/uploads\\\/2024\\\/03\\\/gummy-worlds-sq.png\",\"width\":500,\"height\":500,\"caption\":\"Gummy Worlds\"},\"image\":{\"@id\":\"https:\\\/\\\/www.gummyworlds.com\\\/fr\\\/#\\\/schema\\\/logo\\\/image\\\/\"}}]}<\/script>\n<!-- \/ Yoast SEO plugin. -->","yoast_head_json":{"title":"\u00c0 propos d'Alyors - Gummy Worlds","robots":{"index":"index","follow":"follow","max-snippet":"max-snippet:-1","max-image-preview":"max-image-preview:large","max-video-preview":"max-video-preview:-1"},"canonical":"https:\/\/www.gummyworlds.com\/fr\/a-propos-dalyors\/","og_locale":"fr_FR","og_type":"article","og_title":"\u00c0 propos d'Alyors - Gummy Worlds","og_description":"Soigner plus, inspirer plus, innover plus! Alyors Group Company propose des produits qui ont \u00e9t\u00e9 d\u00e9velopp\u00e9s avec une compr\u00e9hension et des technologies de production de haute qualit\u00e9, au service de l&rsquo;humanit\u00e9. Nous nous sommes lanc\u00e9s dans cette aventure en 2004, forts de 30 ans d&rsquo;exp\u00e9rience dans le domaine de la pharmacie et de la m\u00e9decine. [&hellip;]","og_url":"https:\/\/www.gummyworlds.com\/fr\/a-propos-dalyors\/","og_site_name":"Gummy Worlds","article_modified_time":"2024-10-05T17:53:33+00:00","og_image":[{"width":500,"height":500,"url":"https:\/\/www.gummyworlds.com\/wp-content\/uploads\/2024\/03\/gummy-worlds-sq.png","type":"image\/png"}],"twitter_card":"summary_large_image","twitter_misc":{"Dur\u00e9e de lecture estim\u00e9e":"2 minutes"},"schema":{"@context":"https:\/\/schema.org","@graph":[{"@type":"WebPage","@id":"https:\/\/www.gummyworlds.com\/fr\/a-propos-dalyors\/","url":"https:\/\/www.gummyworlds.com\/fr\/a-propos-dalyors\/","name":"\u00c0 propos d'Alyors - Gummy Worlds","isPartOf":{"@id":"https:\/\/www.gummyworlds.com\/fr\/#website"},"primaryImageOfPage":{"@id":"https:\/\/www.gummyworlds.com\/fr\/a-propos-dalyors\/#primaryimage"},"image":{"@id":"https:\/\/www.gummyworlds.com\/fr\/a-propos-dalyors\/#primaryimage"},"thumbnailUrl":"https:\/\/www.gummyworlds.com\/wp-content\/uploads\/2024\/03\/gummy-worlds-sq.png","datePublished":"2024-02-20T15:22:32+00:00","dateModified":"2024-10-05T17:53:33+00:00","breadcrumb":{"@id":"https:\/\/www.gummyworlds.com\/fr\/a-propos-dalyors\/#breadcrumb"},"inLanguage":"fr-FR","potentialAction":[{"@type":"ReadAction","target":["https:\/\/www.gummyworlds.com\/fr\/a-propos-dalyors\/"]}]},{"@type":"ImageObject","inLanguage":"fr-FR","@id":"https:\/\/www.gummyworlds.com\/fr\/a-propos-dalyors\/#primaryimage","url":"https:\/\/www.gummyworlds.com\/wp-content\/uploads\/2024\/03\/gummy-worlds-sq.png","contentUrl":"https:\/\/www.gummyworlds.com\/wp-content\/uploads\/2024\/03\/gummy-worlds-sq.png","width":500,"height":500,"caption":"Gummy Worlds"},{"@type":"BreadcrumbList","@id":"https:\/\/www.gummyworlds.com\/fr\/a-propos-dalyors\/#breadcrumb","itemListElement":[{"@type":"ListItem","position":1,"name":"Home","item":"https:\/\/www.gummyworlds.com\/fr\/"},{"@type":"ListItem","position":2,"name":"\u00c0 propos d&#8217;Alyors"}]},{"@type":"WebSite","@id":"https:\/\/www.gummyworlds.com\/fr\/#website","url":"https:\/\/www.gummyworlds.com\/fr\/","name":"Gummy Worlds","description":"","publisher":{"@id":"https:\/\/www.gummyworlds.com\/fr\/#organization"},"potentialAction":[{"@type":"SearchAction","target":{"@type":"EntryPoint","urlTemplate":"https:\/\/www.gummyworlds.com\/fr\/?s={search_term_string}"},"query-input":{"@type":"PropertyValueSpecification","valueRequired":true,"valueName":"search_term_string"}}],"inLanguage":"fr-FR"},{"@type":"Organization","@id":"https:\/\/www.gummyworlds.com\/fr\/#organization","name":"Gummy Worlds","url":"https:\/\/www.gummyworlds.com\/fr\/","logo":{"@type":"ImageObject","inLanguage":"fr-FR","@id":"https:\/\/www.gummyworlds.com\/fr\/#\/schema\/logo\/image\/","url":"https:\/\/www.gummyworlds.com\/wp-content\/uploads\/2024\/03\/gummy-worlds-sq.png","contentUrl":"https:\/\/www.gummyworlds.com\/wp-content\/uploads\/2024\/03\/gummy-worlds-sq.png","width":500,"height":500,"caption":"Gummy Worlds"},"image":{"@id":"https:\/\/www.gummyworlds.com\/fr\/#\/schema\/logo\/image\/"}}]}},"_links":{"self":[{"href":"https:\/\/www.gummyworlds.com\/fr\/wp-json\/wp\/v2\/pages\/5439","targetHints":{"allow":["GET"]}}],"collection":[{"href":"https:\/\/www.gummyworlds.com\/fr\/wp-json\/wp\/v2\/pages"}],"about":[{"href":"https:\/\/www.gummyworlds.com\/fr\/wp-json\/wp\/v2\/types\/page"}],"author":[{"embeddable":true,"href":"https:\/\/www.gummyworlds.com\/fr\/wp-json\/wp\/v2\/users\/2"}],"replies":[{"embeddable":true,"href":"https:\/\/www.gummyworlds.com\/fr\/wp-json\/wp\/v2\/comments?post=5439"}],"version-history":[{"count":4,"href":"https:\/\/www.gummyworlds.com\/fr\/wp-json\/wp\/v2\/pages\/5439\/revisions"}],"predecessor-version":[{"id":5447,"href":"https:\/\/www.gummyworlds.com\/fr\/wp-json\/wp\/v2\/pages\/5439\/revisions\/5447"}],"wp:featuredmedia":[{"embeddable":true,"href":"https:\/\/www.gummyworlds.com\/fr\/wp-json\/wp\/v2\/media\/4320"}],"wp:attachment":[{"href":"https:\/\/www.gummyworlds.com\/fr\/wp-json\/wp\/v2\/media?parent=5439"}],"curies":[{"name":"wp","href":"https:\/\/api.w.org\/{rel}","templated":true}]}}